{"id":1233,"date":"2022-03-16T01:08:55","date_gmt":"2022-03-16T04:08:55","guid":{"rendered":"https:\/\/www.ufmg.br\/prpq\/?page_id=1233"},"modified":"2025-07-15T15:26:41","modified_gmt":"2025-07-15T18:26:41","slug":"lipq","status":"publish","type":"page","link":"https:\/\/www.ufmg.br\/prpq\/lipq\/","title":{"rendered":"Laborat\u00f3rios Institucionais de Pesquisa (LIPq)"},"content":{"rendered":"<p>Os Laborat\u00f3rios Institucionais de Pesquisa (LIPq) s\u00e3o infraestruturas de pesquisa art\u00edstica, cient\u00edfica e\/ou tecnol\u00f3gica compartilhadas por duas ou mais Unidades Acad\u00eamicas da UFMG, credenciadas pela Pr\u00f3-Reitoria de Pesquisa (PRPq), que seguem normas espec\u00edficas de gest\u00e3o definidas pela PRPq em <a href=\"https:\/\/www.ufmg.br\/prpq\/wp-content\/uploads\/2021\/08\/03resprpq2021FINAL.pdf\" target=\"_blank\" rel=\"noopener\">resolu\u00e7\u00e3o espec\u00edfica<\/a>.<\/p>\n<p>Visam atender, de forma ampla, uma comunidade de usu\u00e1rios, internos e externos \u00e0 UFMG e disp\u00f5em de equipamentos e\/ou servi\u00e7os altamente especializados de m\u00e9dia e grande complexidade, tecnicamente compat\u00edveis com padr\u00f5es internacionais de excel\u00eancia. Contam necessariamente com apoio de servidores do corpo t\u00e9cnico da UFMG e s\u00e3o financiados pela Administra\u00e7\u00e3o Central diretamente ou via Unidade Acad\u00eamica\/Departamento.<\/p>\n<p><strong>Centro de Laborat\u00f3rios Multiusu\u00e1rios (CELAM)<\/strong><\/p>\n<p>O <a href=\"https:\/\/sites.icb.ufmg.br\/celam\/\" target=\"_blank\" rel=\"noopener\">CELAM<\/a> \u00e9 uma forma de acesso a m\u00e9todos e t\u00e9cnicas que utilizam equipamentos de \u00faltima gera\u00e7\u00e3o. Atende a uma clientela vasta de pesquisadores do ICB, de v\u00e1rias outras unidades da UFMG, al\u00e9m de outras institui\u00e7\u00f5es de pesquisa de todo o pa\u00eds e do exterior. S\u00e3o 5 laborat\u00f3rios com uma equipe de servidores treinados para a opera\u00e7\u00e3o dos equipamentos e que permanecem dispon\u00edveis para prover cont\u00ednuo suporte ao usu\u00e1rio.<\/p>\n<p><strong>Centro de Sensoriamento Remoto<\/strong><\/p>\n<p>O <a href=\"https:\/\/csr.ufmg.br\/csr\/pt\/\" target=\"_blank\" rel=\"noopener\">Centro de Sensoriamento Remoto<\/a>, instalado em 1997 no Instituto de Geoci\u00eancias da UFMG, desenvolve pesquisas e aplica\u00e7\u00f5es de Sensoriamento Remoto no levantamento de recursos naturais e estudos de problemas ambientais diversos, al\u00e9m de trabalhos nas \u00e1reas de Geoprocessamento e Cartografia Digital.<\/p>\n<p><strong>Centro de Tecnologia e Pesquisa em Magneto Resson\u00e2ncia (CTPMAG)<\/strong><\/p>\n<p>O CTPMAG \u00e9 o primeiro centro de pesquisas do Brasil a possuir um scanner de magneto-resson\u00e2ncia de 4,7 Teslas (iMR4,7), dedicado ao uso em animais de pequeno porte. Sua cria\u00e7\u00e3o se deve a uma prof\u00edcua parceria entre pesquisadores da UFMG e do Neuroimaging Research Group, do King\u2019s College London, que culminou na doa\u00e7\u00e3o do aparelho de iMR4,7 \u00e0 UFMG. O scanner propicia a obten\u00e7\u00e3o de imagens estruturais de alt\u00edssima resolu\u00e7\u00e3o, bem como o registro din\u00e2mico e funcional de processos que ocorram em poucos segundos, atrav\u00e9s de imagens de menor resolu\u00e7\u00e3o.<\/p>\n<p><strong>Centro Multiusu\u00e1rio de Termografia Cient\u00edfica (CEMTEC)<\/strong><\/p>\n<p>O <a href=\"https:\/\/cemtec.demec.ufmg.br\/\" target=\"_blank\" rel=\"noopener\">CEMTEC<\/a> utiliza um m\u00e9todo diferenciado para aplica\u00e7\u00e3o da termografia, m\u00e9todo este intitulado termografia espectral-direcional. Este m\u00e9todo \u00e9 objeto de patente da UFMG. Utilizando este m\u00e9todo, a termografia \u00e9 capaz de realizar n\u00e3o somente medi\u00e7\u00e3o de temperatura, mas avalia\u00e7\u00e3o da composi\u00e7\u00e3o qu\u00edmica de gases, desempenho energ\u00e9tico de sistemas fotovoltaicos, dentre outras aplica\u00e7\u00f5es. O CEMTEC tamb\u00e9m tem como proposta de valor realizar servi\u00e7os com alta qualidade metrol\u00f3gica, utilizando m\u00e9todos altamente especializados, patentes pr\u00f3prias e m\u00e9todos desenvolvidos sob medida para o usu\u00e1rio.<\/p>\n<p><strong>Laborat\u00f3rio de Caracteriza\u00e7\u00e3o e Processamento de Nanomateriais (LCPNano)<\/strong><\/p>\n<p>O Laborat\u00f3rio de Caracteriza\u00e7\u00e3o e Processamento da Nanomateriais da UFMG (<a href=\"http:\/\/lcpnano.ufmg.br\/index.php\" target=\"_blank\" rel=\"noopener\">LCPnano<\/a>) \u00e9 uma estrutura multiusu\u00e1ria que tem por miss\u00e3o proporcionar infraestrutura para o desenvolvimento de nanomateriais. O p\u00fablico alvo \u00e9 composto por toda a comunidade discente, docente e t\u00e9cnico-cient\u00edfica da UFMG e de outras institui\u00e7\u00f5es de ensino e pesquisa, al\u00e9m de entidades do setor privado. O LCPnano \u00e9 sediado no Departamento de F\u00edsica (DF-UFMG\/ICEx), e tem como institui\u00e7\u00f5es parceiras o Departamento de Qu\u00edmica\/ICEx, o Instituto de Ci\u00eancias Biol\u00f3gicas e a Faculdade de Medicina.<\/p>\n<p><strong>Laborat\u00f3rio de Ensaios de Combust\u00edveis (LEC)<\/strong><\/p>\n<p>O <a href=\"https:\/\/lec.qui.ufmg.br\/\" target=\"_blank\" rel=\"noopener\">LEC<\/a> foi criado h\u00e1 20 anos para atuar em \u00e1rea estrat\u00e9gica, auxiliando a ANP e ao Minist\u00e9rio P\u00fablico\/Procon no combate \u00e0 adultera\u00e7\u00e3o de combust\u00edveis e crimes fiscais. Sua atua\u00e7\u00e3o abrange combust\u00edveis automotivos e mar\u00edtimos, lubrificantes, bio-\u00f3leos, \u00f3leos vegetais, biomassas e fluidos industriais. Recentemente, tem concentrado esfor\u00e7os para amplia\u00e7\u00e3o do seu parque de equipamentos e compet\u00eancia na \u00e1rea de certifica\u00e7\u00e3o de querosene, bioquerosene e gasolina de avia\u00e7\u00e3o, visando oferecer uma infraestrutura \u00fanica na Am\u00e9rica do Sul.<\/p>\n<p><strong>Laborat\u00f3rio de Qu\u00edmica Instrumental (LQI)<\/strong><\/p>\n<p>O <a href=\"https:\/\/www.ica.ufmg.br\/lqi\/\" target=\"_blank\" rel=\"noopener\">Laborat\u00f3rio de Qu\u00edmica Instrumental<\/a> (LQI) fundado em 2010, dedica-se a an\u00e1lises cromatogr\u00e1ficas e espectrosc\u00f3picas. Apresenta car\u00e1ter multiusu\u00e1rio e passou por duas extens\u00f5es f\u00edsicas. Nesse espa\u00e7o est\u00e3o alocados equipamentos como: HPLC-DAD, GC-MS, GC-FID\/NPD, UV-Vis, FTIR, absor\u00e7\u00e3o at\u00f4mica, sistema de purifica\u00e7\u00e3o de \u00e1gua e ICP-MS\/MS. Atende \u00e0 demanda de diversos grupos de pesquisa do ICA-UFMG e de outras Institui\u00e7\u00f5es como UFVJM, UFV e UNIMONTES. O Laborat\u00f3rio est\u00e1 localizado no Pr\u00e9dio Central do ICA\/UFMG.<\/p>\n<p><strong>Laborat\u00f3rio de Resson\u00e2ncia Magn\u00e9tica de Alta Resolu\u00e7\u00e3o (LAREMAR)<\/strong><\/p>\n<p>O <a href=\"https:\/\/laremar.ufmg.br\/\" target=\"_blank\" rel=\"noopener\">Laborat\u00f3rio de Resson\u00e2ncia Magn\u00e9tica multiusu\u00e1rio<\/a> (LAREMAR) \u00e9 um laborat\u00f3rio institucional de pesquisa (LIPq) que se localiza no pr\u00e9dio anexo ao Departamento de Qu\u00edmica do Instituto de Ci\u00eancias Exatas da Universidade Federal de Minas Gerais. Atua na obten\u00e7\u00e3o de espectros de resson\u00e2ncia magn\u00e9tica nuclear, na realiza\u00e7\u00e3o de servi\u00e7os de assessoria e de consultoria para caracteriza\u00e7\u00e3o de subst\u00e2ncias, no treinamento de professores e estudantes de p\u00f3s-gradua\u00e7\u00e3o e no suporte para disciplinas pr\u00e1ticas de RMN da gradua\u00e7\u00e3o e da p\u00f3s-gradua\u00e7\u00e3o.<\/p>\n<p><strong>Laborat\u00f3rio Institucional de Pesquisa em Biomarcadores (LINBIO)<\/strong><\/p>\n<p>O <a href=\"https:\/\/www.farmacia.ufmg.br\/linbio-ufmg\/\" target=\"_blank\" rel=\"noopener\">Laborat\u00f3rio Institucional de Pesquisa em Biomarcadores<\/a> (LINBIO) foi oficializado em 2015. Esta plataforma funciona desde 2010, com os Professores do Departamento ACT trabalhando de forma compartilhada no uso de alguns equipamentos, o que permitiu, ao longo destes anos, o desenvolvimento de diversas linhas de pesquisa, a forma\u00e7\u00e3o de v\u00e1rios mestres e doutores e um incremento substancial \u00e0 produ\u00e7\u00e3o cient\u00edfica do Departamento. O desenvolvimento destes Laborat\u00f3rios Multiusu\u00e1rios tem como objetivo o uso compartilhado e controlado dos equipamentos, o que permite ampliar o acesso, melhorar a efici\u00eancia e otimizar recursos financeiros e humanos.<\/p>\n<p><strong>Laborat\u00f3rio de Neuroci\u00eancias Molecular e Comportamental (LANEC)<\/strong><\/p>\n<p>O <a href=\"https:\/\/angelamrbh.wixsite.com\/lanec\" target=\"_blank\" rel=\"noopener\">Laborat\u00f3rio de Neuroci\u00eancias Molecular e Comportamental<\/a> (LANEC) foi inaugurado na UFMG em 2006 como um espa\u00e7o multidisciplinar que permitiu a unifica\u00e7\u00e3o do Laborat\u00f3rio de Neuroqu\u00edmica do Departamento de Bioqu\u00edmica-Imunologia do ICB e do Laborat\u00f3rio de Psicologia Experimental do Departamento de Psicologia da FAFICH. Esta uni\u00e3o propiciou a intera\u00e7\u00e3o de professores, pesquisadores e estudantes da gradua\u00e7\u00e3o e p\u00f3s-gradua\u00e7\u00e3o interessados no estudo de Neuroci\u00eancias Molecular e Comportamental.<\/p>\n<p><strong>Unidade Multidisciplinar e Multiusu\u00e1ria de Pesquisa Animal (MULTILAB)<\/strong><\/p>\n<p>Idealizado em 2011, a <a href=\"https:\/\/multilabufmg.wordpress.com\/\" target=\"_blank\" rel=\"noopener\">Unidade Multidisciplinar de Pesquisa Animal<\/a>, chamado de MULTILAB, tem o intuito de dar suporte \u00e0 pesquisa que envolva de alguma forma a experimenta\u00e7\u00e3o animal nas mais distintas \u00e1reas da medicina veterin\u00e1ria e da zootecnia, bem como em \u00e1reas correlatas ou de coopera\u00e7\u00f5es. Com o MULTILAB, pretende-se fornecer infraestrutura e equipamentos com um car\u00e1ter inovador totalmente multiusu\u00e1rio para pesquisadores e pretende incorporar, desde a sua cria\u00e7\u00e3o, a filosofia da coopera\u00e7\u00e3o interinstitucional para o desenvolvimento de pesquisa animal de vanguarda, baseada nos conceitos contempor\u00e2neos de multidisciplinaridade, car\u00e1ter multiusu\u00e1rio e coopera\u00e7\u00e3o cient\u00edfica e tecnol\u00f3gica.<\/p>\n<p><strong>Centro Multiusu\u00e1rio de An\u00e1lise Experimental de Estruturas &#8211; CEMAEES<\/strong><\/p>\n<p>O <a href=\"https:\/\/sites.google.com\/view\/cemaees\" target=\"_blank\" rel=\"noopener\">Centro Multiusu\u00e1rio de An\u00e1lise Experimental de Estruturas &#8211; CEMAEES<\/a> tem como objetivo atender as demandas relacionadas \u00e0 pesquisa cient\u00edfica, tecnol\u00f3gicas e inova\u00e7\u00e3o no campo da an\u00e1lise experimental de estruturas e materiais que eram requeridas ao Laborat\u00f3rio de An\u00e1lise Experimental de Estruturas &#8211; LAEES do Departamento de Engenharia de Estruturas &#8211; DEES da Escola de Engenharia \u2013 EE da UFMG.<br \/>\nO DEES foi instalado em 1969 atendendo \u00e0 reforma universit\u00e1ria de 1968. Desde ent\u00e3o, consolidou-se nas atividades de ensino na gradua\u00e7\u00e3o e em 1980 estabeleceu seu primeiro Curso de Especializa\u00e7\u00e3o. Em 1988, iniciaram-se as primeiras aulas do Curso de Mestrado em Engenharia de Estruturas (atual Programa de P\u00f3s-Gradua\u00e7\u00e3o em Engenharia de Estruturas &#8211; PROPEES). Paralelamente a cria\u00e7\u00e3o do mestrado, iniciou-se a cria\u00e7\u00e3o do Laborat\u00f3rio de An\u00e1lise Experimental de Estruturas (LAEES), inaugurado em 15 de dezembro de 1988 no Edif\u00edcio do Instituto de Tecnologia Industrial da Escola de Engenharia, na parte central da cidade de Belo Horizonte. A mudan\u00e7a do DEES para o campus da Pampulha foi iniciada em dezembro de 2009 (localiza\u00e7\u00e3o atual). Destaque deve ser dado \u00e0s novas instala\u00e7\u00f5es do LAEES, que teve a sua \u00e1rea bastante ampliada, com aproximadamente 2.000 m\u00b2 e que, com novos equipamentos adquiridos com o projeto CT-INFRA (Fundo Setorial de C&amp;T da FINEP) e com recursos da Pr\u00f3-Reitoria de P\u00f3s-gradua\u00e7\u00e3o e do DEES, se tornou um dos melhores laborat\u00f3rios de an\u00e1lise experimental de estruturas do pa\u00eds.<br \/>\nAtualmente o laborat\u00f3rio vem realizando trabalhos para v\u00e1rios departamentos das escolas de engenharia como Dep. Engenharia de Materiais e Constru\u00e7\u00e3o Civil, Dep. Engenharia Mec\u00e2nica e Dep. Engenharia Sanit\u00e1ria e Ambiental. Al\u00e9m disso, o LAEES atende professores da Escola de Arquitetura, Belas Artes, Medicina e Veterin\u00e1ria.<\/p>\n","protected":false},"excerpt":{"rendered":"<p>Os Laborat\u00f3rios Institucionais de Pesquisa (LIPq) s\u00e3o infraestruturas de pesquisa [&hellip;]<\/p>\n","protected":false},"author":2,"featured_media":0,"parent":0,"menu_order":0,"comment_status":"closed","ping_status":"closed","template":"","meta":{"_acf_changed":false,"footnotes":""},"tags":[],"class_list":["post-1233","page","type-page","status-publish","hentry"],"acf":[],"_links":{"self":[{"href":"https:\/\/www.ufmg.br\/prpq\/wp-json\/wp\/v2\/pages\/1233","targetHints":{"allow":["GET"]}}],"collection":[{"href":"https:\/\/www.ufmg.br\/prpq\/wp-json\/wp\/v2\/pages"}],"about":[{"href":"https:\/\/www.ufmg.br\/prpq\/wp-json\/wp\/v2\/types\/page"}],"author":[{"embeddable":true,"href":"https:\/\/www.ufmg.br\/prpq\/wp-json\/wp\/v2\/users\/2"}],"replies":[{"embeddable":true,"href":"https:\/\/www.ufmg.br\/prpq\/wp-json\/wp\/v2\/comments?post=1233"}],"version-history":[{"count":7,"href":"https:\/\/www.ufmg.br\/prpq\/wp-json\/wp\/v2\/pages\/1233\/revisions"}],"predecessor-version":[{"id":3609,"href":"https:\/\/www.ufmg.br\/prpq\/wp-json\/wp\/v2\/pages\/1233\/revisions\/3609"}],"wp:attachment":[{"href":"https:\/\/www.ufmg.br\/prpq\/wp-json\/wp\/v2\/media?parent=1233"}],"wp:term":[{"taxonomy":"post_tag","embeddable":true,"href":"https:\/\/www.ufmg.br\/prpq\/wp-json\/wp\/v2\/tags?post=1233"}],"curies":[{"name":"wp","href":"https:\/\/api.w.org\/{rel}","templated":true}]}}