{"id":1242,"date":"2022-03-16T01:41:40","date_gmt":"2022-03-16T04:41:40","guid":{"rendered":"https:\/\/www.ufmg.br\/prpq\/?page_id=1242"},"modified":"2022-05-02T12:11:26","modified_gmt":"2022-05-02T15:11:26","slug":"centros-institucionais-de-pesquisa-cipq","status":"publish","type":"page","link":"https:\/\/www.ufmg.br\/prpq\/centros-institucionais-de-pesquisa-cipq\/","title":{"rendered":"Centros Institucionais de Pesquisa (CIPq)"},"content":{"rendered":"<p>Centros Institucionais de Pesquisa (CIPq), s\u00e3o centros voltados para o desenvolvimento de pesquisa art\u00edstica, cient\u00edfica e\/ou tecnol\u00f3gica que se caracterizam por possuir natureza multiusu\u00e1ria e multidisciplinar; com gest\u00e3o e regimento definidos, aprovados pelo Conselho Universit\u00e1rio da UFMG ou Congrega\u00e7\u00e3o; equipe t\u00e9cnico-cient\u00edfica especializada disponibilizada ou financiada pela Administra\u00e7\u00e3o Central, diretamente, ou via Unidade\/Departamento; equipamentos e\/ou servi\u00e7os altamente especializados de m\u00e9dia e grande complexidade, que sejam tecnicamente compat\u00edveis com padr\u00f5es internacionais de excel\u00eancia; pol\u00edtica definida de disponibiliza\u00e7\u00e3o de sua infraestrutura e servi\u00e7os para usu\u00e1rios internos e externos (<a href=\"https:\/\/www.ufmg.br\/prpq\/i2pq\/wp-content\/uploads\/2018\/02\/Resolucao01-2018.pdf\" target=\"_blank\" rel=\"noopener\">Resolu\u00e7\u00e3o n\u00ba 01\/2018<\/a>).<\/p>\n<p><strong>Centro de Aquisi\u00e7\u00e3o e Processamento de Imagens<\/strong><\/p>\n<p>O <a href=\"https:\/\/www2.icb.ufmg.br\/capi\/\" target=\"_blank\" rel=\"noopener\">Centro de Aquisi\u00e7\u00e3o e Processamento de Imagens<\/a> do ICB-UFMG tem como miss\u00e3o proporcionar infraestrutura em t\u00e9cnicas que envolvam captura e an\u00e1lise de imagens digitais com o objetivo de dar suporte a pesquisas cient\u00edficas em desenvolvimento na UFMG e em outras institui\u00e7\u00f5es, bem como na forma\u00e7\u00e3o de recursos humanos atrav\u00e9s de atividades de ensino e de extens\u00e3o. O CAPI \u00e9 um centro multiusu\u00e1rio que possui infraestrutura em v\u00e1rias \u00e1reas da pesquisa cient\u00edfica que utilizam como m\u00e9todo de estudo a captura e an\u00e1lises morfom\u00e9tricas de imagens digitais, tais como confocal, disseca\u00e7\u00e3o a laser e esc\u00e2ner de l\u00e2minas e g\u00e9is.<\/p>\n<p><strong>Centro de Cole\u00e7\u00f5es Taxon\u00f4micas (CCT)<\/strong><\/p>\n<p>O <a href=\"https:\/\/www2.icb.ufmg.br\/cct\/\" target=\"_blank\" rel=\"noopener\">Centro de Cole\u00e7\u00f5es Taxon\u00f4micas<\/a> (CCT-UFMG) \u00e9 um \u00d3rg\u00e3o Complementar vinculado ao Instituto de Ci\u00eancias Biol\u00f3gicas composto por 27 cole\u00e7\u00f5es e administrado por um Conselho T\u00e9cnico-Cient\u00edfico e um Corpo de Curadores com Apoio T\u00e9cnico-Administrativo. Desde mar\u00e7o de 2020, o CCT-UFMG publica o CCT Ci\u00eancia, um boletim para divulgar, em linguagem acess\u00edvel, trabalhos desenvolvidos por nossos pesquisadores, bem como os nossos acervos taxon\u00f4micos, destacando sua import\u00e2ncia na pesquisa, ensino e extens\u00e3o. O CCT-UFMG tamb\u00e9m realiza eventos, possui um Laborat\u00f3rio de Ilustra\u00e7\u00e3o Cient\u00edfica (LIC) e \u00e9 respons\u00e1vel pela publica\u00e7\u00e3o do peri\u00f3dico cient\u00edfico LUNDIANA: International Journal of Biodiversity.<\/p>\n<p><strong>Centro de Ensino de Ci\u00eancias e Matem\u00e1tica (CECIMIG)<\/strong><\/p>\n<p>O <a href=\"https:\/\/www.cecimig.fae.ufmg.br\/\" target=\"_blank\" rel=\"noopener\">Centro de Ensino de Ci\u00eancias e Matem\u00e1tica de Minas Gerais<\/a> \u2013 CECIMIG, criado em 1965, atrav\u00e9s de um conv\u00eanio entre o MEC e a UFMG, foi incorporado \u00e0 Faculdade de Educa\u00e7\u00e3o em 1987. Dentre seus objetivos o centro visa estimular a pesquisa e a extens\u00e3o, contribuindo para a melhoria do ensino de Ci\u00eancias. Neste sentido \u00e9 respons\u00e1vel pela organiza\u00e7\u00e3o de cursos de aperfei\u00e7oamento e especializa\u00e7\u00e3o, assessoria a diversas institui\u00e7\u00f5es, promo\u00e7\u00e3o de semin\u00e1rios, congressos e encontros na \u00e1rea, realiza\u00e7\u00e3o e divulga\u00e7\u00e3o de pesquisas e constru\u00e7\u00e3o de acervo bibliogr\u00e1fico e de materiais para atividades experimentais em Ci\u00eancias.<\/p>\n<p><strong>Centro de Estudos Portugueses<\/strong><\/p>\n<p>O <a href=\"http:\/\/www.letras.ufmg.br\/cesp\/\" target=\"_blank\" rel=\"noopener\">Centro de Estudos Portugueses<\/a> da Faculdade de Letras da UFMG foi criado no Departamento de Letras Vern\u00e1culas em abril de 1978, por iniciativa conjugada do ent\u00e3o c\u00f4nsul de Portugal em Belo Horizonte, Dr. Jos\u00e9 Roque Vieira Abranches Jord\u00e3o e do professor Wilton Cardoso de Sousa, da Faculdade de Letras da UFMG, com o apoio do Prof. Eduardo Os\u00f3rio Cisalpino, \u00e0 \u00e9poca Reitor da UFMG. Em mais de quatro d\u00e9cadas de hist\u00f3ria, o Centro de Estudos Portugueses da FALE\/UFMG se consolidou como not\u00e1vel espa\u00e7o de pesquisa e divulga\u00e7\u00e3o da Literatura Portuguesa no Brasil.<\/p>\n<p><strong>Centro de Microscopia<\/strong><\/p>\n<p>O <a href=\"http:\/\/www.microscopia.ufmg.br\/\" target=\"_blank\" rel=\"noopener\">Centro de Microscopia<\/a> da UFMG foi concebido como centro de car\u00e1ter multiusu\u00e1rio e interdisciplinar, com infraestrutura em microscopia eletr\u00f4nica, i\u00f4nica e por sonda com padr\u00e3o de excel\u00eancia internacional, para realiza\u00e7\u00e3o de atividades de pesquisa e de base tecnol\u00f3gica. O Centro de Microscopia da UFMG tem por miss\u00e3o proporcionar, para usu\u00e1rios de diversas \u00e1reas do conhecimento, infraestrutura em t\u00e9cnicas de microscopia, com o objetivo de viabilizar, aprimorar e promover pesquisas cient\u00edficas e tecnol\u00f3gicas na UFMG, com inser\u00e7\u00e3o em atividades de ensino e de extens\u00e3o.<\/p>\n<p><strong>Centro de Musicaliza\u00e7\u00e3o Integrado (CMI)<\/strong><\/p>\n<p>O <a href=\"https:\/\/musica.ufmg.br\/cmi\/\" target=\"_blank\" rel=\"noopener\">Centro de Musicaliza\u00e7\u00e3o Integrado<\/a> (CMI) \u00e9 um \u00f3rg\u00e3o complementar da Escola de M\u00fasica da UFMG que tem como miss\u00e3o de proporcionar \u00e0s crian\u00e7as e adolescentes a possibilidade de aprender m\u00fasica de uma forma l\u00fadica e prazerosa e trabalhando com possibilidades de pensar na m\u00fasica como uma forma de educa\u00e7\u00e3o e de desenvolvimento humano. O CMI contribui tamb\u00e9m para a forma\u00e7\u00e3o pedag\u00f3gica de alunos da Escola de M\u00fasica da UFMG e sedia v\u00e1rias disciplinas dos cursos de gradua\u00e7\u00e3o e p\u00f3s-gradua\u00e7\u00e3o.<\/p>\n<p><strong>Centro de Pesquisa em M\u00fasica Contempor\u00e2nea<\/strong><\/p>\n<p>O <a href=\"https:\/\/musica.ufmg.br\/index.php\/cpmc\/\" target=\"_blank\" rel=\"noopener\">Centro de Pesquisa em M\u00fasica Contempor\u00e2nea<\/a> \u00e9 um\u00a0 \u00d3rg\u00e3o Complementar da Escola de M\u00fasica da UFMG dedicado \u00e0 pesquisa em m\u00fasica contempor\u00e2nea, com especial \u00eanfase na composi\u00e7\u00e3o e na tecnologia. Ao CPMC est\u00e3o vinculados v\u00e1rios laborat\u00f3rios, com objetivos de dar suporte tecnol\u00f3gico aos processos de cria\u00e7\u00e3o e de ensino de m\u00fasica. Al\u00e9m dos laborat\u00f3rios, o CPMC tamb\u00e9m d\u00e1 apoio a diversas disciplinas te\u00f3ricas, utilizando recursos para incrementar a efici\u00eancia do aprendizado e otimizar o tempo do professor em sala de aula, assim como para auxiliar o aluno na concep\u00e7\u00e3o de trabalhos de instrumenta\u00e7\u00e3o, orquestra\u00e7\u00e3o e edi\u00e7\u00e3o de partituras.<\/p>\n<p><strong>Centro de Pesquisas Prof. Manoel Teixeira da Costa (CPMTC)<\/strong><\/p>\n<p>O <a href=\"http:\/\/cpmtc-igc-ufmg.org\/\" target=\"_blank\" rel=\"noopener\">Centro de Pesquisas Professor Manoel Teixeira da Costa<\/a> (CPMTC), \u00f3rg\u00e3o complementar do Instituto de Geoci\u00eancias da UFMG, foi criado em maio de 1981 pelo Prof. Jos\u00e9 Marques Correia Neves e institucionalizado pelo Conselho Universit\u00e1rio em 14 de maio de 1987. Suas instala\u00e7\u00f5es est\u00e3o situadas no primeiro e segundo andares do pr\u00e9dio anexo do IGC, no Campus da Pampulha da UFMG. O CPMTC realiza projetos de pesquisa e de presta\u00e7\u00e3o de servi\u00e7os em Geologia e \u00e1reas afins das Geoci\u00eancias, al\u00e9m de dar apoio aos Programas de p\u00f3s-gradua\u00e7\u00e3o e aos cursos de gradua\u00e7\u00e3o do IGC no desenvolvimento de pesquisas que resultam nos trabalhos de Conclus\u00e3o de Curso, Disserta\u00e7\u00f5es de Mestrado e Teses de Doutorado.<\/p>\n<p><strong>Laborat\u00f3rio de Aquacultura (LAQUA)<\/strong><\/p>\n<p>O <a href=\"https:\/\/vet.ufmg.br\/comp\/exibir\/17_20170628113107\/laqua\" target=\"_blank\" rel=\"noopener\">Laqua<\/a> \u00e9 um complexo de laborat\u00f3rios multidisciplinares equipados para viabilizar atividades de ensino, pesquisa e extens\u00e3o. As atividades do laborat\u00f3rio est\u00e3o relacionadas \u00e0 produ\u00e7\u00e3o econ\u00f4mica de organismos aqu\u00e1ticos de \u00e1gua doce e salgada, como peixes, crust\u00e1ceos, moluscos, microalgas e larvas. Al\u00e9m disso, pesquisas sobre nutri\u00e7\u00e3o animal e par\u00e2metros de qualidade da \u00e1gua tamb\u00e9m s\u00e3o desenvolvidas. Atualmente, o Laqua pode ser considerado um dos principais laborat\u00f3rios do curso de gradua\u00e7\u00e3o em Aquacultura, pois, al\u00e9m de agregar discentes de gradua\u00e7\u00e3o, tem a participa\u00e7\u00e3o de discentes dos cursos de medicina veterin\u00e1ria, biologia e discentes da p\u00f3s-gradua\u00e7\u00e3o.<\/p>\n","protected":false},"excerpt":{"rendered":"<p>Centros Institucionais de Pesquisa (CIPq), s\u00e3o centros voltados para o [&hellip;]<\/p>\n","protected":false},"author":2,"featured_media":0,"parent":0,"menu_order":0,"comment_status":"closed","ping_status":"closed","template":"","meta":{"_acf_changed":false,"footnotes":""},"tags":[],"class_list":["post-1242","page","type-page","status-publish","hentry"],"acf":[],"_links":{"self":[{"href":"https:\/\/www.ufmg.br\/prpq\/wp-json\/wp\/v2\/pages\/1242","targetHints":{"allow":["GET"]}}],"collection":[{"href":"https:\/\/www.ufmg.br\/prpq\/wp-json\/wp\/v2\/pages"}],"about":[{"href":"https:\/\/www.ufmg.br\/prpq\/wp-json\/wp\/v2\/types\/page"}],"author":[{"embeddable":true,"href":"https:\/\/www.ufmg.br\/prpq\/wp-json\/wp\/v2\/users\/2"}],"replies":[{"embeddable":true,"href":"https:\/\/www.ufmg.br\/prpq\/wp-json\/wp\/v2\/comments?post=1242"}],"version-history":[{"count":5,"href":"https:\/\/www.ufmg.br\/prpq\/wp-json\/wp\/v2\/pages\/1242\/revisions"}],"predecessor-version":[{"id":1247,"href":"https:\/\/www.ufmg.br\/prpq\/wp-json\/wp\/v2\/pages\/1242\/revisions\/1247"}],"wp:attachment":[{"href":"https:\/\/www.ufmg.br\/prpq\/wp-json\/wp\/v2\/media?parent=1242"}],"wp:term":[{"taxonomy":"post_tag","embeddable":true,"href":"https:\/\/www.ufmg.br\/prpq\/wp-json\/wp\/v2\/tags?post=1242"}],"curies":[{"name":"wp","href":"https:\/\/api.w.org\/{rel}","templated":true}]}}