{"id":1253,"date":"2022-03-16T01:45:24","date_gmt":"2022-03-16T04:45:24","guid":{"rendered":"https:\/\/www.ufmg.br\/prpq\/?page_id=1253"},"modified":"2022-05-02T12:11:13","modified_gmt":"2022-05-02T15:11:13","slug":"laboratorios-de-grupos-de-pesquisa-lgpq","status":"publish","type":"page","link":"https:\/\/www.ufmg.br\/prpq\/laboratorios-de-grupos-de-pesquisa-lgpq\/","title":{"rendered":"Laborat\u00f3rios de grupos de pesquisa (LGPq)"},"content":{"rendered":"<p>Laborat\u00f3rios de grupos e\/ou n\u00facleos de pesquisa (LGPq)\u00a0s\u00e3o infraestruturas de pesquisa art\u00edstica, cient\u00edfica e\/ou tecnol\u00f3gica que contenham instrumentos de pesquisa de qualquer natureza, porte e n\u00famero,\u00a0 ou que disponibilizem t\u00e9cnicas de qualquer natureza, ou que sejam locais de reuni\u00f5es e discuss\u00f5es tem\u00e1ticas, coordenados por um ou por conjunto de docentes, podendo ou n\u00e3o apresentar servidores do corpo t\u00e9cnico da UFMG.<\/p>\n<p>Para encontrar informa\u00e7\u00f5es sobre os grupos de pesquisa da UFMG, e identificar grupos por tema de trabalho, \u201cquem \u00e9 quem\u201d, \u201conde se encontra\u201d, \u201co que est\u00e1 fazendo\u201d e \u201co que produziu recentemente\u201d, use o\u00a0<a href=\"http:\/\/dgp.cnpq.br\/dgp\/faces\/consulta\/consulta_parametrizada.jsf\" target=\"_blank\" rel=\"noopener\">Diret\u00f3rio de Grupo de Pesquisa do CNPq<\/a>.<\/p>\n","protected":false},"excerpt":{"rendered":"<p>Laborat\u00f3rios de grupos e\/ou n\u00facleos de pesquisa (LGPq)\u00a0s\u00e3o infraestruturas de [&hellip;]<\/p>\n","protected":false},"author":2,"featured_media":0,"parent":0,"menu_order":0,"comment_status":"closed","ping_status":"closed","template":"","meta":{"_acf_changed":false,"footnotes":""},"tags":[],"class_list":["post-1253","page","type-page","status-publish","hentry"],"acf":[],"_links":{"self":[{"href":"https:\/\/www.ufmg.br\/prpq\/wp-json\/wp\/v2\/pages\/1253","targetHints":{"allow":["GET"]}}],"collection":[{"href":"https:\/\/www.ufmg.br\/prpq\/wp-json\/wp\/v2\/pages"}],"about":[{"href":"https:\/\/www.ufmg.br\/prpq\/wp-json\/wp\/v2\/types\/page"}],"author":[{"embeddable":true,"href":"https:\/\/www.ufmg.br\/prpq\/wp-json\/wp\/v2\/users\/2"}],"replies":[{"embeddable":true,"href":"https:\/\/www.ufmg.br\/prpq\/wp-json\/wp\/v2\/comments?post=1253"}],"version-history":[{"count":1,"href":"https:\/\/www.ufmg.br\/prpq\/wp-json\/wp\/v2\/pages\/1253\/revisions"}],"predecessor-version":[{"id":1254,"href":"https:\/\/www.ufmg.br\/prpq\/wp-json\/wp\/v2\/pages\/1253\/revisions\/1254"}],"wp:attachment":[{"href":"https:\/\/www.ufmg.br\/prpq\/wp-json\/wp\/v2\/media?parent=1253"}],"wp:term":[{"taxonomy":"post_tag","embeddable":true,"href":"https:\/\/www.ufmg.br\/prpq\/wp-json\/wp\/v2\/tags?post=1253"}],"curies":[{"name":"wp","href":"https:\/\/api.w.org\/{rel}","templated":true}]}}