{"id":1326,"date":"2022-03-19T16:07:40","date_gmt":"2022-03-19T19:07:40","guid":{"rendered":"https:\/\/www.ufmg.br\/prpq\/?page_id=1326"},"modified":"2023-03-23T16:52:50","modified_gmt":"2023-03-23T19:52:50","slug":"comites-assessores","status":"publish","type":"page","link":"https:\/\/www.ufmg.br\/prpq\/comites-assessores\/","title":{"rendered":"Comit\u00eas Assessores"},"content":{"rendered":"<p>Os Comit\u00eas Assessores s\u00e3o compostos de professores escolhidos pela Pr\u00f3-Reitoria de Pesquisa a partir de Lista Tr\u00edplice indicada pelos Diretores das Unidades Acad\u00eamicas. Cabe aos Comit\u00eas assessorar a C\u00e2mara de Pesquisa em suas atividades, principalmente naquelas que envolvem an\u00e1lise e julgamento de Bolsas de Inicia\u00e7\u00e3o Cient\u00edfica e demais programas de fomento \u00e0 pesquisa.<\/p>\n<style>#sp-ea-1323 .spcollapsing { height: 0; overflow: hidden; transition-property: height;transition-duration: 300ms;}#sp-ea-1323.sp-easy-accordion>.sp-ea-single {margin-bottom: 10px; border: 1px solid #e2e2e2; }#sp-ea-1323.sp-easy-accordion>.sp-ea-single>.ea-header a {color: #444;}#sp-ea-1323.sp-easy-accordion>.sp-ea-single>.sp-collapse>.ea-body {background: #fff; color: #444;}#sp-ea-1323.sp-easy-accordion>.sp-ea-single {background: #eee;}#sp-ea-1323.sp-easy-accordion>.sp-ea-single>.ea-header a .ea-expand-icon { float: left; color: #444;font-size: 16px;}<\/style>\n","protected":false},"excerpt":{"rendered":"<p>Os Comit\u00eas Assessores s\u00e3o compostos de professores escolhidos pela Pr\u00f3-Reitoria [&hellip;]<\/p>\n","protected":false},"author":2,"featured_media":0,"parent":0,"menu_order":0,"comment_status":"closed","ping_status":"closed","template":"page-assessores.php","meta":{"_acf_changed":false,"footnotes":""},"tags":[],"class_list":["post-1326","page","type-page","status-publish","hentry"],"acf":[],"_links":{"self":[{"href":"https:\/\/www.ufmg.br\/prpq\/wp-json\/wp\/v2\/pages\/1326","targetHints":{"allow":["GET"]}}],"collection":[{"href":"https:\/\/www.ufmg.br\/prpq\/wp-json\/wp\/v2\/pages"}],"about":[{"href":"https:\/\/www.ufmg.br\/prpq\/wp-json\/wp\/v2\/types\/page"}],"author":[{"embeddable":true,"href":"https:\/\/www.ufmg.br\/prpq\/wp-json\/wp\/v2\/users\/2"}],"replies":[{"embeddable":true,"href":"https:\/\/www.ufmg.br\/prpq\/wp-json\/wp\/v2\/comments?post=1326"}],"version-history":[{"count":6,"href":"https:\/\/www.ufmg.br\/prpq\/wp-json\/wp\/v2\/pages\/1326\/revisions"}],"predecessor-version":[{"id":2181,"href":"https:\/\/www.ufmg.br\/prpq\/wp-json\/wp\/v2\/pages\/1326\/revisions\/2181"}],"wp:attachment":[{"href":"https:\/\/www.ufmg.br\/prpq\/wp-json\/wp\/v2\/media?parent=1326"}],"wp:term":[{"taxonomy":"post_tag","embeddable":true,"href":"https:\/\/www.ufmg.br\/prpq\/wp-json\/wp\/v2\/tags?post=1326"}],"curies":[{"name":"wp","href":"https:\/\/api.w.org\/{rel}","templated":true}]}}