{"id":1379,"date":"2022-04-04T09:29:57","date_gmt":"2022-04-04T12:29:57","guid":{"rendered":"https:\/\/www.ufmg.br\/prpq\/?page_id=1379"},"modified":"2025-12-10T13:25:12","modified_gmt":"2025-12-10T16:25:12","slug":"transparencia","status":"publish","type":"page","link":"https:\/\/www.ufmg.br\/prpq\/transparencia\/","title":{"rendered":"Transpar\u00eancia"},"content":{"rendered":"<p align=\"justify\">Em atendimento ao inciso III do \u00a7 1\u00ba do Art. 8\u00ba da Lei 12.527, de novembro de 2011, que disp\u00f5e sobre os procedimentos a serem observados pela Uni\u00e3o, Estados, Distrito Federal e Munic\u00edpios, com o fim de garantir o acesso a informa\u00e7\u00f5es previsto no inciso XXXIII do art. 5\u00ba, no inciso II do \u00a7 3\u00ba do art. 37 e no \u00a7 2\u00ba do art. 216 da Constitui\u00e7\u00e3o Federal, \u00e9 disponibilizado, abaixo, link contendo os <b>registros das despesas<\/b> mensais da Pr\u00f3-Reitoria de Pesquisa, dispon\u00edveis no Portal da Transpar\u00eancia do Governo Federal:<\/p>\n<p align=\"justify\"><a href=\"https:\/\/portaldatransparencia.gov.br\/despesas\/orgao?paginacaoSimples=true&amp;tamanhoPagina=&amp;offset=&amp;direcaoOrdenacao=asc&amp;de=01%2F01%2F2025&amp;ate=30%2F11%2F2025&amp;orgaos=UG153273&amp;colunasSelecionadas=linkDetalhamento%2CmesAno%2CorgaoSuperior%2CorgaoVinculado%2CvalorDespesaEmpenhada%2CvalorDespesaLiquidada%2CvalorDespesaPaga%2CvalorRestoPago%2CunidadeGestora&amp;ordenarPor=mesAno&amp;direcao=desc\">Portal da Transpar\u00eancia<\/a><\/p>\n<p align=\"justify\">Observa\u00e7\u00f5es para <b>maior facilidade no acesso<\/b> \u00e0s informa\u00e7\u00f5es:<\/p>\n<ul>\n<li>\n<p align=\"justify\">as despesas ser\u00e3o mostradas em blocos mensais. Basta clicar no campo \u201c<b>Detalhar<\/b>\u201d (lado esquerdo da tela) para visualizar maiores informa\u00e7\u00f5es a respeito m\u00eas desejado;<\/p>\n<\/li>\n<li>\n<p align=\"justify\">feito isso, ser\u00e3o mostradas as despesas grupo, a saber, material de consumo, investimentos, di\u00e1rias, dentre outros. Para detalhar cada uma dessas despesas, basta clicar novamente no campo \u201c<b>Detalhar<\/b>\u201d;<\/p>\n<\/li>\n<li>\n<p align=\"justify\">assim, ser\u00e1 apresentada a rela\u00e7\u00e3o de todas as ordens banc\u00e1rias realizadas dentro do tipo de despesa objeto de detalhamento. Para mais informa\u00e7\u00f5es sobre uma compra espec\u00edfica, basta clicar no campo \u201c<b>Documento<\/b>\u201d.<\/p>\n<\/li>\n<\/ul>\n<hr \/>\n<p>Transpar\u00eancia referente a ordem cronol\u00f3gica de pagamentos aos fornecedores da PRPq, conforme a IN 02 de 06 de dezembro de 2016:<\/p>\n<style>#sp-ea-1378 .spcollapsing { height: 0; overflow: hidden; transition-property: height;transition-duration: 300ms;}#sp-ea-1378.sp-easy-accordion>.sp-ea-single {margin-bottom: 10px; border: 1px solid #e2e2e2; }#sp-ea-1378.sp-easy-accordion>.sp-ea-single>.ea-header a {color: #444;}#sp-ea-1378.sp-easy-accordion>.sp-ea-single>.sp-collapse>.ea-body {background: #fff; color: #444;}#sp-ea-1378.sp-easy-accordion>.sp-ea-single {background: #eee;}#sp-ea-1378.sp-easy-accordion>.sp-ea-single>.ea-header a .ea-expand-icon { float: left; color: #444;font-size: 16px;}<\/style><div id=\"sp_easy_accordion-1747232136\">\n<div id=\"sp-ea-1378\" class=\"sp-ea-one sp-easy-accordion\" data-ea-active=\"ea-click\" data-ea-mode=\"vertical\" data-preloader=\"\" data-scroll-active-item=\"\" data-offset-to-scroll=\"0\">\n\n<!-- Start accordion card div. -->\n<div class=\"ea-card ea-expand sp-ea-single\">\n\t<!-- Start accordion header. -->\n\t<h3 class=\"ea-header\">\n\t\t<!-- Add anchor tag for header. -->\n\t\t<a class=\"collapsed\" id=\"ea-header-13780\" role=\"button\" data-sptoggle=\"spcollapse\" data-sptarget=\"#collapse13780\" aria-controls=\"collapse13780\" href=\"#\"  aria-expanded=\"true\" tabindex=\"0\">\n\t\t<i aria-hidden=\"true\" role=\"presentation\" class=\"ea-expand-icon eap-icon-ea-expand-minus\"><\/i> 2025\t\t<\/a> <!-- Close anchor tag for header. -->\n\t<\/h3>\t<!-- Close header tag. -->\n\t<!-- Start collapsible content div. -->\n\t<div class=\"sp-collapse spcollapse collapsed show\" id=\"collapse13780\" data-parent=\"#sp-ea-1378\" role=\"region\" aria-labelledby=\"ea-header-13780\">  <!-- Content div. -->\n\t\t<div class=\"ea-body\">\n\t\t<p><a href=\"https:\/\/www.ufmg.br\/prpq\/wp-content\/uploads\/2025\/12\/11_NOVEMBRO_PLANILHA-FORNECEDORES.pdf\">11_NOVEMBRO_PLANILHA FORNECEDORES<\/a><\/p>\n<p><a href=\"https:\/\/www.ufmg.br\/prpq\/wp-content\/uploads\/2025\/12\/10_OUTUBRO_PLANILHA-FORNECEDORES.pdf\">10_OUTUBRO_PLANILHA FORNECEDORES<\/a><\/p>\n<p><a href=\"https:\/\/www.ufmg.br\/prpq\/wp-content\/uploads\/2025\/12\/09_SETEMBRO_PLANILHA-FORNECEDORES.pdf\">09_SETEMBRO_PLANILHA FORNECEDORES<\/a><\/p>\n<p><a href=\"https:\/\/www.ufmg.br\/prpq\/wp-content\/uploads\/2025\/12\/08_AGOSTO_PLANILHA-FORNECEDORES.pdf\">08_AGOSTO_PLANILHA FORNECEDORES<\/a><\/p>\n<p><a href=\"https:\/\/www.ufmg.br\/prpq\/wp-content\/uploads\/2025\/12\/07_JULHO_PLANILHA-FORNECEDORES.pdf\">07_JULHO_PLANILHA FORNECEDORES<\/a><\/p>\n<p><a href=\"https:\/\/www.ufmg.br\/prpq\/wp-content\/uploads\/2025\/12\/06_JUNHO_PLANILHA-FORNECEDORES.pdf\">06_JUNHO_PLANILHA FORNECEDORES<\/a><\/p>\n<p><a href=\"https:\/\/www.ufmg.br\/prpq\/wp-content\/uploads\/2025\/12\/05_MAIO_PLANILHA-FORNECEDORES.pdf\">05_MAIO_PLANILHA FORNECEDORES<\/a><\/p>\n<p><a href=\"https:\/\/www.ufmg.br\/prpq\/wp-content\/uploads\/2025\/05\/04_ABRIL_PLANILHA-FORNECEDORES-1.pdf\">04_ABRIL_PLANILHA FORNECEDORES<\/a><\/p>\n<p><a href=\"https:\/\/www.ufmg.br\/prpq\/wp-content\/uploads\/2025\/05\/03_MARCO_PLANILHA-FORNECEDORES-1.pdf\">03_MAR\u00c7O_PLANILHA FORNECEDORES<\/a><\/p>\n<p><a href=\"https:\/\/www.ufmg.br\/prpq\/wp-content\/uploads\/2025\/05\/02_FEVEREIRO_PLANILHA-FORNECEDORES-1.pdf\">02_FEVEREIRO_PLANILHA FORNECEDORES<\/a><\/p>\n<p><a href=\"https:\/\/www.ufmg.br\/prpq\/wp-content\/uploads\/2025\/05\/01_JANEIRO_PLANILHA-FORNECEDORES-1.pdf\">01_JANEIRO_PLANILHA FORNECEDORES<\/a><\/p>\n\t\t<\/div> <!-- Close content div. -->\n\t<\/div> <!-- Close collapse div. -->\n<\/div> <!-- Close card div. -->\n<!-- Start accordion card div. -->\n<div class=\"ea-card  sp-ea-single\">\n\t<!-- Start accordion header. -->\n\t<h3 class=\"ea-header\">\n\t\t<!-- Add anchor tag for header. -->\n\t\t<a class=\"collapsed\" id=\"ea-header-13781\" role=\"button\" data-sptoggle=\"spcollapse\" data-sptarget=\"#collapse13781\" aria-controls=\"collapse13781\" href=\"#\"  aria-expanded=\"false\" tabindex=\"0\">\n\t\t<i aria-hidden=\"true\" role=\"presentation\" class=\"ea-expand-icon eap-icon-ea-expand-plus\"><\/i> 2024\t\t<\/a> <!-- Close anchor tag for header. -->\n\t<\/h3>\t<!-- Close header tag. -->\n\t<!-- Start collapsible content div. -->\n\t<div class=\"sp-collapse spcollapse \" id=\"collapse13781\" data-parent=\"#sp-ea-1378\" role=\"region\" aria-labelledby=\"ea-header-13781\">  <!-- Content div. -->\n\t\t<div class=\"ea-body\">\n\t\t<p><a href=\"https:\/\/www.ufmg.br\/prpq\/wp-content\/uploads\/2025\/05\/12_DEZEMBRO_PLANILHA-FORNECEDORES-1.pdf\">12_DEZEMBRO_PLANILHA FORNECEDORES<\/a><\/p>\n<p><a href=\"https:\/\/www.ufmg.br\/prpq\/wp-content\/uploads\/2025\/05\/11_NOVEMBRO_PLANILHA-FORNECEDORES-1.pdf\">11_NOVEMBRO_PLANILHA FORNECEDORES<\/a><\/p>\n<p><a href=\"https:\/\/www.ufmg.br\/prpq\/wp-content\/uploads\/2025\/05\/10_OUTUBRO_PLANILHA-FORNECEDORES-1.pdf\">10_OUTUBRO_PLANILHA FORNECEDORES<\/a><\/p>\n<p><a href=\"https:\/\/www.ufmg.br\/prpq\/wp-content\/uploads\/2025\/05\/09_SETEMBRO_PLANILHA-FORNECEDORES-1.pdf\">09_SETEMBRO_PLANILHA FORNECEDORES<\/a><\/p>\n<p><a href=\"https:\/\/www.ufmg.br\/prpq\/wp-content\/uploads\/2025\/05\/08_AGOSTO_PLANILHA-FORNECEDORES-1.pdf\">08_AGOSTO_PLANILHA FORNECEDORES<\/a><\/p>\n<p><a href=\"https:\/\/www.ufmg.br\/prpq\/wp-content\/uploads\/2025\/05\/07_JULHO_PLANILHA-FORNECEDORES.pdf\">07_JULHO_PLANILHA FORNECEDORES<\/a><\/p>\n<p><a href=\"https:\/\/www.ufmg.br\/prpq\/wp-content\/uploads\/2025\/05\/06_JUNHO_PLANILHA-FORNECEDORES.pdf\">06_JUNHO_PLANILHA FORNECEDORES<\/a><\/p>\n<p><a href=\"https:\/\/www.ufmg.br\/prpq\/wp-content\/uploads\/2025\/05\/05_MAIO_PLANILHA-FORNECEDORES.pdf\">05_MAIO_PLANILHA FORNECEDORES<\/a><\/p>\n<p><a href=\"https:\/\/www.ufmg.br\/prpq\/wp-content\/uploads\/2025\/05\/04_ABRIL_PLANILHA-FORNECEDORES.pdf\">04_ABRIL_PLANILHA FORNECEDORES<\/a><\/p>\n<p><a href=\"https:\/\/www.ufmg.br\/prpq\/wp-content\/uploads\/2025\/05\/03_MARCO_PLANILHA-FORNECEDORES.pdf\">03_MAR\u00c7O_PLANILHA FORNECEDORES<\/a><\/p>\n<p><a href=\"https:\/\/www.ufmg.br\/prpq\/wp-content\/uploads\/2025\/05\/02_FEVEREIRO_PLANILHA-FORNECEDORES.pdf\">02_FEVEREIRO_PLANILHA FORNECEDORES<\/a><\/p>\n<p><a href=\"https:\/\/www.ufmg.br\/prpq\/wp-content\/uploads\/2025\/05\/01_JANEIRO_PLANILHA-FORNECEDORES.pdf\">01_JANEIRO_PLANILHA FORNECEDORES<\/a><\/p>\n\t\t<\/div> <!-- Close content div. -->\n\t<\/div> <!-- Close collapse div. -->\n<\/div> <!-- Close card div. -->\n<!-- Start accordion card div. -->\n<div class=\"ea-card  sp-ea-single\">\n\t<!-- Start accordion header. -->\n\t<h3 class=\"ea-header\">\n\t\t<!-- Add anchor tag for header. -->\n\t\t<a class=\"collapsed\" id=\"ea-header-13782\" role=\"button\" data-sptoggle=\"spcollapse\" data-sptarget=\"#collapse13782\" aria-controls=\"collapse13782\" href=\"#\"  aria-expanded=\"false\" tabindex=\"0\">\n\t\t<i aria-hidden=\"true\" role=\"presentation\" class=\"ea-expand-icon eap-icon-ea-expand-plus\"><\/i> 2023\t\t<\/a> <!-- Close anchor tag for header. -->\n\t<\/h3>\t<!-- Close header tag. -->\n\t<!-- Start collapsible content div. -->\n\t<div class=\"sp-collapse spcollapse \" id=\"collapse13782\" data-parent=\"#sp-ea-1378\" role=\"region\" aria-labelledby=\"ea-header-13782\">  <!-- Content div. -->\n\t\t<div class=\"ea-body\">\n\t\t<p><a href=\"https:\/\/www.ufmg.br\/prpq\/wp-content\/uploads\/2025\/05\/12_DEZEMBRO_PLANILHA-FORNECEDORES.pdf\">12_DEZEMBRO_PLANILHA FORNECEDORES<\/a><\/p>\n<p><a href=\"https:\/\/www.ufmg.br\/prpq\/wp-content\/uploads\/2025\/05\/11_NOVEMBRO_PLANILHA-FORNECEDORES.pdf\">11_NOVEMBRO_PLANILHA FORNECEDORES<\/a><\/p>\n<p><a href=\"https:\/\/www.ufmg.br\/prpq\/wp-content\/uploads\/2025\/05\/10_OUTUBRO_PLANILHA-FORNECEDORES.pdf\">10_OUTUBRO_PLANILHA FORNECEDORES<\/a><\/p>\n<p><a href=\"https:\/\/www.ufmg.br\/prpq\/wp-content\/uploads\/2025\/05\/09_SETEMBRO_PLANILHA-FORNECEDORES.pdf\">09_SETEMBRO_PLANILHA FORNECEDORES<\/a><\/p>\n<p><a href=\"https:\/\/www.ufmg.br\/prpq\/wp-content\/uploads\/2025\/05\/08_AGOSTO_PLANILHA-FORNECEDORES.pdf\">08_AGOSTO_PLANILHA FORNECEDORES<\/a><\/p>\n<p><a href=\"https:\/\/www.ufmg.br\/prpq\/wp-content\/uploads\/2022\/04\/07_JULHO_PLANILHA-FORNECEDORES.pdf\">07_JULHO_PLANILHA FORNECEDORES<\/a><\/p>\n<p><a href=\"https:\/\/www.ufmg.br\/prpq\/wp-content\/uploads\/2022\/04\/06_JUNHO_PLANILHA-FORNECEDORES.pdf\">06_JUNHO_PLANILHA FORNECEDORES<\/a><\/p>\n<p><a href=\"https:\/\/www.ufmg.br\/prpq\/wp-content\/uploads\/2022\/04\/05_MAIO_PLANILHA-FORNECEDORES.pdf\">05_MAIO_PLANILHA FORNECEDORES<\/a><\/p>\n<p><a href=\"https:\/\/www.ufmg.br\/prpq\/wp-content\/uploads\/2022\/04\/04_ABRIL_PLANILHA-FORNECEDORES.pdf\">04_ABRIL_PLANILHA FORNECEDORES<\/a><\/p>\n<p><a href=\"https:\/\/www.ufmg.br\/prpq\/wp-content\/uploads\/2022\/04\/03_MARCO_PLANILHA-FORNECEDORES.pdf\">03_MAR\u00c7O_PLANILHA FORNECEDORES<\/a><\/p>\n<p><a href=\"https:\/\/www.ufmg.br\/prpq\/wp-content\/uploads\/2022\/04\/02_FEVEREIRO_PLANILHA-FORNECEDORES-1.pdf\">02_FEVEREIRO_PLANILHA FORNECEDORES<\/a><\/p>\n<p><a href=\"https:\/\/www.ufmg.br\/prpq\/wp-content\/uploads\/2022\/04\/01_JANEIRO_PLANILHA-FORNECEDORES-1.pdf\">01_JANEIRO_PLANILHA FORNECEDORES<\/a><\/p>\n\t\t<\/div> <!-- Close content div. -->\n\t<\/div> <!-- Close collapse div. -->\n<\/div> <!-- Close card div. -->\n<!-- Start accordion card div. -->\n<div class=\"ea-card  sp-ea-single\">\n\t<!-- Start accordion header. -->\n\t<h3 class=\"ea-header\">\n\t\t<!-- Add anchor tag for header. -->\n\t\t<a class=\"collapsed\" id=\"ea-header-13783\" role=\"button\" data-sptoggle=\"spcollapse\" data-sptarget=\"#collapse13783\" aria-controls=\"collapse13783\" href=\"#\"  aria-expanded=\"false\" tabindex=\"0\">\n\t\t<i aria-hidden=\"true\" role=\"presentation\" class=\"ea-expand-icon eap-icon-ea-expand-plus\"><\/i> 2022\t\t<\/a> <!-- Close anchor tag for header. -->\n\t<\/h3>\t<!-- Close header tag. -->\n\t<!-- Start collapsible content div. -->\n\t<div class=\"sp-collapse spcollapse \" id=\"collapse13783\" data-parent=\"#sp-ea-1378\" role=\"region\" aria-labelledby=\"ea-header-13783\">  <!-- Content div. -->\n\t\t<div class=\"ea-body\">\n\t\t<p><a href=\"https:\/\/www.ufmg.br\/prpq\/wp-content\/uploads\/2022\/04\/12_DEZEMBRO_PLANILHA-FORNECEDORES.pdf\">12_DEZEMBRO_PLANILHA FORNECEDORES<\/a><\/p>\n<p><a href=\"https:\/\/www.ufmg.br\/prpq\/wp-content\/uploads\/2022\/04\/11_NOVEMBRO_PLANILHA-FORNECEDORES-1.pdf\">11_NOVEMBRO_PLANILHA FORNECEDORES<\/a><\/p>\n<p><a href=\"https:\/\/www.ufmg.br\/prpq\/wp-content\/uploads\/2022\/04\/10_OUTUBRO_PLANILHA-FORNECEDORES.pdf\">10_OUTUBRO_PLANILHA FORNECEDORES<\/a><\/p>\n<p><a href=\"https:\/\/www.ufmg.br\/prpq\/wp-content\/uploads\/2022\/04\/09_SETEMBRO_PLANILHA-FORNECEDORES.pdf\">09_SETEMBRO_PLANILHA FORNECEDORES<\/a><\/p>\n<p><a href=\"https:\/\/www.ufmg.br\/prpq\/wp-content\/uploads\/2022\/09\/08_AGOSTO_PLANILHA-FORNECEDORES.pdf\">08_AGOSTO_PLANILHA FORNECEDORES<\/a><\/p>\n<p><a href=\"https:\/\/www.ufmg.br\/prpq\/wp-content\/uploads\/2022\/09\/07_JULHO_PLANILHA-FORNECEDORES.pdf\">07_JULHO_PLANILHA FORNECEDORES<\/a><\/p>\n<p><a href=\"https:\/\/www.ufmg.br\/prpq\/wp-content\/uploads\/2022\/09\/06_JUNHO_PLANILHA-FORNECEDORES.pdf\">06_JUNHO_PLANILHA FORNECEDORES<\/a><\/p>\n<p><a href=\"https:\/\/www.ufmg.br\/prpq\/wp-content\/uploads\/2022\/09\/05_MAIO_PLANILHA-FORNECEDORES.pdf\">05_MAIO_PLANILHA FORNECEDORES<\/a><\/p>\n<p><a href=\"https:\/\/www.ufmg.br\/prpq\/wp-content\/uploads\/2022\/09\/04_ABRIL_PLANILHA-FORNECEDORES.pdf\">04_ABRIL_PLANILHA FORNECEDORES<\/a><\/p>\n<p><a href=\"https:\/\/www.ufmg.br\/prpq\/wp-content\/uploads\/2022\/04\/03_MARC\u0327O_PLANILHA-FORNECEDORES.pdf\">03_MARC\u0327O_PLANILHA FORNECEDORES<\/a><\/p>\n<p><a href=\"https:\/\/www.ufmg.br\/prpq\/wp-content\/uploads\/2022\/04\/02_FEVEREIRO_PLANILHA-FORNECEDORES.pdf\">02_FEVEREIRO_PLANILHA FORNECEDORES<\/a><\/p>\n<p><a href=\"https:\/\/www.ufmg.br\/prpq\/wp-content\/uploads\/2022\/04\/01_JANEIRO_PLANILHA-FORNECEDORES.pdf\">01_JANEIRO_PLANILHA FORNECEDORES<\/a><\/p>\n\t\t<\/div> <!-- Close content div. -->\n\t<\/div> <!-- Close collapse div. -->\n<\/div> <!-- Close card div. -->\n<!-- Start accordion card div. -->\n<div class=\"ea-card  sp-ea-single\">\n\t<!-- Start accordion header. -->\n\t<h3 class=\"ea-header\">\n\t\t<!-- Add anchor tag for header. -->\n\t\t<a class=\"collapsed\" id=\"ea-header-13784\" role=\"button\" data-sptoggle=\"spcollapse\" data-sptarget=\"#collapse13784\" aria-controls=\"collapse13784\" href=\"#\"  aria-expanded=\"false\" tabindex=\"0\">\n\t\t<i aria-hidden=\"true\" role=\"presentation\" class=\"ea-expand-icon eap-icon-ea-expand-plus\"><\/i> 2021\t\t<\/a> <!-- Close anchor tag for header. -->\n\t<\/h3>\t<!-- Close header tag. -->\n\t<!-- Start collapsible content div. -->\n\t<div class=\"sp-collapse spcollapse \" id=\"collapse13784\" data-parent=\"#sp-ea-1378\" role=\"region\" aria-labelledby=\"ea-header-13784\">  <!-- Content div. -->\n\t\t<div class=\"ea-body\">\n\t\t<p><a href=\"https:\/\/www.ufmg.br\/prpq\/wp-content\/uploads\/2022\/04\/12_DEZEMBRO-PLANILHA-FORNECEDORES-1.pdf\">12_DEZEMBRO - PLANILHA FORNECEDORES<\/a><\/p>\n<p><a href=\"https:\/\/www.ufmg.br\/prpq\/wp-content\/uploads\/2022\/04\/11_NOVEMBRO_PLANILHA-FORNECEDORES.pdf\">11_NOVEMBRO_PLANILHA FORNECEDORES<\/a><\/p>\n<p><a href=\"https:\/\/www.ufmg.br\/prpq\/wp-content\/uploads\/2022\/04\/10_OUTUBRO-PLANILHA-FORNECEDORES.pdf\">10_OUTUBRO - PLANILHA FORNECEDORES<\/a><\/p>\n<p><a href=\"https:\/\/www.ufmg.br\/prpq\/wp-content\/uploads\/2022\/04\/09_SETEMBRO-PLANILHA-FORNECEDORES-1.pdf\">09_SETEMBRO - PLANILHA FORNECEDORES<\/a><\/p>\n<p><a href=\"https:\/\/www.ufmg.br\/prpq\/wp-content\/uploads\/2022\/04\/08_AGOSTO-PLANILHA-FORNECEDORES-1.pdf\">08_AGOSTO - PLANILHA FORNECEDORES<\/a><\/p>\n<p><a href=\"https:\/\/www.ufmg.br\/prpq\/wp-content\/uploads\/2022\/04\/07_JULHO-PLANILHA-FORNECEDORES-1.pdf\">07_JULHO - PLANILHA FORNECEDORES<\/a><\/p>\n<p><a href=\"https:\/\/www.ufmg.br\/prpq\/wp-content\/uploads\/2022\/04\/06_JUNHO-PLANILHA-FORNECEDORES-1.pdf\">06_JUNHO - PLANILHA FORNECEDORES<\/a><\/p>\n<p><a href=\"https:\/\/www.ufmg.br\/prpq\/wp-content\/uploads\/2022\/04\/05_MAIO-PLANILHA-FORNECEDORES-1.pdf\">05_MAIO- PLANILHA FORNECEDORES<\/a><\/p>\n<p><a href=\"https:\/\/www.ufmg.br\/prpq\/wp-content\/uploads\/2022\/04\/04_ABRIL-PLANILHA-DE-FORNECEDORES.pdf\">04_ABRIL-PLANILHA DE FORNECEDORES<\/a><\/p>\n<p><a href=\"https:\/\/www.ufmg.br\/prpq\/wp-content\/uploads\/2022\/04\/03_MARCO-PLANILHA-FORNECEDORES-1.pdf\">03_MAR\u00c7O- PLANILHA FORNECEDORES<\/a><\/p>\n<p><a href=\"https:\/\/www.ufmg.br\/prpq\/wp-content\/uploads\/2022\/04\/02_FEVEREIRO-PLANILHA-FORNECEDORES-1.pdf\">02_FEVEREIRO - PLANILHA FORNECEDORES<\/a><\/p>\n<p><a href=\"https:\/\/www.ufmg.br\/prpq\/wp-content\/uploads\/2022\/04\/01_JANEIRO-PLANILHA-FORNECEDORES-1.pdf\">01_JANEIRO - PLANILHA FORNECEDORES<\/a><\/p>\n\t\t<\/div> <!-- Close content div. -->\n\t<\/div> <!-- Close collapse div. -->\n<\/div> <!-- Close card div. -->\n<!-- Start accordion card div. -->\n<div class=\"ea-card  sp-ea-single\">\n\t<!-- Start accordion header. -->\n\t<h3 class=\"ea-header\">\n\t\t<!-- Add anchor tag for header. -->\n\t\t<a class=\"collapsed\" id=\"ea-header-13785\" role=\"button\" data-sptoggle=\"spcollapse\" data-sptarget=\"#collapse13785\" aria-controls=\"collapse13785\" href=\"#\"  aria-expanded=\"false\" tabindex=\"0\">\n\t\t<i aria-hidden=\"true\" role=\"presentation\" class=\"ea-expand-icon eap-icon-ea-expand-plus\"><\/i> 2020\t\t<\/a> <!-- Close anchor tag for header. -->\n\t<\/h3>\t<!-- Close header tag. -->\n\t<!-- Start collapsible content div. -->\n\t<div class=\"sp-collapse spcollapse \" id=\"collapse13785\" data-parent=\"#sp-ea-1378\" role=\"region\" aria-labelledby=\"ea-header-13785\">  <!-- Content div. -->\n\t\t<div class=\"ea-body\">\n\t\t<p><a href=\"https:\/\/www.ufmg.br\/prpq\/wp-content\/uploads\/2022\/04\/12_DEZEMBRO-PLANILHA-FORNECEDORES-2020.pdf\">12_DEZEMBRO - PLANILHA FORNECEDORES 2020<\/a><\/p>\n<p><a href=\"https:\/\/www.ufmg.br\/prpq\/wp-content\/uploads\/2022\/04\/11_NOVEMBRO-PLANILHA-FORNECEDORES-2020.pdf\">11_NOVEMBRO - PLANILHA FORNECEDORES 2020<\/a><\/p>\n<p><a href=\"https:\/\/www.ufmg.br\/prpq\/wp-content\/uploads\/2022\/04\/10_OUTUBRO-PLANILHA-FORNECEDORES-2020.pdf\">10_OUTUBRO - PLANILHA FORNECEDORES 2020<\/a><\/p>\n<p><a href=\"https:\/\/www.ufmg.br\/prpq\/wp-content\/uploads\/2022\/04\/09_SETEMBRO-PLANILHA-FORNECEDORES.pdf\">09_SETEMBRO- PLANILHA FORNECEDORES<\/a><\/p>\n<p><a href=\"https:\/\/www.ufmg.br\/prpq\/wp-content\/uploads\/2022\/04\/08_AGOSTO-PLANILHA-FORNECEDORES.pdf\">08_AGOSTO - PLANILHA FORNECEDORES<\/a><\/p>\n<p><a href=\"https:\/\/www.ufmg.br\/prpq\/wp-content\/uploads\/2022\/04\/07_JULHO-PLANILHA-FORNECEDORES.pdf\">07_JULHO - PLANILHA FORNECEDORES<\/a><\/p>\n<p><a href=\"https:\/\/www.ufmg.br\/prpq\/wp-content\/uploads\/2022\/04\/06_JUNHO-PLANILHA-FORNECEDORES.pdf\">06_JUNHO - PLANILHA FORNECEDORES<\/a><\/p>\n<p><a href=\"https:\/\/www.ufmg.br\/prpq\/wp-content\/uploads\/2022\/04\/05_MAIO-PLANILHA-FORNECEDORES.pdf\">05_MAIO - PLANILHA FORNECEDORES<\/a><\/p>\n<p><a href=\"https:\/\/www.ufmg.br\/prpq\/wp-content\/uploads\/2022\/04\/04_ABRIL-PLANILHA-FORNECEDORES.pdf\">04_ABRIL - PLANILHA FORNECEDORES<\/a><\/p>\n<p><a href=\"https:\/\/www.ufmg.br\/prpq\/wp-content\/uploads\/2022\/04\/03_MARCO-PLANILHA-FORNECEDORES.pdf\">03_MAR\u00c7O - PLANILHA FORNECEDORES<\/a><\/p>\n<p><a href=\"https:\/\/www.ufmg.br\/prpq\/wp-content\/uploads\/2022\/04\/02_FEVEREIRO-PLANILHA-FORNECEDORES.pdf\">02_FEVEREIRO - PLANILHA FORNECEDORES<\/a><\/p>\n<p><a href=\"https:\/\/www.ufmg.br\/prpq\/wp-content\/uploads\/2022\/04\/01_JANEIRO-PLANILHA-FORNECEDORES.pdf\">01_JANEIRO - PLANILHA FORNECEDORES<\/a><\/p>\n\t\t<\/div> <!-- Close content div. -->\n\t<\/div> <!-- Close collapse div. -->\n<\/div> <!-- Close card div. -->\n<!-- Start accordion card div. -->\n<div class=\"ea-card  sp-ea-single\">\n\t<!-- Start accordion header. -->\n\t<h3 class=\"ea-header\">\n\t\t<!-- Add anchor tag for header. -->\n\t\t<a class=\"collapsed\" id=\"ea-header-13786\" role=\"button\" data-sptoggle=\"spcollapse\" data-sptarget=\"#collapse13786\" aria-controls=\"collapse13786\" href=\"#\"  aria-expanded=\"false\" tabindex=\"0\">\n\t\t<i aria-hidden=\"true\" role=\"presentation\" class=\"ea-expand-icon eap-icon-ea-expand-plus\"><\/i> 2019\t\t<\/a> <!-- Close anchor tag for header. -->\n\t<\/h3>\t<!-- Close header tag. -->\n\t<!-- Start collapsible content div. -->\n\t<div class=\"sp-collapse spcollapse \" id=\"collapse13786\" data-parent=\"#sp-ea-1378\" role=\"region\" aria-labelledby=\"ea-header-13786\">  <!-- Content div. -->\n\t\t<div class=\"ea-body\">\n\t\t<p><a href=\"https:\/\/www.ufmg.br\/prpq\/wp-content\/uploads\/2022\/04\/12_DEZEMBRO-PLANILHA-FORNECEDORES.pdf\">12_DEZEMBRO - PLANILHA FORNECEDORES<\/a><\/p>\n<p><a href=\"https:\/\/www.ufmg.br\/prpq\/wp-content\/uploads\/2022\/04\/11_NOVEMBRO.pdf\">11_NOVEMBRO<\/a><\/p>\n<p><a href=\"https:\/\/www.ufmg.br\/prpq\/wp-content\/uploads\/2022\/04\/10_OUTUBRO.pdf\">10_OUTUBRO<\/a><\/p>\n<p><a href=\"https:\/\/www.ufmg.br\/prpq\/wp-content\/uploads\/2022\/04\/9_SETEMBRO.pdf\">9_SETEMBRO<\/a><\/p>\n<p><a href=\"https:\/\/www.ufmg.br\/prpq\/wp-content\/uploads\/2022\/04\/8_AGOSTO.pdf\">8_AGOSTO<\/a><\/p>\n<p><a href=\"https:\/\/www.ufmg.br\/prpq\/wp-content\/uploads\/2022\/04\/7_JULHO.pdf\">7_JULHO<\/a><\/p>\n<p><a href=\"https:\/\/www.ufmg.br\/prpq\/wp-content\/uploads\/2022\/04\/6_JUNHO.pdf\">6_JUNHO<\/a><\/p>\n<p><a href=\"https:\/\/www.ufmg.br\/prpq\/wp-content\/uploads\/2022\/04\/5_MAIO.pdf\">5_MAIO<\/a><\/p>\n<p><a href=\"https:\/\/www.ufmg.br\/prpq\/wp-content\/uploads\/2022\/04\/4_ABRIL.pdf\">4_ABRIL<\/a><\/p>\n<p><a href=\"https:\/\/www.ufmg.br\/prpq\/wp-content\/uploads\/2022\/04\/3_MARCO.pdf\">3_MAR\u00c7O<\/a><\/p>\n<p><a href=\"https:\/\/www.ufmg.br\/prpq\/wp-content\/uploads\/2022\/04\/2_FEVEREIRO.pdf\">2_FEVEREIRO<\/a><\/p>\n<p><a href=\"https:\/\/www.ufmg.br\/prpq\/wp-content\/uploads\/2022\/04\/1_JANEIRO.pdf\">1_JANEIRO<\/a><\/p>\n\t\t<\/div> <!-- Close content div. -->\n\t<\/div> <!-- Close collapse div. -->\n<\/div> <!-- Close card div. -->\n<\/div>\n<\/div>\n\n","protected":false},"excerpt":{"rendered":"<p>Em atendimento ao inciso III do \u00a7 1\u00ba do Art. [&hellip;]<\/p>\n","protected":false},"author":3,"featured_media":0,"parent":0,"menu_order":0,"comment_status":"closed","ping_status":"closed","template":"","meta":{"_acf_changed":false,"footnotes":""},"tags":[],"class_list":["post-1379","page","type-page","status-publish","hentry"],"acf":[],"_links":{"self":[{"href":"https:\/\/www.ufmg.br\/prpq\/wp-json\/wp\/v2\/pages\/1379","targetHints":{"allow":["GET"]}}],"collection":[{"href":"https:\/\/www.ufmg.br\/prpq\/wp-json\/wp\/v2\/pages"}],"about":[{"href":"https:\/\/www.ufmg.br\/prpq\/wp-json\/wp\/v2\/types\/page"}],"author":[{"embeddable":true,"href":"https:\/\/www.ufmg.br\/prpq\/wp-json\/wp\/v2\/users\/3"}],"replies":[{"embeddable":true,"href":"https:\/\/www.ufmg.br\/prpq\/wp-json\/wp\/v2\/comments?post=1379"}],"version-history":[{"count":9,"href":"https:\/\/www.ufmg.br\/prpq\/wp-json\/wp\/v2\/pages\/1379\/revisions"}],"predecessor-version":[{"id":3733,"href":"https:\/\/www.ufmg.br\/prpq\/wp-json\/wp\/v2\/pages\/1379\/revisions\/3733"}],"wp:attachment":[{"href":"https:\/\/www.ufmg.br\/prpq\/wp-json\/wp\/v2\/media?parent=1379"}],"wp:term":[{"taxonomy":"post_tag","embeddable":true,"href":"https:\/\/www.ufmg.br\/prpq\/wp-json\/wp\/v2\/tags?post=1379"}],"curies":[{"name":"wp","href":"https:\/\/api.w.org\/{rel}","templated":true}]}}