{"id":1490,"date":"2022-05-12T11:04:44","date_gmt":"2022-05-12T14:04:44","guid":{"rendered":"https:\/\/www.ufmg.br\/prpq\/?page_id=1490"},"modified":"2026-02-24T09:07:55","modified_gmt":"2026-02-24T12:07:55","slug":"cadastro-de-externos","status":"publish","type":"page","link":"https:\/\/www.ufmg.br\/prpq\/cadastro-de-externos\/","title":{"rendered":"Solicita\u00e7\u00e3o de MinhaUFMG para estudantes externos para realiza\u00e7\u00e3o de Inicia\u00e7\u00e3o Cient\u00edfica"},"content":{"rendered":"<p><strong><span style=\"color: red;\">Estudantes matriculados na UFMG nos cursos de P\u00f3s-Gradua\u00e7\u00e3o, Gradua\u00e7\u00e3o ou do Col\u00e9gio T\u00e9cnico n\u00e3o necessitam de cadastro de usu\u00e1rio externo<\/span><\/strong><\/p>\n<p><span style=\"font-weight: 400;\">O orientador poder\u00e1 solicitar o cadastro de externo ap\u00f3s sua aprova\u00e7\u00e3o em edital que permite tal estudante. Para isso o(a) orientador(a) dever\u00e1 acessar o Sistema de Fomento da PRPq, clicar em <\/span><i><span style=\"font-weight: 400;\">Solicita\u00e7\u00f5es <\/span><\/i><span style=\"font-weight: 400;\">\u2192 <\/span><i><span style=\"font-weight: 400;\">Minhas solicita\u00e7\u00f5es <\/span><\/i><span style=\"font-weight: 400;\">\u2192 <\/span><span style=\"font-weight: 400;\">Selecionar o edital <\/span><span style=\"font-weight: 400;\">\u2192 <\/span><span style=\"font-weight: 400;\">\u00a0<\/span><span style=\"font-weight: 400;\">Clicar em \u2018cadastro de aluno externo\u2019 <\/span><span style=\"font-weight: 400;\">\u2192 <\/span><span style=\"font-weight: 400;\">Preencher o formul\u00e1rio de solicita\u00e7\u00e3o. O(a) estudante dever\u00e1 completar o cadastro no Sistema de Fomento usando o login e senha que ser\u00e3o enviados ao orientador.<\/span><\/p>\n<p><span style=\"font-weight: 400;\">Ap\u00f3s preenchimento do cadastro pelo(a) estudante, o(a) orientador(a) conseguir\u00e1 indic\u00e1-lo(a) no mesmo local acessado para solicitar o cadastro.<\/span><\/p>\n<p><strong>A solicita\u00e7\u00e3o dever\u00e1 ser realizada at\u00e9 48 horas \u00fateis antes do fim do prazo de indica\u00e7\u00e3o ou substitui\u00e7\u00e3o do(a) estudante.<\/strong><\/p>\n<p>Documentos necess\u00e1rios:<\/p>\n<ul>\n<li>Comprovante de matr\u00edcula do semestre atual, emitido pela secret\u00e1ria da institui\u00e7\u00e3o ou via internet com valida\u00e7\u00e3o eletr\u00f4nica.<\/li>\n<\/ul>\n<p>N\u00e3o s\u00e3o aceitos para fins de comprova\u00e7\u00e3o: hist\u00f3rico, print de tela, documentos sem identifica\u00e7\u00e3o do emissor ou que n\u00e3o seja poss\u00edvel valida\u00e7\u00e3o eletr\u00f4nica.<\/p>\n<p>&nbsp;<\/p>\n","protected":false},"excerpt":{"rendered":"<p>Estudantes matriculados na UFMG nos cursos de P\u00f3s-Gradua\u00e7\u00e3o, Gradua\u00e7\u00e3o ou [&hellip;]<\/p>\n","protected":false},"author":3,"featured_media":0,"parent":0,"menu_order":0,"comment_status":"closed","ping_status":"closed","template":"","meta":{"_acf_changed":false,"footnotes":""},"tags":[],"class_list":["post-1490","page","type-page","status-publish","hentry"],"acf":[],"_links":{"self":[{"href":"https:\/\/www.ufmg.br\/prpq\/wp-json\/wp\/v2\/pages\/1490","targetHints":{"allow":["GET"]}}],"collection":[{"href":"https:\/\/www.ufmg.br\/prpq\/wp-json\/wp\/v2\/pages"}],"about":[{"href":"https:\/\/www.ufmg.br\/prpq\/wp-json\/wp\/v2\/types\/page"}],"author":[{"embeddable":true,"href":"https:\/\/www.ufmg.br\/prpq\/wp-json\/wp\/v2\/users\/3"}],"replies":[{"embeddable":true,"href":"https:\/\/www.ufmg.br\/prpq\/wp-json\/wp\/v2\/comments?post=1490"}],"version-history":[{"count":21,"href":"https:\/\/www.ufmg.br\/prpq\/wp-json\/wp\/v2\/pages\/1490\/revisions"}],"predecessor-version":[{"id":3782,"href":"https:\/\/www.ufmg.br\/prpq\/wp-json\/wp\/v2\/pages\/1490\/revisions\/3782"}],"wp:attachment":[{"href":"https:\/\/www.ufmg.br\/prpq\/wp-json\/wp\/v2\/media?parent=1490"}],"wp:term":[{"taxonomy":"post_tag","embeddable":true,"href":"https:\/\/www.ufmg.br\/prpq\/wp-json\/wp\/v2\/tags?post=1490"}],"curies":[{"name":"wp","href":"https:\/\/api.w.org\/{rel}","templated":true}]}}