{"id":1644,"date":"2022-07-05T10:16:19","date_gmt":"2022-07-05T13:16:19","guid":{"rendered":"https:\/\/www.ufmg.br\/prpq\/?page_id=1644"},"modified":"2025-08-04T11:47:01","modified_gmt":"2025-08-04T14:47:01","slug":"material-de-apoio","status":"publish","type":"page","link":"https:\/\/www.ufmg.br\/prpq\/material-de-apoio\/","title":{"rendered":"Material de Apoio"},"content":{"rendered":"<h2><strong>Semana de Inicia\u00e7\u00e3o Cient\u00edfica e Semin\u00e1rio de <\/strong><strong>Inicia\u00e7\u00e3o Cient\u00edfica J\u00fanior &#8211;\u00a0<\/strong><strong>2025<\/strong><\/h2>\n<p><strong>Manuais<\/strong><\/p>\n<ul>\n<li style=\"list-style-type: none;\">\n<ul>\n<li><a href=\"https:\/\/www.ufmg.br\/prpq\/wp-content\/uploads\/2024\/07\/manual_inscricao_2024.docx.pdf\" target=\"_blank\" rel=\"noopener\">Inscri\u00e7\u00e3o Autor<\/a><\/li>\n<li><a href=\"https:\/\/www.ufmg.br\/prpq\/wp-content\/uploads\/2024\/07\/manual_orientador_2024.docx.pdf\" target=\"_blank\" rel=\"noopener\">Aprova\u00e7\u00e3o Orientador<\/a><\/li>\n<li><a href=\"https:\/\/www.ufmg.br\/prpq\/wp-content\/uploads\/2024\/07\/manual_unidades_2024.docx.pdf\" target=\"_blank\" rel=\"noopener\">Napq<\/a><\/li>\n<li><a href=\"https:\/\/www.ufmg.br\/prpq\/wp-content\/uploads\/2024\/09\/tutorial_avaliador.docx-2.pdf\" target=\"_blank\" rel=\"noopener\">Avaliador<\/a><\/li>\n<\/ul>\n<\/li>\n<\/ul>\n<p><!--li><a href=\"https:\/\/www.ufmg.br\/prpq\/wp-content\/uploads\/2022\/07\/Manual_Avaliador_2022.pdf\" target=\"_blank\" rel=\"noopener\">Avaliador<\/a><\/li-->\n<p>&nbsp;<\/p>\n<p><strong>Tutoriais<\/strong><\/p>\n<p>O conte\u00fado desses tutoriais demonstram o exemplifica\u00e7\u00e3o das melhores pr\u00e1ticas, <strong>n\u00e3o<\/strong> s\u00e3o as normas de elabora\u00e7\u00e3o<strong>.<\/strong><\/p>\n<p>As normas de elabora\u00e7\u00e3o est\u00e3o contidas na Chamada.<\/p>\n<ul>\n<li>V\u00eddeo tutorial <em><a href=\"https:\/\/www.youtube.com\/watch?v=vWoAvICixjY\" target=\"_blank\" rel=\"noreferrer noopener\">Como fazer um p\u00f4ster digital?<\/a><\/em><\/li>\n<li>V\u00eddeo tutorial <em><a href=\"https:\/\/www.youtube.com\/watch?v=WHR_XZmuiwQ\" target=\"_blank\" rel=\"noreferrer noopener\">Como elaborar um resumo cient\u00edfico?<\/a><\/em><\/li>\n<li>V\u00eddeo tutorial <em><a href=\"https:\/\/www.youtube.com\/watch?v=iQlVOCiAquo\" target=\"_blank\" rel=\"noreferrer noopener\">Como produzir um v\u00eddeo?<\/a><\/em><\/li>\n<li>Web\u00a0 <a href=\"https:\/\/www.ufmg.br\/prpq\/video-pitch\/\" target=\"_blank\" rel=\"noopener\">Formato e caracter\u00edsticas do v\u00eddeo<\/a><\/li>\n<\/ul>\n<p>&nbsp;<\/p>\n<p><strong>Marcas<\/strong><\/p>\n<ul>\n<li><a href=\"https:\/\/www.ufmg.br\/marca\/#arquivos\" target=\"_blank\" rel=\"noopener\">PRPq\/UFMG<\/a><\/li>\n<li><a href=\"https:\/\/www.gov.br\/cnpq\/pt-br\/canais_atendimento\/identidade-visual\" target=\"_blank\" rel=\"noopener\">CNPq<\/a><\/li>\n<li><a href=\"http:\/\/www.fapemig.br\/pt\/menu-institucional\/logo-e-video\/\" target=\"_blank\" rel=\"noopener\">FAPEMIG<\/a><\/li>\n<\/ul>\n<p>&nbsp;<\/p>\n<p><strong>Templates<\/strong><\/p>\n<ul>\n<li><a href=\"https:\/\/docs.google.com\/presentation\/d\/1KyTIoy_-mVauqtYuJeFxm-9ukUefek8jtO0iqsoTFXE\/edit?usp=sharing\" target=\"_blank\" rel=\"noopener\">P\u00f4steres<\/a><\/li>\n<li><a href=\"https:\/\/docs.google.com\/presentation\/d\/14XglNRDu4anmgD5soImL0O5rkSTKMK9kUGX_OBQfSvA\/edit?usp=sharing\" target=\"_blank\" rel=\"noopener\">Slide<\/a><\/li>\n<\/ul>\n","protected":false},"excerpt":{"rendered":"<p>Semana de Inicia\u00e7\u00e3o Cient\u00edfica e Semin\u00e1rio de Inicia\u00e7\u00e3o Cient\u00edfica J\u00fanior [&hellip;]<\/p>\n","protected":false},"author":3,"featured_media":0,"parent":0,"menu_order":0,"comment_status":"closed","ping_status":"closed","template":"","meta":{"_acf_changed":false,"footnotes":""},"tags":[],"class_list":["post-1644","page","type-page","status-publish","hentry"],"acf":[],"_links":{"self":[{"href":"https:\/\/www.ufmg.br\/prpq\/wp-json\/wp\/v2\/pages\/1644","targetHints":{"allow":["GET"]}}],"collection":[{"href":"https:\/\/www.ufmg.br\/prpq\/wp-json\/wp\/v2\/pages"}],"about":[{"href":"https:\/\/www.ufmg.br\/prpq\/wp-json\/wp\/v2\/types\/page"}],"author":[{"embeddable":true,"href":"https:\/\/www.ufmg.br\/prpq\/wp-json\/wp\/v2\/users\/3"}],"replies":[{"embeddable":true,"href":"https:\/\/www.ufmg.br\/prpq\/wp-json\/wp\/v2\/comments?post=1644"}],"version-history":[{"count":28,"href":"https:\/\/www.ufmg.br\/prpq\/wp-json\/wp\/v2\/pages\/1644\/revisions"}],"predecessor-version":[{"id":3624,"href":"https:\/\/www.ufmg.br\/prpq\/wp-json\/wp\/v2\/pages\/1644\/revisions\/3624"}],"wp:attachment":[{"href":"https:\/\/www.ufmg.br\/prpq\/wp-json\/wp\/v2\/media?parent=1644"}],"wp:term":[{"taxonomy":"post_tag","embeddable":true,"href":"https:\/\/www.ufmg.br\/prpq\/wp-json\/wp\/v2\/tags?post=1644"}],"curies":[{"name":"wp","href":"https:\/\/api.w.org\/{rel}","templated":true}]}}