{"id":2800,"date":"2024-03-01T10:03:13","date_gmt":"2024-03-01T13:03:13","guid":{"rendered":"https:\/\/www.ufmg.br\/prpq\/?page_id=2800"},"modified":"2026-01-02T10:34:17","modified_gmt":"2026-01-02T13:34:17","slug":"procedimentos-de-substituicao","status":"publish","type":"page","link":"https:\/\/www.ufmg.br\/prpq\/procedimentos-de-substituicao\/","title":{"rendered":"Procedimentos de substitui\u00e7\u00e3o e cancelamento"},"content":{"rendered":"<p><strong>Substitui\u00e7\u00e3o<\/strong><br \/>\nA substitui\u00e7\u00e3o poder\u00e1 ser\u00a0 realizada conforme calend\u00e1rio, respeitado o limite do sexto m\u00eas de in\u00edcio do programa.<\/p>\n<details>\n<summary><strong><span style=\"color: red; font-size: 18px;\">Calend\u00e1rio<\/span><\/strong><\/summary>\n\n<table id=\"tablepress-7\" class=\"tablepress tablepress-id-7\">\n<thead>\n<tr class=\"row-1\">\n\t<th class=\"column-1\">Inicio da Bolsa<\/th><th class=\"column-2\">Per\u00edodo de Substitui\u00e7\u00e3o<\/th>\n<\/tr>\n<\/thead>\n<tbody class=\"row-striping row-hover\">\n<tr class=\"row-2\">\n\t<td class=\"column-1\">Fevereiro\/2026<\/td><td class=\"column-2\">18\/01\/2026 a 29\/01\/2026<\/td>\n<\/tr>\n<tr class=\"row-3\">\n\t<td class=\"column-1\">Mar\u00e7o\/2026<\/td><td class=\"column-2\">18\/02\/2026 a 26\/02\/2026<\/td>\n<\/tr>\n<tr class=\"row-4\">\n\t<td class=\"column-1\">Abril\/2026<\/td><td class=\"column-2\">18\/03\/2026 a 30\/03\/2026<\/td>\n<\/tr>\n<tr class=\"row-5\">\n\t<td class=\"column-1\">Maio\/2026<\/td><td class=\"column-2\">18\/04\/2026 a 29\/04\/2026<\/td>\n<\/tr>\n<tr class=\"row-6\">\n\t<td class=\"column-1\">Junho\/2026<\/td><td class=\"column-2\">18\/05\/2026 a 28\/05\/2026<\/td>\n<\/tr>\n<tr class=\"row-7\">\n\t<td class=\"column-1\">Julho\/2026<\/td><td class=\"column-2\">18\/06\/2026 a 29\/06\/2026<\/td>\n<\/tr>\n<tr class=\"row-8\">\n\t<td class=\"column-1\">Agosto\/2026<\/td><td class=\"column-2\">18\/07\/2026 a 30\/07\/2026<\/td>\n<\/tr>\n<tr class=\"row-9\">\n\t<td class=\"column-1\">Setembro\/2026<\/td><td class=\"column-2\">18\/08\/2026 a 28\/08\/2026<\/td>\n<\/tr>\n<tr class=\"row-10\">\n\t<td class=\"column-1\">Outubro\/2026<\/td><td class=\"column-2\">18\/09\/2026 a 29\/09\/2026<\/td>\n<\/tr>\n<tr class=\"row-11\">\n\t<td class=\"column-1\">Novembro\/2026<\/td><td class=\"column-2\">18\/10\/2026 a 29\/10\/2026<\/td>\n<\/tr>\n<tr class=\"row-12\">\n\t<td class=\"column-1\">Dezembro\/2026<\/td><td class=\"column-2\">18\/11\/2026 a 27\/11\/2026<\/td>\n<\/tr>\n<tr class=\"row-13\">\n\t<td class=\"column-1\">Janeiro\/2027<\/td><td class=\"column-2\">18\/12\/2026 a 29\/12\/2026<\/td>\n<\/tr>\n<\/tbody>\n<\/table>\n<!-- #tablepress-7 from cache -->\n<\/details>\n<p>O processo \u00e9 feito pelo docente que deve acessar o Sistema de Fomento da PRPq (<a href=\"https:\/\/aplicativos.ufmg.br\/prpq\/fomento\/\" target=\"_blank\" rel=\"noopener\">https:\/\/aplicativos.ufmg.br\/prpq\/fomento\/<\/a>)<br \/>\nMenu Bolsistas\/Aux\u00edlios -&gt; Meus Bolsistas, clicar na guia Bolsas em Curso, clique no \u00edcone da substitui\u00e7\u00e3o <img loading=\"lazy\" decoding=\"async\" class=\"alignnone size-full wp-image-2801\" src=\"https:\/\/www.ufmg.br\/prpq\/wp-content\/uploads\/2024\/03\/M2.png\" alt=\"\" width=\"16\" height=\"16\" \/>, e preencher os dados na tela seguinte.<\/p>\n<p>O novo bolsista dever\u00e1 possuir cadastro no Sistema de Fomento da PRPq \u00a0e curr\u00edculo na plataforma Lattes do CNPq (curr\u00edculo Lattes).<br \/>\nA vig\u00eancia iniciar\u00e1 a partir do dia 1\u00b0 do m\u00eas seguinte \u00e0 substitui\u00e7\u00e3o.<\/p>\n<p>&nbsp;<\/p>\n<p><strong>Cancelamento<\/strong><br \/>\nO cancelamento pode ser feito a qualquer momento do m\u00eas<br \/>\nO processo \u00e9 feito pelo docente que deve acessar o Sistema de Fomento da PRPq (<a href=\"https:\/\/aplicativos.ufmg.br\/prpq\/fomento\/\" target=\"_blank\" rel=\"noopener\">https:\/\/aplicativos.ufmg.br\/prpq\/fomento\/<\/a>)<br \/>\nMenu Bolsistas\/Aux\u00edlios -&gt; Meus Bolsistas, clicar na guia Bolsas em Curso, clique no \u00edcone de cancelamento <img loading=\"lazy\" decoding=\"async\" class=\"alignnone size-full wp-image-2802\" src=\"https:\/\/www.ufmg.br\/prpq\/wp-content\/uploads\/2024\/03\/delete.png\" alt=\"\" width=\"16\" height=\"16\" \/>, e preencher os dados na tela seguinte.<\/p>\n<p>Ap\u00f3s o cancelamento, n\u00e3o \u00e9 poss\u00edvel o ingresso de outro estudante na vaga, exceto\u00a0 no edital para volunt\u00e1rios.<\/p>\n","protected":false},"excerpt":{"rendered":"<p>Substitui\u00e7\u00e3o A substitui\u00e7\u00e3o poder\u00e1 ser\u00a0 realizada conforme calend\u00e1rio, respeitado o [&hellip;]<\/p>\n","protected":false},"author":3,"featured_media":0,"parent":0,"menu_order":0,"comment_status":"closed","ping_status":"closed","template":"","meta":{"_acf_changed":false,"footnotes":""},"tags":[],"class_list":["post-2800","page","type-page","status-publish","hentry"],"acf":[],"_links":{"self":[{"href":"https:\/\/www.ufmg.br\/prpq\/wp-json\/wp\/v2\/pages\/2800","targetHints":{"allow":["GET"]}}],"collection":[{"href":"https:\/\/www.ufmg.br\/prpq\/wp-json\/wp\/v2\/pages"}],"about":[{"href":"https:\/\/www.ufmg.br\/prpq\/wp-json\/wp\/v2\/types\/page"}],"author":[{"embeddable":true,"href":"https:\/\/www.ufmg.br\/prpq\/wp-json\/wp\/v2\/users\/3"}],"replies":[{"embeddable":true,"href":"https:\/\/www.ufmg.br\/prpq\/wp-json\/wp\/v2\/comments?post=2800"}],"version-history":[{"count":21,"href":"https:\/\/www.ufmg.br\/prpq\/wp-json\/wp\/v2\/pages\/2800\/revisions"}],"predecessor-version":[{"id":3743,"href":"https:\/\/www.ufmg.br\/prpq\/wp-json\/wp\/v2\/pages\/2800\/revisions\/3743"}],"wp:attachment":[{"href":"https:\/\/www.ufmg.br\/prpq\/wp-json\/wp\/v2\/media?parent=2800"}],"wp:term":[{"taxonomy":"post_tag","embeddable":true,"href":"https:\/\/www.ufmg.br\/prpq\/wp-json\/wp\/v2\/tags?post=2800"}],"curies":[{"name":"wp","href":"https:\/\/api.w.org\/{rel}","templated":true}]}}