{"id":306,"date":"2021-07-21T11:57:13","date_gmt":"2021-07-21T14:57:13","guid":{"rendered":"https:\/\/www.ufmg.br\/prpq\/?page_id=306"},"modified":"2022-03-14T15:49:05","modified_gmt":"2022-03-14T18:49:05","slug":"quem-somos","status":"publish","type":"page","link":"https:\/\/www.ufmg.br\/prpq\/quem-somos\/","title":{"rendered":"Sobre"},"content":{"rendered":"<p>A pesquisa desenvolvida pela UFMG \u00e9 expressiva e se destaca por sua amplitude, cobrindo diversas \u00e1reas do conhecimento, e por sua profundidade, com resultados que avan\u00e7am o estado da arte e simultaneamente geram patentes e produtos relevantes para a sociedade.<\/p>\n<p>Desde sua funda\u00e7\u00e3o, pesquisadores da UFMG conduzem investiga\u00e7\u00e3o cient\u00edfica de alta qualidade e impacto por meio de estreita colabora\u00e7\u00e3o entre docentes, t\u00e9cnicos e discentes de suas unidades acad\u00eamicas e \u00f3rg\u00e3os especiais, entrela\u00e7ando de forma criativa e inovadora as diversas \u00e1reas do saber.<\/p>\n<p>Com potencial de mudar vidas e de contribuir para elabora\u00e7\u00e3o de pol\u00edticas para a sociedade em geral, a pesquisa realizada na UFMG abrange desde a cria\u00e7\u00e3o de vacinas para doen\u00e7as em humanos e animais, passando pela investiga\u00e7\u00e3o de microrganismos congelados h\u00e1 milhares de anos na Ant\u00e1rtica e o desenvolvimento de nanotecnologia para f\u00e1rmacos e novos materiais, at\u00e9 a aplica\u00e7\u00e3o de t\u00e9cnicas inovadoras para restaura\u00e7\u00e3o do patrim\u00f4nio hist\u00f3rico brasileiro e escava\u00e7\u00f5es de tumbas no Egito.<\/p>\n<p>As atividades de pesquisa na UFMG constituem um dos eixos estruturantes das a\u00e7\u00f5es acad\u00eamicas da institui\u00e7\u00e3o, sendo intrinsecamente integradas com o ensino e articuladas com a extens\u00e3o. A UFMG tem investido continuamente na infraestrutura para pesquisa e inova\u00e7\u00e3o, refor\u00e7ando sua excel\u00eancia e capacidade competitiva na produ\u00e7\u00e3o de conhecimento e de novas tecnologias.<\/p>\n<p><strong>Pr\u00f3-Reitoria de Pesquisa<\/strong><\/p>\n<p>A atividade de pesquisa na UFMG e\u0301 coordenada pela Pr\u00f3-Reitoria de Pesquisa (PRPq), com a observ\u00e2ncia das pol\u00edticas estabelecidas pelo Conselho Universit\u00e1rio e das diretrizes emanadas do Conselho de Ensino, Pesquisa e Extens\u00e3o (CEPE). A PRPq tem como uma de suas fun\u00e7\u00f5es assessorar a Administra\u00e7\u00e3o da Universidade nos assuntos relativos \u00e0 Pesquisa Cient\u00edfica e Tecnol\u00f3gica, al\u00e9m de estimular e fomentar a atividade de pesquisa na Universidade, tendo como refer\u00eancia a qualidade e a relev\u00e2ncia, para bem cumprir o papel de geradora de conhecimentos e de forma\u00e7\u00e3o de recursos humanos. Para cumprir essas fun\u00e7\u00f5es, a PRPq promove medidas de est\u00edmulo \u00e0 pesquisa cient\u00edfica e sua divulga\u00e7\u00e3o nacional e internacional, bem como acompanha o volume e o impacto da produ\u00e7\u00e3o advinda dessas a\u00e7\u00f5es.<\/p>\n<p><a href=\"https:\/\/www.ufmg.br\/prpq\/historico\/\"><strong>Saiba mais sobre o hist\u00f3rico da PRPq<\/strong><\/a><\/p>\n","protected":false},"excerpt":{"rendered":"<p>A pesquisa desenvolvida pela UFMG \u00e9 expressiva e se destaca [&hellip;]<\/p>\n","protected":false},"author":1,"featured_media":0,"parent":0,"menu_order":0,"comment_status":"closed","ping_status":"closed","template":"","meta":{"_acf_changed":false,"footnotes":""},"tags":[],"class_list":["post-306","page","type-page","status-publish","hentry"],"acf":[],"_links":{"self":[{"href":"https:\/\/www.ufmg.br\/prpq\/wp-json\/wp\/v2\/pages\/306","targetHints":{"allow":["GET"]}}],"collection":[{"href":"https:\/\/www.ufmg.br\/prpq\/wp-json\/wp\/v2\/pages"}],"about":[{"href":"https:\/\/www.ufmg.br\/prpq\/wp-json\/wp\/v2\/types\/page"}],"author":[{"embeddable":true,"href":"https:\/\/www.ufmg.br\/prpq\/wp-json\/wp\/v2\/users\/1"}],"replies":[{"embeddable":true,"href":"https:\/\/www.ufmg.br\/prpq\/wp-json\/wp\/v2\/comments?post=306"}],"version-history":[{"count":7,"href":"https:\/\/www.ufmg.br\/prpq\/wp-json\/wp\/v2\/pages\/306\/revisions"}],"predecessor-version":[{"id":3300,"href":"https:\/\/www.ufmg.br\/prpq\/wp-json\/wp\/v2\/pages\/306\/revisions\/3300"}],"wp:attachment":[{"href":"https:\/\/www.ufmg.br\/prpq\/wp-json\/wp\/v2\/media?parent=306"}],"wp:term":[{"taxonomy":"post_tag","embeddable":true,"href":"https:\/\/www.ufmg.br\/prpq\/wp-json\/wp\/v2\/tags?post=306"}],"curies":[{"name":"wp","href":"https:\/\/api.w.org\/{rel}","templated":true}]}}