{"id":308,"date":"2021-07-21T12:04:52","date_gmt":"2021-07-21T15:04:52","guid":{"rendered":"https:\/\/www.ufmg.br\/prpq\/?page_id=308"},"modified":"2025-03-06T10:17:32","modified_gmt":"2025-03-06T13:17:32","slug":"historico","status":"publish","type":"page","link":"https:\/\/www.ufmg.br\/prpq\/historico\/","title":{"rendered":"Hist\u00f3rico"},"content":{"rendered":"<p class=\"western\" align=\"justify\">Em 18 de janeiro de 1966 foi criado, pelo Conselho Universit\u00e1rio, o Conselho de Pesquisas (CPq) da UFMG, sendo Reitor na \u00e9poca o Prof. Alu\u00edzio Pimenta. A dire\u00e7\u00e3o do CPq era ocupada por um Diretor-Executivo at\u00e9 abril de 1976, quando a designa\u00e7\u00e3o foi alterada para Pr\u00f3-Reitor de Pesquisa. At\u00e9 2017, 25 professores ocuparam a dire\u00e7\u00e3o da Pr\u00f3-Reitoria.<\/p>\n<p class=\"western\" align=\"justify\">Hoje, a Pr\u00f3-Reitoria de Pesquisa \u00e9 submetida \u00e0 C\u00e2mara de Pesquisa, que delibera sobre assuntos de car\u00e1ter acad\u00eamico-cient\u00edfico de interesse da PRPq. O presidente da C\u00e2mara de Pesquisa \u00e9 o Pr\u00f3-Reitor de Pesquisa.<\/p>\n<p class=\"western\" align=\"justify\">As atividades de pesquisa na UFMG constituem um dos eixos estruturantes das a\u00e7\u00f5es acad\u00eamicas da institui\u00e7\u00e3o, sendo intrinsecamente integradas com o ensino e articuladas com a extens\u00e3o. A UFMG tem investido continuamente na infraestrutura para pesquisa e inova\u00e7\u00e3o, refor\u00e7ando sua excel\u00eancia e capacidade competitiva na produ\u00e7\u00e3o de conhecimento e de novas tecnologias. O planejamento e desenvolvimento institucional de pesquisa e inova\u00e7\u00e3o tecnol\u00f3gica s\u00e3o realizados e geridos pela Pr\u00f3-Reitoria de Pesquisa (PRPq).<\/p>\n<p class=\"western\" align=\"justify\">Abaixo podem ser visualizados os Diretores-Executivos e Pr\u00f3-Reitores que passaram pela Pesquisa.<\/p>\n<table class=\"table table-bordered table-responsive\">\n<tbody>\n<tr>\n<td width=\"295\"><strong>PER\u00cdODO<\/strong><\/td>\n<td width=\"312\"><strong>CARGO\/FUN\u00c7\u00c3O<\/strong><\/td>\n<td width=\"230\"><strong>NOME<\/strong><\/td>\n<\/tr>\n<tr>\n<td colspan=\"1\">04\/2022 &#8211; atual<\/td>\n<td colspan=\"1\">Pr\u00f3-Reitor de Pesquisa<\/td>\n<td colspan=\"1\">Prof. Fernando Marcos dos Reis<\/td>\n<\/tr>\n<tr>\n<td colspan=\"1\">04\/2018 a 03\/2022<\/td>\n<td colspan=\"1\">Pr\u00f3-Reitor de Pesquisa<\/td>\n<td colspan=\"1\">Prof. Mario Fernando Montenegro Campos<\/td>\n<\/tr>\n<tr>\n<td colspan=\"1\">08\/2016 a 03\/2018<\/td>\n<td colspan=\"1\">Pr\u00f3-Reitor de Pesquisa<\/td>\n<td colspan=\"1\">Prof. Ado J\u00f3rio de Vasconcelos<\/td>\n<\/tr>\n<tr>\n<td colspan=\"1\">03\/2014 a 08\/2016<\/td>\n<td colspan=\"1\">Pr\u00f3-Reitora de Pesquisa<\/td>\n<td colspan=\"1\">Prof\u00aa. Adelina Martha dos Reis<\/td>\n<\/tr>\n<tr>\n<td width=\"230\">03\/2010 a 03\/2014<\/td>\n<td width=\"377\">Pr\u00f3-Reitor de Pesquisa<\/td>\n<td width=\"500\">Prof. Renato de Lima Santos<\/td>\n<\/tr>\n<tr>\n<td width=\"230\">03\/2006 a 03\/2010<\/td>\n<td width=\"377\">Pr\u00f3-Reitor de Pesquisa<\/td>\n<td width=\"218\">Prof. Carlos Alberto Pereira Tavares<\/td>\n<\/tr>\n<tr>\n<td width=\"230\">03\/2002 a 03\/2006<\/td>\n<td width=\"377\">Pr\u00f3-Reitor de Pesquisa<\/td>\n<td width=\"218\">Prof. Jos\u00e9 Aur\u00e9lio Garcia Bergmann<\/td>\n<\/tr>\n<tr>\n<td width=\"230\">03\/1998 a 03\/2002<\/td>\n<td width=\"377\">Pr\u00f3-Reitor de Pesquisa<\/td>\n<td width=\"218\">Prof. Paulo S\u00e9rgio Lacerda Beir\u00e3o<\/td>\n<\/tr>\n<tr>\n<td width=\"230\">03\/1994 a 03\/1998<\/td>\n<td width=\"377\">Pr\u00f3-Reitora de Pesquisa<\/td>\n<td width=\"218\">Profa. Dorila Pil\u00f3 Veloso<\/td>\n<\/tr>\n<tr>\n<td width=\"230\">08\/1991 a 03\/1994<\/td>\n<td width=\"377\">Pr\u00f3-Reitor de Pesquisa<\/td>\n<td width=\"218\">Prof. Francisco C\u00e9sar de S\u00e1 Barreto<\/td>\n<\/tr>\n<tr>\n<td width=\"230\">03\/1990 a 08\/1991<\/td>\n<td width=\"377\">Pr\u00f3-Reitor de Pesquisa<\/td>\n<td width=\"218\">Prof. Jos\u00e9 Francisco Soares<\/td>\n<\/tr>\n<tr>\n<td width=\"230\">08\/1986 a 03\/1990<\/td>\n<td width=\"377\">Pr\u00f3-Reitor de Pesquisa<\/td>\n<td width=\"218\">Prof. Evando Mirra de Paula e Silva<\/td>\n<\/tr>\n<tr>\n<td width=\"230\">03\/1986 a 08\/1986<\/td>\n<td width=\"377\">\u201cPro-Tempore\u201d<\/td>\n<td width=\"218\">Prof. Paulo da Terra Caldeira<\/td>\n<\/tr>\n<tr>\n<td width=\"230\">06\/1983 a 03\/1986<\/td>\n<td width=\"377\">Pr\u00f3-Reitora de Pesquisa<\/td>\n<td width=\"218\">Prof. Glaura Vasques de Miranda<\/td>\n<\/tr>\n<tr>\n<td width=\"230\">04\/1982 a 05\/1983<\/td>\n<td width=\"377\">Pr\u00f3-Reitor de Pesquisa<\/td>\n<td width=\"218\">Prof. Heinz Charles Hoehler<\/td>\n<\/tr>\n<tr>\n<td width=\"230\">04\/1981 a 04\/1982<\/td>\n<td width=\"377\">Pr\u00f3-Reitor de Pesquisa<\/td>\n<td width=\"218\">Prof. Oto Guimar\u00e3es Mour\u00e3o<\/td>\n<\/tr>\n<tr>\n<td width=\"230\">01\/1979 a 04\/1981<\/td>\n<td width=\"377\">Pr\u00f3-Reitor de Pesquisa<\/td>\n<td width=\"218\">Prof. T\u00e9ofilo Andr\u00e9 da Costa Cruz<\/td>\n<\/tr>\n<tr>\n<td width=\"230\">04\/1976 a 12\/1978<\/td>\n<td width=\"377\">Pr\u00f3-Reitor de Pesquisa<\/td>\n<td width=\"218\">Prof. Du\u00edlio de Paiva Lenza<\/td>\n<\/tr>\n<tr>\n<td width=\"230\">11\/1975 a 04\/1976<\/td>\n<td width=\"377\">\u201cPro-Tempore\u201d<\/td>\n<td width=\"218\">Profa. Carmem Sylvia de Vasconcellos<\/td>\n<\/tr>\n<tr>\n<td width=\"230\">05\/1975 a 12\/1975<\/td>\n<td width=\"377\">Diretora Executiva<\/td>\n<td width=\"218\">Profa. Isaltina Goulart de Azevedo<\/td>\n<\/tr>\n<tr>\n<td width=\"230\">01\/1972 a 05\/1975<\/td>\n<td width=\"377\">Diretor Executivo<\/td>\n<td width=\"218\">Prof. H\u00e9lio Martins de Ara\u00fajo Costa<\/td>\n<\/tr>\n<tr>\n<td width=\"230\">08\/1969 a 11\/1971<\/td>\n<td width=\"377\">Diretor Executivo<\/td>\n<td width=\"218\">Prof. Roberto Carneiro<\/td>\n<\/tr>\n<tr>\n<td width=\"230\">03\/1969 a 07\/1969<\/td>\n<td width=\"377\">Diretor Executivo<\/td>\n<td width=\"218\">Prof. Eduardo Os\u00f3rio Cisalpino<\/td>\n<\/tr>\n<tr>\n<td width=\"230\">01\/1969 a 02\/1969<\/td>\n<td width=\"377\">\u201cPro-Tempore\u201d<\/td>\n<td width=\"218\">Prof. Wilson Teixeira Beraldo<\/td>\n<\/tr>\n<tr>\n<td width=\"230\">08\/1967 a 12\/1968<\/td>\n<td width=\"377\">Diretor Executivo<\/td>\n<td width=\"218\">Prof. Francisco de Assis Magalh\u00e3es Gomes<\/td>\n<\/tr>\n<tr>\n<td width=\"230\">06\/1966 a 08\/1967<\/td>\n<td width=\"377\">Diretor Executivo<\/td>\n<td width=\"218\">Prof. Osmane Hip\u00f3rito<\/td>\n<\/tr>\n<\/tbody>\n<\/table>\n","protected":false},"excerpt":{"rendered":"<p>Em 18 de janeiro de 1966 foi criado, pelo Conselho [&hellip;]<\/p>\n","protected":false},"author":1,"featured_media":0,"parent":0,"menu_order":0,"comment_status":"closed","ping_status":"closed","template":"","meta":{"_acf_changed":false,"footnotes":""},"tags":[],"class_list":["post-308","page","type-page","status-publish","hentry"],"acf":[],"_links":{"self":[{"href":"https:\/\/www.ufmg.br\/prpq\/wp-json\/wp\/v2\/pages\/308","targetHints":{"allow":["GET"]}}],"collection":[{"href":"https:\/\/www.ufmg.br\/prpq\/wp-json\/wp\/v2\/pages"}],"about":[{"href":"https:\/\/www.ufmg.br\/prpq\/wp-json\/wp\/v2\/types\/page"}],"author":[{"embeddable":true,"href":"https:\/\/www.ufmg.br\/prpq\/wp-json\/wp\/v2\/users\/1"}],"replies":[{"embeddable":true,"href":"https:\/\/www.ufmg.br\/prpq\/wp-json\/wp\/v2\/comments?post=308"}],"version-history":[{"count":4,"href":"https:\/\/www.ufmg.br\/prpq\/wp-json\/wp\/v2\/pages\/308\/revisions"}],"predecessor-version":[{"id":3402,"href":"https:\/\/www.ufmg.br\/prpq\/wp-json\/wp\/v2\/pages\/308\/revisions\/3402"}],"wp:attachment":[{"href":"https:\/\/www.ufmg.br\/prpq\/wp-json\/wp\/v2\/media?parent=308"}],"wp:term":[{"taxonomy":"post_tag","embeddable":true,"href":"https:\/\/www.ufmg.br\/prpq\/wp-json\/wp\/v2\/tags?post=308"}],"curies":[{"name":"wp","href":"https:\/\/api.w.org\/{rel}","templated":true}]}}