{"id":317,"date":"2021-07-21T12:11:55","date_gmt":"2021-07-21T15:11:55","guid":{"rendered":"https:\/\/www.ufmg.br\/prpq\/?page_id=317"},"modified":"2022-05-02T13:13:45","modified_gmt":"2022-05-02T16:13:45","slug":"camara-de-pesquisa","status":"publish","type":"page","link":"https:\/\/www.ufmg.br\/prpq\/camara-de-pesquisa\/","title":{"rendered":"C\u00e2mara de Pesquisa"},"content":{"rendered":"<p>A C\u00e2mara de Pesquisa delibera sobre assuntos de car\u00e1ter acad\u00eamico-cient\u00edfico de interesse da PRPq. A C\u00e2mara de Pesquisa \u00e9 integrante do Conselho de Ensino, Pesquisa e Extens\u00e3o (CEPE), juntamente com a C\u00e2mara de Gradua\u00e7\u00e3o, de P\u00f3s-Gradua\u00e7\u00e3o e a C\u00e2mara de Extens\u00e3o.<\/p>\n<p>O presidente da C\u00e2mara de Pesquisa \u00e9 o Pr\u00f3-Reitor de Pesquisa. A atua\u00e7\u00e3o da C\u00e2mara de Pesquisa abrange:<\/p>\n<ul>\n<li>Estimular a gera\u00e7\u00e3o de conhecimento cient\u00edfico, propondo pol\u00edticas de desenvolvimento de pesquisa<\/li>\n<li>Promover a integra\u00e7\u00e3o da pesquisa cient\u00edfica e tecnol\u00f3gica com atividades pedag\u00f3gicas em todos os n\u00edveis;<\/li>\n<li>Apoiar atividades universit\u00e1rias que propiciem a consolida\u00e7\u00e3o e a dissemina\u00e7\u00e3o da produ\u00e7\u00e3o do conhecimento cient\u00edfico, tecnol\u00f3gico e cultural;<\/li>\n<li>Estimular a integra\u00e7\u00e3o dos docentes e discentes na pr\u00e1tica de Pesquisa;<\/li>\n<li>Fomentar a participa\u00e7\u00e3o dos graduandos no processo da cria\u00e7\u00e3o do conhecimento;<\/li>\n<li>Incentivar a intera\u00e7\u00e3o entre diferentes grupos de pesquisa;<\/li>\n<li>Articular a\u00e7\u00f5es para proporcionar a melhoria da infra-estrutura de pesquisa;<\/li>\n<li>Detectar oportunidades de financiamento junto \u00e0s ag\u00eancias de fomento;<\/li>\n<li>Divulgar a Produ\u00e7\u00e3o Cient\u00edfica da UFMG.<\/li>\n<\/ul>\n<style>#sp-ea-368 .spcollapsing { height: 0; overflow: hidden; transition-property: height;transition-duration: 500ms;}#sp-ea-368.sp-easy-accordion>.sp-ea-single {margin-bottom: 10px; border: 1px solid #e2e2e2; }#sp-ea-368.sp-easy-accordion>.sp-ea-single>.ea-header a {color: #444;}#sp-ea-368.sp-easy-accordion>.sp-ea-single>.sp-collapse>.ea-body {background: #fff; color: #444;}#sp-ea-368.sp-easy-accordion>.sp-ea-single {background: #eee;}#sp-ea-368.sp-easy-accordion>.sp-ea-single>.ea-header a .ea-expand-icon { float: left; color: #444;font-size: 16px;}<\/style><div id=\"sp_easy_accordion-1776529174\">\n<div id=\"sp-ea-368\" class=\"sp-ea-one sp-easy-accordion\" data-ea-active=\"ea-click\" data-ea-mode=\"vertical\" data-preloader=\"\" data-scroll-active-item=\"\" data-offset-to-scroll=\"0\">\n\n<!-- Start accordion card div. -->\n<div class=\"ea-card  sp-ea-single\">\n\t<!-- Start accordion header. -->\n\t<h3 class=\"ea-header\">\n\t\t<!-- Add anchor tag for header. -->\n\t\t<a class=\"collapsed\" id=\"ea-header-3680\" role=\"button\" data-sptoggle=\"spcollapse\" data-sptarget=\"#collapse3680\" aria-controls=\"collapse3680\" href=\"#\"  aria-expanded=\"false\" tabindex=\"0\">\n\t\t<i aria-hidden=\"true\" role=\"presentation\" class=\"ea-expand-icon eap-icon-ea-expand-plus\"><\/i> 1. \u00c1rea de Letras e Artes, Ci\u00eancias Humanas e Sociais Aplicadas\t\t<\/a> <!-- Close anchor tag for header. -->\n\t<\/h3>\t<!-- Close header tag. -->\n\t<!-- Start collapsible content div. -->\n\t<div class=\"sp-collapse spcollapse spcollapse\" id=\"collapse3680\" data-parent=\"#sp-ea-368\" role=\"region\" aria-labelledby=\"ea-header-3680\">  <!-- Content div. -->\n\t\t<div class=\"ea-body\">\n\t\t<p><b><span style=\"color: #555770;font-size: large\">Prof\u00aa. Ludmila Mendon\u00e7a Lopes Ribeiro<\/span><\/b><span style=\"color: #555770;font-size: large\">\u00a0(titular)<br \/>\nFaculdade Filosofia e Ci\u00eancias Humanas<\/span><br \/>\n<b><span style=\"color: #555770;font-size: large\">Prof. Maycoln Le\u00f4ni Martins Teodoro<\/span><\/b><span style=\"color: #555770;font-size: large\">\u00a0(suplente)<br \/>\nFaculdade Filosofia e Ci\u00eancias Humanas<\/span><br \/>\n<b><span style=\"color: #555770;font-size: large\">Mandato:<\/span><\/b><span style=\"color: #555770;font-size: large\">\u00a025\/05\/2022 a 24\/05\/2025<\/span><\/p>\n<hr align=\"left\" size=\"2\" width=\"100%\" \/>\n<p><b><span style=\"color: #555770;font-size: large\">Prof. Bernardo Palhares Campolina Diniz<\/span><\/b><span style=\"color: #555770;font-size: large\">\u00a0(titular)<br \/>\nFaculdade de Ci\u00eancias Econ\u00f4micas - Departamento de Ci\u00eancias Econ\u00f4micas<\/span><br \/>\n<b><span style=\"color: #555770;font-size: large\">Prof. Jos\u00e9 Irineu Rangel Rigotti<\/span><\/b><span style=\"color: #555770;font-size: large\">\u00a0(suplente)<br \/>\nFaculdade de Ci\u00eancias Econ\u00f4micas - Departamento de Demografia<\/span><br \/>\n<b><span style=\"color: #555770;font-size: large\">Mandato:<\/span><\/b><span style=\"color: #555770;font-size: large\">\u00a006\/12\/2023 a 05\/12\/2026<\/span><\/p>\n\t\t<\/div> <!-- Close content div. -->\n\t<\/div> <!-- Close collapse div. -->\n<\/div> <!-- Close card div. -->\n<!-- Start accordion card div. -->\n<div class=\"ea-card  sp-ea-single\">\n\t<!-- Start accordion header. -->\n\t<h3 class=\"ea-header\">\n\t\t<!-- Add anchor tag for header. -->\n\t\t<a class=\"collapsed\" id=\"ea-header-3681\" role=\"button\" data-sptoggle=\"spcollapse\" data-sptarget=\"#collapse3681\" aria-controls=\"collapse3681\" href=\"#\"  aria-expanded=\"false\" tabindex=\"0\">\n\t\t<i aria-hidden=\"true\" role=\"presentation\" class=\"ea-expand-icon eap-icon-ea-expand-plus\"><\/i> 2. \u00c1rea de Ci\u00eancias Exatas e da Terra e Engenharia\t\t<\/a> <!-- Close anchor tag for header. -->\n\t<\/h3>\t<!-- Close header tag. -->\n\t<!-- Start collapsible content div. -->\n\t<div class=\"sp-collapse spcollapse spcollapse\" id=\"collapse3681\" data-parent=\"#sp-ea-368\" role=\"region\" aria-labelledby=\"ea-header-3681\">  <!-- Content div. -->\n\t\t<div class=\"ea-body\">\n\t\t<p><b><span style=\"color: #555770;font-size: large\">Prof. Christian Dias Cabacinha<\/span><\/b><span style=\"color: #555770;font-size: large\">\u00a0(titular)<br \/>\nInstituto de Ci\u00eancias Agr\u00e1rias<\/span><br \/>\n<b><span style=\"color: #555770;font-size: large\">Prof. Stanley Schettino<\/span><\/b><span style=\"color: #555770;font-size: large\">\u00a0(suplente)<br \/>\nInstituto de Ci\u00eancias Agr\u00e1rias<\/span><br \/>\n<b><span style=\"color: #555770;font-size: large\">Mandato:<\/span><\/b><span style=\"color: #555770;font-size: large\">\u00a028\/05\/2024 a 27\/05\/2027<\/span><\/p>\n<hr align=\"left\" size=\"2\" width=\"100%\" \/>\n<p><b><span style=\"color: #555770;font-size: large\">Prof\u00aa. Ana Cristina Vieira<\/span><\/b><span style=\"color: #555770;font-size: large\">\u00a0(titular)<br \/>\nInstituto de Ci\u00eancias Exatas - Departamento de Matem\u00e1tica<\/span><br \/>\n<b><span style=\"color: #555770;font-size: large\">Prof. Luciano Andrey Montoro<\/span><\/b><span style=\"color: #555770;font-size: large\">\u00a0(suplente)<br \/>\nInstituto de Ci\u00eancias Exatas - Departamento de Qu\u00edmica<\/span><br \/>\n<b><span style=\"color: #555770;font-size: large\">Mandato:<\/span><\/b><span style=\"color: #555770;font-size: large\">\u00a028\/02\/2024 a 27\/02\/2027<\/span><\/p>\n<hr align=\"left\" size=\"2\" width=\"100%\" \/>\n<p><b><span style=\"color: #555770;font-size: large\">Prof. Anderson Dias<\/span><\/b><span style=\"color: #555770;font-size: large\">\u00a0(titular)<br \/>\nInstituto de Ci\u00eancias Exatas - Departamento de Qu\u00edmica<\/span><br \/>\n<b><span style=\"color: #555770;font-size: large\">Prof. Diego Rodrigues Macedo<\/span><\/b><span style=\"color: #555770;font-size: large\">\u00a0(suplente)<br \/>\nInstituto de Geoci\u00eancias - Departamento de Geografia<\/span><br \/>\n<b><span style=\"color: #555770;font-size: large\">Mandato:<\/span><\/b><span style=\"color: #555770;font-size: large\">\u00a006\/12\/2023 a 05\/12\/2026<\/span><\/p>\n\t\t<\/div> <!-- Close content div. -->\n\t<\/div> <!-- Close collapse div. -->\n<\/div> <!-- Close card div. -->\n<!-- Start accordion card div. -->\n<div class=\"ea-card  sp-ea-single\">\n\t<!-- Start accordion header. -->\n\t<h3 class=\"ea-header\">\n\t\t<!-- Add anchor tag for header. -->\n\t\t<a class=\"collapsed\" id=\"ea-header-3682\" role=\"button\" data-sptoggle=\"spcollapse\" data-sptarget=\"#collapse3682\" aria-controls=\"collapse3682\" href=\"#\"  aria-expanded=\"false\" tabindex=\"0\">\n\t\t<i aria-hidden=\"true\" role=\"presentation\" class=\"ea-expand-icon eap-icon-ea-expand-plus\"><\/i> 3. \u00c1rea de Ci\u00eancias da Sa\u00fade e Biol\u00f3gicas e Agr\u00e1rias\t\t<\/a> <!-- Close anchor tag for header. -->\n\t<\/h3>\t<!-- Close header tag. -->\n\t<!-- Start collapsible content div. -->\n\t<div class=\"sp-collapse spcollapse spcollapse\" id=\"collapse3682\" data-parent=\"#sp-ea-368\" role=\"region\" aria-labelledby=\"ea-header-3682\">  <!-- Content div. -->\n\t\t<div class=\"ea-body\">\n\t\t<p><b><span style=\"color: #555770;font-size: large\">Prof\u00aa. Solange Cervinho Bicalho Godoy<\/span><\/b><span style=\"color: #555770;font-size: large\">\u00a0(titular)<br \/>\nEscola de Enfermagem - Departamento de Enfermagem B\u00e1sica<\/span><br \/>\n<b><span style=\"color: #555770;font-size: large\">Prof\u00aa. Vanessa de Almeida<\/span><\/b><span style=\"color: #555770;font-size: large\">\u00a0(suplente)<br \/>\nEscola de Enfermagem - Departamento de Gest\u00e3o em Sa\u00fade<\/span><br \/>\n<b><span style=\"color: #555770;font-size: large\">Mandato:\u00a0<\/span><\/b><span style=\"color: #555770;font-size: large\">21\/03\/2022 a 20\/03\/2025<\/span><\/p>\n<hr align=\"left\" size=\"2\" width=\"100%\" \/>\n<p><b><span style=\"color: #555770;font-size: large\">Prof\u00aa. Ana Cristina Sim\u00f5es E Silva<\/span><\/b><span style=\"color: #555770;font-size: large\">(titular)<br \/>\nEscola de Medicina - Departamento de Pediatria<\/span><br \/>\n<b><span style=\"color: #555770;font-size: large\">Prof\u00aa. Aline Silva de Miranda<\/span><\/b><span style=\"color: #555770;font-size: large\">(suplente)<br \/>\nInstituto de Ci\u00eancias Biol\u00f3gicas - Departamento de Morfologia<\/span><br \/>\n<b><span style=\"color: #555770;font-size: large\">Mandato:<\/span><\/b><span style=\"color: #555770;font-size: large\">\u00a021\/07\/2024 a 20\/07\/2027<\/span><\/p>\n\t\t<\/div> <!-- Close content div. -->\n\t<\/div> <!-- Close collapse div. -->\n<\/div> <!-- Close card div. -->\n<!-- Start accordion card div. -->\n<div class=\"ea-card  sp-ea-single\">\n\t<!-- Start accordion header. -->\n\t<h3 class=\"ea-header\">\n\t\t<!-- Add anchor tag for header. -->\n\t\t<a class=\"collapsed\" id=\"ea-header-3683\" role=\"button\" data-sptoggle=\"spcollapse\" data-sptarget=\"#collapse3683\" aria-controls=\"collapse3683\" href=\"#\"  aria-expanded=\"false\" tabindex=\"0\">\n\t\t<i aria-hidden=\"true\" role=\"presentation\" class=\"ea-expand-icon eap-icon-ea-expand-plus\"><\/i> 4. Representa\u00e7\u00e3o Discente \u2013 DCE\t\t<\/a> <!-- Close anchor tag for header. -->\n\t<\/h3>\t<!-- Close header tag. -->\n\t<!-- Start collapsible content div. -->\n\t<div class=\"sp-collapse spcollapse spcollapse\" id=\"collapse3683\" data-parent=\"#sp-ea-368\" role=\"region\" aria-labelledby=\"ea-header-3683\">  <!-- Content div. -->\n\t\t<div class=\"ea-body\">\n\t\t<p><b><span style=\"color: #555770;font-size: large\">Isabela Julio de Oliveira<\/span><\/b><span style=\"color: #555770;font-size: large\">\u00a0(titular)<\/span><br \/>\n<b><span style=\"color: #555770;font-size: large\">Ruan Felipe Costa Ramos<\/span><\/b><span style=\"color: #555770;font-size: large\">\u00a0(suplente)<\/span><span style=\"color: #555770;font-size: large\"><br \/>\nMandato: 05\/06\/2024 a 04\/06\/2025<\/span><\/p>\n<hr align=\"left\" size=\"2\" width=\"100%\" \/>\n<p><b><span style=\"color: #555770;font-size: large\">Bruna Gon\u00e7alves Vieira<\/span><\/b><span style=\"color: #555770;font-size: large\">\u00a0(titular)<\/span><br \/>\n<b><span style=\"color: #555770;font-size: large\">Vago<\/span><\/b><span style=\"color: #555770;font-size: large\">\u00a0(suplente)<br \/>\nMandato: 05\/06\/2024 a 04\/06\/2025<\/span><\/p>\n\t\t<\/div> <!-- Close content div. -->\n\t<\/div> <!-- Close collapse div. -->\n<\/div> <!-- Close card div. -->\n<\/div>\n<\/div>\n\n","protected":false},"excerpt":{"rendered":"<p>A C\u00e2mara de Pesquisa delibera sobre assuntos de car\u00e1ter acad\u00eamico-cient\u00edfico [&hellip;]<\/p>\n","protected":false},"author":1,"featured_media":0,"parent":0,"menu_order":0,"comment_status":"closed","ping_status":"closed","template":"","meta":{"_acf_changed":false,"footnotes":""},"tags":[],"class_list":["post-317","page","type-page","status-publish","hentry"],"acf":[],"_links":{"self":[{"href":"https:\/\/www.ufmg.br\/prpq\/wp-json\/wp\/v2\/pages\/317","targetHints":{"allow":["GET"]}}],"collection":[{"href":"https:\/\/www.ufmg.br\/prpq\/wp-json\/wp\/v2\/pages"}],"about":[{"href":"https:\/\/www.ufmg.br\/prpq\/wp-json\/wp\/v2\/types\/page"}],"author":[{"embeddable":true,"href":"https:\/\/www.ufmg.br\/prpq\/wp-json\/wp\/v2\/users\/1"}],"replies":[{"embeddable":true,"href":"https:\/\/www.ufmg.br\/prpq\/wp-json\/wp\/v2\/comments?post=317"}],"version-history":[{"count":6,"href":"https:\/\/www.ufmg.br\/prpq\/wp-json\/wp\/v2\/pages\/317\/revisions"}],"predecessor-version":[{"id":369,"href":"https:\/\/www.ufmg.br\/prpq\/wp-json\/wp\/v2\/pages\/317\/revisions\/369"}],"wp:attachment":[{"href":"https:\/\/www.ufmg.br\/prpq\/wp-json\/wp\/v2\/media?parent=317"}],"wp:term":[{"taxonomy":"post_tag","embeddable":true,"href":"https:\/\/www.ufmg.br\/prpq\/wp-json\/wp\/v2\/tags?post=317"}],"curies":[{"name":"wp","href":"https:\/\/api.w.org\/{rel}","templated":true}]}}