{"id":351,"date":"2021-07-21T18:57:33","date_gmt":"2021-07-21T21:57:33","guid":{"rendered":"https:\/\/www.ufmg.br\/prpq\/?page_id=351"},"modified":"2022-05-02T12:22:56","modified_gmt":"2022-05-02T15:22:56","slug":"nucleos-de-assessoramento-a-pesquisa","status":"publish","type":"page","link":"https:\/\/www.ufmg.br\/prpq\/nucleos-de-assessoramento-a-pesquisa\/","title":{"rendered":"N\u00facleos de Assessoramento \u00e0 Pesquisa"},"content":{"rendered":"<p>Os N\u00facleos de Assessoramento \u00e0 Pesquisa (NAPq) s\u00e3o \u00f3rg\u00e3os de assessoramento das Diretorias das Unidades Acad\u00eamicas para assuntos de pesquisa e que fazem a liga\u00e7\u00e3o entre as Unidades e a Pr\u00f3-Reitoria de Pesquisa. O NAPq tem como atribui\u00e7\u00f5es:<\/p>\n<ul>\n<li>Facilitar o andamento dos editais da PRPq nas Unidades e orientar os professores contemplados;<\/li>\n<li>Encaminhar o processo de indica\u00e7\u00e3o, substitui\u00e7\u00e3o ou cancelamento das bolsas de alunos;<\/li>\n<li>Atender aos alunos bolsistas e professores pesquisadores;<\/li>\n<li>Organizar a semana de Inicia\u00e7\u00e3o Cient\u00edfica e emitir os certificados ao final;<\/li>\n<li>Estabelecer a comunica\u00e7\u00e3o e envio de documentos para as partes envolvidas nos processos;<\/li>\n<li>Atender o p\u00fablico interno e externo \u00e0s Unidades.<\/li>\n<\/ul>\n<p>Os n\u00facleos de assessoramento s\u00e3o:<\/p>\n<style>#sp-ea-376 .spcollapsing { height: 0; overflow: hidden; transition-property: height;transition-duration: 500ms;}#sp-ea-376.sp-easy-accordion>.sp-ea-single {margin-bottom: 10px; border: 1px solid #e2e2e2; }#sp-ea-376.sp-easy-accordion>.sp-ea-single>.ea-header a {color: #444;}#sp-ea-376.sp-easy-accordion>.sp-ea-single>.sp-collapse>.ea-body {background: #fff; color: #444;}#sp-ea-376.sp-easy-accordion>.sp-ea-single {background: #eee;}#sp-ea-376.sp-easy-accordion>.sp-ea-single>.ea-header a .ea-expand-icon { float: left; color: #444;font-size: 16px;}<\/style>\n","protected":false},"excerpt":{"rendered":"<p>Os N\u00facleos de Assessoramento \u00e0 Pesquisa (NAPq) s\u00e3o \u00f3rg\u00e3os de [&hellip;]<\/p>\n","protected":false},"author":1,"featured_media":0,"parent":0,"menu_order":0,"comment_status":"closed","ping_status":"closed","template":"page-napq.php","meta":{"_acf_changed":false,"footnotes":""},"tags":[],"class_list":["post-351","page","type-page","status-publish","hentry"],"acf":[],"_links":{"self":[{"href":"https:\/\/www.ufmg.br\/prpq\/wp-json\/wp\/v2\/pages\/351","targetHints":{"allow":["GET"]}}],"collection":[{"href":"https:\/\/www.ufmg.br\/prpq\/wp-json\/wp\/v2\/pages"}],"about":[{"href":"https:\/\/www.ufmg.br\/prpq\/wp-json\/wp\/v2\/types\/page"}],"author":[{"embeddable":true,"href":"https:\/\/www.ufmg.br\/prpq\/wp-json\/wp\/v2\/users\/1"}],"replies":[{"embeddable":true,"href":"https:\/\/www.ufmg.br\/prpq\/wp-json\/wp\/v2\/comments?post=351"}],"version-history":[{"count":2,"href":"https:\/\/www.ufmg.br\/prpq\/wp-json\/wp\/v2\/pages\/351\/revisions"}],"predecessor-version":[{"id":377,"href":"https:\/\/www.ufmg.br\/prpq\/wp-json\/wp\/v2\/pages\/351\/revisions\/377"}],"wp:attachment":[{"href":"https:\/\/www.ufmg.br\/prpq\/wp-json\/wp\/v2\/media?parent=351"}],"wp:term":[{"taxonomy":"post_tag","embeddable":true,"href":"https:\/\/www.ufmg.br\/prpq\/wp-json\/wp\/v2\/tags?post=351"}],"curies":[{"name":"wp","href":"https:\/\/api.w.org\/{rel}","templated":true}]}}