{"id":379,"date":"2021-09-02T11:34:17","date_gmt":"2021-09-02T14:34:17","guid":{"rendered":"https:\/\/www.ufmg.br\/prpq\/?page_id=379"},"modified":"2025-06-17T10:20:05","modified_gmt":"2025-06-17T13:20:05","slug":"resolucoes","status":"publish","type":"page","link":"https:\/\/www.ufmg.br\/prpq\/resolucoes\/","title":{"rendered":"Resolu\u00e7\u00f5es"},"content":{"rendered":"<ul>\n<li><a href=\"https:\/\/www.ufmg.br\/prpq\/wp-content\/uploads\/2025\/06\/02resprpqapoioadm2025.pdf\" target=\"_blank\" rel=\"noopener\">Resolu\u00e7\u00e3o 02\/2025, de 12 de Junho de 2025<\/a><br \/>\nRegulamenta, no \u00e2mbito da Pr\u00f3-Reitoria de Pesquisa, as Atividades Acad\u00eamicas realizadas com recursos externos provenientes dos setores p\u00fablico e privado, bem como o ressarcimento \u00e0 Universidade.<\/li>\n<\/ul>\n<hr \/>\n<ul>\n<li><a href=\"https:\/\/www.ufmg.br\/prpq\/wp-content\/uploads\/2025\/03\/Resolucao-PRPq-01-2025-Reedita-Regimento-COGEN.pdf\" target=\"_blank\" rel=\"noopener\">Resolu\u00e7\u00e3o 01\/2025, de 20 de Mar\u00e7o de 2025<\/a><br \/>\nReedita, com altera\u00e7\u00f5es, a Resolu\u00e7\u00e3o 04\/2021, de 30 de novembro de 2021, que estabelece o Regimento do Comit\u00ea Gestor do Patrim\u00f4nio Gen\u00e9tico \u2013 COGEN da Universidade Federal de Minas Gerais.<\/li>\n<\/ul>\n<hr \/>\n<ul>\n<li><a href=\"https:\/\/www.ufmg.br\/prpq\/wp-content\/uploads\/2024\/04\/02resprpq2023.pdf\" target=\"_blank\" rel=\"noopener\">Resolu\u00e7\u00e3o 02\/2023, de 23 de Novembro de 2023 &#8211; REVOGADA pela Resolu\u00e7\u00e3o 02\/2025<\/a><br \/>\nRegulamenta, no \u00e2mbito da Pr\u00f3-Reitoria de Pesquisa, as Atividades Acad\u00eamicas realizadas com recursos externos provenientes dos setores p\u00fablico e privado, bem como o ressarcimento \u00e0 Universidade<\/li>\n<\/ul>\n<hr \/>\n<ul>\n<li><a href=\"https:\/\/www.ufmg.br\/prpq\/wp-content\/uploads\/2022\/03\/Resoluc\u0327a\u0303o-01-2022-Comite\u0302s-de-E\u0301tica-assinada-e-digitalizada-e-Regimento.pdf\" target=\"_blank\" rel=\"noopener\">Resolu\u00e7\u00e3o 01\/2022, de 17 de Fevereiro de 2022<\/a><br \/>\nAutoriza a cria\u00e7\u00e3o de Comit\u00eas de \u00c9tica em Pesquisa envolvendo seres humanos no \u00e2mbito da UFMG<\/li>\n<\/ul>\n<hr \/>\n<ul>\n<li><a class=\"file-to-download\" href=\"https:\/\/www.ufmg.br\/prpq\/wp-content\/uploads\/2022\/03\/04resprpq2021FINAL.pdf\" target=\"_blank\" rel=\"noopener\">Resolu\u00e7\u00e3o 04\/2021, de 30 de Novembro de 2021<\/a><a class=\"file-to-download\" href=\"https:\/\/www.ufmg.br\/prpq\/i2pq\/wp-content\/uploads\/2018\/02\/Resolucao02-2018.pdf\" target=\"_blank\" rel=\"noopener\"> \u2013 REVOGADA pela Resolu\u00e7\u00e3o 01\/2025<\/a><br \/>\nAprova o Regimento do Comit\u00ea Gestor do Patrim\u00f4nio Gen\u00e9tico da UFMG &#8211; COGEM-UFMG.<\/li>\n<\/ul>\n<hr \/>\n<ul>\n<li><a class=\"file-to-download\" href=\"https:\/\/www.ufmg.br\/prpq\/wp-content\/uploads\/2021\/08\/03resprpq2021FINAL.pdf\" target=\"_blank\" rel=\"noopener\">Resolu\u00e7\u00e3o 03\/2021, de 05 de Agosto de 2021<\/a><br \/>\nNormatiza a cria\u00e7\u00e3o dos Laborat\u00f3rios Institucionais de Pesquisa (LIPq) da Universidade Federal de Minas Gerais.<\/li>\n<\/ul>\n<hr \/>\n<ul>\n<li><a class=\"file-to-download\" href=\"https:\/\/www.ufmg.br\/prpq\/wp-content\/uploads\/2021\/03\/02resprpq2021FINAL.pdf\" target=\"_blank\" rel=\"noopener\">Resolu\u00e7\u00e3o 02\/2021, de 25 de Fevereiro de 2021<\/a><br \/>\nRegulamentar a cria\u00e7\u00e3o e o funcionamento dos Centros Institucionais de Tecnologia e Inova\u00e7\u00e3o (CT) no \u00e2mbito da Universidade Federal de Minas Gerais<\/li>\n<\/ul>\n<hr \/>\n<ul>\n<li><a class=\"file-to-download\" href=\"https:\/\/www.ufmg.br\/prpq\/wp-content\/uploads\/2021\/02\/01resprpq2021FINAL.pdf\" target=\"_blank\" rel=\"noopener\">Resolu\u00e7\u00e3o 01\/2021, de 28 de Janeiro de 2021<\/a><br \/>\nNormatiza a cria\u00e7\u00e3o das Infraestruturas de Apoio Institucional \u00e0 Pesquisa (AIPq) da Universidade Federal de Minas Gerais<\/li>\n<\/ul>\n<hr \/>\n<ul>\n<li><a class=\"file-to-download\" href=\"https:\/\/www.ufmg.br\/prpq\/i2pq\/wp-content\/uploads\/2018\/02\/Resolucao01-2018.pdf\" target=\"_blank\" rel=\"noopener\">Resolu\u00e7\u00e3o 01\/2018, de 06 de Fevereiro de 2018<\/a><br \/>\nEstabelece defini\u00e7\u00f5es sobre a infraestrutura de pesquisa da UFMG.<\/li>\n<\/ul>\n<hr \/>\n<ul>\n<li><a class=\"file-to-download\" href=\"https:\/\/www.ufmg.br\/prpq\/i2pq\/wp-content\/uploads\/2018\/02\/Resolucao02-2018.pdf\" target=\"_blank\" rel=\"noopener\">Resolu\u00e7\u00e3o 02\/2018 \u2013 REVOGADA pela Resolu\u00e7\u00e3o 03\/2021<\/a><br \/>\nNormatiza a cria\u00e7\u00e3o dos Laborat\u00f3rios Institucionais de Pesquisa (LIPq).<\/li>\n<\/ul>\n<hr \/>\n<p>RESOLU\u00c7\u00d5ES DO CEPE<\/p>\n<hr \/>\n<ul>\n<li><a href=\"https:\/\/www.ufmg.br\/prpq\/wp-content\/uploads\/2025\/03\/02rescepe2025NAPq.pdf\" target=\"_blank\" rel=\"noopener\">Resolu\u00e7\u00e3o CEPE 02\/2025, de 11 de Mar\u00e7o de 2025<\/a><br \/>\nEstabelece diretrizes para a composi\u00e7\u00e3o e as compet\u00eancias dos N\u00facleos de Assessoramento \u00e0 Pesquisa (NAPq) nas Unidades Acad\u00eamicas e nas Unidades Especiais da UFMG.<\/li>\n<\/ul>\n<hr \/>\n<ul>\n<li><a href=\"https:\/\/www.ufmg.br\/prpq\/wp-content\/uploads\/2024\/04\/04rescepe2023.pdf\" target=\"_blank\" rel=\"noopener\">Resolu\u00e7\u00e3o CEPE 04\/2023, de 22 de Junho de 2023<\/a><br \/>\nDisp\u00f5e sobre o Programa de Inicia\u00e7\u00e3o Cient\u00edfica Volunt\u00e1ria da UFMG e revoga a Resolu\u00e7\u00e3o no 13\/2011, de 17 de maio de 2011<\/li>\n<\/ul>\n<hr \/>\n<ul>\n<li><a href=\"https:\/\/www.ufmg.br\/prpq\/wp-content\/uploads\/2022\/03\/CEPE-Resoluc\u0327a\u0303o-12-2019-Cria-o-Comite\u0302-Gestor-do-Reposito\u0301rio-Institu.pdf\" target=\"_blank\" rel=\"noopener\">Resolu\u00e7\u00e3o CEPE 12\/2019, de 10 de Outubro de 2019<\/a><br \/>\nInstitui o Comit\u00ea Gestor do Reposit\u00f3rio Institucional (COGERI) e estabelece sua estrutura.<\/li>\n<\/ul>\n<hr \/>\n<ul>\n<li><a href=\"https:\/\/www.ufmg.br\/prpq\/wp-content\/uploads\/2022\/03\/CEPE-Resoluc\u0327a\u0303o-11-2019-Cria-o-Reposito\u0301rio-Institucional.pdf\" target=\"_blank\" rel=\"noopener\">Resolu\u00e7\u00e3o CEPE 11\/2019, de 10 de Outubro de 2019<\/a><br \/>\nCria o Reposit\u00f3rio Institucional (RI\/UFMG) e estabelece sua pol\u00edtica informacional.<\/li>\n<\/ul>\n<hr \/>\n<ul>\n<li><a href=\"https:\/\/www.ufmg.br\/prpq\/wp-content\/uploads\/2022\/03\/CEPE-Resoluc\u0327a\u0303o-09-2019-Institui-o-COGEPPE-ComitE\u0302-Gestor-do-Portal.pdf\" target=\"_blank\" rel=\"noopener\">Resolu\u00e7\u00e3o CEPE 09\/2019, de 19 de Setembro de 2019<\/a><br \/>\nInstitui o Comit\u00ea Gestor do Portal de Peri\u00f3dicos (COGEPPE) e estabelece sua estrutura.<\/li>\n<\/ul>\n<hr \/>\n<ul>\n<li><a href=\"https:\/\/www.ufmg.br\/prpq\/wp-content\/uploads\/2022\/03\/CEPE-Resoluc\u0327a\u0303o-08-2019-Estabelece-a-Politica-de-Periodicos-na-UFMG.pdf\" target=\"_blank\" rel=\"noopener\">Resolu\u00e7\u00e3o CEPE 08\/2019, de 19 de Setembro de 2019<\/a><br \/>\nEstabelece a Pol\u00edtica de Peri\u00f3dicos Cient\u00edficos da UFMG.<\/li>\n<\/ul>\n<hr \/>\n<ul>\n<li><a class=\"file-to-download\" href=\"https:\/\/www.ufmg.br\/prpq\/wp-content\/uploads\/2019\/05\/Resolucao-CEPE-02-2019.pdf\" target=\"_blank\" rel=\"noopener\">Resolu\u00e7\u00e3o CEPE 02\/2019, de 09 de Abril de 2019<\/a><br \/>\nNormatiza a cria\u00e7\u00e3o de Grupos de Pesquisa da UFMG.<\/li>\n<\/ul>\n<hr \/>\n<ul>\n<li><a class=\"file-to-download\" href=\"https:\/\/www.ufmg.br\/prpq\/wp-content\/uploads\/2011\/01\/Resolucao13-2011.pdf\" target=\"_blank\" rel=\"noopener\">Resolu\u00e7\u00e3o CEPE 13\/2011, de 11 de Maio de 2011 &#8211; REVOGADA pela Resolu\u00e7\u00e3o CEPE 04\/2023<\/a><br \/>\nEstabelece normas para o Programa de Inicia\u00e7\u00e3o Cient\u00edfica Volunt\u00e1ria da UFMG.<\/li>\n<\/ul>\n","protected":false},"excerpt":{"rendered":"<p>Resolu\u00e7\u00e3o 02\/2025, de 12 de Junho de 2025 Regulamenta, no [&hellip;]<\/p>\n","protected":false},"author":1,"featured_media":0,"parent":0,"menu_order":0,"comment_status":"closed","ping_status":"closed","template":"","meta":{"_acf_changed":false,"footnotes":""},"tags":[],"class_list":["post-379","page","type-page","status-publish","hentry"],"acf":[],"_links":{"self":[{"href":"https:\/\/www.ufmg.br\/prpq\/wp-json\/wp\/v2\/pages\/379","targetHints":{"allow":["GET"]}}],"collection":[{"href":"https:\/\/www.ufmg.br\/prpq\/wp-json\/wp\/v2\/pages"}],"about":[{"href":"https:\/\/www.ufmg.br\/prpq\/wp-json\/wp\/v2\/types\/page"}],"author":[{"embeddable":true,"href":"https:\/\/www.ufmg.br\/prpq\/wp-json\/wp\/v2\/users\/1"}],"replies":[{"embeddable":true,"href":"https:\/\/www.ufmg.br\/prpq\/wp-json\/wp\/v2\/comments?post=379"}],"version-history":[{"count":11,"href":"https:\/\/www.ufmg.br\/prpq\/wp-json\/wp\/v2\/pages\/379\/revisions"}],"predecessor-version":[{"id":3556,"href":"https:\/\/www.ufmg.br\/prpq\/wp-json\/wp\/v2\/pages\/379\/revisions\/3556"}],"wp:attachment":[{"href":"https:\/\/www.ufmg.br\/prpq\/wp-json\/wp\/v2\/media?parent=379"}],"wp:term":[{"taxonomy":"post_tag","embeddable":true,"href":"https:\/\/www.ufmg.br\/prpq\/wp-json\/wp\/v2\/tags?post=379"}],"curies":[{"name":"wp","href":"https:\/\/api.w.org\/{rel}","templated":true}]}}