{"id":382,"date":"2021-09-02T11:35:06","date_gmt":"2021-09-02T14:35:06","guid":{"rendered":"https:\/\/www.ufmg.br\/prpq\/?page_id=382"},"modified":"2025-08-29T13:49:22","modified_gmt":"2025-08-29T16:49:22","slug":"formularios","status":"publish","type":"page","link":"https:\/\/www.ufmg.br\/prpq\/formularios\/","title":{"rendered":"Formul\u00e1rios"},"content":{"rendered":"<p><strong>Formul\u00e1rios Inicia\u00e7\u00e3o Cient\u00edfica<\/strong><\/p>\n<ul>\n<li><a class=\"file-to-download\" href=\"https:\/\/www.ufmg.br\/prpq\/procedimentos-de-substituicao\/\" target=\"_blank\" rel=\"noopener\">Altera\u00e7\u00e3o e\/ou Cancelamento de Bolsista\/Volunt\u00e1rio<\/a><\/li>\n<li><a class=\"file-to-download\" href=\"https:\/\/www.ufmg.br\/prpq\/wp-content\/uploads\/2020\/05\/roteiro_relatorio-05-2020.doc\" target=\"_blank\" rel=\"noopener\">Roteiro de Elabora\u00e7\u00e3o do Relat\u00f3rio Final de Atividades de Inicia\u00e7\u00e3o Cient\u00edfica<\/a><\/li>\n<li><a href=\"https:\/\/www.ufmg.br\/prpq\/wp-content\/uploads\/2022\/07\/modelo.doc\" target=\"_blank\" rel=\"noopener\">Resumo Projeto de Pesquisa<\/a><\/li>\n<li><a href=\"https:\/\/www.ufmg.br\/prpq\/wp-content\/uploads\/2022\/07\/plano.doc\" target=\"_blank\" rel=\"noopener\">Plano de Orienta\u00e7\u00e3o<\/a><\/li>\n<li><a class=\"file-to-download\" href=\"https:\/\/www.ufmg.br\/prpq\/cadastro-de-externos\/\" target=\"_blank\" rel=\"noopener\">Solicita\u00e7\u00e3o de MinhaUFMG para estudantes externos para realiza\u00e7\u00e3o de Inicia\u00e7\u00e3o Cient\u00edfica Volunt\u00e1ria ou Inicia\u00e7\u00e3o Cient\u00edfica J\u00fanior<\/a><\/li>\n<li><a class=\"file-to-download\" href=\"https:\/\/www.ufmg.br\/prpq\/wp-content\/uploads\/2018\/02\/declaracao.pdf\" target=\"_blank\" rel=\"noopener\">Declara\u00e7\u00e3o de Autoriza\u00e7\u00e3o dos Pais ou Respons\u00e1vel Legal (IC J\u00fanior)<\/a><\/li>\n<li><a class=\"file-to-download\" href=\"https:\/\/www.ufmg.br\/prpq\/wp-content\/uploads\/2025\/08\/estagio-CNPq.docx\" target=\"_blank\" rel=\"noopener\">Solicita\u00e7\u00e3o de execu\u00e7\u00e3o de est\u00e1gio em concomit\u00e2ncia \u00e0 bolsas de Inicia\u00e7\u00e3o Cient\u00edfica &#8211; Quadro de hor\u00e1rio<\/a><\/li>\n<\/ul>\n<p><strong>Demais Formul\u00e1rios<\/strong><\/p>\n<ul>\n<li style=\"list-style-type: none;\">\n<ul>\n<li><a class=\"file-to-download\" href=\"https:\/\/www.ufmg.br\/prpq\/wp-content\/uploads\/2018\/02\/parecer_consultor_ad_hoc.doc\" target=\"_blank\" rel=\"noopener\">Parecer do Consultor \u201cAD-HOC\u201d<\/a><\/li>\n<li><a class=\"file-to-download\" href=\"https:\/\/www.ufmg.br\/prpq\/wp-content\/uploads\/2018\/02\/proposta_reserva_passagens.doc\" target=\"_blank\" rel=\"noopener\">Proposta de Reserva de Passagens<\/a><\/li>\n<li><a class=\"file-to-download\" href=\"https:\/\/www.ufmg.br\/prpq\/wp-content\/uploads\/2018\/02\/relatorio_viagem.doc\" target=\"_blank\" rel=\"noopener\">Formul\u00e1rio Presta\u00e7\u00e3o de Contas (Viagem)<\/a><\/li>\n<li><a class=\"file-to-download\" href=\"https:\/\/www.ufmg.br\/prpq\/wp-content\/uploads\/2019\/07\/formulario_diarias2.pdf\" target=\"_blank\" rel=\"noopener\">Solicita\u00e7\u00e3o de Di\u00e1rias (O Formul\u00e1rio dever\u00e1 ser salvo localmente, antes de ser preenchido)<\/a>\u00a0Somente para servidores da PRPq<\/li>\n<li><a href=\"https:\/\/www.ufmg.br\/prpq\/wp-content\/uploads\/2023\/07\/carta_de_apresentacao_FUNDEP.pdf\" target=\"_blank\" rel=\"noopener\">Carta de Apresenta\u00e7\u00e3o FUNDEP<\/a><\/li>\n<\/ul>\n<\/li>\n<\/ul>\n","protected":false},"excerpt":{"rendered":"<p>Formul\u00e1rios Inicia\u00e7\u00e3o Cient\u00edfica Altera\u00e7\u00e3o e\/ou Cancelamento de Bolsista\/Volunt\u00e1rio Roteiro de [&hellip;]<\/p>\n","protected":false},"author":1,"featured_media":0,"parent":0,"menu_order":0,"comment_status":"closed","ping_status":"closed","template":"","meta":{"_acf_changed":false,"footnotes":""},"tags":[],"class_list":["post-382","page","type-page","status-publish","hentry"],"acf":[],"_links":{"self":[{"href":"https:\/\/www.ufmg.br\/prpq\/wp-json\/wp\/v2\/pages\/382","targetHints":{"allow":["GET"]}}],"collection":[{"href":"https:\/\/www.ufmg.br\/prpq\/wp-json\/wp\/v2\/pages"}],"about":[{"href":"https:\/\/www.ufmg.br\/prpq\/wp-json\/wp\/v2\/types\/page"}],"author":[{"embeddable":true,"href":"https:\/\/www.ufmg.br\/prpq\/wp-json\/wp\/v2\/users\/1"}],"replies":[{"embeddable":true,"href":"https:\/\/www.ufmg.br\/prpq\/wp-json\/wp\/v2\/comments?post=382"}],"version-history":[{"count":20,"href":"https:\/\/www.ufmg.br\/prpq\/wp-json\/wp\/v2\/pages\/382\/revisions"}],"predecessor-version":[{"id":3643,"href":"https:\/\/www.ufmg.br\/prpq\/wp-json\/wp\/v2\/pages\/382\/revisions\/3643"}],"wp:attachment":[{"href":"https:\/\/www.ufmg.br\/prpq\/wp-json\/wp\/v2\/media?parent=382"}],"wp:term":[{"taxonomy":"post_tag","embeddable":true,"href":"https:\/\/www.ufmg.br\/prpq\/wp-json\/wp\/v2\/tags?post=382"}],"curies":[{"name":"wp","href":"https:\/\/api.w.org\/{rel}","templated":true}]}}