{"id":388,"date":"2021-09-02T11:36:45","date_gmt":"2021-09-02T14:36:45","guid":{"rendered":"https:\/\/www.ufmg.br\/prpq\/?page_id=388"},"modified":"2025-09-03T15:11:14","modified_gmt":"2025-09-03T18:11:14","slug":"normas-e-procedimentos-bolsistas-e-voluntarios","status":"publish","type":"page","link":"https:\/\/www.ufmg.br\/prpq\/normas-e-procedimentos-bolsistas-e-voluntarios\/","title":{"rendered":"Normas e Procedimentos (Bolsistas e Volunt\u00e1rios)"},"content":{"rendered":"<p>As normas e procedimentos regem as bolsas e participa\u00e7\u00e3o de volunt\u00e1rios dos programas institucionais da PRPq, e tamb\u00e9m as bolsas de apoio interno da mesma.<\/p>\n<p><a href=\"https:\/\/www.ufmg.br\/prpq\/wp-content\/uploads\/2025\/09\/NormasProcedimentosPRPq2025_final.docx.pdf\" target=\"_blank\" rel=\"noopener\"><strong>Acesse as normas aqui<\/strong><\/a><\/p>\n<hr \/>\n","protected":false},"excerpt":{"rendered":"<p>As normas e procedimentos regem as bolsas e participa\u00e7\u00e3o de [&hellip;]<\/p>\n","protected":false},"author":1,"featured_media":0,"parent":0,"menu_order":0,"comment_status":"closed","ping_status":"closed","template":"","meta":{"_acf_changed":false,"footnotes":""},"tags":[],"class_list":["post-388","page","type-page","status-publish","hentry"],"acf":[],"_links":{"self":[{"href":"https:\/\/www.ufmg.br\/prpq\/wp-json\/wp\/v2\/pages\/388","targetHints":{"allow":["GET"]}}],"collection":[{"href":"https:\/\/www.ufmg.br\/prpq\/wp-json\/wp\/v2\/pages"}],"about":[{"href":"https:\/\/www.ufmg.br\/prpq\/wp-json\/wp\/v2\/types\/page"}],"author":[{"embeddable":true,"href":"https:\/\/www.ufmg.br\/prpq\/wp-json\/wp\/v2\/users\/1"}],"replies":[{"embeddable":true,"href":"https:\/\/www.ufmg.br\/prpq\/wp-json\/wp\/v2\/comments?post=388"}],"version-history":[{"count":17,"href":"https:\/\/www.ufmg.br\/prpq\/wp-json\/wp\/v2\/pages\/388\/revisions"}],"predecessor-version":[{"id":3646,"href":"https:\/\/www.ufmg.br\/prpq\/wp-json\/wp\/v2\/pages\/388\/revisions\/3646"}],"wp:attachment":[{"href":"https:\/\/www.ufmg.br\/prpq\/wp-json\/wp\/v2\/media?parent=388"}],"wp:term":[{"taxonomy":"post_tag","embeddable":true,"href":"https:\/\/www.ufmg.br\/prpq\/wp-json\/wp\/v2\/tags?post=388"}],"curies":[{"name":"wp","href":"https:\/\/api.w.org\/{rel}","templated":true}]}}