{"id":412,"date":"2021-09-02T12:21:48","date_gmt":"2021-09-02T15:21:48","guid":{"rendered":"https:\/\/www.ufmg.br\/prpq\/?page_id=412"},"modified":"2022-05-02T12:21:26","modified_gmt":"2022-05-02T15:21:26","slug":"producao-cientifica","status":"publish","type":"page","link":"https:\/\/www.ufmg.br\/prpq\/producao-cientifica\/","title":{"rendered":"Produ\u00e7\u00e3o Cient\u00edfica"},"content":{"rendered":"<style>#sp-ea-411 .spcollapsing { height: 0; overflow: hidden; transition-property: height;transition-duration: 500ms;}#sp-ea-411.sp-easy-accordion>.sp-ea-single {margin-bottom: 10px; border: 1px solid #e2e2e2; }#sp-ea-411.sp-easy-accordion>.sp-ea-single>.ea-header a {color: #444;}#sp-ea-411.sp-easy-accordion>.sp-ea-single>.sp-collapse>.ea-body {background: #fff; color: #444;}#sp-ea-411.sp-easy-accordion>.sp-ea-single {background: #eee;}#sp-ea-411.sp-easy-accordion>.sp-ea-single>.ea-header a .ea-expand-icon { float: left; color: #444;font-size: 16px;}<\/style><div id=\"sp_easy_accordion-1775954218\">\n<div id=\"sp-ea-411\" class=\"sp-ea-one sp-easy-accordion\" data-ea-active=\"ea-click\" data-ea-mode=\"vertical\" data-preloader=\"\" data-scroll-active-item=\"\" data-offset-to-scroll=\"0\">\n\n<!-- Start accordion card div. -->\n<div class=\"ea-card  sp-ea-single\">\n\t<!-- Start accordion header. -->\n\t<h3 class=\"ea-header\">\n\t\t<!-- Add anchor tag for header. -->\n\t\t<a class=\"collapsed\" id=\"ea-header-4110\" role=\"button\" data-sptoggle=\"spcollapse\" data-sptarget=\"#collapse4110\" aria-controls=\"collapse4110\" href=\"#\"  aria-expanded=\"false\" tabindex=\"0\">\n\t\t<i aria-hidden=\"true\" role=\"presentation\" class=\"ea-expand-icon eap-icon-ea-expand-plus\"><\/i> Produ\u00e7\u00e3o Total da UFMG (Continuum)\t\t<\/a> <!-- Close anchor tag for header. -->\n\t<\/h3>\t<!-- Close header tag. -->\n\t<!-- Start collapsible content div. -->\n\t<div class=\"sp-collapse spcollapse spcollapse\" id=\"collapse4110\"  role=\"region\" aria-labelledby=\"ea-header-4110\">  <!-- Content div. -->\n\t\t<div class=\"ea-body\">\n\t\t<p>Produ\u00e7\u00e3o anual distinta (produ\u00e7\u00f5es com co-autoria s\u00e3o contabilizadas apenas uma \u00fanica vez), estratificada em: art\u00edstica, bibliogr\u00e1fica, t\u00e9cnica e outras. Dados s\u00e3o limitados a docentes ativo permanentes com Curr\u00edculo Lattes; produ\u00e7\u00f5es declaradas no Curr\u00edculo Lattes dos docentes.<\/p>\n<p><a href=\"http:\/\/150.164.74.39:2020\/pt-br\/indicadores\/gerais\" target=\"_blank\" rel=\"noopener\"><img loading=\"lazy\" decoding=\"async\" class=\"wp-image-932 alignnone\" src=\"https:\/\/www.ufmg.br\/prpq\/wp-content\/uploads\/2021\/09\/newplot-1024x437.png\" alt=\"\" width=\"740\" height=\"316\" srcset=\"https:\/\/www.ufmg.br\/prpq\/wp-content\/uploads\/2021\/09\/newplot-1024x437.png 1024w, https:\/\/www.ufmg.br\/prpq\/wp-content\/uploads\/2021\/09\/newplot-300x128.png 300w, https:\/\/www.ufmg.br\/prpq\/wp-content\/uploads\/2021\/09\/newplot-768x328.png 768w, https:\/\/www.ufmg.br\/prpq\/wp-content\/uploads\/2021\/09\/newplot.png 1460w\" sizes=\"auto, (max-width: 740px) 100vw, 740px\" \/><\/a><\/p>\n\t\t<\/div> <!-- Close content div. -->\n\t<\/div> <!-- Close collapse div. -->\n<\/div> <!-- Close card div. -->\n<!-- Start accordion card div. -->\n<div class=\"ea-card  sp-ea-single\">\n\t<!-- Start accordion header. -->\n\t<h3 class=\"ea-header\">\n\t\t<!-- Add anchor tag for header. -->\n\t\t<a class=\"collapsed\" id=\"ea-header-4111\" role=\"button\" data-sptoggle=\"spcollapse\" data-sptarget=\"#collapse4111\" aria-controls=\"collapse4111\" href=\"#\"  aria-expanded=\"false\" tabindex=\"0\">\n\t\t<i aria-hidden=\"true\" role=\"presentation\" class=\"ea-expand-icon eap-icon-ea-expand-plus\"><\/i> Produ\u00e7\u00e3o Bibliogr\u00e1fica Total da UFMG (Continuum)\t\t<\/a> <!-- Close anchor tag for header. -->\n\t<\/h3>\t<!-- Close header tag. -->\n\t<!-- Start collapsible content div. -->\n\t<div class=\"sp-collapse spcollapse spcollapse\" id=\"collapse4111\"  role=\"region\" aria-labelledby=\"ea-header-4111\">  <!-- Content div. -->\n\t\t<div class=\"ea-body\">\n\t\t<p>Produ\u00e7\u00e3o bibliogr\u00e1fica anual distinta (produ\u00e7\u00f5es com co-autoria s\u00e3o contabilizadas apenas uma \u00fanica vez). Dados s\u00e3o limitados a: docentes ativo permanentes com Curr\u00edculo Lattes; produ\u00e7\u00f5es declaradas no Curr\u00edculo Lattes dos docentes.<\/p>\n<p><a href=\"http:\/\/150.164.74.39:2020\/pt-br\/indicadores\/gerais\" target=\"_blank\" rel=\"noopener\"><img loading=\"lazy\" decoding=\"async\" class=\"alignnone wp-image-933\" src=\"https:\/\/www.ufmg.br\/prpq\/wp-content\/uploads\/2021\/09\/newplot-1.png\" alt=\"\" width=\"740\" height=\"316\" srcset=\"https:\/\/www.ufmg.br\/prpq\/wp-content\/uploads\/2021\/09\/newplot-1.png 1460w, https:\/\/www.ufmg.br\/prpq\/wp-content\/uploads\/2021\/09\/newplot-1-300x128.png 300w, https:\/\/www.ufmg.br\/prpq\/wp-content\/uploads\/2021\/09\/newplot-1-1024x437.png 1024w, https:\/\/www.ufmg.br\/prpq\/wp-content\/uploads\/2021\/09\/newplot-1-768x328.png 768w\" sizes=\"auto, (max-width: 740px) 100vw, 740px\" \/><\/a><\/p>\n\t\t<\/div> <!-- Close content div. -->\n\t<\/div> <!-- Close collapse div. -->\n<\/div> <!-- Close card div. -->\n<!-- Start accordion card div. -->\n<div class=\"ea-card  sp-ea-single\">\n\t<!-- Start accordion header. -->\n\t<h3 class=\"ea-header\">\n\t\t<!-- Add anchor tag for header. -->\n\t\t<a class=\"collapsed\" id=\"ea-header-4112\" role=\"button\" data-sptoggle=\"spcollapse\" data-sptarget=\"#collapse4112\" aria-controls=\"collapse4112\" href=\"#\"  aria-expanded=\"false\" tabindex=\"0\">\n\t\t<i aria-hidden=\"true\" role=\"presentation\" class=\"ea-expand-icon eap-icon-ea-expand-plus\"><\/i> Produ\u00e7\u00e3o Total com DOI (Continuum)\t\t<\/a> <!-- Close anchor tag for header. -->\n\t<\/h3>\t<!-- Close header tag. -->\n\t<!-- Start collapsible content div. -->\n\t<div class=\"sp-collapse spcollapse spcollapse\" id=\"collapse4112\"  role=\"region\" aria-labelledby=\"ea-header-4112\">  <!-- Content div. -->\n\t\t<div class=\"ea-body\">\n\t\t<p>Produ\u00e7\u00e3o anual distinta (produ\u00e7\u00f5es com co-autoria s\u00e3o contabilizadas apenas uma \u00fanica vez) com DOI (Digital Object Identifier). Dados s\u00e3o limitados a: docentes ativo permanentes com Curr\u00edculo Lattes; produ\u00e7\u00f5es declaradas no Curr\u00edculo Lattes dos docentes.<\/p>\n<p><a href=\"http:\/\/150.164.74.39:2020\/pt-br\/indicadores\/gerais\" target=\"_blank\" rel=\"noopener\"><img loading=\"lazy\" decoding=\"async\" class=\"alignnone wp-image-934\" src=\"https:\/\/www.ufmg.br\/prpq\/wp-content\/uploads\/2021\/09\/newplot-2.png\" alt=\"\" width=\"740\" height=\"316\" srcset=\"https:\/\/www.ufmg.br\/prpq\/wp-content\/uploads\/2021\/09\/newplot-2.png 1460w, https:\/\/www.ufmg.br\/prpq\/wp-content\/uploads\/2021\/09\/newplot-2-300x128.png 300w, https:\/\/www.ufmg.br\/prpq\/wp-content\/uploads\/2021\/09\/newplot-2-1024x437.png 1024w, https:\/\/www.ufmg.br\/prpq\/wp-content\/uploads\/2021\/09\/newplot-2-768x328.png 768w\" sizes=\"auto, (max-width: 740px) 100vw, 740px\" \/><\/a><\/p>\n\t\t<\/div> <!-- Close content div. -->\n\t<\/div> <!-- Close collapse div. -->\n<\/div> <!-- Close card div. -->\n<!-- Start accordion card div. -->\n<div class=\"ea-card  sp-ea-single\">\n\t<!-- Start accordion header. -->\n\t<h3 class=\"ea-header\">\n\t\t<!-- Add anchor tag for header. -->\n\t\t<a class=\"collapsed\" id=\"ea-header-4113\" role=\"button\" data-sptoggle=\"spcollapse\" data-sptarget=\"#collapse4113\" aria-controls=\"collapse4113\" href=\"#\"  aria-expanded=\"false\" tabindex=\"0\">\n\t\t<i aria-hidden=\"true\" role=\"presentation\" class=\"ea-expand-icon eap-icon-ea-expand-plus\"><\/i> Produ\u00e7\u00e3o Art\u00edstica Total (Continuum)\t\t<\/a> <!-- Close anchor tag for header. -->\n\t<\/h3>\t<!-- Close header tag. -->\n\t<!-- Start collapsible content div. -->\n\t<div class=\"sp-collapse spcollapse spcollapse\" id=\"collapse4113\"  role=\"region\" aria-labelledby=\"ea-header-4113\">  <!-- Content div. -->\n\t\t<div class=\"ea-body\">\n\t\t<p>Produ\u00e7\u00e3o art\u00edstica anual distinta (produ\u00e7\u00f5es com co-autoria s\u00e3o contabilizadas apenas uma \u00fanica vez). Dados s\u00e3o limitados a: docentes ativo permanentes com Curr\u00edculo Lattes; produ\u00e7\u00f5es declaradas no Curr\u00edculo Lattes dos docentes.<\/p>\n<p><a href=\"http:\/\/150.164.74.39:2020\/pt-br\/indicadores\/gerais\" target=\"_blank\" rel=\"noopener\"><img loading=\"lazy\" decoding=\"async\" class=\"alignnone wp-image-935\" src=\"https:\/\/www.ufmg.br\/prpq\/wp-content\/uploads\/2021\/09\/newplot-3.png\" alt=\"\" width=\"740\" height=\"323\" srcset=\"https:\/\/www.ufmg.br\/prpq\/wp-content\/uploads\/2021\/09\/newplot-3.png 1390w, https:\/\/www.ufmg.br\/prpq\/wp-content\/uploads\/2021\/09\/newplot-3-300x131.png 300w, https:\/\/www.ufmg.br\/prpq\/wp-content\/uploads\/2021\/09\/newplot-3-1024x447.png 1024w, https:\/\/www.ufmg.br\/prpq\/wp-content\/uploads\/2021\/09\/newplot-3-768x335.png 768w\" sizes=\"auto, (max-width: 740px) 100vw, 740px\" \/><\/a><\/p>\n\t\t<\/div> <!-- Close content div. -->\n\t<\/div> <!-- Close collapse div. -->\n<\/div> <!-- Close card div. -->\n<!-- Start accordion card div. -->\n<div class=\"ea-card  sp-ea-single\">\n\t<!-- Start accordion header. -->\n\t<h3 class=\"ea-header\">\n\t\t<!-- Add anchor tag for header. -->\n\t\t<a class=\"collapsed\" id=\"ea-header-4114\" role=\"button\" data-sptoggle=\"spcollapse\" data-sptarget=\"#collapse4114\" aria-controls=\"collapse4114\" href=\"#\"  aria-expanded=\"false\" tabindex=\"0\">\n\t\t<i aria-hidden=\"true\" role=\"presentation\" class=\"ea-expand-icon eap-icon-ea-expand-plus\"><\/i> Produ\u00e7\u00e3o T\u00e9cnica Total (Continuum)\t\t<\/a> <!-- Close anchor tag for header. -->\n\t<\/h3>\t<!-- Close header tag. -->\n\t<!-- Start collapsible content div. -->\n\t<div class=\"sp-collapse spcollapse spcollapse\" id=\"collapse4114\"  role=\"region\" aria-labelledby=\"ea-header-4114\">  <!-- Content div. -->\n\t\t<div class=\"ea-body\">\n\t\t<p>Produ\u00e7\u00e3o t\u00e9cnica anual distinta (produ\u00e7\u00f5es com co-autoria s\u00e3o contabilizadas apenas uma \u00fanica vez). Dados s\u00e3o limitados a: docentes ativo permanentes com Curr\u00edculo Lattes; produ\u00e7\u00f5es declaradas no Curr\u00edculo Lattes dos docentes.<\/p>\n<p><a href=\"http:\/\/150.164.74.39:2020\/pt-br\/indicadores\/gerais\" target=\"_blank\" rel=\"noopener\"><img loading=\"lazy\" decoding=\"async\" class=\"alignnone wp-image-936\" src=\"https:\/\/www.ufmg.br\/prpq\/wp-content\/uploads\/2021\/09\/newplot-4.png\" alt=\"\" width=\"740\" height=\"323\" srcset=\"https:\/\/www.ufmg.br\/prpq\/wp-content\/uploads\/2021\/09\/newplot-4.png 1390w, https:\/\/www.ufmg.br\/prpq\/wp-content\/uploads\/2021\/09\/newplot-4-300x131.png 300w, https:\/\/www.ufmg.br\/prpq\/wp-content\/uploads\/2021\/09\/newplot-4-1024x447.png 1024w, https:\/\/www.ufmg.br\/prpq\/wp-content\/uploads\/2021\/09\/newplot-4-768x335.png 768w\" sizes=\"auto, (max-width: 740px) 100vw, 740px\" \/><\/a><\/p>\n\t\t<\/div> <!-- Close content div. -->\n\t<\/div> <!-- Close collapse div. -->\n<\/div> <!-- Close card div. -->\n<!-- Start accordion card div. -->\n<div class=\"ea-card  sp-ea-single\">\n\t<!-- Start accordion header. -->\n\t<h3 class=\"ea-header\">\n\t\t<!-- Add anchor tag for header. -->\n\t\t<a class=\"collapsed\" id=\"ea-header-4115\" role=\"button\" data-sptoggle=\"spcollapse\" data-sptarget=\"#collapse4115\" aria-controls=\"collapse4115\" href=\"#\"  aria-expanded=\"false\" tabindex=\"0\">\n\t\t<i aria-hidden=\"true\" role=\"presentation\" class=\"ea-expand-icon eap-icon-ea-expand-plus\"><\/i> Total de Patentes (Continuum)\t\t<\/a> <!-- Close anchor tag for header. -->\n\t<\/h3>\t<!-- Close header tag. -->\n\t<!-- Start collapsible content div. -->\n\t<div class=\"sp-collapse spcollapse spcollapse\" id=\"collapse4115\"  role=\"region\" aria-labelledby=\"ea-header-4115\">  <!-- Content div. -->\n\t\t<div class=\"ea-body\">\n\t\t<p>Patentes anuais distintas (produ\u00e7\u00f5es com co-autoria s\u00e3o contabilizadas apenas uma \u00fanica vez). Dados s\u00e3o limitados a: docentes ativo permanentes com Curr\u00edculo Lattes; patentes declaradas no Curr\u00edculo Lattes dos docentes.<\/p>\n<p><a href=\"http:\/\/150.164.74.39:2020\/pt-br\/indicadores\/gerais\" target=\"_blank\" rel=\"noopener\"><img loading=\"lazy\" decoding=\"async\" class=\"alignnone wp-image-937\" src=\"https:\/\/www.ufmg.br\/prpq\/wp-content\/uploads\/2021\/09\/newplot-5.png\" alt=\"\" width=\"740\" height=\"323\" srcset=\"https:\/\/www.ufmg.br\/prpq\/wp-content\/uploads\/2021\/09\/newplot-5.png 1390w, https:\/\/www.ufmg.br\/prpq\/wp-content\/uploads\/2021\/09\/newplot-5-300x131.png 300w, https:\/\/www.ufmg.br\/prpq\/wp-content\/uploads\/2021\/09\/newplot-5-1024x447.png 1024w, https:\/\/www.ufmg.br\/prpq\/wp-content\/uploads\/2021\/09\/newplot-5-768x335.png 768w\" sizes=\"auto, (max-width: 740px) 100vw, 740px\" \/><\/a><\/p>\n\t\t<\/div> <!-- Close content div. -->\n\t<\/div> <!-- Close collapse div. -->\n<\/div> <!-- Close card div. -->\n<!-- Start accordion card div. -->\n<div class=\"ea-card  sp-ea-single\">\n\t<!-- Start accordion header. -->\n\t<h3 class=\"ea-header\">\n\t\t<!-- Add anchor tag for header. -->\n\t\t<a class=\"collapsed\" id=\"ea-header-4116\" role=\"button\" data-sptoggle=\"spcollapse\" data-sptarget=\"#collapse4116\" aria-controls=\"collapse4116\" href=\"#\"  aria-expanded=\"false\" tabindex=\"0\">\n\t\t<i aria-hidden=\"true\" role=\"presentation\" class=\"ea-expand-icon eap-icon-ea-expand-plus\"><\/i> Orienta\u00e7\u00f5es Conclu\u00eddas (Continuum)\t\t<\/a> <!-- Close anchor tag for header. -->\n\t<\/h3>\t<!-- Close header tag. -->\n\t<!-- Start collapsible content div. -->\n\t<div class=\"sp-collapse spcollapse spcollapse\" id=\"collapse4116\"  role=\"region\" aria-labelledby=\"ea-header-4116\">  <!-- Content div. -->\n\t\t<div class=\"ea-body\">\n\t\t<p>Total de orienta\u00e7\u00f5es conclu\u00eddas anualmente. Dados s\u00e3o limitados a: docentes ativo permanentes com Curr\u00edculo Lattes; orienta\u00e7\u00f5es declaradas no Curr\u00edculo Lattes dos docentes.<\/p>\n<p><a href=\"http:\/\/150.164.74.39:2020\/pt-br\/indicadores\/gerais\" target=\"_blank\" rel=\"noopener\"><img loading=\"lazy\" decoding=\"async\" class=\"alignnone wp-image-938\" src=\"https:\/\/www.ufmg.br\/prpq\/wp-content\/uploads\/2021\/09\/newplot-6.png\" alt=\"\" width=\"740\" height=\"323\" srcset=\"https:\/\/www.ufmg.br\/prpq\/wp-content\/uploads\/2021\/09\/newplot-6.png 1390w, https:\/\/www.ufmg.br\/prpq\/wp-content\/uploads\/2021\/09\/newplot-6-300x131.png 300w, https:\/\/www.ufmg.br\/prpq\/wp-content\/uploads\/2021\/09\/newplot-6-1024x447.png 1024w, https:\/\/www.ufmg.br\/prpq\/wp-content\/uploads\/2021\/09\/newplot-6-768x335.png 768w\" sizes=\"auto, (max-width: 740px) 100vw, 740px\" \/><\/a><\/p>\n\t\t<\/div> <!-- Close content div. -->\n\t<\/div> <!-- Close collapse div. -->\n<\/div> <!-- Close card div. -->\n<!-- Start accordion card div. -->\n<div class=\"ea-card  sp-ea-single\">\n\t<!-- Start accordion header. -->\n\t<h3 class=\"ea-header\">\n\t\t<!-- Add anchor tag for header. -->\n\t\t<a class=\"collapsed\" id=\"ea-header-4117\" role=\"button\" data-sptoggle=\"spcollapse\" data-sptarget=\"#collapse4117\" aria-controls=\"collapse4117\" href=\"#\"  aria-expanded=\"false\" tabindex=\"0\">\n\t\t<i aria-hidden=\"true\" role=\"presentation\" class=\"ea-expand-icon eap-icon-ea-expand-plus\"><\/i> Abrang\u00eancia da produ\u00e7\u00e3o cient\u00edfica da UFMG (Continuum)\t\t<\/a> <!-- Close anchor tag for header. -->\n\t<\/h3>\t<!-- Close header tag. -->\n\t<!-- Start collapsible content div. -->\n\t<div class=\"sp-collapse spcollapse spcollapse\" id=\"collapse4117\"  role=\"region\" aria-labelledby=\"ea-header-4117\">  <!-- Content div. -->\n\t\t<div class=\"ea-body\">\n\t\t<p>A pesquisa da UFMG \u00e9 plural, diversa e diversificada, abrangendo todas as \u00e1reas do conhecimento<\/p>\n<p><img loading=\"lazy\" decoding=\"async\" class=\"\" src=\"https:\/\/www.ufmg.br\/prpq\/wp-content\/uploads\/2022\/04\/abrangencia-2022.03.png\" width=\"666\" height=\"280\" \/><\/p>\n\t\t<\/div> <!-- Close content div. -->\n\t<\/div> <!-- Close collapse div. -->\n<\/div> <!-- Close card div. -->\n<!-- Start accordion card div. -->\n<div class=\"ea-card  sp-ea-single\">\n\t<!-- Start accordion header. -->\n\t<h3 class=\"ea-header\">\n\t\t<!-- Add anchor tag for header. -->\n\t\t<a class=\"collapsed\" id=\"ea-header-4118\" role=\"button\" data-sptoggle=\"spcollapse\" data-sptarget=\"#collapse4118\" aria-controls=\"collapse4118\" href=\"#\"  aria-expanded=\"false\" tabindex=\"0\">\n\t\t<i aria-hidden=\"true\" role=\"presentation\" class=\"ea-expand-icon eap-icon-ea-expand-plus\"><\/i> A qualidade da produ\u00e7\u00e3o cient\u00edfica da UFMG (SciVal\/Scopus)\t\t<\/a> <!-- Close anchor tag for header. -->\n\t<\/h3>\t<!-- Close header tag. -->\n\t<!-- Start collapsible content div. -->\n\t<div class=\"sp-collapse spcollapse spcollapse\" id=\"collapse4118\"  role=\"region\" aria-labelledby=\"ea-header-4118\">  <!-- Content div. -->\n\t\t<div class=\"ea-body\">\n\t\t<p>A UFMG vem ampliando o n\u00famero de artigos publicados nos TOP 10% peri\u00f3dicos mais impactantes da base Scopus, passando de 17,7% para 21,3% do total de trabalhos publicados entre 2010 e 2020.<\/p>\n<p><img loading=\"lazy\" decoding=\"async\" class=\"\" src=\"https:\/\/www.ufmg.br\/prpq\/wp-content\/uploads\/2022\/04\/qualidade-2022.03.png\" width=\"666\" height=\"333\" \/><\/p>\n\t\t<\/div> <!-- Close content div. -->\n\t<\/div> <!-- Close collapse div. -->\n<\/div> <!-- Close card div. -->\n<!-- Start accordion card div. -->\n<div class=\"ea-card  sp-ea-single\">\n\t<!-- Start accordion header. -->\n\t<h3 class=\"ea-header\">\n\t\t<!-- Add anchor tag for header. -->\n\t\t<a class=\"collapsed\" id=\"ea-header-4119\" role=\"button\" data-sptoggle=\"spcollapse\" data-sptarget=\"#collapse4119\" aria-controls=\"collapse4119\" href=\"#\"  aria-expanded=\"false\" tabindex=\"0\">\n\t\t<i aria-hidden=\"true\" role=\"presentation\" class=\"ea-expand-icon eap-icon-ea-expand-plus\"><\/i> O impacto da pesquisa cient\u00edfica produzida UFMG (SciVal\/Scopus)\t\t<\/a> <!-- Close anchor tag for header. -->\n\t<\/h3>\t<!-- Close header tag. -->\n\t<!-- Start collapsible content div. -->\n\t<div class=\"sp-collapse spcollapse spcollapse\" id=\"collapse4119\"  role=\"region\" aria-labelledby=\"ea-header-4119\">  <!-- Content div. -->\n\t\t<div class=\"ea-body\">\n\t\t<p>A publica\u00e7\u00e3o da UFMG em 10 das 27 \u00e1reas da base de dados Scopus, recebe n\u00famero maior ou igual de cita\u00e7\u00f5es em compara\u00e7\u00e3o \u00e0 m\u00e9dia de cita\u00e7\u00f5es das demais institui\u00e7\u00f5es presentes na base. (1=m\u00e9dia do restante).<\/p>\n<p><img loading=\"lazy\" decoding=\"async\" class=\"\" src=\"https:\/\/www.ufmg.br\/prpq\/wp-content\/uploads\/2022\/04\/impacto-2022.03.png\" width=\"666\" height=\"333\" \/><\/p>\n\t\t<\/div> <!-- Close content div. -->\n\t<\/div> <!-- Close collapse div. -->\n<\/div> <!-- Close card div. -->\n<!-- Start accordion card div. -->\n<div class=\"ea-card  sp-ea-single\">\n\t<!-- Start accordion header. -->\n\t<h3 class=\"ea-header\">\n\t\t<!-- Add anchor tag for header. -->\n\t\t<a class=\"collapsed\" id=\"ea-header-41110\" role=\"button\" data-sptoggle=\"spcollapse\" data-sptarget=\"#collapse41110\" aria-controls=\"collapse41110\" href=\"#\"  aria-expanded=\"false\" tabindex=\"0\">\n\t\t<i aria-hidden=\"true\" role=\"presentation\" class=\"ea-expand-icon eap-icon-ea-expand-plus\"><\/i> O impacto da pesquisa da UFMG em inova\u00e7\u00e3o (SciVal\/Scopus)\t\t<\/a> <!-- Close anchor tag for header. -->\n\t<\/h3>\t<!-- Close header tag. -->\n\t<!-- Start collapsible content div. -->\n\t<div class=\"sp-collapse spcollapse spcollapse\" id=\"collapse41110\"  role=\"region\" aria-labelledby=\"ea-header-41110\">  <!-- Content div. -->\n\t\t<div class=\"ea-body\">\n\t\t<p>Os documentos indexados na base Scopus atraem o interesse do setor produtivo, sendo citados em patentes nacionais e internacionais, assim como patentes geradas na UFMG s\u00e3o referenciadas em produ\u00e7\u00f5es bibliogr\u00e1ficas.<\/p>\n<p><img loading=\"lazy\" decoding=\"async\" class=\"\" src=\"https:\/\/www.ufmg.br\/prpq\/wp-content\/uploads\/2022\/04\/inovacao-2022.03.png\" width=\"720\" height=\"333\" \/><\/p>\n\t\t<\/div> <!-- Close content div. -->\n\t<\/div> <!-- Close collapse div. -->\n<\/div> <!-- Close card div. -->\n<!-- Start accordion card div. -->\n<div class=\"ea-card  sp-ea-single\">\n\t<!-- Start accordion header. -->\n\t<h3 class=\"ea-header\">\n\t\t<!-- Add anchor tag for header. -->\n\t\t<a class=\"collapsed\" id=\"ea-header-41111\" role=\"button\" data-sptoggle=\"spcollapse\" data-sptarget=\"#collapse41111\" aria-controls=\"collapse41111\" href=\"#\"  aria-expanded=\"false\" tabindex=\"0\">\n\t\t<i aria-hidden=\"true\" role=\"presentation\" class=\"ea-expand-icon eap-icon-ea-expand-plus\"><\/i> A visibilidade da pesquisa produzida UFMG (Scopus, Web of Science, Google Scholar)\t\t<\/a> <!-- Close anchor tag for header. -->\n\t<\/h3>\t<!-- Close header tag. -->\n\t<!-- Start collapsible content div. -->\n\t<div class=\"sp-collapse spcollapse spcollapse\" id=\"collapse41111\"  role=\"region\" aria-labelledby=\"ea-header-41111\">  <!-- Content div. -->\n\t\t<div class=\"ea-body\">\n\t\t<p>A produ\u00e7\u00e3o da UFMG \u00e9 melhor percebida em base de dados abertas como o Google Scholar. Em particular o Google Scholar identifica cita\u00e7\u00f5es em \u00e1reas menos representadas nas bases Scopus e Web of Science.<\/p>\n<p><img loading=\"lazy\" decoding=\"async\" class=\"\" src=\"https:\/\/www.ufmg.br\/prpq\/wp-content\/uploads\/2022\/04\/visibilidade-2022.04.png\" width=\"666\" height=\"333\" \/><\/p>\n\t\t<\/div> <!-- Close content div. -->\n\t<\/div> <!-- Close collapse div. -->\n<\/div> <!-- Close card div. -->\n<!-- Start accordion card div. -->\n<div class=\"ea-card  sp-ea-single\">\n\t<!-- Start accordion header. -->\n\t<h3 class=\"ea-header\">\n\t\t<!-- Add anchor tag for header. -->\n\t\t<a class=\"collapsed\" id=\"ea-header-41112\" role=\"button\" data-sptoggle=\"spcollapse\" data-sptarget=\"#collapse41112\" aria-controls=\"collapse41112\" href=\"#\"  aria-expanded=\"false\" tabindex=\"0\">\n\t\t<i aria-hidden=\"true\" role=\"presentation\" class=\"ea-expand-icon eap-icon-ea-expand-plus\"><\/i> Impacto da produ\u00e7\u00e3o cient\u00edfica da UFMG em colabora\u00e7\u00e3o internacional x nacional (SciVal\/Scopus)\t\t<\/a> <!-- Close anchor tag for header. -->\n\t<\/h3>\t<!-- Close header tag. -->\n\t<!-- Start collapsible content div. -->\n\t<div class=\"sp-collapse spcollapse spcollapse\" id=\"collapse41112\"  role=\"region\" aria-labelledby=\"ea-header-41112\">  <!-- Content div. -->\n\t\t<div class=\"ea-body\">\n\t\t<p>A cita\u00e7\u00e3o dos trabalhos produzidos na UFMG segue uma tend\u00eancia internacional na qual trabalhos realizados em parceria internacional recebem mais cita\u00e7\u00f5es que os demais.<\/p>\n<p><img loading=\"lazy\" decoding=\"async\" class=\"\" src=\"https:\/\/www.ufmg.br\/prpq\/wp-content\/uploads\/2022\/04\/citacaointxnac-2022.04.png\" width=\"666\" height=\"333\" \/><\/p>\n\t\t<\/div> <!-- Close content div. -->\n\t<\/div> <!-- Close collapse div. -->\n<\/div> <!-- Close card div. -->\n<!-- Start accordion card div. -->\n<div class=\"ea-card  sp-ea-single\">\n\t<!-- Start accordion header. -->\n\t<h3 class=\"ea-header\">\n\t\t<!-- Add anchor tag for header. -->\n\t\t<a class=\"collapsed\" id=\"ea-header-41113\" role=\"button\" data-sptoggle=\"spcollapse\" data-sptarget=\"#collapse41113\" aria-controls=\"collapse41113\" href=\"#\"  aria-expanded=\"false\" tabindex=\"0\">\n\t\t<i aria-hidden=\"true\" role=\"presentation\" class=\"ea-expand-icon eap-icon-ea-expand-plus\"><\/i> Distribui\u00e7\u00e3o de Grupos de Pesquisa credenciados na UFMG por Grande \u00c1rea CAPES\t\t<\/a> <!-- Close anchor tag for header. -->\n\t<\/h3>\t<!-- Close header tag. -->\n\t<!-- Start collapsible content div. -->\n\t<div class=\"sp-collapse spcollapse spcollapse\" id=\"collapse41113\"  role=\"region\" aria-labelledby=\"ea-header-41113\">  <!-- Content div. -->\n\t\t<div class=\"ea-body\">\n\t\t<p>Distribui\u00e7\u00e3o de Grupos de Pesquisa credenciados na UFMG por Grande \u00c1rea CAPES em 2022 (total de grupos 842). Os dados podem ser consultados em tempo real por meio do <a href=\"http:\/\/dgp.cnpq.br\/dgp\/faces\/consulta\/consulta_parametrizada.jsf\" target=\"_blank\" rel=\"noopener noreferrer\">Diret\u00f3rio de Grupos de Pesquisa \u2013 CNPq.<\/a><\/p>\n<p><img loading=\"lazy\" decoding=\"async\" class=\"\" src=\"https:\/\/www.ufmg.br\/prpq\/wp-content\/uploads\/2022\/04\/gruposxareas-2022.03.png\" width=\"666\" height=\"333\" \/><\/p>\n\t\t<\/div> <!-- Close content div. -->\n\t<\/div> <!-- Close collapse div. -->\n<\/div> <!-- Close card div. -->\n<\/div>\n<\/div>\n\n","protected":false},"excerpt":{"rendered":"","protected":false},"author":1,"featured_media":0,"parent":0,"menu_order":0,"comment_status":"closed","ping_status":"closed","template":"","meta":{"_acf_changed":false,"footnotes":""},"tags":[],"class_list":["post-412","page","type-page","status-publish","hentry"],"acf":[],"_links":{"self":[{"href":"https:\/\/www.ufmg.br\/prpq\/wp-json\/wp\/v2\/pages\/412","targetHints":{"allow":["GET"]}}],"collection":[{"href":"https:\/\/www.ufmg.br\/prpq\/wp-json\/wp\/v2\/pages"}],"about":[{"href":"https:\/\/www.ufmg.br\/prpq\/wp-json\/wp\/v2\/types\/page"}],"author":[{"embeddable":true,"href":"https:\/\/www.ufmg.br\/prpq\/wp-json\/wp\/v2\/users\/1"}],"replies":[{"embeddable":true,"href":"https:\/\/www.ufmg.br\/prpq\/wp-json\/wp\/v2\/comments?post=412"}],"version-history":[{"count":3,"href":"https:\/\/www.ufmg.br\/prpq\/wp-json\/wp\/v2\/pages\/412\/revisions"}],"predecessor-version":[{"id":907,"href":"https:\/\/www.ufmg.br\/prpq\/wp-json\/wp\/v2\/pages\/412\/revisions\/907"}],"wp:attachment":[{"href":"https:\/\/www.ufmg.br\/prpq\/wp-json\/wp\/v2\/media?parent=412"}],"wp:term":[{"taxonomy":"post_tag","embeddable":true,"href":"https:\/\/www.ufmg.br\/prpq\/wp-json\/wp\/v2\/tags?post=412"}],"curies":[{"name":"wp","href":"https:\/\/api.w.org\/{rel}","templated":true}]}}