{"id":415,"date":"2021-09-02T12:27:54","date_gmt":"2021-09-02T15:27:54","guid":{"rendered":"https:\/\/www.ufmg.br\/prpq\/?page_id=415"},"modified":"2025-01-23T17:53:54","modified_gmt":"2025-01-23T20:53:54","slug":"institutos-nacionais-de-ciencia-e-tecnologia","status":"publish","type":"page","link":"https:\/\/www.ufmg.br\/prpq\/institutos-nacionais-de-ciencia-e-tecnologia\/","title":{"rendered":"Institutos Nacionais de Ci\u00eancia e Tecnologia"},"content":{"rendered":"<p align=\"justify\">O programa de\u00a0<a href=\"http:\/\/inct.cnpq.br\/sobre\/\" target=\"_blank\" rel=\"noopener noreferrer\">Institutos Nacionais de Ci\u00eancia e Tecnologia\u00a0<\/a><b>(INCTs)<\/b>\u00a0\u00e9 um programa nacional, promovido em uma parceria do CNPq com as ag\u00eancias estaduais de fomento \u00e0 pesquisa, que visa apoiar os grupos de maior destaque, e com reconhecido papel de lideran\u00e7a em suas \u00e1reas de atua\u00e7\u00e3o. Atrav\u00e9s da articula\u00e7\u00e3o de suas redes de atua\u00e7\u00e3o, procura mobilizar os melhores grupos de pesquisa do pa\u00eds, para o desenvolvimento das fronteiras da ci\u00eancia e das \u00e1reas estrat\u00e9gicas para o desenvolvimento sustent\u00e1vel do Pa\u00eds, impulsionando e desenvolvendo a pesquisa cient\u00edfica e tecnol\u00f3gica de ponta, em estreita articula\u00e7\u00e3o com empresas inovadoras, promovendo o avan\u00e7o da compet\u00eancia nacional em sua \u00e1rea de atua\u00e7\u00e3o.<\/p>\n<p align=\"justify\">A UFMG sedia ou possui coordenadores nos seguintes INCTs.<\/p>\n<p align=\"justify\">\n<p align=\"justify\"><strong>FALTA INSERIR TABELA<\/strong><\/p>\n","protected":false},"excerpt":{"rendered":"<p>O programa de\u00a0Institutos Nacionais de Ci\u00eancia e Tecnologia\u00a0(INCTs)\u00a0\u00e9 um programa [&hellip;]<\/p>\n","protected":false},"author":1,"featured_media":0,"parent":0,"menu_order":0,"comment_status":"closed","ping_status":"closed","template":"","meta":{"_acf_changed":false,"footnotes":""},"tags":[],"class_list":["post-415","page","type-page","status-publish","hentry"],"acf":[],"_links":{"self":[{"href":"https:\/\/www.ufmg.br\/prpq\/wp-json\/wp\/v2\/pages\/415","targetHints":{"allow":["GET"]}}],"collection":[{"href":"https:\/\/www.ufmg.br\/prpq\/wp-json\/wp\/v2\/pages"}],"about":[{"href":"https:\/\/www.ufmg.br\/prpq\/wp-json\/wp\/v2\/types\/page"}],"author":[{"embeddable":true,"href":"https:\/\/www.ufmg.br\/prpq\/wp-json\/wp\/v2\/users\/1"}],"replies":[{"embeddable":true,"href":"https:\/\/www.ufmg.br\/prpq\/wp-json\/wp\/v2\/comments?post=415"}],"version-history":[{"count":2,"href":"https:\/\/www.ufmg.br\/prpq\/wp-json\/wp\/v2\/pages\/415\/revisions"}],"predecessor-version":[{"id":3323,"href":"https:\/\/www.ufmg.br\/prpq\/wp-json\/wp\/v2\/pages\/415\/revisions\/3323"}],"wp:attachment":[{"href":"https:\/\/www.ufmg.br\/prpq\/wp-json\/wp\/v2\/media?parent=415"}],"wp:term":[{"taxonomy":"post_tag","embeddable":true,"href":"https:\/\/www.ufmg.br\/prpq\/wp-json\/wp\/v2\/tags?post=415"}],"curies":[{"name":"wp","href":"https:\/\/api.w.org\/{rel}","templated":true}]}}