{"id":417,"date":"2021-09-02T12:28:49","date_gmt":"2021-09-02T15:28:49","guid":{"rendered":"https:\/\/www.ufmg.br\/prpq\/?page_id=417"},"modified":"2025-01-23T09:05:11","modified_gmt":"2025-01-23T12:05:11","slug":"bolsistas-de-produtividade-do-cnpq","status":"publish","type":"page","link":"https:\/\/www.ufmg.br\/prpq\/bolsistas-de-produtividade-do-cnpq\/","title":{"rendered":"Bolsistas de Produtividade do CNPq"},"content":{"rendered":"<p align=\"justify\">Bolsas de Produtividade em Pesquisa (PQ) e de Produtividade em Desenvolvimento Tecnol\u00f3gico e Extens\u00e3o Inovadora (DT) s\u00e3o destinadas aos pesquisadores que se destaquem entre seus pares, segundo crit\u00e9rios normativos, estabelecidos pelo CNPq, e espec\u00edficos, estabelecidos pelos Comit\u00eas de Assessoramento (CAs) do CNPq.<\/p>\n<p align=\"justify\">A solicita\u00e7\u00e3o dessas bolsas \u00e9 feita pelos pr\u00f3prios pesquisadores atrav\u00e9s da\u00a0<a href=\"http:\/\/efomento.cnpq.br\/efomento\/\" target=\"_blank\" rel=\"noopener noreferrer\">Plataforma Carlos Chagas<\/a>, de acordo com calend\u00e1rio pr\u00f3prio do CNPq. Mais informa\u00e7\u00f5es podem ser obtidas na p\u00e1gina\u00a0<a href=\"http:\/\/memoria2.cnpq.br\/web\/guest\/chamadas-publicas?p_p_id=resultadosportlet_WAR_resultadoscnpqportlet_INSTANCE_0ZaM&#038;filtro=abertas\/\" target=\"_blank\" rel=\"noopener noreferrer\">Bolsas e Aux\u00edlios<\/a>\u00a0do CNPq.<\/p>\n<p>Dados atualizados em atualiza\u00e7\u00e3o.<\/p>\n","protected":false},"excerpt":{"rendered":"<p>Bolsas de Produtividade em Pesquisa (PQ) e de Produtividade em [&hellip;]<\/p>\n","protected":false},"author":1,"featured_media":0,"parent":0,"menu_order":0,"comment_status":"closed","ping_status":"closed","template":"","meta":{"_acf_changed":false,"footnotes":""},"tags":[],"class_list":["post-417","page","type-page","status-publish","hentry"],"acf":[],"_links":{"self":[{"href":"https:\/\/www.ufmg.br\/prpq\/wp-json\/wp\/v2\/pages\/417","targetHints":{"allow":["GET"]}}],"collection":[{"href":"https:\/\/www.ufmg.br\/prpq\/wp-json\/wp\/v2\/pages"}],"about":[{"href":"https:\/\/www.ufmg.br\/prpq\/wp-json\/wp\/v2\/types\/page"}],"author":[{"embeddable":true,"href":"https:\/\/www.ufmg.br\/prpq\/wp-json\/wp\/v2\/users\/1"}],"replies":[{"embeddable":true,"href":"https:\/\/www.ufmg.br\/prpq\/wp-json\/wp\/v2\/comments?post=417"}],"version-history":[{"count":23,"href":"https:\/\/www.ufmg.br\/prpq\/wp-json\/wp\/v2\/pages\/417\/revisions"}],"predecessor-version":[{"id":3302,"href":"https:\/\/www.ufmg.br\/prpq\/wp-json\/wp\/v2\/pages\/417\/revisions\/3302"}],"wp:attachment":[{"href":"https:\/\/www.ufmg.br\/prpq\/wp-json\/wp\/v2\/media?parent=417"}],"wp:term":[{"taxonomy":"post_tag","embeddable":true,"href":"https:\/\/www.ufmg.br\/prpq\/wp-json\/wp\/v2\/tags?post=417"}],"curies":[{"name":"wp","href":"https:\/\/api.w.org\/{rel}","templated":true}]}}