{"id":429,"date":"2021-09-02T12:37:47","date_gmt":"2021-09-02T15:37:47","guid":{"rendered":"https:\/\/www.ufmg.br\/prpq\/?page_id=429"},"modified":"2022-05-02T12:19:37","modified_gmt":"2022-05-02T15:19:37","slug":"grupos-de-pesquisa","status":"publish","type":"page","link":"https:\/\/www.ufmg.br\/prpq\/grupos-de-pesquisa\/","title":{"rendered":"Grupos de Pesquisa"},"content":{"rendered":"<p>De acordo com a\u00a0<a class=\"file-to-download\" href=\"https:\/\/www.ufmg.br\/prpq\/wp-content\/uploads\/2019\/05\/Resolucao-CEPE-02-2019.pdf\" target=\"_blank\" rel=\"noopener\">Resolu\u00e7\u00e3o CEPE 02\/2019<\/a>, Grupo de Pesquisa \u00e9 definido como conjunto de indiv\u00edduos organizados em torno de uma ou, eventualmente, duas lideran\u00e7as, chamadas de 1\u00ba l\u00edder e 2\u00ba l\u00edder, cujo fundamento organizador \u00e9 a experi\u00eancia, o destaque e a lideran\u00e7a no terreno art\u00edstico, cient\u00edfico ou tecnol\u00f3gico; no qual existe envolvimento profissional e permanente com a atividade de pesquisa; cujo trabalho se organiza em torno de linhas comuns de pesquisa que subordinam-se ao Grupo; e que, em algum grau, compartilha instala\u00e7\u00f5es e equipamentos.<\/p>\n<p>Para informa\u00e7\u00f5es sobre como criar um grupo de pesquisa\u00a0<a class=\"file-to-download\" href=\"https:\/\/www.ufmg.br\/prpq\/wp-content\/uploads\/2022\/04\/Procedimentos_criacao_Grupos_de_Pesquisa_UFMG_v3.pdf\" target=\"_blank\" rel=\"noopener\">clique aqui<\/a>.<\/p>\n<p>D\u00favidas sobre os Grupos de Pesquisa? <a href=\"https:\/\/www.ufmg.br\/prpq\/grupos-de-pesquisa-faq\/\">Acesse o FAQ<\/a>.<\/p>\n<p><strong>Para solicitar o credenciamento de um grupo de pesquisa, preencha o formul\u00e1rio abaixo:<\/strong><\/p>\n\n<div class=\"wpcf7 no-js\" id=\"wpcf7-f902-o1\" lang=\"pt-BR\" dir=\"ltr\" data-wpcf7-id=\"902\">\n<div class=\"screen-reader-response\"><p role=\"status\" aria-live=\"polite\" aria-atomic=\"true\"><\/p> <ul><\/ul><\/div>\n<form action=\"\/prpq\/wp-json\/wp\/v2\/pages\/429#wpcf7-f902-o1\" method=\"post\" class=\"wpcf7-form init\" aria-label=\"Formul\u00e1rios de contato\" enctype=\"multipart\/form-data\" novalidate=\"novalidate\" data-status=\"init\">\n<div style=\"display: none;\">\n<input type=\"hidden\" name=\"_wpcf7\" value=\"902\" \/>\n<input type=\"hidden\" name=\"_wpcf7_version\" value=\"6.0.5\" \/>\n<input type=\"hidden\" name=\"_wpcf7_locale\" value=\"pt_BR\" \/>\n<input type=\"hidden\" name=\"_wpcf7_unit_tag\" value=\"wpcf7-f902-o1\" \/>\n<input type=\"hidden\" name=\"_wpcf7_container_post\" value=\"0\" \/>\n<input type=\"hidden\" name=\"_wpcf7_posted_data_hash\" value=\"\" \/>\n<\/div>\n<p><label>Nome completo do Grupo de Pesquisa<b>(obrigat\u00f3rio)<\/b><br \/>\n<span class=\"wpcf7-form-control-wrap\" data-name=\"nome-grupo\"><input size=\"40\" maxlength=\"400\" class=\"wpcf7-form-control wpcf7-text wpcf7-validates-as-required\" aria-required=\"true\" aria-invalid=\"false\" value=\"\" type=\"text\" name=\"nome-grupo\" \/><\/span><br \/>\n<\/label>\n<\/p>\n<p><label>Nome completo do primeiro l\u00edder do grupo <b>(obrigat\u00f3rio)<\/b><br \/>\n<span class=\"wpcf7-form-control-wrap\" data-name=\"prim-lider\"><input size=\"40\" maxlength=\"400\" class=\"wpcf7-form-control wpcf7-text wpcf7-validates-as-required\" aria-required=\"true\" aria-invalid=\"false\" value=\"\" type=\"text\" name=\"prim-lider\" \/><\/span><br \/>\n<\/label>\n<\/p>\n<p><label>E-mail do primeiro l\u00edder<b>(obrigat\u00f3rio)<\/b><br \/>\n<span class=\"wpcf7-form-control-wrap\" data-name=\"email-lider\"><input size=\"40\" maxlength=\"400\" class=\"wpcf7-form-control wpcf7-email wpcf7-validates-as-required wpcf7-text wpcf7-validates-as-email\" aria-required=\"true\" aria-invalid=\"false\" value=\"\" type=\"email\" name=\"email-lider\" \/><\/span><br \/>\n<\/label>\n<\/p>\n<p><label>Telefone institucional do primeiro l\u00edder<b>(obrigat\u00f3rio)<\/b><br \/>\n<span class=\"wpcf7-form-control-wrap\" data-name=\"tel-lider\"><input size=\"40\" maxlength=\"400\" class=\"wpcf7-form-control wpcf7-text wpcf7-validates-as-required\" aria-required=\"true\" aria-invalid=\"false\" value=\"\" type=\"text\" name=\"tel-lider\" \/><\/span><br \/>\n<\/label>\n<\/p>\n<p><label>Departamento ou \u00f3rg\u00e3o equivalente do primeiro l\u00edder <b>(obrigat\u00f3rio)<\/b><br \/>\n<span class=\"wpcf7-form-control-wrap\" data-name=\"dep-lider\"><input size=\"40\" maxlength=\"400\" class=\"wpcf7-form-control wpcf7-text wpcf7-validates-as-required\" aria-required=\"true\" aria-invalid=\"false\" value=\"\" type=\"text\" name=\"dep-lider\" \/><\/span><br \/>\n<\/label>\n<\/p>\n<p><label>Nome completo do segundo l\u00edder do grupo<b>(opcional)<\/b><br \/>\n<span class=\"wpcf7-form-control-wrap\" data-name=\"seg-lider\"><input size=\"40\" maxlength=\"400\" class=\"wpcf7-form-control wpcf7-text\" aria-invalid=\"false\" value=\"\" type=\"text\" name=\"seg-lider\" \/><\/span><br \/>\n<\/label>\n<\/p>\n<p><label>Anexe o documento de aprova\u00e7\u00e3o do grupo em formato PDF: <b>(obrigat\u00f3rio | m\u00e1ximo 1MB)<\/b><br \/>\n<span class=\"wpcf7-form-control-wrap\" data-name=\"anexo_grupo\"><input size=\"40\" class=\"wpcf7-form-control wpcf7-file wpcf7-validates-as-required\" accept=\".pdf\" aria-required=\"true\" aria-invalid=\"false\" type=\"file\" name=\"anexo_grupo\" \/><\/span><br \/>\n<\/label>\n<\/p>\n<p><label>Mensagem: <b>(obrigat\u00f3rio)<\/b><br \/>\n<span class=\"wpcf7-form-control-wrap\" data-name=\"your-message\"><textarea cols=\"40\" rows=\"10\" maxlength=\"2000\" class=\"wpcf7-form-control wpcf7-textarea wpcf7-validates-as-required\" aria-required=\"true\" aria-invalid=\"false\" name=\"your-message\"><\/textarea><\/span><br \/>\n<\/label>\n<\/p>\n<p><div id=\"cf7sr-69e38c54b6c21\" class=\"cf7sr-g-recaptcha\" data-theme=\"light\" data-type=\"image\" data-size=\"normal\" data-sitekey=\"6Lfk20MUAAAAAHP30ekl_xMYSSznzVAIBBvrMYvK\"><\/div><span class=\"wpcf7-form-control-wrap cf7sr-recaptcha\" data-name=\"cf7sr-recaptcha\"><input type=\"hidden\" name=\"cf7sr-recaptcha\" value=\"\" class=\"wpcf7-form-control\"><\/span><br \/>\n<input class=\"wpcf7-form-control wpcf7-submit has-spinner\" type=\"submit\" value=\"Enviar\" \/>\n<\/p>\n\n\n\n<div class=\"wpcf7-response-output\" aria-hidden=\"true\"><\/div>\n<\/form>\n<\/div>\n\n","protected":false},"excerpt":{"rendered":"<p>De acordo com a\u00a0Resolu\u00e7\u00e3o CEPE 02\/2019, Grupo de Pesquisa \u00e9 [&hellip;]<\/p>\n","protected":false},"author":1,"featured_media":0,"parent":0,"menu_order":0,"comment_status":"closed","ping_status":"closed","template":"","meta":{"_acf_changed":false,"footnotes":""},"tags":[],"class_list":["post-429","page","type-page","status-publish","hentry"],"acf":[],"_links":{"self":[{"href":"https:\/\/www.ufmg.br\/prpq\/wp-json\/wp\/v2\/pages\/429","targetHints":{"allow":["GET"]}}],"collection":[{"href":"https:\/\/www.ufmg.br\/prpq\/wp-json\/wp\/v2\/pages"}],"about":[{"href":"https:\/\/www.ufmg.br\/prpq\/wp-json\/wp\/v2\/types\/page"}],"author":[{"embeddable":true,"href":"https:\/\/www.ufmg.br\/prpq\/wp-json\/wp\/v2\/users\/1"}],"replies":[{"embeddable":true,"href":"https:\/\/www.ufmg.br\/prpq\/wp-json\/wp\/v2\/comments?post=429"}],"version-history":[{"count":10,"href":"https:\/\/www.ufmg.br\/prpq\/wp-json\/wp\/v2\/pages\/429\/revisions"}],"predecessor-version":[{"id":1441,"href":"https:\/\/www.ufmg.br\/prpq\/wp-json\/wp\/v2\/pages\/429\/revisions\/1441"}],"wp:attachment":[{"href":"https:\/\/www.ufmg.br\/prpq\/wp-json\/wp\/v2\/media?parent=429"}],"wp:term":[{"taxonomy":"post_tag","embeddable":true,"href":"https:\/\/www.ufmg.br\/prpq\/wp-json\/wp\/v2\/tags?post=429"}],"curies":[{"name":"wp","href":"https:\/\/api.w.org\/{rel}","templated":true}]}}