{"id":435,"date":"2021-09-02T12:43:35","date_gmt":"2021-09-02T15:43:35","guid":{"rendered":"https:\/\/www.ufmg.br\/prpq\/?page_id=435"},"modified":"2022-05-02T13:12:59","modified_gmt":"2022-05-02T16:12:59","slug":"comite-de-etica-em-pesquisa","status":"publish","type":"page","link":"https:\/\/www.ufmg.br\/prpq\/comite-de-etica-em-pesquisa\/","title":{"rendered":"Comit\u00ea de \u00c9tica em Pesquisa"},"content":{"rendered":"<p class=\"western\" align=\"justify\">O Comit\u00ea de \u00c9tica em Pesquisa (CEP) \u00e9 o \u00f3rg\u00e3o institucional da UFMG que visa proteger o bem-estar dos indiv\u00edduos participantes em pesquisas realizadas no \u00e2mbito da Universidade. Necessitam da aprova\u00e7\u00e3o do CEP os projetos de pesquisa, cuja fonte prim\u00e1ria de informa\u00e7\u00e3o seja o ser humano, individual ou coletivamente, direta ou indiretamente \u2013 incluindo suas partes. Isto inclui material biol\u00f3gico ou dados j\u00e1 armazenados.<\/p>\n<p class=\"western\" align=\"justify\">Para mais informa\u00e7\u00f5es sobre o CEP, <a href=\"https:\/\/www.ufmg.br\/bioetica\/coep\" target=\"_blank\" rel=\"noopener noreferrer\">clique aqui<\/a>.<\/p>\n","protected":false},"excerpt":{"rendered":"<p>O Comit\u00ea de \u00c9tica em Pesquisa (CEP) \u00e9 o \u00f3rg\u00e3o [&hellip;]<\/p>\n","protected":false},"author":1,"featured_media":0,"parent":0,"menu_order":0,"comment_status":"closed","ping_status":"closed","template":"","meta":{"_acf_changed":false,"footnotes":""},"tags":[],"class_list":["post-435","page","type-page","status-publish","hentry"],"acf":[],"_links":{"self":[{"href":"https:\/\/www.ufmg.br\/prpq\/wp-json\/wp\/v2\/pages\/435","targetHints":{"allow":["GET"]}}],"collection":[{"href":"https:\/\/www.ufmg.br\/prpq\/wp-json\/wp\/v2\/pages"}],"about":[{"href":"https:\/\/www.ufmg.br\/prpq\/wp-json\/wp\/v2\/types\/page"}],"author":[{"embeddable":true,"href":"https:\/\/www.ufmg.br\/prpq\/wp-json\/wp\/v2\/users\/1"}],"replies":[{"embeddable":true,"href":"https:\/\/www.ufmg.br\/prpq\/wp-json\/wp\/v2\/comments?post=435"}],"version-history":[{"count":5,"href":"https:\/\/www.ufmg.br\/prpq\/wp-json\/wp\/v2\/pages\/435\/revisions"}],"predecessor-version":[{"id":3312,"href":"https:\/\/www.ufmg.br\/prpq\/wp-json\/wp\/v2\/pages\/435\/revisions\/3312"}],"wp:attachment":[{"href":"https:\/\/www.ufmg.br\/prpq\/wp-json\/wp\/v2\/media?parent=435"}],"wp:term":[{"taxonomy":"post_tag","embeddable":true,"href":"https:\/\/www.ufmg.br\/prpq\/wp-json\/wp\/v2\/tags?post=435"}],"curies":[{"name":"wp","href":"https:\/\/api.w.org\/{rel}","templated":true}]}}