{"id":437,"date":"2021-09-02T12:44:01","date_gmt":"2021-09-02T15:44:01","guid":{"rendered":"https:\/\/www.ufmg.br\/prpq\/?page_id=437"},"modified":"2024-11-29T12:02:39","modified_gmt":"2024-11-29T15:02:39","slug":"comissao-de-etica-no-uso-de-animais","status":"publish","type":"page","link":"https:\/\/www.ufmg.br\/prpq\/comissao-de-etica-no-uso-de-animais\/","title":{"rendered":"Comiss\u00e3o de \u00c9tica no Uso de Animais"},"content":{"rendered":"<p class=\"western\" align=\"justify\">A Comiss\u00e3o de \u00c9tica no Uso de Animais (CEUA) estabelece normas gerais para a utiliza\u00e7\u00e3o de animais para pesquisa e para procedimentos pedag\u00f3gicos (aulas pr\u00e1ticas, treinamentos etc.).<\/p>\n<p class=\"western\" align=\"justify\">Para mais informa\u00e7\u00f5es sobre a CEUA, <a href=\"https:\/\/www.ufmg.br\/bioetica\/ceua\" target=\"_blank\" rel=\"noopener noreferrer\">clique aqui<\/a>.<\/p>\n<p align=\"justify\">Atendimento via WhatsApp (31) 3409-4516.<\/p>\n","protected":false},"excerpt":{"rendered":"<p>A Comiss\u00e3o de \u00c9tica no Uso de Animais (CEUA) estabelece [&hellip;]<\/p>\n","protected":false},"author":1,"featured_media":0,"parent":0,"menu_order":0,"comment_status":"closed","ping_status":"closed","template":"","meta":{"_acf_changed":false,"footnotes":""},"tags":[],"class_list":["post-437","page","type-page","status-publish","hentry"],"acf":[],"_links":{"self":[{"href":"https:\/\/www.ufmg.br\/prpq\/wp-json\/wp\/v2\/pages\/437","targetHints":{"allow":["GET"]}}],"collection":[{"href":"https:\/\/www.ufmg.br\/prpq\/wp-json\/wp\/v2\/pages"}],"about":[{"href":"https:\/\/www.ufmg.br\/prpq\/wp-json\/wp\/v2\/types\/page"}],"author":[{"embeddable":true,"href":"https:\/\/www.ufmg.br\/prpq\/wp-json\/wp\/v2\/users\/1"}],"replies":[{"embeddable":true,"href":"https:\/\/www.ufmg.br\/prpq\/wp-json\/wp\/v2\/comments?post=437"}],"version-history":[{"count":4,"href":"https:\/\/www.ufmg.br\/prpq\/wp-json\/wp\/v2\/pages\/437\/revisions"}],"predecessor-version":[{"id":3311,"href":"https:\/\/www.ufmg.br\/prpq\/wp-json\/wp\/v2\/pages\/437\/revisions\/3311"}],"wp:attachment":[{"href":"https:\/\/www.ufmg.br\/prpq\/wp-json\/wp\/v2\/media?parent=437"}],"wp:term":[{"taxonomy":"post_tag","embeddable":true,"href":"https:\/\/www.ufmg.br\/prpq\/wp-json\/wp\/v2\/tags?post=437"}],"curies":[{"name":"wp","href":"https:\/\/api.w.org\/{rel}","templated":true}]}}