{"id":459,"date":"2021-09-02T13:27:42","date_gmt":"2021-09-02T16:27:42","guid":{"rendered":"https:\/\/www.ufmg.br\/prpq\/?page_id=459"},"modified":"2022-05-02T12:18:03","modified_gmt":"2022-05-02T15:18:03","slug":"criterios-de-avaliacao","status":"publish","type":"page","link":"https:\/\/www.ufmg.br\/prpq\/criterios-de-avaliacao\/","title":{"rendered":"Crit\u00e9rios de Avalia\u00e7\u00e3o"},"content":{"rendered":"<style>#sp-ea-456 .spcollapsing { height: 0; overflow: hidden; transition-property: height;transition-duration: 500ms;}#sp-ea-456.sp-easy-accordion>.sp-ea-single {margin-bottom: 10px; border: 1px solid #e2e2e2; }#sp-ea-456.sp-easy-accordion>.sp-ea-single>.ea-header a {color: #444;}#sp-ea-456.sp-easy-accordion>.sp-ea-single>.sp-collapse>.ea-body {background: #fff; color: #444;}#sp-ea-456.sp-easy-accordion>.sp-ea-single {background: #eee;}#sp-ea-456.sp-easy-accordion>.sp-ea-single>.ea-header a .ea-expand-icon { float: left; color: #444;font-size: 16px;}<\/style><div id=\"sp_easy_accordion-1749648809\">\n<div id=\"sp-ea-456\" class=\"sp-ea-one sp-easy-accordion\" data-ea-active=\"ea-click\" data-ea-mode=\"vertical\" data-preloader=\"\" data-scroll-active-item=\"\" data-offset-to-scroll=\"0\">\n\n<!-- Start accordion card div. -->\n<div class=\"ea-card ea-expand sp-ea-single\">\n\t<!-- Start accordion header. -->\n\t<h3 class=\"ea-header\">\n\t\t<!-- Add anchor tag for header. -->\n\t\t<a class=\"collapsed\" id=\"ea-header-4560\" role=\"button\" data-sptoggle=\"spcollapse\" data-sptarget=\"#collapse4560\" aria-controls=\"collapse4560\" href=\"#\"  aria-expanded=\"true\" tabindex=\"0\">\n\t\t<i aria-hidden=\"true\" role=\"presentation\" class=\"ea-expand-icon eap-icon-ea-expand-minus\"><\/i> 2026\t\t<\/a> <!-- Close anchor tag for header. -->\n\t<\/h3>\t<!-- Close header tag. -->\n\t<!-- Start collapsible content div. -->\n\t<div class=\"sp-collapse spcollapse collapsed show\" id=\"collapse4560\" data-parent=\"#sp-ea-456\" role=\"region\" aria-labelledby=\"ea-header-4560\">  <!-- Content div. -->\n\t\t<div class=\"ea-body\">\n\t\t<p><a href=\"https:\/\/www.ufmg.br\/prpq\/wp-content\/uploads\/2025\/11\/CriteriosEdital2025_2.pdf\" target=\"_blank\" rel=\"noopener\">Crit\u00e9rios de Avalia\u00e7\u00e3o<\/a><\/p>\n\t\t<\/div> <!-- Close content div. -->\n\t<\/div> <!-- Close collapse div. -->\n<\/div> <!-- Close card div. -->\n<!-- Start accordion card div. -->\n<div class=\"ea-card  sp-ea-single\">\n\t<!-- Start accordion header. -->\n\t<h3 class=\"ea-header\">\n\t\t<!-- Add anchor tag for header. -->\n\t\t<a class=\"collapsed\" id=\"ea-header-4561\" role=\"button\" data-sptoggle=\"spcollapse\" data-sptarget=\"#collapse4561\" aria-controls=\"collapse4561\" href=\"#\"  aria-expanded=\"false\" tabindex=\"0\">\n\t\t<i aria-hidden=\"true\" role=\"presentation\" class=\"ea-expand-icon eap-icon-ea-expand-plus\"><\/i> 2025\t\t<\/a> <!-- Close anchor tag for header. -->\n\t<\/h3>\t<!-- Close header tag. -->\n\t<!-- Start collapsible content div. -->\n\t<div class=\"sp-collapse spcollapse \" id=\"collapse4561\" data-parent=\"#sp-ea-456\" role=\"region\" aria-labelledby=\"ea-header-4561\">  <!-- Content div. -->\n\t\t<div class=\"ea-body\">\n\t\t<p><strong>1\u00ba semestre:<\/strong> Constam no anexo 1 do Edital<\/p>\n<p><strong>2\u00ba semestre:<\/strong> <a href=\"https:\/\/www.ufmg.br\/prpq\/wp-content\/uploads\/2025\/11\/CriteriosEdital2025_2.pdf\" target=\"_blank\" rel=\"noopener\">Crit\u00e9rios de Avalia\u00e7\u00e3o<\/a><\/p>\n\t\t<\/div> <!-- Close content div. -->\n\t<\/div> <!-- Close collapse div. -->\n<\/div> <!-- Close card div. -->\n<!-- Start accordion card div. -->\n<div class=\"ea-card  sp-ea-single\">\n\t<!-- Start accordion header. -->\n\t<h3 class=\"ea-header\">\n\t\t<!-- Add anchor tag for header. -->\n\t\t<a class=\"collapsed\" id=\"ea-header-4562\" role=\"button\" data-sptoggle=\"spcollapse\" data-sptarget=\"#collapse4562\" aria-controls=\"collapse4562\" href=\"#\"  aria-expanded=\"false\" tabindex=\"0\">\n\t\t<i aria-hidden=\"true\" role=\"presentation\" class=\"ea-expand-icon eap-icon-ea-expand-plus\"><\/i> 2024\t\t<\/a> <!-- Close anchor tag for header. -->\n\t<\/h3>\t<!-- Close header tag. -->\n\t<!-- Start collapsible content div. -->\n\t<div class=\"sp-collapse spcollapse \" id=\"collapse4562\" data-parent=\"#sp-ea-456\" role=\"region\" aria-labelledby=\"ea-header-4562\">  <!-- Content div. -->\n\t\t<div class=\"ea-body\">\n\t\t<p><a href=\"https:\/\/www.ufmg.br\/prpq\/wp-content\/uploads\/2022\/03\/Criterios_Camara_de_Pesquisa_11_03_2022.pdf\">Crit\u00e9rios da C\u00e2mara de Pesquisa<\/a><br \/>\n<a href=\"https:\/\/www.ufmg.br\/prpq\/wp-content\/uploads\/2024\/06\/criterios2024.pdf\" target=\"_blank\" rel=\"noopener\">Crit\u00e9rios por \u00c1rea do Conhecimento<\/a><br \/>\n<a href=\"https:\/\/www.ufmg.br\/prpq\/wp-content\/uploads\/2024\/06\/criterio_medio2024.pdf\" target=\"_blank\" rel=\"noopener\">Crit\u00e9rios do Comit\u00ea do Ensino M\u00e9dio<\/a><br \/>\n<a href=\"https:\/\/www.ufmg.br\/prpq\/wp-content\/uploads\/2024\/06\/criteriostec2024.pdf\" target=\"_blank\" rel=\"noopener\">Crit\u00e9rios do Comit\u00ea de Tecnol\u00f3gica e Inova\u00e7\u00e3o<\/a><br \/>\n<a href=\"https:\/\/www.ufmg.br\/prpq\/wp-content\/uploads\/2021\/09\/Qualis_referencia_2024.pdf\" target=\"_blank\" rel=\"noopener\">Tabela Qualis<\/a><\/p>\n\t\t<\/div> <!-- Close content div. -->\n\t<\/div> <!-- Close collapse div. -->\n<\/div> <!-- Close card div. -->\n<!-- Start accordion card div. -->\n<div class=\"ea-card  sp-ea-single\">\n\t<!-- Start accordion header. -->\n\t<h3 class=\"ea-header\">\n\t\t<!-- Add anchor tag for header. -->\n\t\t<a class=\"collapsed\" id=\"ea-header-4563\" role=\"button\" data-sptoggle=\"spcollapse\" data-sptarget=\"#collapse4563\" aria-controls=\"collapse4563\" href=\"#\"  aria-expanded=\"false\" tabindex=\"0\">\n\t\t<i aria-hidden=\"true\" role=\"presentation\" class=\"ea-expand-icon eap-icon-ea-expand-plus\"><\/i> 2023\t\t<\/a> <!-- Close anchor tag for header. -->\n\t<\/h3>\t<!-- Close header tag. -->\n\t<!-- Start collapsible content div. -->\n\t<div class=\"sp-collapse spcollapse \" id=\"collapse4563\" data-parent=\"#sp-ea-456\" role=\"region\" aria-labelledby=\"ea-header-4563\">  <!-- Content div. -->\n\t\t<div class=\"ea-body\">\n\t\t<p><a href=\"https:\/\/www.ufmg.br\/prpq\/wp-content\/uploads\/2022\/03\/Criterios_Camara_de_Pesquisa_11_03_2022.pdf\">Crit\u00e9rios da C\u00e2mara de Pesquisa<\/a><br \/>\n<a href=\"https:\/\/www.ufmg.br\/prpq\/wp-content\/uploads\/2023\/06\/criterios_area2023.pdf\" target=\"_blank\" rel=\"noopener\">Crit\u00e9rios por \u00c1rea do Conhecimento<\/a><br \/>\n<a href=\"https:\/\/www.ufmg.br\/prpq\/wp-content\/uploads\/2023\/06\/criterio_medio2023.pdf\" target=\"_blank\" rel=\"noopener\">Crit\u00e9rios do Comit\u00ea do Ensino M\u00e9dio<\/a><br \/>\n<a href=\"https:\/\/www.ufmg.br\/prpq\/wp-content\/uploads\/2023\/06\/criteriostec2023.pdf\" target=\"_blank\" rel=\"noopener\">Crit\u00e9rios do Comit\u00ea de Tecnol\u00f3gica e Inova\u00e7\u00e3o<\/a><br \/>\n<a href=\"https:\/\/www.ufmg.br\/prpq\/wp-content\/uploads\/2023\/06\/qualis_referencia2023.pdf\" target=\"_blank\" rel=\"noopener\">Tabela Qualis<\/a><\/p>\n\t\t<\/div> <!-- Close content div. -->\n\t<\/div> <!-- Close collapse div. -->\n<\/div> <!-- Close card div. -->\n<!-- Start accordion card div. -->\n<div class=\"ea-card  sp-ea-single\">\n\t<!-- Start accordion header. -->\n\t<h3 class=\"ea-header\">\n\t\t<!-- Add anchor tag for header. -->\n\t\t<a class=\"collapsed\" id=\"ea-header-4564\" role=\"button\" data-sptoggle=\"spcollapse\" data-sptarget=\"#collapse4564\" aria-controls=\"collapse4564\" href=\"#\"  aria-expanded=\"false\" tabindex=\"0\">\n\t\t<i aria-hidden=\"true\" role=\"presentation\" class=\"ea-expand-icon eap-icon-ea-expand-plus\"><\/i> 2022\t\t<\/a> <!-- Close anchor tag for header. -->\n\t<\/h3>\t<!-- Close header tag. -->\n\t<!-- Start collapsible content div. -->\n\t<div class=\"sp-collapse spcollapse \" id=\"collapse4564\" data-parent=\"#sp-ea-456\" role=\"region\" aria-labelledby=\"ea-header-4564\">  <!-- Content div. -->\n\t\t<div class=\"ea-body\">\n\t\t<p><a href=\"https:\/\/www.ufmg.br\/prpq\/wp-content\/uploads\/2022\/03\/Criterios_Camara_de_Pesquisa_11_03_2022.pdf\">Crit\u00e9rios da C\u00e2mara de Pesquisa<\/a><br \/>\n<a href=\"https:\/\/www.ufmg.br\/prpq\/wp-content\/uploads\/2022\/04\/criterios_area2022.pdf\" target=\"_blank\" rel=\"noopener\">Crit\u00e9rios por \u00c1rea do Conhecimento<\/a><br \/>\n<a href=\"https:\/\/www.ufmg.br\/prpq\/wp-content\/uploads\/2022\/03\/criterio_medio2022.pdf\" target=\"_blank\" rel=\"noopener\">Crit\u00e9rios do Comit\u00ea do Ensino M\u00e9dio<\/a><br \/>\n<a href=\"https:\/\/www.ufmg.br\/prpq\/wp-content\/uploads\/2022\/03\/criteriostec2022.pdf\" target=\"_blank\" rel=\"noopener\">Crit\u00e9rios do Comit\u00ea de Tecnol\u00f3gica e Inova\u00e7\u00e3o<\/a><br \/>\n<a href=\"https:\/\/www.ufmg.br\/prpq\/wp-content\/uploads\/2022\/05\/qualis_referencia2022.pdf\" target=\"_blank\" rel=\"noopener\">Tabela Qualis<\/a><\/p>\n\t\t<\/div> <!-- Close content div. -->\n\t<\/div> <!-- Close collapse div. -->\n<\/div> <!-- Close card div. -->\n<!-- Start accordion card div. -->\n<div class=\"ea-card  sp-ea-single\">\n\t<!-- Start accordion header. -->\n\t<h3 class=\"ea-header\">\n\t\t<!-- Add anchor tag for header. -->\n\t\t<a class=\"collapsed\" id=\"ea-header-4565\" role=\"button\" data-sptoggle=\"spcollapse\" data-sptarget=\"#collapse4565\" aria-controls=\"collapse4565\" href=\"#\"  aria-expanded=\"false\" tabindex=\"0\">\n\t\t<i aria-hidden=\"true\" role=\"presentation\" class=\"ea-expand-icon eap-icon-ea-expand-plus\"><\/i> 2021\t\t<\/a> <!-- Close anchor tag for header. -->\n\t<\/h3>\t<!-- Close header tag. -->\n\t<!-- Start collapsible content div. -->\n\t<div class=\"sp-collapse spcollapse \" id=\"collapse4565\" data-parent=\"#sp-ea-456\" role=\"region\" aria-labelledby=\"ea-header-4565\">  <!-- Content div. -->\n\t\t<div class=\"ea-body\">\n\t\t<p><a class=\"file-to-download\" href=\"https:\/\/www.ufmg.br\/prpq\/wp-content\/uploads\/2020\/04\/criterios_camara.pdf\" target=\"_blank\" rel=\"noopener\">Crit\u00e9rios da C\u00e2mara de Pesquisa<\/a><br \/>\n<a class=\"file-to-download\" href=\"https:\/\/www.ufmg.br\/prpq\/wp-content\/uploads\/2020\/04\/comites.pdf\" target=\"_blank\" rel=\"noopener\">Crit\u00e9rios por \u00c1rea do Conhecimento<\/a><br \/>\n<a class=\"file-to-download\" href=\"https:\/\/www.ufmg.br\/prpq\/wp-content\/uploads\/2020\/04\/criterios_em_2020.pdf\" target=\"_blank\" rel=\"noopener\">Crit\u00e9rios do Comit\u00ea do Ensino M\u00e9dio<\/a><br \/>\n<a class=\"file-to-download\" href=\"https:\/\/www.ufmg.br\/prpq\/wp-content\/uploads\/2020\/04\/criterios_pibit_2020.pdf\" target=\"_blank\" rel=\"noopener\">Crit\u00e9rios do Comit\u00ea de Tecnol\u00f3gica e Inova\u00e7\u00e3o<\/a><\/p>\n\t\t<\/div> <!-- Close content div. -->\n\t<\/div> <!-- Close collapse div. -->\n<\/div> <!-- Close card div. -->\n<!-- Start accordion card div. -->\n<div class=\"ea-card  sp-ea-single\">\n\t<!-- Start accordion header. -->\n\t<h3 class=\"ea-header\">\n\t\t<!-- Add anchor tag for header. -->\n\t\t<a class=\"collapsed\" id=\"ea-header-4566\" role=\"button\" data-sptoggle=\"spcollapse\" data-sptarget=\"#collapse4566\" aria-controls=\"collapse4566\" href=\"#\"  aria-expanded=\"false\" tabindex=\"0\">\n\t\t<i aria-hidden=\"true\" role=\"presentation\" class=\"ea-expand-icon eap-icon-ea-expand-plus\"><\/i> 2020\t\t<\/a> <!-- Close anchor tag for header. -->\n\t<\/h3>\t<!-- Close header tag. -->\n\t<!-- Start collapsible content div. -->\n\t<div class=\"sp-collapse spcollapse \" id=\"collapse4566\" data-parent=\"#sp-ea-456\" role=\"region\" aria-labelledby=\"ea-header-4566\">  <!-- Content div. -->\n\t\t<div class=\"ea-body\">\n\t\t<p><a class=\"file-to-download\" href=\"https:\/\/www.ufmg.br\/prpq\/wp-content\/uploads\/2020\/04\/criterios_camara.pdf\" target=\"_blank\" rel=\"noopener\">Crit\u00e9rios da C\u00e2mara de Pesquisa<\/a><br \/>\n<a class=\"file-to-download\" href=\"https:\/\/www.ufmg.br\/prpq\/wp-content\/uploads\/2020\/04\/comites.pdf\" target=\"_blank\" rel=\"noopener\">Crit\u00e9rios por \u00c1rea do Conhecimento<\/a><br \/>\n<a class=\"file-to-download\" href=\"https:\/\/www.ufmg.br\/prpq\/wp-content\/uploads\/2020\/04\/criterios_em_2020.pdf\" target=\"_blank\" rel=\"noopener\">Crit\u00e9rios do Comit\u00ea do Ensino M\u00e9dio<\/a><br \/>\n<a class=\"file-to-download\" href=\"https:\/\/www.ufmg.br\/prpq\/wp-content\/uploads\/2020\/04\/criterios_pibit_2020.pdf\" target=\"_blank\" rel=\"noopener\">Crit\u00e9rios do Comit\u00ea de Tecnol\u00f3gica e Inova\u00e7\u00e3o<\/a><\/p>\n\t\t<\/div> <!-- Close content div. -->\n\t<\/div> <!-- Close collapse div. -->\n<\/div> <!-- Close card div. -->\n<!-- Start accordion card div. -->\n<div class=\"ea-card  sp-ea-single\">\n\t<!-- Start accordion header. -->\n\t<h3 class=\"ea-header\">\n\t\t<!-- Add anchor tag for header. -->\n\t\t<a class=\"collapsed\" id=\"ea-header-4567\" role=\"button\" data-sptoggle=\"spcollapse\" data-sptarget=\"#collapse4567\" aria-controls=\"collapse4567\" href=\"#\"  aria-expanded=\"false\" tabindex=\"0\">\n\t\t<i aria-hidden=\"true\" role=\"presentation\" class=\"ea-expand-icon eap-icon-ea-expand-plus\"><\/i> 2019\t\t<\/a> <!-- Close anchor tag for header. -->\n\t<\/h3>\t<!-- Close header tag. -->\n\t<!-- Start collapsible content div. -->\n\t<div class=\"sp-collapse spcollapse \" id=\"collapse4567\" data-parent=\"#sp-ea-456\" role=\"region\" aria-labelledby=\"ea-header-4567\">  <!-- Content div. -->\n\t\t<div class=\"ea-body\">\n\t\t<ul>\n<li><a href=\"https:\/\/www.ufmg.br\/prpq\/criterios-para-atribuicao-de-nota-ao-curriculo\" target=\"_blank\" rel=\"noopener\"><strong>Crit\u00e9rios para Atribui\u00e7\u00e3o de Nota ao Curr\u00edculo<\/strong><\/a><\/li>\n<li><a href=\"https:\/\/www.ufmg.br\/prpq\/criterios-do-comite-de-tecnologica-e-inovacao\" target=\"_blank\" rel=\"noopener\"><strong>Crit\u00e9rios do Comit\u00ea de Tecnol\u00f3gica e Inova\u00e7\u00e3o<\/strong><\/a><\/li>\n<\/ul>\n\t\t<\/div> <!-- Close content div. -->\n\t<\/div> <!-- Close collapse div. -->\n<\/div> <!-- Close card div. -->\n<!-- Start accordion card div. -->\n<div class=\"ea-card  sp-ea-single\">\n\t<!-- Start accordion header. -->\n\t<h3 class=\"ea-header\">\n\t\t<!-- Add anchor tag for header. -->\n\t\t<a class=\"collapsed\" id=\"ea-header-4568\" role=\"button\" data-sptoggle=\"spcollapse\" data-sptarget=\"#collapse4568\" aria-controls=\"collapse4568\" href=\"#\"  aria-expanded=\"false\" tabindex=\"0\">\n\t\t<i aria-hidden=\"true\" role=\"presentation\" class=\"ea-expand-icon eap-icon-ea-expand-plus\"><\/i> 2018\t\t<\/a> <!-- Close anchor tag for header. -->\n\t<\/h3>\t<!-- Close header tag. -->\n\t<!-- Start collapsible content div. -->\n\t<div class=\"sp-collapse spcollapse \" id=\"collapse4568\" data-parent=\"#sp-ea-456\" role=\"region\" aria-labelledby=\"ea-header-4568\">  <!-- Content div. -->\n\t\t<div class=\"ea-body\">\n\t\t<p><a class=\"file-to-download\" href=\"https:\/\/www.ufmg.br\/prpq\/wp-content\/uploads\/2018\/03\/criterios_camara.pdf\" target=\"_blank\" rel=\"noopener\">Crit\u00e9rios da C\u00e2mara de Pesquisa<\/a><br \/>\n<a class=\"file-to-download\" href=\"https:\/\/www.ufmg.br\/prpq\/wp-content\/uploads\/2018\/03\/criterios_2018.pdf\" target=\"_blank\" rel=\"noopener\">Crit\u00e9rios por \u00c1rea do Conhecimento<\/a><br \/>\n<a class=\"file-to-download\" href=\"https:\/\/www.ufmg.br\/prpq\/wp-content\/uploads\/2018\/03\/criterios_pibiti_2018.pdf\" target=\"_blank\" rel=\"noopener\">Crit\u00e9rios do Comit\u00ea de Tecnol\u00f3gica e Inova\u00e7\u00e3o<\/a><\/p>\n\t\t<\/div> <!-- Close content div. -->\n\t<\/div> <!-- Close collapse div. -->\n<\/div> <!-- Close card div. -->\n<!-- Start accordion card div. -->\n<div class=\"ea-card  sp-ea-single\">\n\t<!-- Start accordion header. -->\n\t<h3 class=\"ea-header\">\n\t\t<!-- Add anchor tag for header. -->\n\t\t<a class=\"collapsed\" id=\"ea-header-4569\" role=\"button\" data-sptoggle=\"spcollapse\" data-sptarget=\"#collapse4569\" aria-controls=\"collapse4569\" href=\"#\"  aria-expanded=\"false\" tabindex=\"0\">\n\t\t<i aria-hidden=\"true\" role=\"presentation\" class=\"ea-expand-icon eap-icon-ea-expand-plus\"><\/i> 2017\t\t<\/a> <!-- Close anchor tag for header. -->\n\t<\/h3>\t<!-- Close header tag. -->\n\t<!-- Start collapsible content div. -->\n\t<div class=\"sp-collapse spcollapse \" id=\"collapse4569\" data-parent=\"#sp-ea-456\" role=\"region\" aria-labelledby=\"ea-header-4569\">  <!-- Content div. -->\n\t\t<div class=\"ea-body\">\n\t\t<p><a class=\"file-to-download\" href=\"https:\/\/www.ufmg.br\/prpq\/wp-content\/uploads\/2017\/12\/camara.pdf\" target=\"_blank\" rel=\"noopener\">Crit\u00e9rios da C\u00e2mara de Pesquisa<\/a><br \/>\n<a class=\"file-to-download\" href=\"https:\/\/www.ufmg.br\/prpq\/wp-content\/uploads\/2017\/12\/criterios_2017.pdf\" target=\"_blank\" rel=\"noopener\">Crit\u00e9rios por \u00c1rea do Conhecimento<\/a><br \/>\n<a class=\"file-to-download\" href=\"https:\/\/www.ufmg.br\/prpq\/wp-content\/uploads\/2017\/12\/camara.pdf\" target=\"_blank\" rel=\"noopener\">Crit\u00e9rios do Comit\u00ea do Ensino M\u00e9dio<\/a><br \/>\n<a class=\"file-to-download\" href=\"https:\/\/www.ufmg.br\/prpq\/wp-content\/uploads\/2017\/12\/camara.pdf\" target=\"_blank\" rel=\"noopener\">Crit\u00e9rios do Comit\u00ea de Tecnol\u00f3gica e Inova\u00e7\u00e3o<\/a><\/p>\n\t\t<\/div> <!-- Close content div. -->\n\t<\/div> <!-- Close collapse div. -->\n<\/div> <!-- Close card div. -->\n<\/div>\n<\/div>\n\n","protected":false},"excerpt":{"rendered":"","protected":false},"author":1,"featured_media":0,"parent":0,"menu_order":0,"comment_status":"closed","ping_status":"closed","template":"","meta":{"_acf_changed":false,"footnotes":""},"tags":[],"class_list":["post-459","page","type-page","status-publish","hentry"],"acf":[],"_links":{"self":[{"href":"https:\/\/www.ufmg.br\/prpq\/wp-json\/wp\/v2\/pages\/459","targetHints":{"allow":["GET"]}}],"collection":[{"href":"https:\/\/www.ufmg.br\/prpq\/wp-json\/wp\/v2\/pages"}],"about":[{"href":"https:\/\/www.ufmg.br\/prpq\/wp-json\/wp\/v2\/types\/page"}],"author":[{"embeddable":true,"href":"https:\/\/www.ufmg.br\/prpq\/wp-json\/wp\/v2\/users\/1"}],"replies":[{"embeddable":true,"href":"https:\/\/www.ufmg.br\/prpq\/wp-json\/wp\/v2\/comments?post=459"}],"version-history":[{"count":2,"href":"https:\/\/www.ufmg.br\/prpq\/wp-json\/wp\/v2\/pages\/459\/revisions"}],"predecessor-version":[{"id":3309,"href":"https:\/\/www.ufmg.br\/prpq\/wp-json\/wp\/v2\/pages\/459\/revisions\/3309"}],"wp:attachment":[{"href":"https:\/\/www.ufmg.br\/prpq\/wp-json\/wp\/v2\/media?parent=459"}],"wp:term":[{"taxonomy":"post_tag","embeddable":true,"href":"https:\/\/www.ufmg.br\/prpq\/wp-json\/wp\/v2\/tags?post=459"}],"curies":[{"name":"wp","href":"https:\/\/api.w.org\/{rel}","templated":true}]}}