{"id":461,"date":"2021-09-02T13:29:18","date_gmt":"2021-09-02T16:29:18","guid":{"rendered":"https:\/\/www.ufmg.br\/prpq\/?page_id=461"},"modified":"2022-05-02T12:14:32","modified_gmt":"2022-05-02T15:14:32","slug":"grupos-de-pesquisa-faq","status":"publish","type":"page","link":"https:\/\/www.ufmg.br\/prpq\/grupos-de-pesquisa-faq\/","title":{"rendered":"Grupos de Pesquisa \u2013 FAQ"},"content":{"rendered":"<p><main class=\"main container\"><\/p>\n<div class=\"main-wrapper\">\n<div class=\"main-content\">\n<section id=\"intro\">\n<article class=\"intro-post-pages\">A Diretoria de Produ\u00e7\u00e3o Cient\u00edfica \u2013 PRPq disponibiliza abaixo uma s\u00e9rie de perguntas e respostas que abrangem praticamente todo o conte\u00fado referente aos Grupos de Pesquisa.<\/p>\n<p>As informa\u00e7\u00f5es foram organizadas de forma que, ao clicar no item desejado, o consulente seja encaminhado diretamente para o FAQ do Diret\u00f3rio de Grupos de Pesquisa \u2013 CNPq, onde poder\u00e1 esclarecer todas as suas d\u00favidas.<\/p>\n<p><strong>\u00cdndice por assunto:<\/strong><\/p>\n<ul>\n<li><a href=\"http:\/\/lattes.cnpq.br\/web\/dgp\/faq?p_p_id=54_INSTANCE_39Zlb9kA3d0e&amp;_54_INSTANCE_39Zlb9kA3d0e_struts_action=%2Fwiki_display%2Fview&amp;_54_INSTANCE_39Zlb9kA3d0e_nodeName=Main&amp;_54_INSTANCE_39Zlb9kA3d0e_title=Grupos+de+Pesquisa\" target=\"_blank\" rel=\"noopener\">Grupos de Pesquisa<\/a><\/li>\n<li><a href=\"http:\/\/lattes.cnpq.br\/web\/dgp\/faq?p_p_id=54_INSTANCE_39Zlb9kA3d0e&amp;_54_INSTANCE_39Zlb9kA3d0e_struts_action=%2Fwiki_display%2Fview&amp;_54_INSTANCE_39Zlb9kA3d0e_nodeName=Main&amp;_54_INSTANCE_39Zlb9kA3d0e_title=L%C3%ADderes+de+grupos\" target=\"_blank\" rel=\"noopener\">L\u00edderes de Grupos<\/a><\/li>\n<li><a href=\"http:\/\/lattes.cnpq.br\/web\/dgp\/faq?p_p_id=54_INSTANCE_39Zlb9kA3d0e&amp;_54_INSTANCE_39Zlb9kA3d0e_struts_action=%2Fwiki_display%2Fview&amp;_54_INSTANCE_39Zlb9kA3d0e_nodeName=Main&amp;_54_INSTANCE_39Zlb9kA3d0e_title=Pesquisadores\" target=\"_blank\" rel=\"noopener\">Pesquisadores<\/a><\/li>\n<li><a href=\"http:\/\/lattes.cnpq.br\/web\/dgp\/faq?p_p_id=54_INSTANCE_39Zlb9kA3d0e&amp;_54_INSTANCE_39Zlb9kA3d0e_struts_action=%2Fwiki_display%2Fview&amp;_54_INSTANCE_39Zlb9kA3d0e_nodeName=Main&amp;_54_INSTANCE_39Zlb9kA3d0e_title=Estudantes\" target=\"_blank\" rel=\"noopener\">Estudantes<\/a><\/li>\n<li><a href=\"http:\/\/lattes.cnpq.br\/web\/dgp\/faq?p_p_id=54_INSTANCE_39Zlb9kA3d0e&amp;_54_INSTANCE_39Zlb9kA3d0e_struts_action=%2Fwiki_display%2Fview&amp;_54_INSTANCE_39Zlb9kA3d0e_nodeName=Main&amp;_54_INSTANCE_39Zlb9kA3d0e_title=T%C3%A9cnicos\" target=\"_blank\" rel=\"noopener\">T\u00e9cnicos<\/a><\/li>\n<li><a href=\"http:\/\/lattes.cnpq.br\/web\/dgp\/faq?p_p_id=54_INSTANCE_39Zlb9kA3d0e&amp;_54_INSTANCE_39Zlb9kA3d0e_struts_action=%2Fwiki_display%2Fview&amp;_54_INSTANCE_39Zlb9kA3d0e_nodeName=Main&amp;_54_INSTANCE_39Zlb9kA3d0e_title=Linhas+de+pesquisa\" target=\"_blank\" rel=\"noopener\">Linhas de Pesquisa<\/a><\/li>\n<li><a href=\"http:\/\/lattes.cnpq.br\/web\/dgp\/faq?p_p_id=54_INSTANCE_39Zlb9kA3d0e&amp;_54_INSTANCE_39Zlb9kA3d0e_struts_action=%2Fwiki_display%2Fview&amp;_54_INSTANCE_39Zlb9kA3d0e_nodeName=Main&amp;_54_INSTANCE_39Zlb9kA3d0e_title=Censos+do+DGP\" target=\"_blank\" rel=\"noopener\">Censos do DGP<\/a><\/li>\n<li><a href=\"http:\/\/lattes.cnpq.br\/web\/dgp\/faq?p_p_id=54_INSTANCE_39Zlb9kA3d0e&amp;_54_INSTANCE_39Zlb9kA3d0e_struts_action=%2Fwiki_display%2Fview&amp;_54_INSTANCE_39Zlb9kA3d0e_nodeName=Main&amp;_54_INSTANCE_39Zlb9kA3d0e_title=Quest%C3%B5es+Gerais\" target=\"_blank\" rel=\"noopener\">Quest\u00f5es Gerais<\/a><\/li>\n<li><a href=\"http:\/\/lattes.cnpq.br\/web\/dgp\/faq?p_p_id=54_INSTANCE_39Zlb9kA3d0e&amp;_54_INSTANCE_39Zlb9kA3d0e_struts_action=%2Fwiki_display%2Fview&amp;_54_INSTANCE_39Zlb9kA3d0e_nodeName=Main&amp;_54_INSTANCE_39Zlb9kA3d0e_title=Dirigentes+institucionais+de+pesquisa+%28gestores+do+DGP+nas+institui%C3%A7%C3%B5es%29\" target=\"_blank\" rel=\"noopener\">Dirigentes Institucionais de Pesquisa (Gestores do DGP nas Institui\u00e7\u00f5es)<\/a><\/li>\n<\/ul>\n<\/article>\n<\/section>\n<\/div>\n<\/div>\n<p><\/main><\/p>\n<footer class=\"footer\">\n<div class=\"container\">\n<div class=\"footer-marcas-cont\">\n<div class=\"footer-marcas-box\"><\/div>\n<\/div>\n<\/div>\n<\/footer>\n","protected":false},"excerpt":{"rendered":"<p>A Diretoria de Produ\u00e7\u00e3o Cient\u00edfica \u2013 PRPq disponibiliza abaixo uma [&hellip;]<\/p>\n","protected":false},"author":1,"featured_media":0,"parent":0,"menu_order":0,"comment_status":"closed","ping_status":"closed","template":"","meta":{"_acf_changed":false,"footnotes":""},"tags":[],"class_list":["post-461","page","type-page","status-publish","hentry"],"acf":[],"_links":{"self":[{"href":"https:\/\/www.ufmg.br\/prpq\/wp-json\/wp\/v2\/pages\/461","targetHints":{"allow":["GET"]}}],"collection":[{"href":"https:\/\/www.ufmg.br\/prpq\/wp-json\/wp\/v2\/pages"}],"about":[{"href":"https:\/\/www.ufmg.br\/prpq\/wp-json\/wp\/v2\/types\/page"}],"author":[{"embeddable":true,"href":"https:\/\/www.ufmg.br\/prpq\/wp-json\/wp\/v2\/users\/1"}],"replies":[{"embeddable":true,"href":"https:\/\/www.ufmg.br\/prpq\/wp-json\/wp\/v2\/comments?post=461"}],"version-history":[{"count":1,"href":"https:\/\/www.ufmg.br\/prpq\/wp-json\/wp\/v2\/pages\/461\/revisions"}],"predecessor-version":[{"id":462,"href":"https:\/\/www.ufmg.br\/prpq\/wp-json\/wp\/v2\/pages\/461\/revisions\/462"}],"wp:attachment":[{"href":"https:\/\/www.ufmg.br\/prpq\/wp-json\/wp\/v2\/media?parent=461"}],"wp:term":[{"taxonomy":"post_tag","embeddable":true,"href":"https:\/\/www.ufmg.br\/prpq\/wp-json\/wp\/v2\/tags?post=461"}],"curies":[{"name":"wp","href":"https:\/\/api.w.org\/{rel}","templated":true}]}}