{"id":465,"date":"2021-09-02T13:30:59","date_gmt":"2021-09-02T16:30:59","guid":{"rendered":"https:\/\/www.ufmg.br\/prpq\/?page_id=465"},"modified":"2022-07-01T15:40:28","modified_gmt":"2022-07-01T18:40:28","slug":"duvidas-frequentes","status":"publish","type":"page","link":"https:\/\/www.ufmg.br\/prpq\/duvidas-frequentes\/","title":{"rendered":"D\u00favidas Frequentes"},"content":{"rendered":"<p>Tendo em vista as recorrentes d\u00favidas apresentadas e com o intuito de proporcionar aos interessados maior agilidade e facilidade de acesso \u00e0s informa\u00e7\u00f5es referentes \u00e0s atividades\u00a0 da PRPq abaixo est\u00e3o disponibilizadas uma s\u00e9rie de perguntas e respostas.<\/p>\n<hr \/>\n<ul>\n<li><a href=\"https:\/\/www.ufmg.br\/prpq\/diretoria-de-fomento-faq\/\">Bolsas de Inicia\u00e7\u00e3o Cient\u00edfica (Gradua\u00e7\u00e3o e Ensino M\u00e9dio), Inicia\u00e7\u00e3o Cient\u00edfica Volunt\u00e1ria, Melhoria Qualitativa<\/a><\/li>\n<\/ul>\n<ul>\n<li><a href=\"https:\/\/www.ufmg.br\/prpq\/grupos-de-pesquisa-faq\/\">Grupos de Pesquisa<\/a><\/li>\n<\/ul>\n<ul>\n<li><a class=\"file-to-download\" href=\"https:\/\/www.ufmg.br\/prpq\/wp-content\/uploads\/2018\/02\/CriarseuperfilnoGoogleAcademico_2018_02_23.pdf\" target=\"_blank\" rel=\"noopener\">Como criar perfil Google Scholar<\/a><\/li>\n<\/ul>\n<ul>\n<li><a class=\"file-to-download\" href=\"https:\/\/www.ufmg.br\/prpq\/wp-content\/uploads\/2018\/02\/CriarperfilnoORCID_2017_05_26.pdf\" target=\"_blank\" rel=\"noopener\">Como criar identificador ORCID<\/a><\/li>\n<\/ul>\n<ul>\n<li><a href=\"https:\/\/pt.wikipedia.org\/wiki\/%C3%8Dndice_h\" target=\"_blank\" rel=\"noopener noreferrer\">O que \u00e9 Fator(\u00cdndice) H?<\/a><\/li>\n<\/ul>\n<ul>\n<li><a class=\"file-to-download\" href=\"https:\/\/www.ufmg.br\/prpq\/wp-content\/uploads\/2018\/02\/scopus.pdf\" target=\"_blank\" rel=\"noopener\">Como obter o \u00edndice h e o levantamento de cita\u00e7\u00f5es: SCOPUS<\/a><\/li>\n<\/ul>\n<ul>\n<li><a class=\"file-to-download\" href=\"https:\/\/www.ufmg.br\/prpq\/wp-content\/uploads\/2018\/02\/isi.pdf\" target=\"_blank\" rel=\"noopener\">Como obter o \u00edndice h e o levantamento de cita\u00e7\u00f5es: ISI Web of Knowledge<\/a><\/li>\n<\/ul>\n<ul>\n<li><a class=\"file-to-download\" href=\"https:\/\/www.ufmg.br\/prpq\/wp-content\/uploads\/2018\/02\/google_academico.pdf\" target=\"_blank\" rel=\"noopener\">Como obter o \u00edndice h: Google Acad\u00eamico<\/a><\/li>\n<\/ul>\n","protected":false},"excerpt":{"rendered":"<p>Tendo em vista as recorrentes d\u00favidas apresentadas e com o [&hellip;]<\/p>\n","protected":false},"author":1,"featured_media":0,"parent":0,"menu_order":0,"comment_status":"closed","ping_status":"closed","template":"","meta":{"_acf_changed":false,"footnotes":""},"tags":[],"class_list":["post-465","page","type-page","status-publish","hentry"],"acf":[],"_links":{"self":[{"href":"https:\/\/www.ufmg.br\/prpq\/wp-json\/wp\/v2\/pages\/465","targetHints":{"allow":["GET"]}}],"collection":[{"href":"https:\/\/www.ufmg.br\/prpq\/wp-json\/wp\/v2\/pages"}],"about":[{"href":"https:\/\/www.ufmg.br\/prpq\/wp-json\/wp\/v2\/types\/page"}],"author":[{"embeddable":true,"href":"https:\/\/www.ufmg.br\/prpq\/wp-json\/wp\/v2\/users\/1"}],"replies":[{"embeddable":true,"href":"https:\/\/www.ufmg.br\/prpq\/wp-json\/wp\/v2\/comments?post=465"}],"version-history":[{"count":6,"href":"https:\/\/www.ufmg.br\/prpq\/wp-json\/wp\/v2\/pages\/465\/revisions"}],"predecessor-version":[{"id":1635,"href":"https:\/\/www.ufmg.br\/prpq\/wp-json\/wp\/v2\/pages\/465\/revisions\/1635"}],"wp:attachment":[{"href":"https:\/\/www.ufmg.br\/prpq\/wp-json\/wp\/v2\/media?parent=465"}],"wp:term":[{"taxonomy":"post_tag","embeddable":true,"href":"https:\/\/www.ufmg.br\/prpq\/wp-json\/wp\/v2\/tags?post=465"}],"curies":[{"name":"wp","href":"https:\/\/api.w.org\/{rel}","templated":true}]}}