{"id":470,"date":"2021-09-02T13:38:01","date_gmt":"2021-09-02T16:38:01","guid":{"rendered":"https:\/\/www.ufmg.br\/prpq\/?page_id=470"},"modified":"2022-08-25T08:40:19","modified_gmt":"2022-08-25T11:40:19","slug":"editais-e-chamadas","status":"publish","type":"page","link":"https:\/\/www.ufmg.br\/prpq\/editais-e-chamadas\/","title":{"rendered":"Editais Externos"},"content":{"rendered":"<p class=\"ea-header\"><a style=\"font-size: 16px;\" href=\"http:\/\/memoria2.cnpq.br\/web\/guest\/chamadas-publicas?p_p_id=resultadosportlet_WAR_resultadoscnpqportlet_INSTANCE_0ZaM&#038;filtro=abertas\/\" target=\"_blank\" rel=\"noopener\">CNPQ &#8211; Conselho Nacional de Desenvolvimento Cient\u00edfico e Tecnol\u00f3gico<\/a><\/p>\n<p class=\"ea-header\"><a style=\"font-size: 16px;\" href=\"http:\/\/www.fapemig.br\/pt\/chamadas_abertas_oportunidades_fapemig\/\" target=\"_blank\" rel=\"noopener\">FAPEMIG &#8211; Funda\u00e7\u00e3o de Amparo \u00e0 Pesquisa do Estado de Minas Gerais<\/a><\/p>\n<p class=\"ea-header\"><a style=\"font-size: 16px;\" href=\"http:\/\/www.finep.gov.br\/chamadas-publicas\/chamadaspublicas\" target=\"_blank\" rel=\"noopener\">FINEP &#8211; Financiadora de Estudos e Projetos<\/a><\/p>\n<p class=\"ea-header\"><a style=\"font-size: 16px;\" href=\"https:\/\/serrapilheira.org\/\" target=\"_blank\" rel=\"noopener\">Serrapilheira<\/a><\/p>\n<p class=\"ea-header\"><a style=\"font-size: 16px;\" href=\"https:\/\/confap.org.br\/\" target=\"_blank\" rel=\"noopener\">CONFAP &#8211; Conselho Nacional das Funda\u00e7\u00f5es Estaduais de Amparo \u00e0 Pesquisa<\/a><\/p>\n<p class=\"ea-header\"><a style=\"font-size: 16px;\" href=\"https:\/\/ec.europa.eu\/info\/horizon-europe_pt\" target=\"_blank\" rel=\"noopener\">Comiss\u00e3o Europeia<\/a><\/p>\n","protected":false},"excerpt":{"rendered":"<p>CNPQ &#8211; Conselho Nacional de Desenvolvimento Cient\u00edfico e Tecnol\u00f3gico FAPEMIG [&hellip;]<\/p>\n","protected":false},"author":1,"featured_media":0,"parent":0,"menu_order":0,"comment_status":"closed","ping_status":"closed","template":"","meta":{"_acf_changed":false,"footnotes":""},"tags":[],"class_list":["post-470","page","type-page","status-publish","hentry"],"acf":[],"_links":{"self":[{"href":"https:\/\/www.ufmg.br\/prpq\/wp-json\/wp\/v2\/pages\/470","targetHints":{"allow":["GET"]}}],"collection":[{"href":"https:\/\/www.ufmg.br\/prpq\/wp-json\/wp\/v2\/pages"}],"about":[{"href":"https:\/\/www.ufmg.br\/prpq\/wp-json\/wp\/v2\/types\/page"}],"author":[{"embeddable":true,"href":"https:\/\/www.ufmg.br\/prpq\/wp-json\/wp\/v2\/users\/1"}],"replies":[{"embeddable":true,"href":"https:\/\/www.ufmg.br\/prpq\/wp-json\/wp\/v2\/comments?post=470"}],"version-history":[{"count":6,"href":"https:\/\/www.ufmg.br\/prpq\/wp-json\/wp\/v2\/pages\/470\/revisions"}],"predecessor-version":[{"id":3307,"href":"https:\/\/www.ufmg.br\/prpq\/wp-json\/wp\/v2\/pages\/470\/revisions\/3307"}],"wp:attachment":[{"href":"https:\/\/www.ufmg.br\/prpq\/wp-json\/wp\/v2\/media?parent=470"}],"wp:term":[{"taxonomy":"post_tag","embeddable":true,"href":"https:\/\/www.ufmg.br\/prpq\/wp-json\/wp\/v2\/tags?post=470"}],"curies":[{"name":"wp","href":"https:\/\/api.w.org\/{rel}","templated":true}]}}