{"id":602,"date":"2021-10-15T10:34:55","date_gmt":"2021-10-15T13:34:55","guid":{"rendered":"https:\/\/www.ufmg.br\/prpq\/?page_id=602"},"modified":"2021-10-15T10:34:55","modified_gmt":"2021-10-15T13:34:55","slug":"acessibilidade","status":"publish","type":"page","link":"https:\/\/www.ufmg.br\/prpq\/acessibilidade\/","title":{"rendered":"Acessibilidade"},"content":{"rendered":"<p>O termo acessibilidade significa incluir a pessoa com defici\u00eancia na participa\u00e7\u00e3o de atividades como o uso de produtos, servi\u00e7os e informa\u00e7\u00f5es. Alguns exemplos s\u00e3o os pr\u00e9dios com rampas de acesso para cadeira de rodas, banheiros adaptados para deficientes e pol\u00edticas espec\u00edficas que, na UFMG, s\u00e3o coordenadas pelo\u00a0<a href=\"https:\/\/www.ufmg.br\/nai\/\" target=\"_blank\" rel=\"noopener noreferrer\">N\u00facleo de Acessibilidade e Inclus\u00e3o\u00a0<\/a>(NAI) e constituem compromisso com o respeito ao acesso da informa\u00e7\u00e3o e \u00e0 diversidade.<\/p>\n<p>Na Web, a acessibilidade se refere sobretudo \u00e0s recomenda\u00e7\u00f5es do World Content Accessibility Guide (WCAG) do W3C e, no caso do governo federal, ao e-MAG (<a class=\"file-to-download\" href=\"https:\/\/www.governodigital.gov.br\/documentos-e-arquivos\/eMAGv31.pdf\" target=\"_blank\" rel=\"noopener noreferrer\">Modelo de Acessibilidade em Governo Eletr\u00f4nico<\/a>). O e-MAG est\u00e1 alinhado \u00e0s recomenda\u00e7\u00f5es internacionais, mas estabelece padr\u00f5es de comportamento acess\u00edvel para sites da administra\u00e7\u00e3o p\u00fablica federal.<\/p>\n<p>Na barra superior do site o usu\u00e1rio encontra a op\u00e7\u00e3o para alterar o contraste e no rodap\u00e9 est\u00e1 o mapa do site. Os recursos est\u00e3o dispon\u00edveis em todas as p\u00e1ginas do site.<\/p>\n<p><strong>Tecnologias assistivas<\/strong><\/p>\n<p>Parte dos testes de navega\u00e7\u00e3o no site foram realizados com o software leitor de tela NVDA.<\/p>\n<p><strong>Libras<\/strong><\/p>\n<p>A ferramenta VLibras \u00e9 indicada pelo governo federal para acessibilidade de seus sites. Obtenha informa\u00e7\u00f5es sobre o recurso e como adicion\u00e1-lo no navegador\u00a0<a href=\"http:\/\/www.vlibras.gov.br\/\" target=\"_blank\" rel=\"noopener noreferrer\">por meio deste link<\/a>.<\/p>\n<p><strong>Governo digital<\/strong><\/p>\n<p><a href=\"https:\/\/www.gov.br\/governodigital\/pt-br\/acessibilidade-digital\" target=\"_blank\" rel=\"noopener noreferrer\">Acesse neste link<\/a>\u00a0arquivos do site governo eletr\u00f4nico sobre recomenda\u00e7\u00f5es em acessibilidade.<\/p>\n<p>[Texto adaptado da aba Acessibilidade do portal do governo federal]<\/p>\n","protected":false},"excerpt":{"rendered":"<p>O termo acessibilidade significa incluir a pessoa com defici\u00eancia na [&hellip;]<\/p>\n","protected":false},"author":1,"featured_media":0,"parent":0,"menu_order":0,"comment_status":"closed","ping_status":"closed","template":"","meta":{"_acf_changed":false,"footnotes":""},"tags":[],"class_list":["post-602","page","type-page","status-publish","hentry"],"acf":[],"_links":{"self":[{"href":"https:\/\/www.ufmg.br\/prpq\/wp-json\/wp\/v2\/pages\/602","targetHints":{"allow":["GET"]}}],"collection":[{"href":"https:\/\/www.ufmg.br\/prpq\/wp-json\/wp\/v2\/pages"}],"about":[{"href":"https:\/\/www.ufmg.br\/prpq\/wp-json\/wp\/v2\/types\/page"}],"author":[{"embeddable":true,"href":"https:\/\/www.ufmg.br\/prpq\/wp-json\/wp\/v2\/users\/1"}],"replies":[{"embeddable":true,"href":"https:\/\/www.ufmg.br\/prpq\/wp-json\/wp\/v2\/comments?post=602"}],"version-history":[{"count":1,"href":"https:\/\/www.ufmg.br\/prpq\/wp-json\/wp\/v2\/pages\/602\/revisions"}],"predecessor-version":[{"id":603,"href":"https:\/\/www.ufmg.br\/prpq\/wp-json\/wp\/v2\/pages\/602\/revisions\/603"}],"wp:attachment":[{"href":"https:\/\/www.ufmg.br\/prpq\/wp-json\/wp\/v2\/media?parent=602"}],"wp:term":[{"taxonomy":"post_tag","embeddable":true,"href":"https:\/\/www.ufmg.br\/prpq\/wp-json\/wp\/v2\/tags?post=602"}],"curies":[{"name":"wp","href":"https:\/\/api.w.org\/{rel}","templated":true}]}}