{"id":4800,"date":"2021-03-23T17:35:37","date_gmt":"2021-03-23T20:35:37","guid":{"rendered":"https:\/\/www.ufmg.br\/rededemuseus\/cemenf\/primeirasenfermeiras\/?page_id=4800"},"modified":"2021-09-03T08:53:02","modified_gmt":"2021-09-03T11:53:02","slug":"ficha-tecnica","status":"publish","type":"page","link":"https:\/\/www.ufmg.br\/rededemuseus\/cemenf\/primeirasenfermeiras\/ficha-tecnica\/","title":{"rendered":"Ficha T\u00e9cnica"},"content":{"rendered":"[vc_row][vc_column]<div class=\"vcex-spacing wpex-w-100 wpex-clear\" style=\"height:30px\"><\/div><h1 class=\"vcex-module vcex-heading wpex-text-2xl wpex-font-normal wpex-m-auto wpex-max-w-100 vcex-heading-bottom-border-w-color wpex-block wpex-text-left vc_custom_1621600398733 wpex-border-b-2 wpex-border-solid wpex-border-gray-200\" style=\"font-family:Cutive;font-weight:600;\"><span class=\"vcex-heading-inner wpex-inline-block wpex-clr wpex-relative wpex-pb-5 wpex-border-b-2 wpex-border-solid wpex-border-accent\">Ficha T\u00e9cnica<\/span><\/h1>[vc_column_text font_size=&#8221;14px&#8221;]<strong>Universidade Federal de Minas Gerais<\/strong><\/p>\n<p><strong>Reitora<\/strong><br \/>\nSandra Regina Goulart Almeida<\/p>\n<p><strong>Vice-reitor<\/strong><br \/>\nAlessandro Fernandes Moreira<\/p>\n<p><strong>Diretora da Escola de Enfermagem<\/strong><br \/>\nS\u00f4nia Maria Soares<\/p>\n<p><strong>Coordena\u00e7\u00e3o do Centro de Mem\u00f3ria da Escola de Enfermagem<\/strong><br \/>\nRita de C\u00e1ssia Marques<br \/>\nFernanda Batista Oliveira Santos<\/p>\n<p><strong>Equipe de Curadoria<\/strong><br \/>\nIsabela Rocha Le\u00e3o Magalh\u00e3es<br \/>\nLarissa Assis Caputo Figueiredo<br \/>\nMarcus Marciano Gon\u00e7alves da Silveira<br \/>\nMaria J\u00falia In\u00eas Ramos<br \/>\nPedro Gotelip rosa Soares<br \/>\nRafaella Juliana Almeida de Souza Andrade<br \/>\nRaiza Gomes Araujo<br \/>\nRita de C\u00e1ssia Marques<\/p>\n<p><strong>Coordena\u00e7\u00e3o Geral da Exposi\u00e7\u00e3o<\/strong><br \/>\nRita de C\u00e1ssia Marques<\/p>\n<p><strong>Web Design<\/strong><br \/>\nPedro Peixoto<br \/>\n3409.5529 | pjnp@ufmg.br<\/p>\n<p><strong>Apoio T\u00e9cnico<\/strong><br \/>\nM\u00e1rcio da Costa Viana<br \/>\nDivis\u00e3o de Infraestrutura de Servi\u00e7os (CECOM)<\/p>\n<p><strong>Acervo<\/strong><br \/>\nCentro de Mem\u00f3ria da Escola de Enfermagem \u2013 CEMENF<\/p>\n<p><strong>Realiza\u00e7\u00e3o<\/strong><br \/>\nCEMENF | Escola de Enfermagem | Rede de Museus UFMG[\/vc_column_text]<div class=\"vcex-spacing wpex-w-100 wpex-clear\" style=\"height:30px\"><\/div>[\/vc_column][\/vc_row]\n","protected":false},"excerpt":{"rendered":"<p>[vc_row][vc_column][vc_column_text font_size=&#8221;14px&#8221;]Universidade Federal de Minas Gerais Reitora Sandra Regina Goulart Almeida Vice-reitor Alessandro Fernandes Moreira Diretora da Escola de Enfermagem S\u00f4nia Maria Soares Coordena\u00e7\u00e3o do Centro de Mem\u00f3ria da Escola de Enfermagem Rita de C\u00e1ssia Marques Fernanda Batista Oliveira Santos&hellip;<\/p>\n","protected":false},"author":1,"featured_media":0,"parent":0,"menu_order":0,"comment_status":"closed","ping_status":"closed","template":"","meta":[],"_links":{"self":[{"href":"https:\/\/www.ufmg.br\/rededemuseus\/cemenf\/primeirasenfermeiras\/wp-json\/wp\/v2\/pages\/4800"}],"collection":[{"href":"https:\/\/www.ufmg.br\/rededemuseus\/cemenf\/primeirasenfermeiras\/wp-json\/wp\/v2\/pages"}],"about":[{"href":"https:\/\/www.ufmg.br\/rededemuseus\/cemenf\/primeirasenfermeiras\/wp-json\/wp\/v2\/types\/page"}],"author":[{"embeddable":true,"href":"https:\/\/www.ufmg.br\/rededemuseus\/cemenf\/primeirasenfermeiras\/wp-json\/wp\/v2\/users\/1"}],"replies":[{"embeddable":true,"href":"https:\/\/www.ufmg.br\/rededemuseus\/cemenf\/primeirasenfermeiras\/wp-json\/wp\/v2\/comments?post=4800"}],"version-history":[{"count":2,"href":"https:\/\/www.ufmg.br\/rededemuseus\/cemenf\/primeirasenfermeiras\/wp-json\/wp\/v2\/pages\/4800\/revisions"}],"predecessor-version":[{"id":6021,"href":"https:\/\/www.ufmg.br\/rededemuseus\/cemenf\/primeirasenfermeiras\/wp-json\/wp\/v2\/pages\/4800\/revisions\/6021"}],"wp:attachment":[{"href":"https:\/\/www.ufmg.br\/rededemuseus\/cemenf\/primeirasenfermeiras\/wp-json\/wp\/v2\/media?parent=4800"}],"curies":[{"name":"wp","href":"https:\/\/api.w.org\/{rel}","templated":true}]}}