{"id":5110,"date":"2021-05-18T15:12:21","date_gmt":"2021-05-18T18:12:21","guid":{"rendered":"https:\/\/www.ufmg.br\/rededemuseus\/cemenf\/primeirasenfermeiras\/?page_id=5110"},"modified":"2021-05-21T09:24:14","modified_gmt":"2021-05-21T12:24:14","slug":"livro-de-visitas","status":"publish","type":"page","link":"https:\/\/www.ufmg.br\/rededemuseus\/cemenf\/primeirasenfermeiras\/livro-de-visitas\/","title":{"rendered":"Livro de Visitas"},"content":{"rendered":"[vc_row column_spacing=&#8221;50&#8243; bg_style=&#8221;stretch&#8221; css=&#8221;.vc_custom_1489893531471{padding-top: 0px !important;padding-bottom: 5px !important;}&#8221;][vc_column]<div class=\"vcex-module vcex-heading wpex-text-2xl wpex-font-normal wpex-m-auto wpex-max-w-100 vcex-heading-plain wpex-block wpex-text-center\" style=\"color:#555555;font-size:28px;\"><span class=\"vcex-heading-inner wpex-inline-block wpex-clr\">Assine nosso Livro de Visitas<\/span><\/div><div class=\"vcex-spacing wpex-w-100 wpex-clear\" style=\"height:15px\"><\/div>[vc_column_text width=&#8221;750&#8243; font_size=&#8221;14px&#8221;]\n<p style=\"text-align: center;\">Deixe um recado em nosso livro de visitas. Poste um coment\u00e1rio sobre o que achou da Exposi\u00e7\u00e3o Virtual.<br \/>\n\u00c9 muito importante para n\u00f3s saber sua opini\u00e3o.<\/p>\n<p style=\"text-align: center;\">E, n\u00e3o deixe de conhecer um pouco mais sobre o CEMENF &#8211; Centro de Mem\u00f3ria da Enfermagem.<br \/>\nEntre em <a href=\"https:\/\/www.ufmg.br\/rededemuseus\/cemenf\/primeirasenfermeiras\/contato\/\">Contato<\/a>.<\/p>\n[\/vc_column_text][\/vc_column][\/vc_row]\n","protected":false},"excerpt":{"rendered":"<p>[vc_row column_spacing=&#8221;50&#8243; bg_style=&#8221;stretch&#8221; css=&#8221;.vc_custom_1489893531471{padding-top: 0px !important;padding-bottom: 5px !important;}&#8221;][vc_column][vc_column_text width=&#8221;750&#8243; font_size=&#8221;14px&#8221;] Deixe um recado em nosso livro de visitas. Poste um coment\u00e1rio sobre o que achou da Exposi\u00e7\u00e3o Virtual. \u00c9 muito importante para n\u00f3s saber sua opini\u00e3o. E, n\u00e3o deixe de&hellip;<\/p>\n","protected":false},"author":1,"featured_media":0,"parent":0,"menu_order":0,"comment_status":"open","ping_status":"closed","template":"","meta":[],"_links":{"self":[{"href":"https:\/\/www.ufmg.br\/rededemuseus\/cemenf\/primeirasenfermeiras\/wp-json\/wp\/v2\/pages\/5110"}],"collection":[{"href":"https:\/\/www.ufmg.br\/rededemuseus\/cemenf\/primeirasenfermeiras\/wp-json\/wp\/v2\/pages"}],"about":[{"href":"https:\/\/www.ufmg.br\/rededemuseus\/cemenf\/primeirasenfermeiras\/wp-json\/wp\/v2\/types\/page"}],"author":[{"embeddable":true,"href":"https:\/\/www.ufmg.br\/rededemuseus\/cemenf\/primeirasenfermeiras\/wp-json\/wp\/v2\/users\/1"}],"replies":[{"embeddable":true,"href":"https:\/\/www.ufmg.br\/rededemuseus\/cemenf\/primeirasenfermeiras\/wp-json\/wp\/v2\/comments?post=5110"}],"version-history":[{"count":0,"href":"https:\/\/www.ufmg.br\/rededemuseus\/cemenf\/primeirasenfermeiras\/wp-json\/wp\/v2\/pages\/5110\/revisions"}],"wp:attachment":[{"href":"https:\/\/www.ufmg.br\/rededemuseus\/cemenf\/primeirasenfermeiras\/wp-json\/wp\/v2\/media?parent=5110"}],"curies":[{"name":"wp","href":"https:\/\/api.w.org\/{rel}","templated":true}]}}