{"id":5123,"date":"2021-05-18T20:13:30","date_gmt":"2021-05-18T23:13:30","guid":{"rendered":"https:\/\/www.ufmg.br\/rededemuseus\/cemenf\/primeirasenfermeiras\/?page_id=5123"},"modified":"2021-10-16T11:16:02","modified_gmt":"2021-10-16T14:16:02","slug":"topico-1","status":"publish","type":"page","link":"https:\/\/www.ufmg.br\/rededemuseus\/cemenf\/primeirasenfermeiras\/home\/topico-1\/","title":{"rendered":"T\u00f3pico I &#8211; &#8220;Quem eram essas mulheres?&#8221;"},"content":{"rendered":"[vc_row css=&#8221;.vc_custom_1621381035230{margin-top: -10px !important;}&#8221;][vc_column css=&#8221;.vc_custom_1616711489855{margin-bottom: 30px !important;padding-top: 40px !important;}&#8221;]<div class=\"vcex-spacing wpex-w-100 wpex-clear\" style=\"height:50px\"><\/div><h1 class=\"vcex-module vcex-heading wpex-text-2xl wpex-font-normal wpex-m-auto wpex-max-w-100 vcex-heading-plain wpex-block wpex-text-center vc_custom_1623689361696\" style=\"font-family:La Belle Aurore;font-size:40px;\"><span class=\"vcex-heading-inner wpex-inline-block wpex-clr\">\u201cBom, inf\u00e2ncia comum da \u00e9poca de menina de interior(...) cheia de fam\u00edlia preconceituosa, essas coisas que usavam muito antigamente,. Ent\u00e3o eu fiz esse vestibular l\u00e1 na Escola de Enfermagem e felizmente passei, o que me deu muita alegria, porque de, de, de uma hora para outra eu me senti dona da minha vida, ent\u00e3o eu parei de ter aquela tutela familiar em cima de mim para poder come\u00e7ar a gerir a minha, a minha pr\u00f3pria vida, meus pr\u00f3prios desejos, n\u00e9?\u201d<\/span><\/h1>[vc_column_text]\n<h4 style=\"text-align: right;\"><em><strong>Efig\u00eania Maria das Dores,<\/strong><\/em><\/h4>\n<p style=\"text-align: right;\">Entrou em 1955 e se formou em 1958,<br \/>\nNatural de Oliveira \/ MG.<\/p>\n[\/vc_column_text][\/vc_column][\/vc_row][vc_row][vc_column]<div class=\"vcex-spacing wpex-w-100 wpex-clear\" style=\"height:30px\"><\/div><h1 class=\"vcex-module vcex-heading wpex-text-2xl wpex-font-normal wpex-m-auto wpex-max-w-100 vcex-heading-bottom-border-w-color wpex-block wpex-text-left vc_custom_1621547953162 wpex-border-b-2 wpex-border-solid wpex-border-gray-200\" style=\"font-family:Cutive;font-weight:600;\"><span class=\"vcex-heading-inner wpex-inline-block wpex-clr wpex-relative wpex-pb-5 wpex-border-b-2 wpex-border-solid wpex-border-accent\">\"Tocava na R\u00e1dio...\"<\/span><\/h1>[vc_raw_html]JTNDcCUzRSU1QnBsYXllciUyMGlkJTNENTkzMSU1RCUzQyUyRnAlM0U=[\/vc_raw_html][\/vc_column][\/vc_row][vc_row][vc_column]<div class=\"vcex-spacing wpex-w-100 wpex-clear\" style=\"height:30px\"><\/div><h1 class=\"vcex-module vcex-heading wpex-text-2xl wpex-font-normal wpex-m-auto wpex-max-w-100 vcex-heading-bottom-border-w-color wpex-block wpex-text-left vc_custom_1623254231129 wpex-border-b-2 wpex-border-solid wpex-border-gray-200\" style=\"font-family:Cutive;font-weight:600;\"><span class=\"vcex-heading-inner wpex-inline-block wpex-clr wpex-relative wpex-pb-5 wpex-border-b-2 wpex-border-solid wpex-border-accent\">Galeria - Fichas de Inscri\u00e7\u00e3o<\/span><\/h1>[vc_media_grid element_width=&#8221;2&#8243; item=&#8221;masonryMedia_Default&#8221; grid_id=&#8221;vc_gid:1634393630629-bf312f64-cb3a-1&#8243; include=&#8221;6048,6049,6050,6051,6060,6055,6058,6053,6054,6056,6057,6059,6046,6047,6052&#8243;]<div class=\"vcex-spacing wpex-w-100 wpex-clear\" style=\"height:20px\"><\/div>[\/vc_column][\/vc_row][vc_row full_width=&#8221;stretch_row&#8221; css=&#8221;.vc_custom_1624650838810{background-color: #f4f4f4 !important;}&#8221;][vc_column]<div class=\"vcex-spacing wpex-w-100 wpex-clear\" style=\"height:50px\"><\/div><h1 class=\"vcex-module vcex-heading wpex-text-2xl wpex-font-normal wpex-m-auto wpex-max-w-100 vcex-heading-bottom-border-w-color wpex-block wpex-text-left vc_custom_1624650285889 wpex-border-b-2 wpex-border-solid wpex-border-gray-200\" style=\"font-family:Cutive;font-weight:600;\"><span class=\"vcex-heading-inner wpex-inline-block wpex-clr wpex-relative wpex-pb-5 wpex-border-b-2 wpex-border-solid wpex-border-accent\">Primeira enfermeira negra<\/span><\/h1>[vc_row_inner][vc_column_inner width=&#8221;1\/4&#8243;]<figure class=\"vcex-image vcex-module wpex-clr textcenter figcaption-legenda\"><div class=\"vcex-image-inner wpex-inline-block wpex-relative\"><img width=\"255\" height=\"363\" src=\"https:\/\/www.ufmg.br\/rededemuseus\/cemenf\/primeirasenfermeiras\/wp-content\/uploads\/2021\/06\/maria-barbosa.png\" class=\"wpex-align-middle\" alt=\"Maria Barbosa quando chegou \u00e0 Escola Enfermagem Carlos Chagas\" loading=\"lazy\" srcset=\"https:\/\/www.ufmg.br\/rededemuseus\/cemenf\/primeirasenfermeiras\/wp-content\/uploads\/2021\/06\/maria-barbosa.png 255w, https:\/\/www.ufmg.br\/rededemuseus\/cemenf\/primeirasenfermeiras\/wp-content\/uploads\/2021\/06\/maria-barbosa-211x300.png 211w\" sizes=\"(max-width: 255px) 100vw, 255px\" \/><\/div><figcaption class=\"wpex-mt-10\">Maria Barbosa quando chegou \u00e0 Escola Enfermagem Carlos Chagas<\/figcaption><\/figure>[\/vc_column_inner][vc_column_inner width=&#8221;3\/4&#8243;]<div class=\"vcex-spacing wpex-w-100 wpex-clear\" style=\"height:10px\"><\/div><h1 class=\"vcex-module vcex-heading wpex-text-2xl wpex-font-normal wpex-m-auto wpex-max-w-100 vcex-heading-plain wpex-block wpex-text-center vc_custom_1624652675536\" style=\"font-family:La Belle Aurore;font-size:28px;\"><span class=\"vcex-heading-inner wpex-inline-block wpex-clr\">\u201cPara ser enfermeira \u00e9 preciso ter <u>muita coragem<\/u>, paci\u00eancia e sobre tudo bom cora\u00e7\u00e3o. [...]Para esse fim dei diversos passos e fiz fervorosas preces a Santa Terezinha para ser realizado o meu grande desejo e finalmente hoje que o vejo realizado, <u>espero ser uma enfermeira como as demais<\/u>, carinhosa e sempre praticando o bem.\u201d<\/span><\/h1>[vc_column_text]\n<h4 style=\"text-align: right;\"><em><strong>Maria Barbosa Fernandes,<\/strong><\/em><\/h4>\n<p style=\"text-align: right;\">Transcri\u00e7\u00e3o do poema publicado na revista \u201c<em>A enfermagem em Minas<\/em>\u201d<br \/>\nem ocasi\u00e3o de sua formatura.<\/p>\n[\/vc_column_text][\/vc_column_inner][\/vc_row_inner][\/vc_column][\/vc_row][vc_row][vc_column]<div class=\"vcex-spacing wpex-w-100 wpex-clear\" style=\"height:50px\"><\/div><h1 class=\"vcex-module vcex-heading wpex-text-2xl wpex-font-normal wpex-m-auto wpex-max-w-100 vcex-heading-bottom-border-w-color wpex-block wpex-text-left vc_custom_1621382869912 wpex-border-b-2 wpex-border-solid wpex-border-gray-200\" style=\"font-family:Cutive;font-weight:600;\"><span class=\"vcex-heading-inner wpex-inline-block wpex-clr wpex-relative wpex-pb-5 wpex-border-b-2 wpex-border-solid wpex-border-accent\">Entrevistas<\/span><\/h1>[vc_tta_accordion][vc_tta_section title=&#8221;Carmelita Pinto Rabelo &#8211; 01&#8243; tab_id=&#8221;1621381465890-d69d38a3-25ca&#8221;][vc_column_text]<em><strong>CARMELITA:<\/strong><\/em> \u201cTinha um outro pormenor: que elas n\u00e3o deixavam entrar gente de cor. [&#8230;] Elas selecionavam. [&#8230;] Nas duas escolas. N\u00e3o entrava gente de cor.\u201d<\/p>\n<p><em><strong>VALDA:<\/strong><\/em> \u201cComo \u00e9 que a Maria Barbosa [Fernandes, formada em 37] entrou?\u201d<\/p>\n<p><em><strong>CARMELITA:<\/strong><\/em> \u201cNaquela \u00e9poca, porque n\u00e3o eram as freiras. [&#8230;] Se voc\u00ea for olhar no per\u00edodo das freiras, a primeira pessoa escura que entrou aqui na Escola de Enfermagem foi em 1956. Foi a Aldovisa [Martins dos Santos] e a Alexina [Maria Santana, formadas no in\u00edcio de 1959]. Eram as duas escuras que entraram. Mas as duas, inclusive elas foram reprovadas, sabe? Elas entraram com recurso porque o pai da, da Aldovisa era juiz e ele sabia do preparo dela. Entrou com recurso e conseguiu que elas entrassem na Escola de Enfermagem. Eram as primeiras pretas. Depois a segunda que entrou foi a, a Adelice [Maria da Silva, formada no in\u00edcio de 1961]. Adelice sofreu como uma louca, sabe? T\u00e1? Voc\u00ea conhece a Adelice, n\u00e3o \u00e9? Da Pediatria. Ela sofreu nessa escola que s\u00f3 voc\u00ea vendo. Inclusive ela era marginalizada at\u00e9 pelas pr\u00f3prias colegas.\u201d<\/p>\n<p><em><strong>VALDA:<\/strong><\/em> \u201cIsso tudo porque as freiras n\u00e3o&#8230;\u201d<\/p>\n<p><em><strong>CARMELITA:<\/strong><\/em> \u201cN\u00e3o aceitavam. Discriminavam, havia discrimina\u00e7\u00e3o. Hoje n\u00e3o. Hoje n\u00e3o tem problema, n\u00e3o \u00e9? Depois que, \u00e9 eu assumi a escola em 67 eu j\u00e1 n\u00e3o encontrei mais esse problema.\u201d<\/p>\n<p>\u2192 <strong>ENTREVISTA<\/strong> <strong>CARMELITA PINTO RABELO, ENTROU EM 1957 E SE FORMOU EM 1960, NATURAL DE BARRA DO RIO GRANDE \u2013 BA.<\/strong>[\/vc_column_text][\/vc_tta_section][vc_tta_section title=&#8221;Carmelita Pinto Rabelo &#8211; 02&#8243; tab_id=&#8221;1625412102340-d6ef6ec3-6c8d&#8221;][vc_column_text]\u201cEu nasci em Barra, n\u00e3o \u00e9? Eu comecei a colocar para voc\u00eas a\u00ed. E, meus pais eram, meu pai era descendente de \u00edndios e a minha m\u00e3e era descendente de portugueses. E meu av\u00f4 era portugu\u00eas. Eles se casaram. Inclusive a minha m\u00e3e, se casou com treze anos, n\u00e3o \u00e9? E o primeiro marido dela faleceu e mais quinze anos ela se casou com o meu pai e ela teve nove filhos, n\u00e3o \u00e9? N\u00f3s somos nove. \u00c9 quatro homem, eram quatro mulheres e o&#8230; eu sou a sexta, o quinto antes de mim faleceu, ainda novo e sem causa definida, sabe? \u00c9, a minha fam\u00edlia era uma fam\u00edlia, n\u00f3s \u00e9ramos pessoas humildes.\u201d<\/p>\n<p>\u2192 <strong>CARMELITA PINTO RABELO, ENTROU EM 1957 E SE FORMOU EM 1960, NATURAL DE BARRA DO RIO GRANDE \u2013 BA.<\/strong><\/p>\n[\/vc_column_text][\/vc_tta_section][vc_tta_section title=&#8221;Daura Pacheco Ribeiro&#8221; tab_id=&#8221;1621381466079-a5e61cf6-ba1b&#8221;][vc_column_text]\u201cA Prefeitura Municipal de Leopoldina convidei, \u00e9, \u00e9, \u00e9 me convidou para fazer Enfermagem em Belo Horizonte, bolsista da Prefeitura. [&#8230;] Eles souberam, sabe, gente muito amiga, souberam que eu tinha ido ao Rio fazer o curso e n\u00e3o gostei. Era assim deste tamainzinho Leopoldina, n\u00e9 [gesto com as m\u00e3os], hoje n\u00e3o, ainda \u00e9 pequena. Mas, ent\u00e3o eles me convidaram. A\u00ed que eu vim para fazer o curso. Foram, foi um curso bem pesado, mas, para mim foi \u00f3timo, foi \u00f3timo, n\u00e9.\u201d<\/p>\n<p>\u2192 <strong>DAURA PACHECO RIBEIRO, ENTROU EM 1945 E SE FORMOU EM 1947, NATURAL DE LEOPOLDINA \u2013 MG.<\/strong><\/p>\n[\/vc_column_text][\/vc_tta_section][vc_tta_section title=&#8221;Efig\u00eania Maria das Dores &#8211; 01&#8243; tab_id=&#8221;1621381509764-9adf6871-4146&#8243;][vc_column_text]\u201cBom, infan &#8230;, inf\u00e2ncia comum da \u00e9poca de menina de interior. Quer dizer, cheia de fam\u00edlia preconceituosa, essas coisas que usavam muito antigamente, n\u00e9. De forma que no momento que eu vim, eu vim de Sete Lagoas para estudar enfermagem, e nessa \u00e9poca, foi em 55, existia os vestibulares, eram separados, cada escola tinha o seu vestibular, n\u00e9, Enfermagem o dela, Medicina o dela, e Odontologia o, ent\u00e3o era assim, n\u00e3o era unificado igual \u00e9 agora. Ent\u00e3o eu fiz esse vestibular l\u00e1 na Escola de Enfermagem e felizmente passei, o que me deu muita alegria, porque de, de, de uma hora para outra eu me senti dona da minha vida, ent\u00e3o eu parei de ter aquela tutela familiar em cima de mim para poder come\u00e7ar a gerir a minha, a minha pr\u00f3pria vida, meus pr\u00f3prios desejos, n\u00e9? S\u00f3 que a tutela da Escola tamb\u00e9m era rigorosa.\u201d<\/p>\n<p>\u2192 <strong>EFIG\u00caNIA MARIA DAS DORES, ENTROU EM 1955 E SE FORMOU EM 1958, NATURAL DE OLIVEIRA \u2013 MG.<\/strong><\/p>\n[\/vc_column_text][\/vc_tta_section][vc_tta_section title=&#8221;Efig\u00eania Maria das Dores &#8211; 02&#8243; tab_id=&#8221;1621381792188-4b7c7e3d-7f2b&#8221;][vc_column_text]\u201c\u00c9. O, o, o meu pai e a minha m\u00e3e trabalharam em hospital, hospital psiqui\u00e1trico do governo. E, como n\u00f3s \u00e9ramos uma fam\u00edlia de 6 filhos, eu era a mais nova. Ent\u00e3o, eu era muitas vezes levada para o hospital nos plant\u00f5es da minha m\u00e3e, porque hospital do interior \u00e9 como que a casa da gente. Quer dizer, os pais v\u00e3o trabalhar e levam os filhos tamb\u00e9m. Ent\u00e3o eu ia, junto com minha m\u00e3e, e o meu primeiro contato com hospital e com pessoas doentes foi assim. Quer dizer, minha m\u00e3e ia trabalhar e eu ia com ela, e quando eu n\u00e3o entrava, eu ficava sentada na grade olhando pro hospital e achando aquilo uma maravilha.\u201d<\/p>\n<p>\u2192 <strong>EFIG\u00caNIA MARIA DAS DORES, ENTROU EM 1955 E SE FORMOU EM 1958, NATURAL DE OLIVEIRA \u2013 MG.<\/strong><\/p>\n[\/vc_column_text][\/vc_tta_section][vc_tta_section title=&#8221;Helena Pereira&#8221; tab_id=&#8221;1621381508265-319c1215-800c&#8221;][vc_column_text]\u201c[&#8230;] E minha inf\u00e2ncia \u00e9 com meus pais, meus irm\u00e3os, 8 irm\u00e3os; 8 do segundo casamento e mais 5 do primeiro s\u00e3o 13 ao todo.\u201d<\/p>\n<p>\u2192 <strong>HELENA PEREIRA, ENTROU EM 1946 E SE FORMOU EM 1949, NATURAL DE CORDISBURGO \u2013 MG.<\/strong><\/p>\n[\/vc_column_text][\/vc_tta_section][vc_tta_section title=&#8221;Maria Z\u00e9lia Carneiro&#8221; tab_id=&#8221;1621381511809-145df0b6-5315&#8243;][vc_column_text]\u201cEstudei sempre em Mariana, em col\u00e9gio, em grupo, n\u00e9. Gostava de todos os professores e no col\u00e9gio, eu fiz&#8230; naquele tempo era cinco anos, n\u00e9, na escola normal. Eu me formei em cin&#8230; em quarenta e cinco me formei. E de quarenta e cinco a quarenta e sete fiquei em Mariana, achan.. pensando que ia conseguir uma vaga num grupo escolar para lecionar mas havia muita gente que havia formado e pertencia a parte pol\u00edtica l\u00e1, era muito querida dos pol\u00edticos. Ent\u00e3o, eu sobrei, mas sempre pensando de ainda realizar o meu desejo que era lecionar, n\u00e9, de ser professora.<br \/>\n[&#8230;]\n\u00c9, n\u00f3s \u00e9ramos dez irm\u00e3os. \u00c9. Perdemos pai e m\u00e3e, assim muito cedo, mas n\u00f3s ficamos todos juntos. S\u00f3 separamos depois, quando eu vim para c\u00e1, cada um&#8230; meu irm\u00e3o foi para S\u00e3o Paulo porque ele sentiu necessidade de trabalhar tamb\u00e9m. Foram dois para l\u00e1. Assim que n\u00f3s, \u00e9, separamos, depois que eu vim para c\u00e1, sabe.\u201d<\/p>\n<p>\u2192 <strong>MARIA Z\u00c9LIA CARNEIRO, ENTROU EM 1947 E SE FORMOU EM 1950.<\/strong><\/p>\n[\/vc_column_text][\/vc_tta_section][\/vc_tta_accordion]<div class=\"vcex-spacing wpex-w-100 wpex-clear\" style=\"height:50px\"><\/div>[\/vc_column][\/vc_row][vc_row full_width=&#8221;stretch_row&#8221; bg_style=&#8221;stretch&#8221; css=&#8221;.vc_custom_1621263618041{border-top-width: 1px !important;border-bottom-width: 1px !important;padding-top: 40px !important;background: #f5f5f5 url(https:\/\/www.ufmg.br\/rededemuseus\/cemenf\/primeirasenfermeiras\/wp-content\/uploads\/2021\/05\/bg_vintage-v1.jpg?id=5042) !important;background-position: 0 0 !important;background-repeat: repeat !important;border-top-color: #ededed !important;border-bottom-color: #ededed !important;}&#8221;][vc_column margin_bottom=&#8221;0px&#8221;]<h1 class=\"vcex-module vcex-heading wpex-text-2xl wpex-font-normal wpex-m-auto wpex-max-w-100 vcex-heading-bottom-border-w-color wpex-block wpex-text-left vc_custom_1621553763297 wpex-border-b-2 wpex-border-solid wpex-border-gray-200\" style=\"font-family:Cutive;font-weight:600;\"><span class=\"vcex-heading-inner wpex-inline-block wpex-clr wpex-relative wpex-pb-5 wpex-border-b-2 wpex-border-solid wpex-border-accent\">Navega\u00e7\u00e3o<\/span><\/h1>[vc_row_inner content_placement=&#8221;middle&#8221;][vc_column_inner width=&#8221;1\/3&#8243;][\/vc_column_inner][vc_column_inner width=&#8221;1\/3&#8243;]<h1 class=\"vcex-module vcex-heading wpex-text-2xl wpex-font-normal wpex-m-auto wpex-max-w-100 vcex-heading-plain wpex-block wpex-text-center vc_custom_1621552806928\" style=\"font-weight:600;\"><span class=\"vcex-heading-inner wpex-inline-block wpex-clr\">Apresenta\u00e7\u00e3o<\/span><\/h1><div class=\"vcex-spacing wpex-w-100 wpex-clear\" style=\"height:30px\"><\/div>[vc_single_image image=&#8221;5315&#8243; css_animation=&#8221;appear&#8221; alignment=&#8221;center&#8221; style=&#8221;vc_box_shadow_3d&#8221; onclick=&#8221;custom_link&#8221; link=&#8221;https:\/\/www.ufmg.br\/rededemuseus\/cemenf\/primeirasenfermeiras\/&#8221; img_hover=&#8221;grayscale&#8221; img_caption=&#8221;Retornar \u00e0 P\u00e1gina Inicial&#8221;][\/vc_column_inner][vc_column_inner width=&#8221;1\/3&#8243;]<h1 class=\"vcex-module vcex-heading wpex-text-2xl wpex-font-normal wpex-m-auto wpex-max-w-100 vcex-heading-plain wpex-block wpex-text-center vc_custom_1621552740140\" style=\"font-weight:600;\"><span class=\"vcex-heading-inner wpex-inline-block wpex-clr\">Pr\u00f3ximo T\u00f3pico<\/span><\/h1><div class=\"vcex-spacing wpex-w-100 wpex-clear\" style=\"height:30px\"><\/div>[vc_single_image image=&#8221;5095&#8243; css_animation=&#8221;right-to-left&#8221; alignment=&#8221;center&#8221; style=&#8221;vc_box_shadow_3d&#8221; onclick=&#8221;custom_link&#8221; link=&#8221;https:\/\/www.ufmg.br\/rededemuseus\/cemenf\/primeirasenfermeiras\/home\/topico-2\/&#8221; img_hover=&#8221;grayscale&#8221; img_caption=&#8221;T\u00f3pico II &#8211; &#8220;Normalistas e Enfermeiras&#8220;&#8221;][\/vc_column_inner][\/vc_row_inner]<div class=\"vcex-spacing wpex-w-100 wpex-clear\" style=\"height:50px\"><\/div>[\/vc_column][\/vc_row][vc_row][vc_column]<div class=\"vcex-spacing wpex-w-100 wpex-clear\" style=\"height:50px\"><\/div><div class=\"vcex-module vcex-callout wpex-mb-0 with-button wpex-text-center wpex-md-text-initial wpex-md-flex wpex-md-items-center wpex-clr\"><div class=\"vcex-callout-caption wpex-text-md wpex-last-mb-0 wpex-mb-20 wpex-md-w-75 wpex-md-pr-20 wpex-md-mb-0 wpex-clr\" style=\"font-size:16px;\"><div class=\"wpb_text_column wpex-max-w-100 wpex-mx-auto wpb_content_element \">\n<div class=\"wpb_wrapper\">\n<p style=\"text-align: center\">Gostou da Exposi\u00e7\u00e3o? Ent\u00e3o n\u00e3o se esque\u00e7a de deixar seu coment\u00e1rio sobre a exposi\u00e7\u00e3o<br \/>\nno nosso \u201c<a href=\"https:\/\/www.ufmg.br\/rededemuseus\/cemenf\/primeirasenfermeiras\/livro-de-visitas\/\">Livro de Visitas<\/a>\u201c.<\/p>\n<\/div>\n<\/div>\n<\/div><div class=\"vcex-callout-button wpex-md-w-25 wpex-md-text-right\"><a href=\"https:\/\/www.ufmg.br\/rededemuseus\/cemenf\/primeirasenfermeiras\/livro-de-visitas\/\" title=\"Comente\" style=\"background:#dd3333;border-radius:45px;font-size:20px;font-weight:600;\" data-wpex-hover=\"{&quot;background&quot;:&quot;#ba2a2a&quot;}\" class=\"theme-button three-d full-width wpex-text-center wpex-text-base\">Comente<span class=\"theme-button-icon-right ticon ticon-pencil\" aria-hidden=\"true\"><\/span><\/a><\/div><\/div>[\/vc_column][\/vc_row]\n","protected":false},"excerpt":{"rendered":"<p>[vc_row css=&#8221;.vc_custom_1621381035230{margin-top: -10px !important;}&#8221;][vc_column css=&#8221;.vc_custom_1616711489855{margin-bottom: 30px !important;padding-top: 40px !important;}&#8221;][vc_column_text] Efig\u00eania Maria das Dores, Entrou em 1955 e se formou em 1958, Natural de Oliveira \/ MG. [\/vc_column_text][\/vc_column][\/vc_row][vc_row][vc_column][vc_raw_html]JTNDcCUzRSU1QnBsYXllciUyMGlkJTNENTkzMSU1RCUzQyUyRnAlM0U=[\/vc_raw_html][\/vc_column][\/vc_row][vc_row][vc_column][vc_media_grid element_width=&#8221;2&#8243; item=&#8221;masonryMedia_Default&#8221; grid_id=&#8221;vc_gid:1634393630629-bf312f64-cb3a-1&#8243; include=&#8221;6048,6049,6050,6051,6060,6055,6058,6053,6054,6056,6057,6059,6046,6047,6052&#8243;][\/vc_column][\/vc_row][vc_row full_width=&#8221;stretch_row&#8221; css=&#8221;.vc_custom_1624650838810{background-color: #f4f4f4 !important;}&#8221;][vc_column][vc_row_inner][vc_column_inner width=&#8221;1\/4&#8243;][\/vc_column_inner][vc_column_inner width=&#8221;3\/4&#8243;][vc_column_text] Maria Barbosa Fernandes,&hellip;<\/p>\n","protected":false},"author":1,"featured_media":0,"parent":839,"menu_order":0,"comment_status":"closed","ping_status":"closed","template":"","meta":[],"_links":{"self":[{"href":"https:\/\/www.ufmg.br\/rededemuseus\/cemenf\/primeirasenfermeiras\/wp-json\/wp\/v2\/pages\/5123"}],"collection":[{"href":"https:\/\/www.ufmg.br\/rededemuseus\/cemenf\/primeirasenfermeiras\/wp-json\/wp\/v2\/pages"}],"about":[{"href":"https:\/\/www.ufmg.br\/rededemuseus\/cemenf\/primeirasenfermeiras\/wp-json\/wp\/v2\/types\/page"}],"author":[{"embeddable":true,"href":"https:\/\/www.ufmg.br\/rededemuseus\/cemenf\/primeirasenfermeiras\/wp-json\/wp\/v2\/users\/1"}],"replies":[{"embeddable":true,"href":"https:\/\/www.ufmg.br\/rededemuseus\/cemenf\/primeirasenfermeiras\/wp-json\/wp\/v2\/comments?post=5123"}],"version-history":[{"count":12,"href":"https:\/\/www.ufmg.br\/rededemuseus\/cemenf\/primeirasenfermeiras\/wp-json\/wp\/v2\/pages\/5123\/revisions"}],"predecessor-version":[{"id":6066,"href":"https:\/\/www.ufmg.br\/rededemuseus\/cemenf\/primeirasenfermeiras\/wp-json\/wp\/v2\/pages\/5123\/revisions\/6066"}],"up":[{"embeddable":true,"href":"https:\/\/www.ufmg.br\/rededemuseus\/cemenf\/primeirasenfermeiras\/wp-json\/wp\/v2\/pages\/839"}],"wp:attachment":[{"href":"https:\/\/www.ufmg.br\/rededemuseus\/cemenf\/primeirasenfermeiras\/wp-json\/wp\/v2\/media?parent=5123"}],"curies":[{"name":"wp","href":"https:\/\/api.w.org\/{rel}","templated":true}]}}