{"id":5378,"date":"2021-05-21T11:01:53","date_gmt":"2021-05-21T14:01:53","guid":{"rendered":"https:\/\/www.ufmg.br\/rededemuseus\/cemenf\/primeirasenfermeiras\/?page_id=5378"},"modified":"2021-10-18T11:19:44","modified_gmt":"2021-10-18T14:19:44","slug":"topico-2","status":"publish","type":"page","link":"https:\/\/www.ufmg.br\/rededemuseus\/cemenf\/primeirasenfermeiras\/home\/topico-2\/","title":{"rendered":"T\u00f3pico II &#8211; &#8220;Normalistas e Enfermeiras&#8221;"},"content":{"rendered":"[vc_row css=&#8221;.vc_custom_1621381035230{margin-top: -10px !important;}&#8221;][vc_column css=&#8221;.vc_custom_1616711489855{margin-bottom: 30px !important;padding-top: 40px !important;}&#8221;]<div class=\"vcex-spacing wpex-w-100 wpex-clear\" style=\"height:50px\"><\/div><h1 class=\"vcex-module vcex-heading wpex-text-2xl wpex-font-normal wpex-m-auto wpex-max-w-100 vcex-heading-plain wpex-block wpex-text-center vc_custom_1623878516623\" style=\"font-family:La Belle Aurore;font-size:40px;\"><span class=\"vcex-heading-inner wpex-inline-block wpex-clr\">\u201cDepois \u00e9 que, aconteceu que eu era assim bem jovem, n\u00e9, que eu me formei com 16 anos, 16 pra 17 anos, n\u00e9, logo comecei a lecionar e no interior eu falei bom, ficar aqui eu n\u00e3o quero ficar\u201d<\/span><\/h1>[vc_column_text]\n<h4 style=\"text-align: right;\"><em><strong>Helena Pereira,<\/strong><\/em><\/h4>\n<p style=\"text-align: right;\">Entrou em 1946 e se formou em 1949,<br \/>\nNatural de Cordisburgo \/ MG.<\/p>\n[\/vc_column_text][\/vc_column][\/vc_row][vc_row][vc_column]<div class=\"vcex-spacing wpex-w-100 wpex-clear\" style=\"height:30px\"><\/div><h1 class=\"vcex-module vcex-heading wpex-text-2xl wpex-font-normal wpex-m-auto wpex-max-w-100 vcex-heading-bottom-border-w-color wpex-block wpex-text-left vc_custom_1621547953162 wpex-border-b-2 wpex-border-solid wpex-border-gray-200\" style=\"font-family:Cutive;font-weight:600;\"><span class=\"vcex-heading-inner wpex-inline-block wpex-clr wpex-relative wpex-pb-5 wpex-border-b-2 wpex-border-solid wpex-border-accent\">\"Tocava na R\u00e1dio...\"<\/span><\/h1>[vc_raw_html]JTNDcCUzRSU1QnBsYXllciUyMGlkJTNENTM4NyU1RCUzQyUyRnAlM0U=[\/vc_raw_html][\/vc_column][\/vc_row][vc_row][vc_column]<div class=\"vcex-spacing wpex-w-100 wpex-clear\" style=\"height:30px\"><\/div><h1 class=\"vcex-module vcex-heading wpex-text-2xl wpex-font-normal wpex-m-auto wpex-max-w-100 vcex-heading-bottom-border-w-color wpex-block wpex-text-left vc_custom_1623254125183 wpex-border-b-2 wpex-border-solid wpex-border-gray-200\" style=\"font-family:Cutive;font-weight:600;\"><span class=\"vcex-heading-inner wpex-inline-block wpex-clr wpex-relative wpex-pb-5 wpex-border-b-2 wpex-border-solid wpex-border-accent\">Galeria - Fichas de Normalistas e Enfermeiras<\/span><\/h1>[vc_media_grid element_width=&#8221;2&#8243; item=&#8221;masonryMedia_Default&#8221; grid_id=&#8221;vc_gid:1634566746787-0fea6ac7-5565-7&#8243; include=&#8221;6068,6069,6070,6071,6072,6073,6074,6075,6076,6077,6078,6079,6080,6067&#8243;]<div class=\"vcex-spacing wpex-w-100 wpex-clear\" style=\"height:30px\"><\/div>[\/vc_column][\/vc_row][vc_row][vc_column]<h1 class=\"vcex-module vcex-heading wpex-text-2xl wpex-font-normal wpex-m-auto wpex-max-w-100 vcex-heading-bottom-border-w-color wpex-block wpex-text-left vc_custom_1621382869912 wpex-border-b-2 wpex-border-solid wpex-border-gray-200\" style=\"font-family:Cutive;font-weight:600;\"><span class=\"vcex-heading-inner wpex-inline-block wpex-clr wpex-relative wpex-pb-5 wpex-border-b-2 wpex-border-solid wpex-border-accent\">Entrevistas<\/span><\/h1>[vc_tta_accordion][vc_tta_section title=&#8221;Efig\u00eania Maria das Dores&#8221; tab_id=&#8221;1621381465890-d69d38a3-25ca&#8221;][vc_column_text]\u201cDepois eu continuei, eu fui crescendo, logicamente, n\u00e9, e fui para a escola normal, em Sete Lagoas, Escola Normal Regina Pacis. E de l\u00e1, de repente, eu despertei para a enfermagem. Ent\u00e3o eu falei: bom eu vou para Belo Horizonte estudar enfermagem.\u201d<\/p>\n<p>\u2192 <strong>EFIG\u00caNIA MARIA DAS DORES, ENTROU EM 1955 E SE FORMOU EM 1958, NATURAL DE OLIVEIRA \u2013 MG.<\/strong>[\/vc_column_text][\/vc_tta_section][vc_tta_section title=&#8221;Helena Pereira&#8221; tab_id=&#8221;1621381466079-a5e61cf6-ba1b&#8221;][vc_column_text]\u201cQuando foi no curso de forma\u00e7\u00e3o, eu tive tamb\u00e9m dois professores excelentes, foi o meu professor de biologia \u2013 ser\u00e1 que era Biologia, agora n\u00e3o me lembro &#8211; que foi Dr. Henrique Portugal e Dr. Armando que era Secret\u00e1rio de Sa\u00fade, pessoa que gosto muito, mas o sobrenome eu n\u00e3o me lembro. E essas duas pessoas me influenciaram a fazer enfermagem, que eu tinha muita facilidade assim&#8230;e o aluno que tem facilidade geralmente o professor tem assim uma aten\u00e7\u00e3o ou qualquer coisa. E Dr. Henrique Portugal ent\u00e3o&#8230; nessa \u00e9poca eu j\u00e1 era professora. Trabalhei vinte anos como professora.\u201d<\/p>\n<p>\u2192 <strong>HELENA PEREIRA, ENTROU EM 1946 E SE FORMOU EM 1949, NATURAL DE CORDISBURGO \u2013 MG.<\/strong>[\/vc_column_text][\/vc_tta_section][vc_tta_section title=&#8221;Maria Z\u00e9lia Carneiro&#8221; tab_id=&#8221;1625413574670-79eb143b-8e2d&#8221;][vc_column_text]\u201cEstudei sempre em Mariana, em col\u00e9gio, em grupo, n\u00e9. Gostava de todos os professores e no col\u00e9gio, eu fiz&#8230; naquele tempo era cinco anos, n\u00e9, na escola normal. Eu me formei em quarenta e cinco, me formei. E de quarenta e cinco a quarenta e sete fiquei em Mariana, achan.. pensando que ia conseguir uma vaga num grupo escolar para lecionar mas havia muita gente que havia formado e pertencia a parte pol\u00edtica l\u00e1, era muito querida dos pol\u00edticos. Ent\u00e3o, eu sobrei, mas sempre pensando de ainda realizar o meu desejo que era lecionar, n\u00e9, de ser professora. Me convidaram, ent\u00e3o para ir para o Rio de Janeiro para lecionar na escola das irm\u00e3s, que eram da mesma congrega\u00e7\u00e3o que eu tinha estudado em Mariana. Mas, l\u00e1 em casa, como n\u00f3s \u00e9ramos dez irm\u00e3os, meu pai e minha m\u00e3e j\u00e1 haviam morrido. Eles acharam dif\u00edcil que eu fosse sair para t\u00e3o longe. Havia ainda menores, n\u00e9. Que precisavam ainda da minha presen\u00e7a em casa. (&#8230;) Mas, depois aconteceu que o SESI uma&#8230; estava acabando de preparar um ambulat\u00f3rio aqui em Belo Horizonte para os, os oper\u00e1rios, n\u00e9, das ind\u00fastrias, que o SESI \u00e9 das ind\u00fastrias. Eles precisavam, ent\u00e3o, de pessoal preparado para trabalhar na, no ambulat\u00f3rio. Ent\u00e3o convocou em v\u00e1rios lugares de Minas Gerais, convocou pessoal para vim fazer o curso de enfermagem na escola, e recebendo tudo: uma boa bolsa de, para estudo e internato para morar. Ent\u00e3o, estava de jeito para mim, que era de fam\u00edlia pobre, que precisava de continuar meus estudos, n\u00e9, e tamb\u00e9m, depois para trabalhar. E j\u00e1 muito bom, porque a gente sabia que depois que a gente terminasse o curso estava empregada.\u201d<\/p>\n<p>\u2192 <strong>MARIA Z\u00c9LIA CARNEIRO<\/strong><strong>, ENTROU EM 1947 E SE FORMOU EM 1950, NATURAL DE MARIANA \u2013 MG.<\/strong>[\/vc_column_text][\/vc_tta_section][vc_tta_section title=&#8221;Rosa de Lima Moreira&#8221; tab_id=&#8221;1621381508265-319c1215-800c&#8221;][vc_column_text]\u201cTanto que as turmas primeiras \u00e9, n\u00e3o eram assim, assim, de mo\u00e7as de classe alta, nem n\u00e3o, nada, nada. Eram mo\u00e7as, professora prim\u00e1ria&#8230; ou ent\u00e3o quem n\u00e3o&#8230; quem pudesse prestar exame. Porque na ocasi\u00e3o n\u00e3o exigia assim, um curso de gin\u00e1sio completo n\u00e3o, n\u00e9. A pessoa podia fazer exames.\u201d<\/p>\n<p>\u2192 <strong>ROSA DE LIMA MOREIRA, ENTROU EM 1934 E SE FORMOU EM 1937, NATURAL DE MESTRE CAETANO \u2013 MG.<\/strong>[\/vc_column_text][\/vc_tta_section][\/vc_tta_accordion]<div class=\"vcex-spacing wpex-w-100 wpex-clear\" style=\"height:50px\"><\/div>[\/vc_column][\/vc_row][vc_row full_width=&#8221;stretch_row&#8221; bg_style=&#8221;stretch&#8221; css=&#8221;.vc_custom_1621263618041{border-top-width: 1px !important;border-bottom-width: 1px !important;padding-top: 40px !important;background: #f5f5f5 url(https:\/\/www.ufmg.br\/rededemuseus\/cemenf\/primeirasenfermeiras\/wp-content\/uploads\/2021\/05\/bg_vintage-v1.jpg?id=5042) !important;background-position: 0 0 !important;background-repeat: repeat !important;border-top-color: #ededed !important;border-bottom-color: #ededed !important;}&#8221;][vc_column margin_bottom=&#8221;0px&#8221;]<h1 class=\"vcex-module vcex-heading wpex-text-2xl wpex-font-normal wpex-m-auto wpex-max-w-100 vcex-heading-bottom-border-w-color wpex-block wpex-text-left vc_custom_1621553763297 wpex-border-b-2 wpex-border-solid wpex-border-gray-200\" style=\"font-family:Cutive;font-weight:600;\"><span class=\"vcex-heading-inner wpex-inline-block wpex-clr wpex-relative wpex-pb-5 wpex-border-b-2 wpex-border-solid wpex-border-accent\">Navega\u00e7\u00e3o<\/span><\/h1>[vc_row_inner content_placement=&#8221;middle&#8221;][vc_column_inner width=&#8221;1\/3&#8243;]<h1 class=\"vcex-module vcex-heading wpex-text-2xl wpex-font-normal wpex-m-auto wpex-max-w-100 vcex-heading-plain wpex-block wpex-text-center vc_custom_1621552691620\" style=\"font-weight:600;\"><span class=\"vcex-heading-inner wpex-inline-block wpex-clr\">T\u00f3pico Anterior<\/span><\/h1><div class=\"vcex-spacing wpex-w-100 wpex-clear\" style=\"height:30px\"><\/div>[vc_single_image image=&#8221;5094&#8243; css_animation=&#8221;left-to-right&#8221; alignment=&#8221;center&#8221; style=&#8221;vc_box_shadow_3d&#8221; onclick=&#8221;custom_link&#8221; link=&#8221;https:\/\/www.ufmg.br\/rededemuseus\/cemenf\/primeirasenfermeiras\/home\/topico-1\/&#8221; img_hover=&#8221;grayscale&#8221; img_caption=&#8221;T\u00f3pico I &#8211; &#8220;Quem eram essas mulheres?&#8220;&#8221;][\/vc_column_inner][vc_column_inner width=&#8221;1\/3&#8243;]<h1 class=\"vcex-module vcex-heading wpex-text-2xl wpex-font-normal wpex-m-auto wpex-max-w-100 vcex-heading-plain wpex-block wpex-text-center vc_custom_1621552806928\" style=\"font-weight:600;\"><span class=\"vcex-heading-inner wpex-inline-block wpex-clr\">Apresenta\u00e7\u00e3o<\/span><\/h1><div class=\"vcex-spacing wpex-w-100 wpex-clear\" style=\"height:30px\"><\/div>[vc_single_image image=&#8221;5315&#8243; css_animation=&#8221;appear&#8221; alignment=&#8221;center&#8221; style=&#8221;vc_box_shadow_3d&#8221; onclick=&#8221;custom_link&#8221; link=&#8221;https:\/\/www.ufmg.br\/rededemuseus\/cemenf\/primeirasenfermeiras\/&#8221; img_hover=&#8221;grayscale&#8221; img_caption=&#8221;Retornar \u00e0 P\u00e1gina Inicial&#8221;][\/vc_column_inner][vc_column_inner width=&#8221;1\/3&#8243;]<h1 class=\"vcex-module vcex-heading wpex-text-2xl wpex-font-normal wpex-m-auto wpex-max-w-100 vcex-heading-plain wpex-block wpex-text-center vc_custom_1621552740140\" style=\"font-weight:600;\"><span class=\"vcex-heading-inner wpex-inline-block wpex-clr\">Pr\u00f3ximo T\u00f3pico<\/span><\/h1><div class=\"vcex-spacing wpex-w-100 wpex-clear\" style=\"height:30px\"><\/div>[vc_single_image image=&#8221;5096&#8243; css_animation=&#8221;right-to-left&#8221; alignment=&#8221;center&#8221; style=&#8221;vc_box_shadow_3d&#8221; onclick=&#8221;custom_link&#8221; link=&#8221;https:\/\/www.ufmg.br\/rededemuseus\/cemenf\/primeirasenfermeiras\/home\/topico-3\/&#8221; img_hover=&#8221;grayscale&#8221; img_caption=&#8221;T\u00f3pico III &#8211; &#8220;Religiosidade na EECC&#8220;&#8221;][\/vc_column_inner][\/vc_row_inner]<div class=\"vcex-spacing wpex-w-100 wpex-clear\" style=\"height:50px\"><\/div>[\/vc_column][\/vc_row][vc_row][vc_column]<div class=\"vcex-spacing wpex-w-100 wpex-clear\" style=\"height:50px\"><\/div><div class=\"vcex-module vcex-callout wpex-mb-0 with-button wpex-text-center wpex-md-text-initial wpex-md-flex wpex-md-items-center wpex-clr\"><div class=\"vcex-callout-caption wpex-text-md wpex-last-mb-0 wpex-mb-20 wpex-md-w-75 wpex-md-pr-20 wpex-md-mb-0 wpex-clr\" style=\"font-size:16px;\"><div class=\"wpb_text_column wpex-max-w-100 wpex-mx-auto wpb_content_element \">\n<div class=\"wpb_wrapper\">\n<p style=\"text-align: center\">Gostou da Exposi\u00e7\u00e3o? Ent\u00e3o n\u00e3o se esque\u00e7a de deixar seu coment\u00e1rio sobre a exposi\u00e7\u00e3o<br \/>\nno nosso \u201c<a href=\"https:\/\/www.ufmg.br\/rededemuseus\/cemenf\/primeirasenfermeiras\/livro-de-visitas\/\">Livro de Visitas<\/a>\u201c.<\/p>\n<\/div>\n<\/div>\n<\/div><div class=\"vcex-callout-button wpex-md-w-25 wpex-md-text-right\"><a href=\"https:\/\/www.ufmg.br\/rededemuseus\/cemenf\/primeirasenfermeiras\/livro-de-visitas\/\" title=\"Comente\" style=\"background:#dd3333;border-radius:45px;font-size:20px;font-weight:600;\" data-wpex-hover=\"{&quot;background&quot;:&quot;#ba2a2a&quot;}\" class=\"theme-button three-d full-width wpex-text-center wpex-text-base\">Comente<span class=\"theme-button-icon-right ticon ticon-pencil\" aria-hidden=\"true\"><\/span><\/a><\/div><\/div>[\/vc_column][\/vc_row]\n","protected":false},"excerpt":{"rendered":"<p>[vc_row css=&#8221;.vc_custom_1621381035230{margin-top: -10px !important;}&#8221;][vc_column css=&#8221;.vc_custom_1616711489855{margin-bottom: 30px !important;padding-top: 40px !important;}&#8221;][vc_column_text] Helena Pereira, Entrou em 1946 e se formou em 1949, Natural de Cordisburgo \/ MG. [\/vc_column_text][\/vc_column][\/vc_row][vc_row][vc_column][vc_raw_html]JTNDcCUzRSU1QnBsYXllciUyMGlkJTNENTM4NyU1RCUzQyUyRnAlM0U=[\/vc_raw_html][\/vc_column][\/vc_row][vc_row][vc_column][vc_media_grid element_width=&#8221;2&#8243; item=&#8221;masonryMedia_Default&#8221; grid_id=&#8221;vc_gid:1634566746787-0fea6ac7-5565-7&#8243; include=&#8221;6068,6069,6070,6071,6072,6073,6074,6075,6076,6077,6078,6079,6080,6067&#8243;][\/vc_column][\/vc_row][vc_row][vc_column][vc_tta_accordion][vc_tta_section title=&#8221;Efig\u00eania Maria das Dores&#8221; tab_id=&#8221;1621381465890-d69d38a3-25ca&#8221;][vc_column_text]\u201cDepois eu continuei, eu fui crescendo, logicamente,&hellip;<\/p>\n","protected":false},"author":1,"featured_media":0,"parent":839,"menu_order":0,"comment_status":"closed","ping_status":"closed","template":"","meta":[],"_links":{"self":[{"href":"https:\/\/www.ufmg.br\/rededemuseus\/cemenf\/primeirasenfermeiras\/wp-json\/wp\/v2\/pages\/5378"}],"collection":[{"href":"https:\/\/www.ufmg.br\/rededemuseus\/cemenf\/primeirasenfermeiras\/wp-json\/wp\/v2\/pages"}],"about":[{"href":"https:\/\/www.ufmg.br\/rededemuseus\/cemenf\/primeirasenfermeiras\/wp-json\/wp\/v2\/types\/page"}],"author":[{"embeddable":true,"href":"https:\/\/www.ufmg.br\/rededemuseus\/cemenf\/primeirasenfermeiras\/wp-json\/wp\/v2\/users\/1"}],"replies":[{"embeddable":true,"href":"https:\/\/www.ufmg.br\/rededemuseus\/cemenf\/primeirasenfermeiras\/wp-json\/wp\/v2\/comments?post=5378"}],"version-history":[{"count":7,"href":"https:\/\/www.ufmg.br\/rededemuseus\/cemenf\/primeirasenfermeiras\/wp-json\/wp\/v2\/pages\/5378\/revisions"}],"predecessor-version":[{"id":6082,"href":"https:\/\/www.ufmg.br\/rededemuseus\/cemenf\/primeirasenfermeiras\/wp-json\/wp\/v2\/pages\/5378\/revisions\/6082"}],"up":[{"embeddable":true,"href":"https:\/\/www.ufmg.br\/rededemuseus\/cemenf\/primeirasenfermeiras\/wp-json\/wp\/v2\/pages\/839"}],"wp:attachment":[{"href":"https:\/\/www.ufmg.br\/rededemuseus\/cemenf\/primeirasenfermeiras\/wp-json\/wp\/v2\/media?parent=5378"}],"curies":[{"name":"wp","href":"https:\/\/api.w.org\/{rel}","templated":true}]}}