{"id":5418,"date":"2021-05-21T13:22:35","date_gmt":"2021-05-21T16:22:35","guid":{"rendered":"https:\/\/www.ufmg.br\/rededemuseus\/cemenf\/primeirasenfermeiras\/?page_id=5418"},"modified":"2021-10-18T11:26:02","modified_gmt":"2021-10-18T14:26:02","slug":"topico-3","status":"publish","type":"page","link":"https:\/\/www.ufmg.br\/rededemuseus\/cemenf\/primeirasenfermeiras\/home\/topico-3\/","title":{"rendered":"T\u00f3pico III &#8211; &#8220;Religiosidade na EECC&#8221;"},"content":{"rendered":"[vc_row css=&#8221;.vc_custom_1621381035230{margin-top: -10px !important;}&#8221;][vc_column css=&#8221;.vc_custom_1616711489855{margin-bottom: 30px !important;padding-top: 40px !important;}&#8221;]<div class=\"vcex-spacing wpex-w-100 wpex-clear\" style=\"height:50px\"><\/div><h1 class=\"vcex-module vcex-heading wpex-text-2xl wpex-font-normal wpex-m-auto wpex-max-w-100 vcex-heading-plain wpex-block wpex-text-center vc_custom_1623978432512\" style=\"font-family:La Belle Aurore;font-size:40px;\"><span class=\"vcex-heading-inner wpex-inline-block wpex-clr\">\u201cPoucas profiss\u00f5es como a de Enfermeira, exigir\u00e3o uma verdadeira forma\u00e7\u00e3o religiosa, uma intensa vida espiritual.\u201d<\/span><\/h1>[vc_column_text]\n<h4 style=\"text-align: right;\"><em><strong>Padre \u00c1lvaro Negromonte,<\/strong><\/em><\/h4>\n<p style=\"text-align: right;\">Capel\u00e3o da Escola de Enfermagem,<br \/>\ntrecho retirado do seu texto \u201cEnfermeira Cat\u00f3lica\u201d.<\/p>\n[\/vc_column_text][\/vc_column][\/vc_row][vc_row][vc_column]<div class=\"vcex-spacing wpex-w-100 wpex-clear\" style=\"height:30px\"><\/div><h1 class=\"vcex-module vcex-heading wpex-text-2xl wpex-font-normal wpex-m-auto wpex-max-w-100 vcex-heading-bottom-border-w-color wpex-block wpex-text-left vc_custom_1621547953162 wpex-border-b-2 wpex-border-solid wpex-border-gray-200\" style=\"font-family:Cutive;font-weight:600;\"><span class=\"vcex-heading-inner wpex-inline-block wpex-clr wpex-relative wpex-pb-5 wpex-border-b-2 wpex-border-solid wpex-border-accent\">\"Tocava na R\u00e1dio...\"<\/span><\/h1>[vc_raw_html]JTNDcCUzRSU1QnBsYXllciUyMGlkJTNENTgzMSU1RCUzQyUyRnAlM0U=[\/vc_raw_html][\/vc_column][\/vc_row][vc_row][vc_column]<div class=\"vcex-spacing wpex-w-100 wpex-clear\" style=\"height:30px\"><\/div><h1 class=\"vcex-module vcex-heading wpex-text-2xl wpex-font-normal wpex-m-auto wpex-max-w-100 vcex-heading-bottom-border-w-color wpex-block wpex-text-left vc_custom_1623246605138 wpex-border-b-2 wpex-border-solid wpex-border-gray-200\" style=\"font-family:Cutive;font-weight:600;\"><span class=\"vcex-heading-inner wpex-inline-block wpex-clr wpex-relative wpex-pb-5 wpex-border-b-2 wpex-border-solid wpex-border-accent\">Galeria - Celebra\u00e7\u00f5es e Encontros<\/span><\/h1>[vc_media_grid element_width=&#8221;2&#8243; item=&#8221;masonryMedia_Default&#8221; grid_id=&#8221;vc_gid:1634567068350-8969e1a1-9d63-9&#8243; include=&#8221;5496,5499,5508,5500,5505,5510,5503,5502,5501,5509,5504,5506&#8243;][\/vc_column][\/vc_row][vc_row][vc_column]<div class=\"vcex-spacing wpex-w-100 wpex-clear\" style=\"height:30px\"><\/div><h1 class=\"vcex-module vcex-heading wpex-text-2xl wpex-font-normal wpex-m-auto wpex-max-w-100 vcex-heading-bottom-border-w-color wpex-block wpex-text-left vc_custom_1623252935824 wpex-border-b-2 wpex-border-solid wpex-border-gray-200\" style=\"font-family:Cutive;font-weight:600;\"><span class=\"vcex-heading-inner wpex-inline-block wpex-clr wpex-relative wpex-pb-5 wpex-border-b-2 wpex-border-solid wpex-border-accent\">Galeria - Ficha de Irm\u00e3s e Alunas<\/span><\/h1>[vc_media_grid element_width=&#8221;2&#8243; item=&#8221;masonryMedia_Default&#8221; grid_id=&#8221;vc_gid:1634567068355-cccbf685-c55a-7&#8243; include=&#8221;6085,6088,6083,6084,6086,6087&#8243;][\/vc_column][\/vc_row][vc_row][vc_column]<div class=\"vcex-spacing wpex-w-100 wpex-clear\" style=\"height:30px\"><\/div><h1 class=\"vcex-module vcex-heading wpex-text-2xl wpex-font-normal wpex-m-auto wpex-max-w-100 vcex-heading-bottom-border-w-color wpex-block wpex-text-left vc_custom_1623253810981 wpex-border-b-2 wpex-border-solid wpex-border-gray-200\" style=\"font-family:Cutive;font-weight:600;\"><span class=\"vcex-heading-inner wpex-inline-block wpex-clr wpex-relative wpex-pb-5 wpex-border-b-2 wpex-border-solid wpex-border-accent\">Textos e documentos da \u00e9poca<\/span><\/h1><div class=\"vcex-multi-buttons vcex-clr\" style=\"text-align:center;\"><a href=\"https:\/\/www.ufmg.br\/rededemuseus\/cemenf\/primeirasenfermeiras\/wp-content\/uploads\/2021\/06\/Enfermeira-Catolica-Paginas-30-e-31.pdf\" class=\"theme-button flat vcex-count-1\" style=\" background:#bf9f62;\" data-wpex-hover=\"{&quot;background&quot;:&quot;#70614e&quot;}\">Enfermeira Cat\u00f3lica - P\u00e1ginas 30 e 31<\/a><a href=\"https:\/\/www.ufmg.br\/rededemuseus\/cemenf\/primeirasenfermeiras\/wp-content\/uploads\/2021\/06\/Jornal-Cinco-pras-Dez-O-Sacerdote-1937.pdf\" class=\"theme-button flat vcex-count-2\" style=\" background:#bf9f62;\" data-wpex-hover=\"{&quot;background&quot;:&quot;#70614e&quot;}\">Jornal Cinco pras Dez - O Sacerdote (1937)<\/a><a href=\"https:\/\/www.ufmg.br\/rededemuseus\/cemenf\/primeirasenfermeiras\/wp-content\/uploads\/2021\/06\/Juramento-Florence-Nightingale.pdf\" class=\"theme-button flat vcex-count-3\" style=\" background:#bf9f62;\" data-wpex-hover=\"{&quot;background&quot;:&quot;#70614e&quot;}\">Juramento - Florence Nightingale<\/a><a href=\"https:\/\/www.ufmg.br\/rededemuseus\/cemenf\/primeirasenfermeiras\/wp-content\/uploads\/2021\/06\/Relacao-das-Materias-e-Respectivos-Professores.pdf\" class=\"theme-button flat vcex-count-4\" style=\" background:#bf9f62;\" data-wpex-hover=\"{&quot;background&quot;:&quot;#70614e&quot;}\">Rela\u00e7\u00e3o das Mat\u00e9rias e Professores<\/a><\/div>[\/vc_column][\/vc_row][vc_row][vc_column]<h1 class=\"vcex-module vcex-heading wpex-text-2xl wpex-font-normal wpex-m-auto wpex-max-w-100 vcex-heading-bottom-border-w-color wpex-block wpex-text-left vc_custom_1621382869912 wpex-border-b-2 wpex-border-solid wpex-border-gray-200\" style=\"font-family:Cutive;font-weight:600;\"><span class=\"vcex-heading-inner wpex-inline-block wpex-clr wpex-relative wpex-pb-5 wpex-border-b-2 wpex-border-solid wpex-border-accent\">Entrevistas<\/span><\/h1>[vc_tta_accordion][vc_tta_section title=&#8221;Ana L\u00facia Magela Resende&#8221; tab_id=&#8221;1621381465890-d69d38a3-25ca&#8221;][vc_column_text]\u201cBom, n\u00e3o era admiss\u00edvel, n\u00e3o era pens\u00e1vel que tivesse um aluno ou um professor que n\u00e3o fosse cat\u00f3lico; a ponto de colocar toda uma escola em movimento para uma prociss\u00e3o de Corpus Christi. Expondo a gente ao maior rid\u00edculo. N\u00f3s acompanh\u00e1vamos [a prociss\u00e3o] vestidas de enfermeiras! N\u00e3o tem, n\u00e3o tem as filhas de Maria que faz a prociss\u00e3o, que faz uma ala da prociss\u00e3o, ala das baianas, minha filha. Era n\u00f3s [risos].<\/p>\n<p>Marcava-se frequ\u00eancia [na prociss\u00e3o], e quem n\u00e3o fosse tinha que justificar perante a irm\u00e3 Em\u00edlia. Se voc\u00ea n\u00e3o fosse nessa prociss\u00e3o voc\u00ea tinha que levar um atestado m\u00e9dico. N\u00f3s acompanh\u00e1vamos. Cant\u00e1vamos, canta&#8230;, cantoria, n\u00e3o \u00e9, salmos, esses tro\u00e7os, ladainha, n\u00e3o \u00e9, vela acesa.<\/p>\n<p>O dia-a-dia [na Escola] tinha reza antes de come\u00e7ar a aula. Levant\u00e1vamos e rez\u00e1vamos [&#8230;] Ave Maria, esses tro\u00e7os&#8230; na aula te\u00f3rica&#8230; Com as enfermeiras&#8230; Imagina os m\u00e9dicos colocando a gente para rezar, seria engra\u00e7ado. S\u00f3 com as enfermeiras, n\u00e3o \u00e9. Toda, toda e depois eu como profissional institu\u00eddo que em cada reuni\u00e3o da congrega\u00e7\u00e3o que era o colegiado maior, n\u00e3o \u00e9, \u00e9 tinha uma reza antes. At\u00e9 que criaram caso, D\u00f4ra parece que criou esse caso, que do mesmo jeito que rezava podia ter um ritual de umbanda, para o esc\u00e2ndalo geral [riso]. Porque, j\u00e1 que, porque que tinha que ser s\u00f3 a religi\u00e3o cat\u00f3lica, n\u00e3o \u00e9. Ent\u00e3o isso tinha, at\u00e9 eu j\u00e1 professora.<\/p>\n<p>Isso aconteceu por muito tempo. E tinha a capela na escola, e tinha missa para qualquer coisa, n\u00e3o \u00e9, missa pra tudo. Ent\u00e3o voc\u00ea tinha obriga\u00e7\u00e3o de comparecer. Agora o b\u00e1sico assim, mais gritante, era a prociss\u00e3o que voc\u00ea tinha que acompanhar. Quer dizer, era uma institui\u00e7\u00e3o que era colocado em movimento para acompanhar uma, um, um rito independente se voc\u00ea ser cat\u00f3lico ou n\u00e3o. Se bem que se tivesse algu\u00e9m que n\u00e3o fosse cat\u00f3lico, jamais falaria que n\u00e3o era.\u201d<\/p>\n<p>\u2192 <strong>ANA L\u00daCIA MAGELA RESENDE, ENTROU EM 1961 E SE FORMOU EM 1964, NATURAL DE BELO HORIZONTE \u2013 MG.<\/strong>[\/vc_column_text][\/vc_tta_section][vc_tta_section title=&#8221;Georgina Gomes de Figueiredo&#8221; tab_id=&#8221;1621381466079-a5e61cf6-ba1b&#8221;][vc_column_text]\u201cEnt\u00e3o eu n\u00e3o tenho essa, como \u00e9 que se fala? [&#8230;] essa coisa que a fam\u00edlia religiosa n\u00e9, essa tradi\u00e7\u00e3o religiosa, n\u00e9, embora depois eu tive uma irm\u00e3 que foi ser freira etc e tal, mas n\u00f3s n\u00e3o tivemos, sabe, essa tradi\u00e7\u00e3o, ia \u00e0 missa e como eu ia nos, numas coisas protestantes, adorava, porque tinha cineminha, sabe, tamb\u00e9m ia \u00e0 missa, porque tamb\u00e9m tinha as amiguinhas, mas eu nunca tive nenhuma tradi\u00e7\u00e3o religiosa, n\u00e9.\u201d<\/p>\n<p>\u2192 <strong>GEORGINA GOMES DE FIGUEIREDO, ENTROU EM 1959 E SE FORMOU EM 1962, NATURAL DE PEDRA AZUL \u2013 MG.<\/strong>[\/vc_column_text][\/vc_tta_section][vc_tta_section title=&#8221;Maria Barbosa Fernandes&#8221; tab_id=&#8221;1625069740698-17da1c09-b1a1&#8243;][vc_column_text]\u201cA gente da Escola, festa de igreja, no domingo tinha prociss\u00e3o, a gente ia. Ent\u00e3o, o uniforme de gala era o branco comprido, de luva e tudo n\u00e9. Mandava as \u201cMadalenas arrependidas\u201d! A capa&#8230; \u00c9, comprida. O uniforme branco e a capa azul marinho, branca, comprida tamb\u00e9m. E as alunas vestido azul, capa azul, mais curta.\u201d<\/p>\n<p>\u2192 <strong>MARIA BARBOSA FERNANDES, ENTROU EM 1934 E SE FORMOU EM 1937, NATURAL DE SANTA B\u00c1RBARA \u2013 MG.<\/strong>[\/vc_column_text][\/vc_tta_section][\/vc_tta_accordion]<div class=\"vcex-spacing wpex-w-100 wpex-clear\" style=\"height:50px\"><\/div>[\/vc_column][\/vc_row][vc_row full_width=&#8221;stretch_row&#8221; bg_style=&#8221;stretch&#8221; css=&#8221;.vc_custom_1621263618041{border-top-width: 1px !important;border-bottom-width: 1px !important;padding-top: 40px !important;background: #f5f5f5 url(https:\/\/www.ufmg.br\/rededemuseus\/cemenf\/primeirasenfermeiras\/wp-content\/uploads\/2021\/05\/bg_vintage-v1.jpg?id=5042) !important;background-position: 0 0 !important;background-repeat: repeat !important;border-top-color: #ededed !important;border-bottom-color: #ededed !important;}&#8221;][vc_column margin_bottom=&#8221;0px&#8221;]<h1 class=\"vcex-module vcex-heading wpex-text-2xl wpex-font-normal wpex-m-auto wpex-max-w-100 vcex-heading-bottom-border-w-color wpex-block wpex-text-left vc_custom_1621553763297 wpex-border-b-2 wpex-border-solid wpex-border-gray-200\" style=\"font-family:Cutive;font-weight:600;\"><span class=\"vcex-heading-inner wpex-inline-block wpex-clr wpex-relative wpex-pb-5 wpex-border-b-2 wpex-border-solid wpex-border-accent\">Navega\u00e7\u00e3o<\/span><\/h1>[vc_row_inner content_placement=&#8221;middle&#8221;][vc_column_inner width=&#8221;1\/3&#8243;]<h1 class=\"vcex-module vcex-heading wpex-text-2xl wpex-font-normal wpex-m-auto wpex-max-w-100 vcex-heading-plain wpex-block wpex-text-center vc_custom_1621552691620\" style=\"font-weight:600;\"><span class=\"vcex-heading-inner wpex-inline-block wpex-clr\">T\u00f3pico Anterior<\/span><\/h1><div class=\"vcex-spacing wpex-w-100 wpex-clear\" style=\"height:30px\"><\/div>[vc_single_image image=&#8221;5095&#8243; css_animation=&#8221;left-to-right&#8221; alignment=&#8221;center&#8221; style=&#8221;vc_box_shadow_3d&#8221; onclick=&#8221;custom_link&#8221; link=&#8221;https:\/\/www.ufmg.br\/rededemuseus\/cemenf\/primeirasenfermeiras\/home\/topico-2\/&#8221; img_hover=&#8221;grayscale&#8221; img_caption=&#8221;T\u00f3pico II &#8211; &#8220;Normalistas e Enfermeiras&#8220;&#8221;][\/vc_column_inner][vc_column_inner width=&#8221;1\/3&#8243;]<h1 class=\"vcex-module vcex-heading wpex-text-2xl wpex-font-normal wpex-m-auto wpex-max-w-100 vcex-heading-plain wpex-block wpex-text-center vc_custom_1621552806928\" style=\"font-weight:600;\"><span class=\"vcex-heading-inner wpex-inline-block wpex-clr\">Apresenta\u00e7\u00e3o<\/span><\/h1><div class=\"vcex-spacing wpex-w-100 wpex-clear\" style=\"height:30px\"><\/div>[vc_single_image image=&#8221;5315&#8243; css_animation=&#8221;appear&#8221; alignment=&#8221;center&#8221; style=&#8221;vc_box_shadow_3d&#8221; onclick=&#8221;custom_link&#8221; link=&#8221;https:\/\/www.ufmg.br\/rededemuseus\/cemenf\/primeirasenfermeiras\/&#8221; img_hover=&#8221;grayscale&#8221; img_caption=&#8221;Retornar \u00e0 P\u00e1gina Inicial&#8221;][\/vc_column_inner][vc_column_inner width=&#8221;1\/3&#8243;]<h1 class=\"vcex-module vcex-heading wpex-text-2xl wpex-font-normal wpex-m-auto wpex-max-w-100 vcex-heading-plain wpex-block wpex-text-center vc_custom_1621552740140\" style=\"font-weight:600;\"><span class=\"vcex-heading-inner wpex-inline-block wpex-clr\">Pr\u00f3ximo T\u00f3pico<\/span><\/h1><div class=\"vcex-spacing wpex-w-100 wpex-clear\" style=\"height:30px\"><\/div>[vc_single_image image=&#8221;5804&#8243; css_animation=&#8221;right-to-left&#8221; alignment=&#8221;center&#8221; style=&#8221;vc_box_shadow_3d&#8221; onclick=&#8221;custom_link&#8221; link=&#8221;https:\/\/www.ufmg.br\/rededemuseus\/cemenf\/primeirasenfermeiras\/home\/topico-4\/&#8221; img_hover=&#8221;grayscale&#8221; img_caption=&#8221;T\u00f3pico IV &#8211; &#8220;Formandas EECC&#8220;&#8221;][\/vc_column_inner][\/vc_row_inner]<div class=\"vcex-spacing wpex-w-100 wpex-clear\" style=\"height:50px\"><\/div>[\/vc_column][\/vc_row][vc_row][vc_column]<div class=\"vcex-spacing wpex-w-100 wpex-clear\" style=\"height:50px\"><\/div><div class=\"vcex-module vcex-callout wpex-mb-0 with-button wpex-text-center wpex-md-text-initial wpex-md-flex wpex-md-items-center wpex-clr\"><div class=\"vcex-callout-caption wpex-text-md wpex-last-mb-0 wpex-mb-20 wpex-md-w-75 wpex-md-pr-20 wpex-md-mb-0 wpex-clr\" style=\"font-size:16px;\"><div class=\"wpb_text_column wpex-max-w-100 wpex-mx-auto wpb_content_element \">\n<div class=\"wpb_wrapper\">\n<p style=\"text-align: center\">Gostou da Exposi\u00e7\u00e3o? Ent\u00e3o n\u00e3o se esque\u00e7a de deixar seu coment\u00e1rio sobre a exposi\u00e7\u00e3o<br \/>\nno nosso \u201c<a href=\"https:\/\/www.ufmg.br\/rededemuseus\/cemenf\/primeirasenfermeiras\/livro-de-visitas\/\">Livro de Visitas<\/a>\u201c.<\/p>\n<\/div>\n<\/div>\n<\/div><div class=\"vcex-callout-button wpex-md-w-25 wpex-md-text-right\"><a href=\"https:\/\/www.ufmg.br\/rededemuseus\/cemenf\/primeirasenfermeiras\/livro-de-visitas\/\" title=\"Comente\" style=\"background:#dd3333;border-radius:45px;font-size:20px;font-weight:600;\" data-wpex-hover=\"{&quot;background&quot;:&quot;#ba2a2a&quot;}\" class=\"theme-button three-d full-width wpex-text-center wpex-text-base\">Comente<span class=\"theme-button-icon-right ticon ticon-pencil\" aria-hidden=\"true\"><\/span><\/a><\/div><\/div>[\/vc_column][\/vc_row]\n","protected":false},"excerpt":{"rendered":"<p>[vc_row css=&#8221;.vc_custom_1621381035230{margin-top: -10px !important;}&#8221;][vc_column css=&#8221;.vc_custom_1616711489855{margin-bottom: 30px !important;padding-top: 40px !important;}&#8221;][vc_column_text] Padre \u00c1lvaro Negromonte, Capel\u00e3o da Escola de Enfermagem, trecho retirado do seu texto \u201cEnfermeira Cat\u00f3lica\u201d. [\/vc_column_text][\/vc_column][\/vc_row][vc_row][vc_column][vc_raw_html]JTNDcCUzRSU1QnBsYXllciUyMGlkJTNENTgzMSU1RCUzQyUyRnAlM0U=[\/vc_raw_html][\/vc_column][\/vc_row][vc_row][vc_column][vc_media_grid element_width=&#8221;2&#8243; item=&#8221;masonryMedia_Default&#8221; grid_id=&#8221;vc_gid:1634567068350-8969e1a1-9d63-9&#8243; include=&#8221;5496,5499,5508,5500,5505,5510,5503,5502,5501,5509,5504,5506&#8243;][\/vc_column][\/vc_row][vc_row][vc_column][vc_media_grid element_width=&#8221;2&#8243; item=&#8221;masonryMedia_Default&#8221; grid_id=&#8221;vc_gid:1634567068355-cccbf685-c55a-7&#8243; include=&#8221;6085,6088,6083,6084,6086,6087&#8243;][\/vc_column][\/vc_row][vc_row][vc_column][\/vc_column][\/vc_row][vc_row][vc_column][vc_tta_accordion][vc_tta_section title=&#8221;Ana L\u00facia Magela Resende&#8221; tab_id=&#8221;1621381465890-d69d38a3-25ca&#8221;][vc_column_text]\u201cBom, n\u00e3o era&hellip;<\/p>\n","protected":false},"author":1,"featured_media":0,"parent":839,"menu_order":0,"comment_status":"closed","ping_status":"closed","template":"","meta":[],"_links":{"self":[{"href":"https:\/\/www.ufmg.br\/rededemuseus\/cemenf\/primeirasenfermeiras\/wp-json\/wp\/v2\/pages\/5418"}],"collection":[{"href":"https:\/\/www.ufmg.br\/rededemuseus\/cemenf\/primeirasenfermeiras\/wp-json\/wp\/v2\/pages"}],"about":[{"href":"https:\/\/www.ufmg.br\/rededemuseus\/cemenf\/primeirasenfermeiras\/wp-json\/wp\/v2\/types\/page"}],"author":[{"embeddable":true,"href":"https:\/\/www.ufmg.br\/rededemuseus\/cemenf\/primeirasenfermeiras\/wp-json\/wp\/v2\/users\/1"}],"replies":[{"embeddable":true,"href":"https:\/\/www.ufmg.br\/rededemuseus\/cemenf\/primeirasenfermeiras\/wp-json\/wp\/v2\/comments?post=5418"}],"version-history":[{"count":3,"href":"https:\/\/www.ufmg.br\/rededemuseus\/cemenf\/primeirasenfermeiras\/wp-json\/wp\/v2\/pages\/5418\/revisions"}],"predecessor-version":[{"id":6090,"href":"https:\/\/www.ufmg.br\/rededemuseus\/cemenf\/primeirasenfermeiras\/wp-json\/wp\/v2\/pages\/5418\/revisions\/6090"}],"up":[{"embeddable":true,"href":"https:\/\/www.ufmg.br\/rededemuseus\/cemenf\/primeirasenfermeiras\/wp-json\/wp\/v2\/pages\/839"}],"wp:attachment":[{"href":"https:\/\/www.ufmg.br\/rededemuseus\/cemenf\/primeirasenfermeiras\/wp-json\/wp\/v2\/media?parent=5418"}],"curies":[{"name":"wp","href":"https:\/\/api.w.org\/{rel}","templated":true}]}}