{"id":5420,"date":"2021-05-21T13:24:04","date_gmt":"2021-05-21T16:24:04","guid":{"rendered":"https:\/\/www.ufmg.br\/rededemuseus\/cemenf\/primeirasenfermeiras\/?page_id=5420"},"modified":"2021-10-18T11:32:20","modified_gmt":"2021-10-18T14:32:20","slug":"topico-4","status":"publish","type":"page","link":"https:\/\/www.ufmg.br\/rededemuseus\/cemenf\/primeirasenfermeiras\/home\/topico-4\/","title":{"rendered":"T\u00f3pico IV &#8211; &#8220;Formandas EECC&#8221;"},"content":{"rendered":"[vc_row css=&#8221;.vc_custom_1621381035230{margin-top: -10px !important;}&#8221;][vc_column css=&#8221;.vc_custom_1616711489855{margin-bottom: 30px !important;padding-top: 40px !important;}&#8221;]<div class=\"vcex-spacing wpex-w-100 wpex-clear\" style=\"height:50px\"><\/div><h1 class=\"vcex-module vcex-heading wpex-text-2xl wpex-font-normal wpex-m-auto wpex-max-w-100 vcex-heading-plain wpex-block wpex-text-center vc_custom_1623256747036\" style=\"font-family:La Belle Aurore;font-size:40px;\"><span class=\"vcex-heading-inner wpex-inline-block wpex-clr\">\"E na tarde desse mesmo dia a Enfermagem deste grande estado escrevia sua primeira p\u00e1gina: vencia sua primeira e dific\u00edlima etapa a Escola de Enfermagem Carlos Chagas, com a formatura de suas primeiras alunas.\"<\/span><\/h1>[vc_column_text]\n<h4 style=\"text-align: right;\"><em><strong>Trecho do jornal Cinco Pras Dez,<\/strong><\/em><\/h4>\n<p style=\"text-align: right;\">22\/09\/1936.<\/p>\n[\/vc_column_text][\/vc_column][\/vc_row][vc_row][vc_column]<div class=\"vcex-spacing wpex-w-100 wpex-clear\" style=\"height:30px\"><\/div><h1 class=\"vcex-module vcex-heading wpex-text-2xl wpex-font-normal wpex-m-auto wpex-max-w-100 vcex-heading-bottom-border-w-color wpex-block wpex-text-left vc_custom_1623257843623 wpex-border-b-2 wpex-border-solid wpex-border-gray-200\" style=\"font-family:Cutive;font-weight:600;\"><span class=\"vcex-heading-inner wpex-inline-block wpex-clr wpex-relative wpex-pb-5 wpex-border-b-2 wpex-border-solid wpex-border-accent\">Galeria - Formaturas (vis\u00e3o geral)<\/span><\/h1>[vc_media_grid element_width=&#8221;2&#8243; item=&#8221;masonryMedia_Default&#8221; grid_id=&#8221;vc_gid:1634567426512-48378fe2-1e37-10&#8243; include=&#8221;5546,5547,5550,5551,5542,5540,5541,5544,5539,5548,5549,5545&#8243;][\/vc_column][\/vc_row][vc_row][vc_column]<div class=\"vcex-spacing wpex-w-100 wpex-clear\" style=\"height:30px\"><\/div><h1 class=\"vcex-module vcex-heading wpex-text-2xl wpex-font-normal wpex-m-auto wpex-max-w-100 vcex-heading-bottom-border-w-color wpex-block wpex-text-left vc_custom_1623261426622 wpex-border-b-2 wpex-border-solid wpex-border-gray-200\" style=\"font-family:Cutive;font-weight:600;\"><span class=\"vcex-heading-inner wpex-inline-block wpex-clr wpex-relative wpex-pb-5 wpex-border-b-2 wpex-border-solid wpex-border-accent\">Galeria - Formandas de 1951<\/span><\/h1>[vc_media_grid element_width=&#8221;2&#8243; item=&#8221;masonryMedia_Default&#8221; grid_id=&#8221;vc_gid:1634567426517-68fdac81-23c1-10&#8243; include=&#8221;5571,5570,5569,5568,5567,5566,5565,5562,5561,5560,5559,5558,5557,5563,5564&#8243;][\/vc_column][\/vc_row][vc_row][vc_column]<div class=\"vcex-spacing wpex-w-100 wpex-clear\" style=\"height:30px\"><\/div><h1 class=\"vcex-module vcex-heading wpex-text-2xl wpex-font-normal wpex-m-auto wpex-max-w-100 vcex-heading-bottom-border-w-color wpex-block wpex-text-left vc_custom_1623267243298 wpex-border-b-2 wpex-border-solid wpex-border-gray-200\" style=\"font-family:Cutive;font-weight:600;\"><span class=\"vcex-heading-inner wpex-inline-block wpex-clr wpex-relative wpex-pb-5 wpex-border-b-2 wpex-border-solid wpex-border-accent\">Galeria - Formandas e Homenageados de 1964<\/span><\/h1>[vc_media_grid element_width=&#8221;2&#8243; item=&#8221;masonryMedia_Default&#8221; grid_id=&#8221;vc_gid:1634567426522-3dabcb4d-1964-5&#8243; include=&#8221;5600,5601,5602,5575,5576,5577,5578,5579,5580,5581,5582,5583,5584,5585,5586,5587,5588,5589,5590,5591,5592,5596,5597,5598,5599,5593,5594,5595&#8243;][\/vc_column][\/vc_row][vc_row][vc_column]<div class=\"vcex-spacing wpex-w-100 wpex-clear\" style=\"height:30px\"><\/div><h1 class=\"vcex-module vcex-heading wpex-text-2xl wpex-font-normal wpex-m-auto wpex-max-w-100 vcex-heading-bottom-border-w-color wpex-block wpex-text-left vc_custom_1623268551247 wpex-border-b-2 wpex-border-solid wpex-border-gray-200\" style=\"font-family:Cutive;font-weight:600;\"><span class=\"vcex-heading-inner wpex-inline-block wpex-clr wpex-relative wpex-pb-5 wpex-border-b-2 wpex-border-solid wpex-border-accent\">Galeria - Fichas de Inscri\u00e7\u00e3o<\/span><\/h1>[vc_media_grid element_width=&#8221;2&#8243; item=&#8221;masonryMedia_Default&#8221; grid_id=&#8221;vc_gid:1634567426527-fc803cd4-725f-2&#8243; include=&#8221;6092,6093,6094,6095,6096,6097,6098,6091&#8243;][\/vc_column][\/vc_row][vc_row][vc_column]<div class=\"vcex-spacing wpex-w-100 wpex-clear\" style=\"height:30px\"><\/div><h1 class=\"vcex-module vcex-heading wpex-text-2xl wpex-font-normal wpex-m-auto wpex-max-w-100 vcex-heading-bottom-border-w-color wpex-block wpex-text-left vc_custom_1625414202445 wpex-border-b-2 wpex-border-solid wpex-border-gray-200\" style=\"font-family:Cutive;font-weight:600;\"><span class=\"vcex-heading-inner wpex-inline-block wpex-clr wpex-relative wpex-pb-5 wpex-border-b-2 wpex-border-solid wpex-border-accent\">Galeria - Manchetes e Materias de Jornais<\/span><\/h1>[vc_media_grid element_width=&#8221;2&#8243; item=&#8221;masonryMedia_Default&#8221; grid_id=&#8221;vc_gid:1634567426531-218ffa64-8f01-2&#8243; include=&#8221;5667,5678,5669,5674,5666,5679&#8243;]<div class=\"vcex-spacing wpex-w-100 wpex-clear\" style=\"height:30px\"><\/div>[\/vc_column][\/vc_row][vc_row full_width=&#8221;stretch_row&#8221; bg_style=&#8221;stretch&#8221; css=&#8221;.vc_custom_1621263618041{border-top-width: 1px !important;border-bottom-width: 1px !important;padding-top: 40px !important;background: #f5f5f5 url(https:\/\/www.ufmg.br\/rededemuseus\/cemenf\/primeirasenfermeiras\/wp-content\/uploads\/2021\/05\/bg_vintage-v1.jpg?id=5042) !important;background-position: 0 0 !important;background-repeat: repeat !important;border-top-color: #ededed !important;border-bottom-color: #ededed !important;}&#8221;][vc_column margin_bottom=&#8221;0px&#8221;]<h1 class=\"vcex-module vcex-heading wpex-text-2xl wpex-font-normal wpex-m-auto wpex-max-w-100 vcex-heading-bottom-border-w-color wpex-block wpex-text-left vc_custom_1621553763297 wpex-border-b-2 wpex-border-solid wpex-border-gray-200\" style=\"font-family:Cutive;font-weight:600;\"><span class=\"vcex-heading-inner wpex-inline-block wpex-clr wpex-relative wpex-pb-5 wpex-border-b-2 wpex-border-solid wpex-border-accent\">Navega\u00e7\u00e3o<\/span><\/h1>[vc_row_inner content_placement=&#8221;middle&#8221;][vc_column_inner width=&#8221;1\/3&#8243;]<h1 class=\"vcex-module vcex-heading wpex-text-2xl wpex-font-normal wpex-m-auto wpex-max-w-100 vcex-heading-plain wpex-block wpex-text-center vc_custom_1621552691620\" style=\"font-weight:600;\"><span class=\"vcex-heading-inner wpex-inline-block wpex-clr\">T\u00f3pico Anterior<\/span><\/h1><div class=\"vcex-spacing wpex-w-100 wpex-clear\" style=\"height:30px\"><\/div>[vc_single_image image=&#8221;5096&#8243; css_animation=&#8221;left-to-right&#8221; alignment=&#8221;center&#8221; style=&#8221;vc_box_shadow_3d&#8221; onclick=&#8221;custom_link&#8221; link=&#8221;https:\/\/www.ufmg.br\/rededemuseus\/cemenf\/primeirasenfermeiras\/home\/topico-3\/&#8221; img_hover=&#8221;grayscale&#8221; img_caption=&#8221;T\u00f3pico III &#8211; &#8220;Religiosidade na EECC&#8220;&#8221;][\/vc_column_inner][vc_column_inner width=&#8221;1\/3&#8243;]<h1 class=\"vcex-module vcex-heading wpex-text-2xl wpex-font-normal wpex-m-auto wpex-max-w-100 vcex-heading-plain wpex-block wpex-text-center vc_custom_1621552806928\" style=\"font-weight:600;\"><span class=\"vcex-heading-inner wpex-inline-block wpex-clr\">Apresenta\u00e7\u00e3o<\/span><\/h1><div class=\"vcex-spacing wpex-w-100 wpex-clear\" style=\"height:30px\"><\/div>[vc_single_image image=&#8221;5315&#8243; css_animation=&#8221;appear&#8221; alignment=&#8221;center&#8221; style=&#8221;vc_box_shadow_3d&#8221; onclick=&#8221;custom_link&#8221; link=&#8221;https:\/\/www.ufmg.br\/rededemuseus\/cemenf\/primeirasenfermeiras\/&#8221; img_hover=&#8221;grayscale&#8221; img_caption=&#8221;Retornar \u00e0 P\u00e1gina Inicial&#8221;][\/vc_column_inner][vc_column_inner width=&#8221;1\/3&#8243;]<h1 class=\"vcex-module vcex-heading wpex-text-2xl wpex-font-normal wpex-m-auto wpex-max-w-100 vcex-heading-plain wpex-block wpex-text-center vc_custom_1621552740140\" style=\"font-weight:600;\"><span class=\"vcex-heading-inner wpex-inline-block wpex-clr\">Pr\u00f3ximo T\u00f3pico<\/span><\/h1><div class=\"vcex-spacing wpex-w-100 wpex-clear\" style=\"height:30px\"><\/div>[vc_single_image image=&#8221;5098&#8243; css_animation=&#8221;right-to-left&#8221; alignment=&#8221;center&#8221; style=&#8221;vc_box_shadow_3d&#8221; onclick=&#8221;custom_link&#8221; link=&#8221;https:\/\/www.ufmg.br\/rededemuseus\/cemenf\/primeirasenfermeiras\/home\/topico-5\/&#8221; img_hover=&#8221;grayscale&#8221; img_caption=&#8221;T\u00f3pico V &#8211; &#8220;A Escola de Enfermagem Carlos Chagas&#8220;&#8221;][\/vc_column_inner][\/vc_row_inner]<div class=\"vcex-spacing wpex-w-100 wpex-clear\" style=\"height:50px\"><\/div>[\/vc_column][\/vc_row][vc_row][vc_column]<div class=\"vcex-spacing wpex-w-100 wpex-clear\" style=\"height:50px\"><\/div><div class=\"vcex-module vcex-callout wpex-mb-0 with-button wpex-text-center wpex-md-text-initial wpex-md-flex wpex-md-items-center wpex-clr\"><div class=\"vcex-callout-caption wpex-text-md wpex-last-mb-0 wpex-mb-20 wpex-md-w-75 wpex-md-pr-20 wpex-md-mb-0 wpex-clr\" style=\"font-size:16px;\"><div class=\"wpb_text_column wpex-max-w-100 wpex-mx-auto wpb_content_element \">\n<div class=\"wpb_wrapper\">\n<p style=\"text-align: center\">Gostou da Exposi\u00e7\u00e3o? Ent\u00e3o n\u00e3o se esque\u00e7a de deixar seu coment\u00e1rio sobre a exposi\u00e7\u00e3o<br \/>\nno nosso \u201c<a href=\"https:\/\/www.ufmg.br\/rededemuseus\/cemenf\/primeirasenfermeiras\/livro-de-visitas\/\">Livro de Visitas<\/a>\u201c.<\/p>\n<\/div>\n<\/div>\n<\/div><div class=\"vcex-callout-button wpex-md-w-25 wpex-md-text-right\"><a href=\"https:\/\/www.ufmg.br\/rededemuseus\/cemenf\/primeirasenfermeiras\/livro-de-visitas\/\" title=\"Comente\" style=\"background:#dd3333;border-radius:45px;font-size:20px;font-weight:600;\" data-wpex-hover=\"{&quot;background&quot;:&quot;#ba2a2a&quot;}\" class=\"theme-button three-d full-width wpex-text-center wpex-text-base\">Comente<span class=\"theme-button-icon-right ticon ticon-pencil\" aria-hidden=\"true\"><\/span><\/a><\/div><\/div>[\/vc_column][\/vc_row]\n","protected":false},"excerpt":{"rendered":"<p>[vc_row css=&#8221;.vc_custom_1621381035230{margin-top: -10px !important;}&#8221;][vc_column css=&#8221;.vc_custom_1616711489855{margin-bottom: 30px !important;padding-top: 40px !important;}&#8221;][vc_column_text] Trecho do jornal Cinco Pras Dez, 22\/09\/1936. [\/vc_column_text][\/vc_column][\/vc_row][vc_row][vc_column][vc_media_grid element_width=&#8221;2&#8243; item=&#8221;masonryMedia_Default&#8221; grid_id=&#8221;vc_gid:1634567426512-48378fe2-1e37-10&#8243; include=&#8221;5546,5547,5550,5551,5542,5540,5541,5544,5539,5548,5549,5545&#8243;][\/vc_column][\/vc_row][vc_row][vc_column][vc_media_grid element_width=&#8221;2&#8243; item=&#8221;masonryMedia_Default&#8221; grid_id=&#8221;vc_gid:1634567426517-68fdac81-23c1-10&#8243; include=&#8221;5571,5570,5569,5568,5567,5566,5565,5562,5561,5560,5559,5558,5557,5563,5564&#8243;][\/vc_column][\/vc_row][vc_row][vc_column][vc_media_grid element_width=&#8221;2&#8243; item=&#8221;masonryMedia_Default&#8221; grid_id=&#8221;vc_gid:1634567426522-3dabcb4d-1964-5&#8243; include=&#8221;5600,5601,5602,5575,5576,5577,5578,5579,5580,5581,5582,5583,5584,5585,5586,5587,5588,5589,5590,5591,5592,5596,5597,5598,5599,5593,5594,5595&#8243;][\/vc_column][\/vc_row][vc_row][vc_column][vc_media_grid element_width=&#8221;2&#8243; item=&#8221;masonryMedia_Default&#8221; grid_id=&#8221;vc_gid:1634567426527-fc803cd4-725f-2&#8243; include=&#8221;6092,6093,6094,6095,6096,6097,6098,6091&#8243;][\/vc_column][\/vc_row][vc_row][vc_column][vc_media_grid element_width=&#8221;2&#8243; item=&#8221;masonryMedia_Default&#8221; grid_id=&#8221;vc_gid:1634567426531-218ffa64-8f01-2&#8243; include=&#8221;5667,5678,5669,5674,5666,5679&#8243;][\/vc_column][\/vc_row][vc_row full_width=&#8221;stretch_row&#8221; bg_style=&#8221;stretch&#8221; css=&#8221;.vc_custom_1621263618041{border-top-width:&hellip;<\/p>\n","protected":false},"author":1,"featured_media":0,"parent":839,"menu_order":0,"comment_status":"closed","ping_status":"closed","template":"","meta":[],"_links":{"self":[{"href":"https:\/\/www.ufmg.br\/rededemuseus\/cemenf\/primeirasenfermeiras\/wp-json\/wp\/v2\/pages\/5420"}],"collection":[{"href":"https:\/\/www.ufmg.br\/rededemuseus\/cemenf\/primeirasenfermeiras\/wp-json\/wp\/v2\/pages"}],"about":[{"href":"https:\/\/www.ufmg.br\/rededemuseus\/cemenf\/primeirasenfermeiras\/wp-json\/wp\/v2\/types\/page"}],"author":[{"embeddable":true,"href":"https:\/\/www.ufmg.br\/rededemuseus\/cemenf\/primeirasenfermeiras\/wp-json\/wp\/v2\/users\/1"}],"replies":[{"embeddable":true,"href":"https:\/\/www.ufmg.br\/rededemuseus\/cemenf\/primeirasenfermeiras\/wp-json\/wp\/v2\/comments?post=5420"}],"version-history":[{"count":5,"href":"https:\/\/www.ufmg.br\/rededemuseus\/cemenf\/primeirasenfermeiras\/wp-json\/wp\/v2\/pages\/5420\/revisions"}],"predecessor-version":[{"id":6100,"href":"https:\/\/www.ufmg.br\/rededemuseus\/cemenf\/primeirasenfermeiras\/wp-json\/wp\/v2\/pages\/5420\/revisions\/6100"}],"up":[{"embeddable":true,"href":"https:\/\/www.ufmg.br\/rededemuseus\/cemenf\/primeirasenfermeiras\/wp-json\/wp\/v2\/pages\/839"}],"wp:attachment":[{"href":"https:\/\/www.ufmg.br\/rededemuseus\/cemenf\/primeirasenfermeiras\/wp-json\/wp\/v2\/media?parent=5420"}],"curies":[{"name":"wp","href":"https:\/\/api.w.org\/{rel}","templated":true}]}}