{"id":5422,"date":"2021-05-21T13:26:18","date_gmt":"2021-05-21T16:26:18","guid":{"rendered":"https:\/\/www.ufmg.br\/rededemuseus\/cemenf\/primeirasenfermeiras\/?page_id=5422"},"modified":"2021-07-09T16:30:26","modified_gmt":"2021-07-09T19:30:26","slug":"topico-5","status":"publish","type":"page","link":"https:\/\/www.ufmg.br\/rededemuseus\/cemenf\/primeirasenfermeiras\/home\/topico-5\/","title":{"rendered":"T\u00f3pico V &#8211; &#8220;A Escola de Enfermagem Carlos Chagas&#8221;"},"content":{"rendered":"[vc_row css=&#8221;.vc_custom_1621381035230{margin-top: -10px !important;}&#8221;][vc_column css=&#8221;.vc_custom_1616711489855{margin-bottom: 30px !important;padding-top: 40px !important;}&#8221;]<div class=\"vcex-spacing wpex-w-100 wpex-clear\" style=\"height:50px\"><\/div><h1 class=\"vcex-module vcex-heading wpex-text-2xl wpex-font-normal wpex-m-auto wpex-max-w-100 vcex-heading-plain wpex-block wpex-text-center vc_custom_1624480740062\" style=\"font-family:La Belle Aurore;font-size:40px;\"><span class=\"vcex-heading-inner wpex-inline-block wpex-clr\">\u201c...local apraz\u00edvel, n\u00e3o muito distante do Hospital S\u00e3o Vicente de Paulo, cercado de verdes palmeiras, com campos de jogos e tendo mesmo uma falada piscina, lembrando velho castelo abandonado ...\u201d<\/span><\/h1>[vc_column_text]\n<h4 style=\"text-align: right;\"><em><strong>La\u00eds Netto dos Reys,<\/strong><\/em><\/h4>\n<p style=\"text-align: right;\">primeira diretora da Escola,<br \/>\ndescreveu a sede do Internato, institu\u00eddo por ela, em 1935.<\/p>\n[\/vc_column_text][\/vc_column][\/vc_row][vc_row][vc_column]<div class=\"vcex-spacing wpex-w-100 wpex-clear\" style=\"height:30px\"><\/div><h1 class=\"vcex-module vcex-heading wpex-text-2xl wpex-font-normal wpex-m-auto wpex-max-w-100 vcex-heading-bottom-border-w-color wpex-block wpex-text-left vc_custom_1623538623685 wpex-border-b-2 wpex-border-solid wpex-border-gray-200\" style=\"font-family:Cutive;font-weight:600;\"><span class=\"vcex-heading-inner wpex-inline-block wpex-clr wpex-relative wpex-pb-5 wpex-border-b-2 wpex-border-solid wpex-border-accent\">Galeria - Pr\u00e9dios<\/span><\/h1>[vc_media_grid element_width=&#8221;2&#8243; item=&#8221;masonryMedia_Default&#8221; grid_id=&#8221;vc_gid:1625858956294-f4d68582-5a7d-7&#8243; include=&#8221;5645,5644,5650,5730,5641,5652,5642,5649,5643,5648,5646,5651&#8243;][\/vc_column][\/vc_row][vc_row][vc_column]<div class=\"vcex-spacing wpex-w-100 wpex-clear\" style=\"height:30px\"><\/div><h1 class=\"vcex-module vcex-heading wpex-text-2xl wpex-font-normal wpex-m-auto wpex-max-w-100 vcex-heading-bottom-border-w-color wpex-block wpex-text-left vc_custom_1623541035345 wpex-border-b-2 wpex-border-solid wpex-border-gray-200\" style=\"font-family:Cutive;font-weight:600;\"><span class=\"vcex-heading-inner wpex-inline-block wpex-clr wpex-relative wpex-pb-5 wpex-border-b-2 wpex-border-solid wpex-border-accent\">Documentos, publica\u00e7\u00f5es e decretos<\/span><\/h1><div class=\"vcex-multi-buttons vcex-clr\" style=\"text-align:center;\"><a href=\"https:\/\/www.ufmg.br\/rededemuseus\/cemenf\/primeirasenfermeiras\/wp-content\/uploads\/2021\/06\/Da-criacao-da-Escola-1.pdf\" class=\"theme-button flat vcex-count-1\" style=\" background:#bf9f62;\" data-wpex-hover=\"{&quot;background&quot;:&quot;#70614e&quot;}\">Da cria\u00e7\u00e3o da Escola (1)<\/a><a href=\"https:\/\/www.ufmg.br\/rededemuseus\/cemenf\/primeirasenfermeiras\/wp-content\/uploads\/2021\/06\/Da-criacao-da-Escola-2.pdf\" class=\"theme-button flat vcex-count-2\" style=\" background:#bf9f62;\" data-wpex-hover=\"{&quot;background&quot;:&quot;#70614e&quot;}\">Da cria\u00e7\u00e3o da Escola (2)<\/a><a href=\"https:\/\/www.ufmg.br\/rededemuseus\/cemenf\/primeirasenfermeiras\/wp-content\/uploads\/2021\/06\/DECRETO-no-11.384.pdf\" class=\"theme-button flat vcex-count-3\" style=\" background:#bf9f62;\" data-wpex-hover=\"{&quot;background&quot;:&quot;#70614e&quot;}\">DECRETO n\u00ba 11.384<\/a><a href=\"https:\/\/www.ufmg.br\/rededemuseus\/cemenf\/primeirasenfermeiras\/wp-content\/uploads\/2021\/06\/Mocao-de-apoio-a-desanexacao.pdf\" class=\"theme-button flat vcex-count-4\" style=\" background:#bf9f62;\" data-wpex-hover=\"{&quot;background&quot;:&quot;#70614e&quot;}\">Mo\u00e7\u00e3o de apoio \u00e0 desanexa\u00e7\u00e3o<\/a><a href=\"https:\/\/www.ufmg.br\/rededemuseus\/cemenf\/primeirasenfermeiras\/wp-content\/uploads\/2021\/06\/Solicitacao-de-equiparacao-1937.pdf\" class=\"theme-button flat vcex-count-5\" style=\" background:#bf9f62;\" data-wpex-hover=\"{&quot;background&quot;:&quot;#70614e&quot;}\">Solicita\u00e7\u00e3o de equipara\u00e7\u00e3o - 1937<\/a><\/div>[\/vc_column][\/vc_row][vc_row][vc_column]<div class=\"vcex-spacing wpex-w-100 wpex-clear\" style=\"height:30px\"><\/div><h1 class=\"vcex-module vcex-heading wpex-text-2xl wpex-font-normal wpex-m-auto wpex-max-w-100 vcex-heading-bottom-border-w-color wpex-block wpex-text-left vc_custom_1623548662573 wpex-border-b-2 wpex-border-solid wpex-border-gray-200\" style=\"font-family:Cutive;font-weight:600;\"><span class=\"vcex-heading-inner wpex-inline-block wpex-clr wpex-relative wpex-pb-5 wpex-border-b-2 wpex-border-solid wpex-border-accent\">Galeria - Manchetes e Materias de Jornais<\/span><\/h1>[vc_media_grid element_width=&#8221;2&#8243; item=&#8221;masonryMedia_Default&#8221; grid_id=&#8221;vc_gid:1625858956303-40d21a0a-def8-9&#8243; include=&#8221;5665,5675,5676,5673,5670,5680,5671,5677,5672,5668&#8243;][\/vc_column][\/vc_row][vc_row][vc_column]<div class=\"vcex-spacing wpex-w-100 wpex-clear\" style=\"height:30px\"><\/div><h1 class=\"vcex-module vcex-heading wpex-text-2xl wpex-font-normal wpex-m-auto wpex-max-w-100 vcex-heading-bottom-border-w-color wpex-block wpex-text-left vc_custom_1625858989173 wpex-border-b-2 wpex-border-solid wpex-border-gray-200\" style=\"font-family:Cutive;font-weight:600;\"><span class=\"vcex-heading-inner wpex-inline-block wpex-clr wpex-relative wpex-pb-5 wpex-border-b-2 wpex-border-solid wpex-border-accent\">Clipping - Jornais da \u00e9poca do Acervo em PDF<\/span><\/h1><div class=\"vcex-multi-buttons vcex-clr\" style=\"text-align:center;\"><a href=\"https:\/\/www.ufmg.br\/rededemuseus\/cemenf\/primeirasenfermeiras\/wp-content\/uploads\/2021\/06\/A-cidade-hospeda-um-grande-cientista-e-outros.pdf\" class=\"theme-button flat vcex-count-1\" style=\" background:#bf9f62;\" data-wpex-hover=\"{&quot;background&quot;:&quot;#70614e&quot;}\">Minas Geraes - diversos 33\/35<\/a><a href=\"https:\/\/www.ufmg.br\/rededemuseus\/cemenf\/primeirasenfermeiras\/wp-content\/uploads\/2021\/06\/A-mulher-mineira-atende-ao-apelo-do-Brasil.pdf\" class=\"theme-button flat vcex-count-2\" style=\" background:#bf9f62;\" data-wpex-hover=\"{&quot;background&quot;:&quot;#70614e&quot;}\">O Di\u00e1rio<\/a><a href=\"https:\/\/www.ufmg.br\/rededemuseus\/cemenf\/primeirasenfermeiras\/wp-content\/uploads\/2021\/06\/As-organizacoes-Sanitarias-em-Minas-e-outros.pdf\" class=\"theme-button flat vcex-count-3\" style=\" background:#bf9f62;\" data-wpex-hover=\"{&quot;background&quot;:&quot;#70614e&quot;}\">O Grav\u00edssimo problema da Lepra<\/a><a href=\"https:\/\/www.ufmg.br\/rededemuseus\/cemenf\/primeirasenfermeiras\/wp-content\/uploads\/2021\/06\/Diario-da-Tarde-22-01-34-e-outros.pdf\" class=\"theme-button flat vcex-count-4\" style=\" background:#bf9f62;\" data-wpex-hover=\"{&quot;background&quot;:&quot;#70614e&quot;}\">Di\u00e1rio da Tarde - diversos 34\/35<\/a><a href=\"https:\/\/www.ufmg.br\/rededemuseus\/cemenf\/primeirasenfermeiras\/wp-content\/uploads\/2021\/06\/Escola-de-Enfermagem-Carlos-Chagas-14-03-37.pdf\" class=\"theme-button flat vcex-count-5\" style=\" background:#bf9f62;\" data-wpex-hover=\"{&quot;background&quot;:&quot;#70614e&quot;}\">Diversos - EECC - 1937<\/a><\/div><div class=\"vcex-multi-buttons vcex-clr\" style=\"text-align:center;\"><a href=\"https:\/\/www.ufmg.br\/rededemuseus\/cemenf\/primeirasenfermeiras\/wp-content\/uploads\/2021\/06\/Escola-de-Enfermagem-Carlos-Chagas-A-morte-do-prof-Carlos-Chagas.pdf\" class=\"theme-button flat vcex-count-1\" style=\" background:#bf9f62;\" data-wpex-hover=\"{&quot;background&quot;:&quot;#70614e&quot;}\">Diversos - EECC - d\u00e9cada 30 (1)<\/a><a href=\"https:\/\/www.ufmg.br\/rededemuseus\/cemenf\/primeirasenfermeiras\/wp-content\/uploads\/2021\/06\/Escola-de-Enfermagem-Carlos-Chagas-As-primeiras-Enfermeiras.pdf\" class=\"theme-button flat vcex-count-2\" style=\" background:#bf9f62;\" data-wpex-hover=\"{&quot;background&quot;:&quot;#70614e&quot;}\">Diversos - EECC - d\u00e9cada 30 (2)<\/a><a href=\"https:\/\/www.ufmg.br\/rededemuseus\/cemenf\/primeirasenfermeiras\/wp-content\/uploads\/2021\/06\/Escola-de-Enfermagem-Carlos-Chagas-Proposta-orcamentaria-de-34.pdf\" class=\"theme-button flat vcex-count-3\" style=\" background:#bf9f62;\" data-wpex-hover=\"{&quot;background&quot;:&quot;#70614e&quot;}\">Diversos - EECC - d\u00e9cada 30 (3)<\/a><a href=\"https:\/\/www.ufmg.br\/rededemuseus\/cemenf\/primeirasenfermeiras\/wp-content\/uploads\/2021\/06\/Escola-de-Enfermagem-Carlos-Chagas.pdf\" class=\"theme-button flat vcex-count-4\" style=\" background:#bf9f62;\" data-wpex-hover=\"{&quot;background&quot;:&quot;#70614e&quot;}\">Diversos - EECC - 1933<\/a><a href=\"https:\/\/www.ufmg.br\/rededemuseus\/cemenf\/primeirasenfermeiras\/wp-content\/uploads\/2021\/06\/Estado-de-Minas-21-06-78.pdf\" class=\"theme-button flat vcex-count-5\" style=\" background:#bf9f62;\" data-wpex-hover=\"{&quot;background&quot;:&quot;#70614e&quot;}\">Estado de Minas - 1978<\/a><\/div><div class=\"vcex-multi-buttons vcex-clr\" style=\"text-align:center;\"><a href=\"https:\/\/www.ufmg.br\/rededemuseus\/cemenf\/primeirasenfermeiras\/wp-content\/uploads\/2021\/06\/Minas-Geraes-01-11-36.pdf\" class=\"theme-button flat vcex-count-1\" style=\" background:#bf9f62;\" data-wpex-hover=\"{&quot;background&quot;:&quot;#70614e&quot;}\">Emendas or\u00e7ament\u00e1rias - 1936<\/a><a href=\"https:\/\/www.ufmg.br\/rededemuseus\/cemenf\/primeirasenfermeiras\/wp-content\/uploads\/2021\/06\/Minas-Geraes-11-02-34-ate-Pela-saude-publica.pdf\" class=\"theme-button flat vcex-count-2\" style=\" background:#bf9f62;\" data-wpex-hover=\"{&quot;background&quot;:&quot;#70614e&quot;}\">Diversos - EECC - 1934<\/a><a href=\"https:\/\/www.ufmg.br\/rededemuseus\/cemenf\/primeirasenfermeiras\/wp-content\/uploads\/2021\/06\/O-Conselho-Consultivo-e-Homenagens-a-memoria-do-prof-Carlos-Chagas.pdf\" class=\"theme-button flat vcex-count-3\" style=\" background:#bf9f62;\" data-wpex-hover=\"{&quot;background&quot;:&quot;#70614e&quot;}\">Homenagem a mem\u00f3ria de Carlos Chagas<\/a><a href=\"https:\/\/www.ufmg.br\/rededemuseus\/cemenf\/primeirasenfermeiras\/wp-content\/uploads\/2021\/06\/Os-trabalhos-de-hontem-no-Conselho-Consultivo-ate-Governo-do-Estado.pdf\" class=\"theme-button flat vcex-count-4\" style=\" background:#bf9f62;\" data-wpex-hover=\"{&quot;background&quot;:&quot;#70614e&quot;}\">Estado de Minas - 1934<\/a><\/div>[\/vc_column][\/vc_row][vc_row][vc_column]<h1 class=\"vcex-module vcex-heading wpex-text-2xl wpex-font-normal wpex-m-auto wpex-max-w-100 vcex-heading-bottom-border-w-color wpex-block wpex-text-left vc_custom_1621382869912 wpex-border-b-2 wpex-border-solid wpex-border-gray-200\" style=\"font-family:Cutive;font-weight:600;\"><span class=\"vcex-heading-inner wpex-inline-block wpex-clr wpex-relative wpex-pb-5 wpex-border-b-2 wpex-border-solid wpex-border-accent\">Entrevistas<\/span><\/h1>[vc_tta_accordion][vc_tta_section title=&#8221;Carmelita Pinto Rabelo &#8211; 01&#8243; tab_id=&#8221;1621381465890-d69d38a3-25ca&#8221;][vc_column_text]\u201c\u00c9 porque eu n\u00e3o participei na \u00e9poca n\u00e3o, t\u00e1? \u00c9, em 1950, para poder a Escola de Medicina ser reconhecida, ela precisava ter ao lado dela uma Escola de Enfermagem. Isso era exig\u00eancia do Minist\u00e9rio da Educa\u00e7\u00e3o, n\u00e3o \u00e9? \u00c9 porque a Escola de Enfermagem daqui, ela fazia parte do, do Estado, n\u00e3o \u00e9? [&#8230;] Da Secretaria de Sa\u00fade do Estado. Ent\u00e3o a, eles achavam como a \u00fanica escola que poderia&#8230;, e a\u00ed j\u00e1 tinha a Hugo Werneck, n\u00e3o \u00e9? Mas a \u00fanica escola que poderia, n\u00e3o \u00e9? N\u00e3o teria nenhum problema de ser anexa \u00e0 Medicina era a escola do Estado. Ent\u00e3o eles passaram a escola, na \u00e9poca que era do Estado para a Faculdade de Medicina. Ent\u00e3o ela passou a ser um anexo da Faculdade de Medicina, n\u00e3o \u00e9? [&#8230;] Nunca foi uma unidade aut\u00f4noma, mas um anexo da Faculdade de Medicina. \u00c9, o, o or\u00e7amento era feito para a Faculdade de Medicina. E a gente \u00e9, quando precisava de material a medicina \u00e9 que comprava e a gente solicitava o que precisava. A gente n\u00e3o, n\u00e3o mant\u00ednhamos um or\u00e7amento. N\u00f3s passamos a ter or\u00e7amento a partir de 1968. Mas antes n\u00e3o. Tudo era vindo da medicina. Tanto que muitas vezes eles faziam um or\u00e7amento muito grande para a enfermagem e eles gastavam na medicina. (inaud\u00edvel)\u201d<\/p>\n<p>\u2192 <strong>CARMELITA PINTO RABELO, ENTROU EM 1957 E SE FORMOU EM 1960, NATURAL DE BARRA DO RIO GRANDE \u2013 BA. FALA SOBRE O PROCESSO DE ANEXA\u00c7\u00c3O E DESANEXA\u00c7\u00c3O DA ESCOLA DE ENFERMAGEM \u00c0 FACULDADE DE MEDICINA.<\/strong>[\/vc_column_text][\/vc_tta_section][vc_tta_section title=&#8221;Carmelita Pinto Rabelo &#8211; 02&#8243; tab_id=&#8221;1625415002842-779480b3-6c6b&#8221;][vc_column_text]\u201cFormei em dezembro como professora prim\u00e1ria e em janeiro eu vim para a Santa Casa. E aqui na Santa Casa eu comecei a sair, conhecer Belo Horizonte, n\u00e3o \u00e9? Descobri que tinha a Escola de Enfermagem Carlos Chagas, que ficava no Hospital S\u00e3o Vicente e ele era um pr\u00e9dio velho, caindo aos peda\u00e7os, n\u00e3o \u00e9? Naquela \u00e9poca, hoje ele est\u00e1 bonito, n\u00e3o \u00e9? [&#8230;] E eu entrei l\u00e1, e, havia assim, um trabalho muito grande de, competi\u00e7\u00e3o entre a Escola Hugo Werneck e a Escola Carlos Chagas em termos de buscar alunos, n\u00e3o \u00e9? E eles me convidaram para vir fazer enfermagem. A\u00ed ao inv\u00e9s de ir pra l\u00e1 [Escola Hugo Werneck] eu vim para a Escola de Enfermagem Carlos Chagas. A\u00ed eu resolvi, conversar com a freira, naquela \u00e9poca havia freiras, n\u00e3o \u00e9? \u00c9, Irm\u00e3 Roland que era, tomava conta do internato&#8230; [&#8230;] Ela me falou que n\u00e3o ia me liberar porque eu estava com uma carta de apresenta\u00e7\u00e3o do bispo da minha cidade. Ela tinha uma responsabilidade muito grande sobre a minha pessoa e eu estava com dezessete anos, n\u00e3o \u00e9? Sa\u00ed da minha casa nova, n\u00e3o \u00e9? E, naquela \u00e9poca, com dezessete anos, a gente n\u00e3o tinha assim, muita&#8230; \u00c9, parece que, era imatura, n\u00e3o \u00e9? Hoje uma crian\u00e7a de dez, onze anos \u00e9 uma crian\u00e7a, bem madura. A\u00ed o qu\u00ea que eu fiz: eu arrumei a minha mala e fugi de l\u00e1, sabe? Eu sa\u00ed da Escola Hugo Werneck fugida para a Escola de Enfermagem Carlos Chagas. Eles me receberam. \u00c9, o Internato funcionava na escola, onde \u00e9 o Hospital Semper, que ali era da Cruz Vermelha Brasileira, Hospital da Cruz Vermelha. E o Internato da Escola Carlos Chagas funcionava no segundo andar e o restante era hospital.\u201d<\/p>\n<p>\u2192 <strong>CARMELITA PINTO RABELO, ENTROU EM 1957 E SE FORMOU EM 1960, NATURAL DE BARRA DO RIO GRANDE \u2013 BA.<\/strong>[\/vc_column_text][\/vc_tta_section][vc_tta_section title=&#8221;Efig\u00eania Maria das Dores&#8221; tab_id=&#8221;1625415189151-0ba817e4-b94a&#8221;][vc_column_text]\u201cEnt\u00e3o eu falei: bom eu vou para Belo Horizonte estudar enfermagem. A\u00ed o meu irm\u00e3o procurou saber, conversar com m\u00e9dicos amigos dele l\u00e1, e disseram que Belo Horizonte tinha uma escola de enfermagem muito boa, que chamava Escola de Enfermagem Carlos Chagas [risos]. E esse Carlos Chagas era um cientista que era meu conterr\u00e2neo, l\u00e1 de Oliveira. A fam\u00edlia Chagas \u00e9 de l\u00e1. Ent\u00e3o, e tamb\u00e9m existia a Escola de Enfermagem Hugo Werneck, que era, na \u00e9poca, da Universidade Cat\u00f3lica [Pontif\u00edcia Universidade Cat\u00f3lica de Minas Gerais], que funcionava l\u00e1 na Santa Casa, me parece. Ent\u00e3o essa a\u00ed eu n\u00e3o quis ir n\u00e3o, eu quis ir para a Carlos Chagas, porque era o nome do cientista que era meu conterr\u00e2neo e eu ficava muito feliz com aquilo. E l\u00e1 vim fazer enfermagem. Foi assim. Ent\u00e3o assim, precisamente o qu\u00ea que me despertou, de repente eu n\u00e3o sei, s\u00f3 sei que me deu uma vontade incr\u00edvel de, de fazer enfermagem e cuidar das pessoas. E foi por isso que eu vim, n\u00e9.\u201d<\/p>\n<p>\u2192 <strong>EFIG\u00caNIA MARIA DAS DORES, ENTROU EM 1955 E SE FORMOU EM 1958, NATURAL DE OLIVEIRA \u2013 MG<\/strong><strong>.<\/strong>[\/vc_column_text][\/vc_tta_section][\/vc_tta_accordion]<div class=\"vcex-spacing wpex-w-100 wpex-clear\" style=\"height:50px\"><\/div>[\/vc_column][\/vc_row][vc_row full_width=&#8221;stretch_row&#8221; bg_style=&#8221;stretch&#8221; css=&#8221;.vc_custom_1621263618041{border-top-width: 1px !important;border-bottom-width: 1px !important;padding-top: 40px !important;background: #f5f5f5 url(https:\/\/www.ufmg.br\/rededemuseus\/cemenf\/primeirasenfermeiras\/wp-content\/uploads\/2021\/05\/bg_vintage-v1.jpg?id=5042) !important;background-position: 0 0 !important;background-repeat: repeat !important;border-top-color: #ededed !important;border-bottom-color: #ededed !important;}&#8221;][vc_column margin_bottom=&#8221;0px&#8221;]<h1 class=\"vcex-module vcex-heading wpex-text-2xl wpex-font-normal wpex-m-auto wpex-max-w-100 vcex-heading-bottom-border-w-color wpex-block wpex-text-left vc_custom_1621553763297 wpex-border-b-2 wpex-border-solid wpex-border-gray-200\" style=\"font-family:Cutive;font-weight:600;\"><span class=\"vcex-heading-inner wpex-inline-block wpex-clr wpex-relative wpex-pb-5 wpex-border-b-2 wpex-border-solid wpex-border-accent\">Navega\u00e7\u00e3o<\/span><\/h1>[vc_row_inner content_placement=&#8221;middle&#8221;][vc_column_inner width=&#8221;1\/3&#8243;]<h1 class=\"vcex-module vcex-heading wpex-text-2xl wpex-font-normal wpex-m-auto wpex-max-w-100 vcex-heading-plain wpex-block wpex-text-center vc_custom_1621552691620\" style=\"font-weight:600;\"><span class=\"vcex-heading-inner wpex-inline-block wpex-clr\">T\u00f3pico Anterior<\/span><\/h1><div class=\"vcex-spacing wpex-w-100 wpex-clear\" style=\"height:30px\"><\/div>[vc_single_image image=&#8221;5804&#8243; css_animation=&#8221;left-to-right&#8221; alignment=&#8221;center&#8221; style=&#8221;vc_box_shadow_3d&#8221; onclick=&#8221;custom_link&#8221; link=&#8221;https:\/\/www.ufmg.br\/rededemuseus\/cemenf\/primeirasenfermeiras\/home\/topico-4\/&#8221; img_hover=&#8221;grayscale&#8221; img_caption=&#8221;T\u00f3pico IV &#8211; &#8220;Formandas EEECC&#8220;&#8221;][\/vc_column_inner][vc_column_inner width=&#8221;1\/3&#8243;]<h1 class=\"vcex-module vcex-heading wpex-text-2xl wpex-font-normal wpex-m-auto wpex-max-w-100 vcex-heading-plain wpex-block wpex-text-center vc_custom_1621552806928\" style=\"font-weight:600;\"><span class=\"vcex-heading-inner wpex-inline-block wpex-clr\">Apresenta\u00e7\u00e3o<\/span><\/h1><div class=\"vcex-spacing wpex-w-100 wpex-clear\" style=\"height:30px\"><\/div>[vc_single_image image=&#8221;5315&#8243; css_animation=&#8221;appear&#8221; alignment=&#8221;center&#8221; style=&#8221;vc_box_shadow_3d&#8221; onclick=&#8221;custom_link&#8221; link=&#8221;https:\/\/www.ufmg.br\/rededemuseus\/cemenf\/primeirasenfermeiras\/&#8221; img_hover=&#8221;grayscale&#8221; img_caption=&#8221;Retornar \u00e0 P\u00e1gina Inicial&#8221;][\/vc_column_inner][vc_column_inner width=&#8221;1\/3&#8243;]<h1 class=\"vcex-module vcex-heading wpex-text-2xl wpex-font-normal wpex-m-auto wpex-max-w-100 vcex-heading-plain wpex-block wpex-text-center vc_custom_1621552740140\" style=\"font-weight:600;\"><span class=\"vcex-heading-inner wpex-inline-block wpex-clr\">Pr\u00f3ximo T\u00f3pico<\/span><\/h1><div class=\"vcex-spacing wpex-w-100 wpex-clear\" style=\"height:30px\"><\/div>[vc_single_image image=&#8221;5099&#8243; css_animation=&#8221;right-to-left&#8221; alignment=&#8221;center&#8221; style=&#8221;vc_box_shadow_3d&#8221; onclick=&#8221;custom_link&#8221; link=&#8221;https:\/\/www.ufmg.br\/rededemuseus\/cemenf\/primeirasenfermeiras\/home\/topico-6\/&#8221; img_hover=&#8221;grayscale&#8221; img_caption=&#8221;T\u00f3pico VI &#8211; &#8220;Vida das alunas (Internato, dia-a-dia, relacionamentos, participa\u00e7\u00e3o no DAMAR)&#8220;&#8221;][\/vc_column_inner][\/vc_row_inner]<div class=\"vcex-spacing wpex-w-100 wpex-clear\" style=\"height:50px\"><\/div>[\/vc_column][\/vc_row][vc_row][vc_column]<div class=\"vcex-spacing wpex-w-100 wpex-clear\" style=\"height:50px\"><\/div><div class=\"vcex-module vcex-callout wpex-mb-0 with-button wpex-text-center wpex-md-text-initial wpex-md-flex wpex-md-items-center wpex-clr\"><div class=\"vcex-callout-caption wpex-text-md wpex-last-mb-0 wpex-mb-20 wpex-md-w-75 wpex-md-pr-20 wpex-md-mb-0 wpex-clr\" style=\"font-size:16px;\"><div class=\"wpb_text_column wpex-max-w-100 wpex-mx-auto wpb_content_element \">\n<div class=\"wpb_wrapper\">\n<p style=\"text-align: center\">Gostou da Exposi\u00e7\u00e3o? Ent\u00e3o n\u00e3o se esque\u00e7a de deixar seu coment\u00e1rio sobre a exposi\u00e7\u00e3o<br \/>\nno nosso \u201c<a href=\"https:\/\/www.ufmg.br\/rededemuseus\/cemenf\/primeirasenfermeiras\/livro-de-visitas\/\">Livro de Visitas<\/a>\u201c.<\/p>\n<\/div>\n<\/div>\n<\/div><div class=\"vcex-callout-button wpex-md-w-25 wpex-md-text-right\"><a href=\"https:\/\/www.ufmg.br\/rededemuseus\/cemenf\/primeirasenfermeiras\/livro-de-visitas\/\" title=\"Comente\" style=\"background:#dd3333;border-radius:45px;font-size:20px;font-weight:600;\" data-wpex-hover=\"{&quot;background&quot;:&quot;#ba2a2a&quot;}\" class=\"theme-button three-d full-width wpex-text-center wpex-text-base\">Comente<span class=\"theme-button-icon-right ticon ticon-pencil\" aria-hidden=\"true\"><\/span><\/a><\/div><\/div>[\/vc_column][\/vc_row]\n","protected":false},"excerpt":{"rendered":"<p>[vc_row css=&#8221;.vc_custom_1621381035230{margin-top: -10px !important;}&#8221;][vc_column css=&#8221;.vc_custom_1616711489855{margin-bottom: 30px !important;padding-top: 40px !important;}&#8221;][vc_column_text] La\u00eds Netto dos Reys, primeira diretora da Escola, descreveu a sede do Internato, institu\u00eddo por ela, em 1935. [\/vc_column_text][\/vc_column][\/vc_row][vc_row][vc_column][vc_media_grid element_width=&#8221;2&#8243; item=&#8221;masonryMedia_Default&#8221; grid_id=&#8221;vc_gid:1625858956294-f4d68582-5a7d-7&#8243; include=&#8221;5645,5644,5650,5730,5641,5652,5642,5649,5643,5648,5646,5651&#8243;][\/vc_column][\/vc_row][vc_row][vc_column][\/vc_column][\/vc_row][vc_row][vc_column][vc_media_grid element_width=&#8221;2&#8243; item=&#8221;masonryMedia_Default&#8221; grid_id=&#8221;vc_gid:1625858956303-40d21a0a-def8-9&#8243; include=&#8221;5665,5675,5676,5673,5670,5680,5671,5677,5672,5668&#8243;][\/vc_column][\/vc_row][vc_row][vc_column][\/vc_column][\/vc_row][vc_row][vc_column][vc_tta_accordion][vc_tta_section title=&#8221;Carmelita Pinto Rabelo &#8211;&hellip;<\/p>\n","protected":false},"author":1,"featured_media":0,"parent":839,"menu_order":0,"comment_status":"closed","ping_status":"closed","template":"","meta":[],"_links":{"self":[{"href":"https:\/\/www.ufmg.br\/rededemuseus\/cemenf\/primeirasenfermeiras\/wp-json\/wp\/v2\/pages\/5422"}],"collection":[{"href":"https:\/\/www.ufmg.br\/rededemuseus\/cemenf\/primeirasenfermeiras\/wp-json\/wp\/v2\/pages"}],"about":[{"href":"https:\/\/www.ufmg.br\/rededemuseus\/cemenf\/primeirasenfermeiras\/wp-json\/wp\/v2\/types\/page"}],"author":[{"embeddable":true,"href":"https:\/\/www.ufmg.br\/rededemuseus\/cemenf\/primeirasenfermeiras\/wp-json\/wp\/v2\/users\/1"}],"replies":[{"embeddable":true,"href":"https:\/\/www.ufmg.br\/rededemuseus\/cemenf\/primeirasenfermeiras\/wp-json\/wp\/v2\/comments?post=5422"}],"version-history":[{"count":5,"href":"https:\/\/www.ufmg.br\/rededemuseus\/cemenf\/primeirasenfermeiras\/wp-json\/wp\/v2\/pages\/5422\/revisions"}],"predecessor-version":[{"id":6019,"href":"https:\/\/www.ufmg.br\/rededemuseus\/cemenf\/primeirasenfermeiras\/wp-json\/wp\/v2\/pages\/5422\/revisions\/6019"}],"up":[{"embeddable":true,"href":"https:\/\/www.ufmg.br\/rededemuseus\/cemenf\/primeirasenfermeiras\/wp-json\/wp\/v2\/pages\/839"}],"wp:attachment":[{"href":"https:\/\/www.ufmg.br\/rededemuseus\/cemenf\/primeirasenfermeiras\/wp-json\/wp\/v2\/media?parent=5422"}],"curies":[{"name":"wp","href":"https:\/\/api.w.org\/{rel}","templated":true}]}}