

{"id":190,"date":"2019-11-19T15:21:55","date_gmt":"2019-11-19T18:21:55","guid":{"rendered":"https:\/\/www.ufmg.br\/rededemuseus\/?page_id=190"},"modified":"2023-02-24T16:06:07","modified_gmt":"2023-02-24T19:06:07","slug":"190-2","status":"publish","type":"page","link":"https:\/\/www.ufmg.br\/rededemuseus\/index.php\/190-2\/","title":{"rendered":"Miss\u00e3o e objetivos"},"content":{"rendered":"\t\t<div data-elementor-type=\"wp-page\" data-elementor-id=\"190\" class=\"elementor elementor-190\">\n\t\t\t\t\t\t<div class=\"elementor-inner\">\n\t\t\t\t<div class=\"elementor-section-wrap\">\n\t\t\t\t\t\t\t\t\t<section class=\"elementor-section elementor-top-section elementor-element elementor-element-65371110 elementor-section-boxed elementor-section-height-default elementor-section-height-default\" data-id=\"65371110\" data-element_type=\"section\">\n\t\t\t\t\t\t<div class=\"elementor-container elementor-column-gap-default\">\n\t\t\t\t\t\t\t<div class=\"elementor-row\">\n\t\t\t\t\t<div class=\"elementor-column elementor-col-100 elementor-top-column elementor-element elementor-element-7cade7d4\" data-id=\"7cade7d4\" data-element_type=\"column\">\n\t\t\t<div class=\"elementor-column-wrap elementor-element-populated\">\n\t\t\t\t\t\t\t<div class=\"elementor-widget-wrap\">\n\t\t\t\t\t\t<div class=\"elementor-element elementor-element-54b7c232 elementor-widget elementor-widget-text-editor\" data-id=\"54b7c232\" data-element_type=\"widget\" data-widget_type=\"text-editor.default\">\n\t\t\t\t<div class=\"elementor-widget-container\">\n\t\t\t\t\t\t\t\t<div class=\"elementor-text-editor elementor-clearfix\">\n\t\t\t\t<p>A Rede de Museus tem por miss\u00e3o a articula\u00e7\u00e3o e a proposi\u00e7\u00e3o de pol\u00edticas para o desenvolvimento de a\u00e7\u00f5es nas \u00e1reas de Ensino, Pesquisa e Extens\u00e3o, relacionadas aos Museus e Espa\u00e7os de Ci\u00eancias e Cultura da UFMG. Para cumprir sua miss\u00e3o, a Rede de Museus dever\u00e1 promover a comunica\u00e7\u00e3o com e entre os seus espa\u00e7os integrantes.\u00a0<\/p><p>S\u00e3o objetivos da Rede de Museus:<\/p><ul><li class=\"aParagrafo\">pensar, debater e propor pol\u00edticas de acervo, bem como diretrizes para as a\u00e7\u00f5es dos museus e espa\u00e7os de ci\u00eancias e cultura da Universidade, em conson\u00e2ncia com as propostas da UFMG e com as respectivas pol\u00edticas nacionais de preserva\u00e7\u00e3o do patrim\u00f4nio cient\u00edfico e cultural;<\/li><li class=\"aParagrafo\">promover a gest\u00e3o integrada e respons\u00e1vel de programas e projetos, por meio de processos participativos;<\/li><li class=\"aParagrafo\">promover a capacita\u00e7\u00e3o e atualiza\u00e7\u00e3o cient\u00edfica, tecnol\u00f3gica e cultural de professores, estudantes e profissionais que atuam nos diferentes espa\u00e7os integrantes da Rede de Museus;<\/li><li class=\"aParagrafo\">promover o acesso das comunidades interna e externa ao patrim\u00f4nio universit\u00e1rio;<\/li><li class=\"aParagrafo\">divulgar a miss\u00e3o, as a\u00e7\u00f5es e potencialidades da Rede de Museus entre institui\u00e7\u00f5es cong\u00eaneres, universidades e institui\u00e7\u00f5es de ensino e pesquisa locais, regionais, nacionais e estrangeiras, visando promover o interc\u00e2mbio e estabelecer parcerias;<\/li><li class=\"aParagrafo\">apoiar e fomentar o interc\u00e2mbio cient\u00edfico, tecnol\u00f3gico e cultural entre os espa\u00e7os integrantes da Rede de Museus e entre estes e as comunidades interna e externa \u00e0 UFMG;<\/li><li class=\"aParagrafo\">manter informa\u00e7\u00f5es atualizadas sobre acervos, visitantes, eventos e atividades dos membros da Rede de Museus.<\/li><\/ul><p class=\"aArtigo\">\u00a0<\/p>\t\t\t\t\t<\/div>\n\t\t\t\t\t\t<\/div>\n\t\t\t\t<\/div>\n\t\t\t\t\t\t<\/div>\n\t\t\t\t\t<\/div>\n\t\t<\/div>\n\t\t\t\t\t\t\t\t<\/div>\n\t\t\t\t\t<\/div>\n\t\t<\/section>\n\t\t\t\t\t\t\t\t\t<\/div>\n\t\t\t<\/div>\n\t\t\t\t\t<\/div>\n\t\t","protected":false},"excerpt":{"rendered":"<p>A Rede de Museus tem por miss&atilde;o a articula&ccedil;&atilde;o e a proposi&ccedil;&atilde;o de pol&iacute;ticas para o desenvolvimento de a&ccedil;&otilde;es nas &aacute;reas de Ensino, Pesquisa e Extens&atilde;o, relacionadas aos Museus e Espa&ccedil;os de Ci&ecirc;ncias e Cultura da UFMG. Para cumprir sua miss&atilde;o, a Rede de Museus dever&aacute; promover a comunica&ccedil;&atilde;o com e entre os seus espa&ccedil;os &hellip; <a href=\"https:\/\/www.ufmg.br\/rededemuseus\/index.php\/190-2\/\" class=\"more-link\">Continue lendo <span class=\"screen-reader-text\">Miss\u00e3o e objetivos<\/span> <span class=\"meta-nav\">&rarr;<\/span><\/a><\/p>\n","protected":false},"author":1,"featured_media":0,"parent":0,"menu_order":0,"comment_status":"closed","ping_status":"closed","template":"","meta":{"om_disable_all_campaigns":false,"_monsterinsights_skip_tracking":false,"_monsterinsights_sitenote_active":false,"_monsterinsights_sitenote_note":"","_monsterinsights_sitenote_category":0},"categories":[253],"tags":[],"aioseo_notices":[],"_links":{"self":[{"href":"https:\/\/www.ufmg.br\/rededemuseus\/index.php\/wp-json\/wp\/v2\/pages\/190"}],"collection":[{"href":"https:\/\/www.ufmg.br\/rededemuseus\/index.php\/wp-json\/wp\/v2\/pages"}],"about":[{"href":"https:\/\/www.ufmg.br\/rededemuseus\/index.php\/wp-json\/wp\/v2\/types\/page"}],"author":[{"embeddable":true,"href":"https:\/\/www.ufmg.br\/rededemuseus\/index.php\/wp-json\/wp\/v2\/users\/1"}],"replies":[{"embeddable":true,"href":"https:\/\/www.ufmg.br\/rededemuseus\/index.php\/wp-json\/wp\/v2\/comments?post=190"}],"version-history":[{"count":6,"href":"https:\/\/www.ufmg.br\/rededemuseus\/index.php\/wp-json\/wp\/v2\/pages\/190\/revisions"}],"predecessor-version":[{"id":1493,"href":"https:\/\/www.ufmg.br\/rededemuseus\/index.php\/wp-json\/wp\/v2\/pages\/190\/revisions\/1493"}],"wp:attachment":[{"href":"https:\/\/www.ufmg.br\/rededemuseus\/index.php\/wp-json\/wp\/v2\/media?parent=190"}],"wp:term":[{"taxonomy":"category","embeddable":true,"href":"https:\/\/www.ufmg.br\/rededemuseus\/index.php\/wp-json\/wp\/v2\/categories?post=190"},{"taxonomy":"post_tag","embeddable":true,"href":"https:\/\/www.ufmg.br\/rededemuseus\/index.php\/wp-json\/wp\/v2\/tags?post=190"}],"curies":[{"name":"wp","href":"https:\/\/api.w.org\/{rel}","templated":true}]}}