

{"id":3034,"date":"2023-02-14T16:09:15","date_gmt":"2023-02-14T19:09:15","guid":{"rendered":"https:\/\/www.ufmg.br\/rededemuseus\/?page_id=3034"},"modified":"2023-02-24T16:09:32","modified_gmt":"2023-02-24T19:09:32","slug":"cursos","status":"publish","type":"page","link":"https:\/\/www.ufmg.br\/rededemuseus\/index.php\/cursos\/","title":{"rendered":"Cursos"},"content":{"rendered":"\t\t<div data-elementor-type=\"wp-page\" data-elementor-id=\"3034\" class=\"elementor elementor-3034\">\n\t\t\t\t\t\t<div class=\"elementor-inner\">\n\t\t\t\t<div class=\"elementor-section-wrap\">\n\t\t\t\t\t\t\t\t\t<section class=\"elementor-section elementor-top-section elementor-element elementor-element-910f46c elementor-section-boxed elementor-section-height-default elementor-section-height-default\" data-id=\"910f46c\" data-element_type=\"section\">\n\t\t\t\t\t\t<div class=\"elementor-container elementor-column-gap-default\">\n\t\t\t\t\t\t\t<div class=\"elementor-row\">\n\t\t\t\t\t<div class=\"elementor-column elementor-col-100 elementor-top-column elementor-element elementor-element-7aaf226\" data-id=\"7aaf226\" data-element_type=\"column\">\n\t\t\t<div class=\"elementor-column-wrap elementor-element-populated\">\n\t\t\t\t\t\t\t<div class=\"elementor-widget-wrap\">\n\t\t\t\t\t\t<div class=\"elementor-element elementor-element-78ea232 elementor-widget elementor-widget-shortcode\" data-id=\"78ea232\" data-element_type=\"widget\" data-widget_type=\"shortcode.default\">\n\t\t\t\t<div class=\"elementor-widget-container\">\n\t\t\t\t\t<div class=\"elementor-shortcode\"><style>.rpwe-block ul{\r\nlist-style: none !important;\r\nmargin-left: 0 !important;\r\npadding-left: 0 !important;\r\n}\r\n\r\n.rpwe-block li{\r\nborder-bottom: 1px solid #eee;\r\nmargin-bottom: 10px;\r\npadding-bottom: 10px;\r\nlist-style-type: none;\r\n}\r\n\r\n.rpwe-block a{\r\ndisplay: inline !important;\r\ntext-decoration: none;\r\n}\r\n\r\n.rpwe-block h3{\r\nbackground: none !important;\r\nclear: none;\r\nmargin-bottom: 0 !important;\r\nmargin-top: 0 !important;\r\nfont-family: \"Bitter\";\r\nfont-size: 18px !important;\r\nline-height: 1.4em;\r\n}\r\n\r\n.rpwe-thumb{\r\nborder: 1px solid #eee !important;\r\nbox-shadow: none !important;\r\nmargin: 2px 10px 2px 0;\r\npadding: 3px !important;\r\n}\r\n\r\n.rpwe-summary{\r\nfont-family: \"Source Sans Pro\";\r\nfont-size: 16px;\r\nline-height: 1.4em;\r\n}\r\n\r\n.rpwe-time{\r\ncolor: #bbb;\r\nfont-size: 11px;\r\n}\r\n\r\n.rpwe-comment{\r\ncolor: #bbb;\r\nfont-size: 11px;\r\npadding-left: 5px;\r\n}\r\n\r\n.rpwe-alignleft{\r\ndisplay: inline;\r\nfloat: left;\r\n}\r\n\r\n.rpwe-alignright{\r\ndisplay: inline;\r\nfloat: right;\r\n}\r\n\r\n.rpwe-aligncenter{\r\ndisplay: block;\r\nmargin-left: auto;\r\nmargin-right: auto;\r\n}\r\n\r\n.rpwe-clearfix:before,\r\n.rpwe-clearfix:after{\r\ncontent: \"\";\r\ndisplay: table !important;\r\n}\r\n\r\n.rpwe-clearfix:after{\r\nclear: both;\r\n}\r\n\r\n.rpwe-clearfix{\r\nzoom: 1;\r\n}<\/style><div  class=\"rpwe-block \"><ul class=\"rpwe-ul\"><li class=\"rpwe-li rpwe-clearfix\"><a class=\"rpwe-img\" href=\"https:\/\/www.ufmg.br\/rededemuseus\/index.php\/2026\/03\/23\/curso-gratuito-de-extensao-a-distancia-comeca-nesta-segunda-feira-dia-23-de-marco\/\"  rel=\"bookmark\"><img class=\"rpwe-alignleft rpwe-thumb\" src=\"https:\/\/www.ufmg.br\/rededemuseus\/wp-content\/uploads\/2026\/01\/Captura-de-tela-2026-01-14-135512-150x150.jpg\" alt=\"Curso gratuito de extens\u00e3o a dist\u00e2ncia come\u00e7a nesta segunda-feira, dia 23 de mar\u00e7o: confira as instru\u00e7\u00f5es para o primeiro acesso.\"><\/a><h3 class=\"rpwe-title\"><a href=\"https:\/\/www.ufmg.br\/rededemuseus\/index.php\/2026\/03\/23\/curso-gratuito-de-extensao-a-distancia-comeca-nesta-segunda-feira-dia-23-de-marco\/\" title=\"Link Permanente para Curso gratuito de extens\u00e3o a dist\u00e2ncia come\u00e7a nesta segunda-feira, dia 23 de mar\u00e7o: confira as instru\u00e7\u00f5es para o primeiro acesso.\" rel=\"bookmark\">Curso gratuito de extens\u00e3o a dist\u00e2ncia come\u00e7a nesta segunda-feira, dia 23 de mar\u00e7o: confira as instru\u00e7\u00f5es para o primeiro acesso.<\/a><\/h3><time class=\"rpwe-time published\" datetime=\"2026-03-23T08:56:52-03:00\">23 de mar\u00e7o de 2026<\/time><\/li><li class=\"rpwe-li rpwe-clearfix\"><a class=\"rpwe-img\" href=\"https:\/\/www.ufmg.br\/rededemuseus\/index.php\/2026\/01\/07\/rede-de-museus-oferta-curso-gratuito-de-extensao-a-distancia-inscricoes-ate-o-dia-19-de-marco\/\"  rel=\"bookmark\"><img class=\"rpwe-alignleft rpwe-thumb\" src=\"https:\/\/www.ufmg.br\/rededemuseus\/wp-content\/uploads\/2026\/01\/Captura-de-tela-2026-01-14-135512-150x150.jpg\" alt=\"Rede de Museus oferta curso gratuito de extens\u00e3o a dist\u00e2ncia: inscri\u00e7\u00f5es at\u00e9 o dia 19 de mar\u00e7o\"><\/a><h3 class=\"rpwe-title\"><a href=\"https:\/\/www.ufmg.br\/rededemuseus\/index.php\/2026\/01\/07\/rede-de-museus-oferta-curso-gratuito-de-extensao-a-distancia-inscricoes-ate-o-dia-19-de-marco\/\" title=\"Link Permanente para Rede de Museus oferta curso gratuito de extens\u00e3o a dist\u00e2ncia: inscri\u00e7\u00f5es at\u00e9 o dia 19 de mar\u00e7o\" rel=\"bookmark\">Rede de Museus oferta curso gratuito de extens\u00e3o a dist\u00e2ncia: inscri\u00e7\u00f5es at\u00e9 o dia 19 de mar\u00e7o<\/a><\/h3><time class=\"rpwe-time published\" datetime=\"2026-01-07T14:53:09-03:00\">7 de janeiro de 2026<\/time><\/li><li class=\"rpwe-li rpwe-clearfix\"><a class=\"rpwe-img\" href=\"https:\/\/www.ufmg.br\/rededemuseus\/index.php\/2025\/04\/08\/rede-de-museus-oferta-curso-gratuito-de-extensao-a-distancia-inscricoes-ate-o-dia-14-de-maio\/\"  rel=\"bookmark\"><img class=\"rpwe-alignleft rpwe-thumb\" src=\"https:\/\/www.ufmg.br\/rededemuseus\/wp-content\/uploads\/2025\/04\/tela4x-scaled-150x150.jpg\" alt=\"Rede de Museus oferta curso gratuito de extens\u00e3o a dist\u00e2ncia: inscri\u00e7\u00f5es at\u00e9 o dia 14 de maio\"><\/a><h3 class=\"rpwe-title\"><a href=\"https:\/\/www.ufmg.br\/rededemuseus\/index.php\/2025\/04\/08\/rede-de-museus-oferta-curso-gratuito-de-extensao-a-distancia-inscricoes-ate-o-dia-14-de-maio\/\" title=\"Link Permanente para Rede de Museus oferta curso gratuito de extens\u00e3o a dist\u00e2ncia: inscri\u00e7\u00f5es at\u00e9 o dia 14 de maio\" rel=\"bookmark\">Rede de Museus oferta curso gratuito de extens\u00e3o a dist\u00e2ncia: inscri\u00e7\u00f5es at\u00e9 o dia 14 de maio<\/a><\/h3><time class=\"rpwe-time published\" datetime=\"2025-04-08T10:48:39-03:00\">8 de abril de 2025<\/time><\/li><li class=\"rpwe-li rpwe-clearfix\"><a class=\"rpwe-img\" href=\"https:\/\/www.ufmg.br\/rededemuseus\/index.php\/2017\/04\/03\/curso-de-documentacao-museologica-ofertado-pelo-setor-de-acervos-artisticos-abre-vagas-para-a-rede-de-museus\/\"  rel=\"bookmark\"><img class=\"rpwe-alignleft rpwe-thumb\" src=\"https:\/\/www.ufmg.br\/rededemuseus\/wp-content\/uploads\/2016\/02\/20160223e24_Museologia_Cursos-150x150.jpg\" alt=\"Curso de Documenta\u00e7\u00e3o Museol\u00f3gica ofertado pelo Setor de Acervos Art\u00edsticos abre vagas para a Rede de Museus\"><\/a><h3 class=\"rpwe-title\"><a href=\"https:\/\/www.ufmg.br\/rededemuseus\/index.php\/2017\/04\/03\/curso-de-documentacao-museologica-ofertado-pelo-setor-de-acervos-artisticos-abre-vagas-para-a-rede-de-museus\/\" title=\"Link Permanente para Curso de Documenta\u00e7\u00e3o Museol\u00f3gica ofertado pelo Setor de Acervos Art\u00edsticos abre vagas para a Rede de Museus\" rel=\"bookmark\">Curso de Documenta\u00e7\u00e3o Museol\u00f3gica ofertado pelo Setor de Acervos Art\u00edsticos abre vagas para a Rede de Museus<\/a><\/h3><time class=\"rpwe-time published\" datetime=\"2017-04-03T15:19:44-03:00\">3 de abril de 2017<\/time><\/li><li class=\"rpwe-li rpwe-clearfix\"><a class=\"rpwe-img\" href=\"https:\/\/www.ufmg.br\/rededemuseus\/index.php\/2017\/04\/03\/rede-de-museus-oferta-curso-em-parceria-com-a-fundacao-ezequiel-dias\/\"  rel=\"bookmark\"><img class=\"rpwe-alignleft rpwe-thumb\" src=\"https:\/\/www.ufmg.br\/rededemuseus\/wp-content\/uploads\/2023\/02\/aee44fc32e47f07b5fe3050745ad94ac_L-150x150.jpg\" alt=\"Rede de Museus oferta curso em parceria com a Funda\u00e7\u00e3o Ezequiel Dias.\"><\/a><h3 class=\"rpwe-title\"><a href=\"https:\/\/www.ufmg.br\/rededemuseus\/index.php\/2017\/04\/03\/rede-de-museus-oferta-curso-em-parceria-com-a-fundacao-ezequiel-dias\/\" title=\"Link Permanente para Rede de Museus oferta curso em parceria com a Funda\u00e7\u00e3o Ezequiel Dias.\" rel=\"bookmark\">Rede de Museus oferta curso em parceria com a Funda\u00e7\u00e3o Ezequiel Dias.<\/a><\/h3><time class=\"rpwe-time published\" datetime=\"2017-04-03T15:10:47-03:00\">3 de abril de 2017<\/time><\/li><li class=\"rpwe-li rpwe-clearfix\"><a class=\"rpwe-img\" href=\"https:\/\/www.ufmg.br\/rededemuseus\/index.php\/2016\/02\/11\/formacao-livre-curso-de-museologia-da-ufmg-reserva-vagas-para-alunos-bolsistas-viculados-aos-espacos-da-rede-de-museus-matriculas-nos-dias-23-e-24-02\/\"  rel=\"bookmark\"><img class=\"rpwe-alignleft rpwe-thumb\" src=\"https:\/\/www.ufmg.br\/rededemuseus\/wp-content\/uploads\/2016\/02\/20160223e24_Museologia_Cursos-150x150.jpg\" alt=\"Forma\u00e7\u00e3o Livre: Curso de Museologia da UFMG reserva vagas para alunos-bolsistas viculados aos espa\u00e7os da Rede de Museus. Matr\u00edculas nos dias 23 e 24\/02.\"><\/a><h3 class=\"rpwe-title\"><a href=\"https:\/\/www.ufmg.br\/rededemuseus\/index.php\/2016\/02\/11\/formacao-livre-curso-de-museologia-da-ufmg-reserva-vagas-para-alunos-bolsistas-viculados-aos-espacos-da-rede-de-museus-matriculas-nos-dias-23-e-24-02\/\" title=\"Link Permanente para Forma\u00e7\u00e3o Livre: Curso de Museologia da UFMG reserva vagas para alunos-bolsistas viculados aos espa\u00e7os da Rede de Museus. Matr\u00edculas nos dias 23 e 24\/02.\" rel=\"bookmark\">Forma\u00e7\u00e3o Livre: Curso de Museologia da UFMG reserva vagas para alunos-bolsistas viculados aos espa\u00e7os da Rede de Museus. Matr\u00edculas nos dias 23 e 24\/02.<\/a><\/h3><time class=\"rpwe-time published\" datetime=\"2016-02-11T15:03:14-02:00\">11 de fevereiro de 2016<\/time><\/li><\/ul><\/div><!-- Generated by http:\/\/wordpress.org\/plugins\/recent-posts-widget-extended\/ --><\/div>\n\t\t\t\t<\/div>\n\t\t\t\t<\/div>\n\t\t\t\t\t\t<\/div>\n\t\t\t\t\t<\/div>\n\t\t<\/div>\n\t\t\t\t\t\t\t\t<\/div>\n\t\t\t\t\t<\/div>\n\t\t<\/section>\n\t\t\t\t\t\t\t\t\t<\/div>\n\t\t\t<\/div>\n\t\t\t\t\t<\/div>\n\t\t","protected":false},"excerpt":{"rendered":"","protected":false},"author":1,"featured_media":0,"parent":0,"menu_order":0,"comment_status":"closed","ping_status":"closed","template":"","meta":{"om_disable_all_campaigns":false,"_monsterinsights_skip_tracking":false,"_monsterinsights_sitenote_active":false,"_monsterinsights_sitenote_note":"","_monsterinsights_sitenote_category":0},"categories":[253],"tags":[],"aioseo_notices":[],"_links":{"self":[{"href":"https:\/\/www.ufmg.br\/rededemuseus\/index.php\/wp-json\/wp\/v2\/pages\/3034"}],"collection":[{"href":"https:\/\/www.ufmg.br\/rededemuseus\/index.php\/wp-json\/wp\/v2\/pages"}],"about":[{"href":"https:\/\/www.ufmg.br\/rededemuseus\/index.php\/wp-json\/wp\/v2\/types\/page"}],"author":[{"embeddable":true,"href":"https:\/\/www.ufmg.br\/rededemuseus\/index.php\/wp-json\/wp\/v2\/users\/1"}],"replies":[{"embeddable":true,"href":"https:\/\/www.ufmg.br\/rededemuseus\/index.php\/wp-json\/wp\/v2\/comments?post=3034"}],"version-history":[{"count":1,"href":"https:\/\/www.ufmg.br\/rededemuseus\/index.php\/wp-json\/wp\/v2\/pages\/3034\/revisions"}],"predecessor-version":[{"id":3035,"href":"https:\/\/www.ufmg.br\/rededemuseus\/index.php\/wp-json\/wp\/v2\/pages\/3034\/revisions\/3035"}],"wp:attachment":[{"href":"https:\/\/www.ufmg.br\/rededemuseus\/index.php\/wp-json\/wp\/v2\/media?parent=3034"}],"wp:term":[{"taxonomy":"category","embeddable":true,"href":"https:\/\/www.ufmg.br\/rededemuseus\/index.php\/wp-json\/wp\/v2\/categories?post=3034"},{"taxonomy":"post_tag","embeddable":true,"href":"https:\/\/www.ufmg.br\/rededemuseus\/index.php\/wp-json\/wp\/v2\/tags?post=3034"}],"curies":[{"name":"wp","href":"https:\/\/api.w.org\/{rel}","templated":true}]}}