

{"id":3120,"date":"2023-02-17T10:06:11","date_gmt":"2023-02-17T13:06:11","guid":{"rendered":"https:\/\/www.ufmg.br\/rededemuseus\/?page_id=3120"},"modified":"2023-02-24T16:19:47","modified_gmt":"2023-02-24T19:19:47","slug":"chamada-interna-01-2022-fomento-de-acoes-museologicas-2","status":"publish","type":"page","link":"https:\/\/www.ufmg.br\/rededemuseus\/index.php\/chamada-interna\/chamada-interna-01-2022-fomento-de-acoes-museologicas-2\/","title":{"rendered":"Chamada Interna 01\/2022- Fomento de A\u00e7\u00f5es Museol\u00f3gicas"},"content":{"rendered":"\t\t<div data-elementor-type=\"wp-page\" data-elementor-id=\"3120\" class=\"elementor elementor-3120\">\n\t\t\t\t\t\t<div class=\"elementor-inner\">\n\t\t\t\t<div class=\"elementor-section-wrap\">\n\t\t\t\t\t\t\t\t\t<section class=\"elementor-section elementor-top-section elementor-element elementor-element-08e7b3c elementor-section-boxed elementor-section-height-default elementor-section-height-default\" data-id=\"08e7b3c\" data-element_type=\"section\">\n\t\t\t\t\t\t<div class=\"elementor-container elementor-column-gap-default\">\n\t\t\t\t\t\t\t<div class=\"elementor-row\">\n\t\t\t\t\t<div class=\"elementor-column elementor-col-100 elementor-top-column elementor-element elementor-element-4c3ecf8\" data-id=\"4c3ecf8\" data-element_type=\"column\">\n\t\t\t<div class=\"elementor-column-wrap elementor-element-populated\">\n\t\t\t\t\t\t\t<div class=\"elementor-widget-wrap\">\n\t\t\t\t\t\t<div class=\"elementor-element elementor-element-421a50d9 elementor-align-left elementor-widget elementor-widget-button\" data-id=\"421a50d9\" data-element_type=\"widget\" data-widget_type=\"button.default\">\n\t\t\t\t<div class=\"elementor-widget-container\">\n\t\t\t\t\t<div class=\"elementor-button-wrapper\">\n\t\t\t<a href=\"https:\/\/www.ufmg.br\/rededemuseus\/index.php\/chamada-interna\/\" class=\"elementor-button-link elementor-button elementor-size-xs\" role=\"button\">\n\t\t\t\t\t\t<span class=\"elementor-button-content-wrapper\">\n\t\t\t\t\t\t\t<span class=\"elementor-button-icon elementor-align-icon-left\">\n\t\t\t\t<i aria-hidden=\"true\" class=\"fas fa-arrow-left\"><\/i>\t\t\t<\/span>\n\t\t\t\t\t\t<span class=\"elementor-button-text\"><\/span>\n\t\t<\/span>\n\t\t\t\t\t<\/a>\n\t\t<\/div>\n\t\t\t\t<\/div>\n\t\t\t\t<\/div>\n\t\t\t\t<div class=\"elementor-element elementor-element-706e621 elementor-widget elementor-widget-accordion\" data-id=\"706e621\" data-element_type=\"widget\" data-settings=\"{&quot;_animation&quot;:&quot;none&quot;}\" data-widget_type=\"accordion.default\">\n\t\t\t\t<div class=\"elementor-widget-container\">\n\t\t\t\t\t<div class=\"elementor-accordion\" role=\"tablist\">\n\t\t\t\t\t\t\t<div class=\"elementor-accordion-item\">\n\t\t\t\t\t<div id=\"elementor-tab-title-1171\" class=\"elementor-tab-title\" data-tab=\"1\" role=\"tab\" aria-controls=\"elementor-tab-content-1171\" aria-expanded=\"false\">\n\t\t\t\t\t\t\t\t\t\t\t\t\t<span class=\"elementor-accordion-icon elementor-accordion-icon-left\" aria-hidden=\"true\">\n\t\t\t\t\t\t\t\t\t\t\t\t\t\t\t<span class=\"elementor-accordion-icon-closed\"><i class=\"fas fa-angle-down\"><\/i><\/span>\n\t\t\t\t\t\t\t\t<span class=\"elementor-accordion-icon-opened\"><i class=\"fas fa-angle-up\"><\/i><\/span>\n\t\t\t\t\t\t\t\t\t\t\t\t\t\t<\/span>\n\t\t\t\t\t\t\t\t\t\t\t\t<a class=\"elementor-accordion-title\" href=\"\">Edital<\/a>\n\t\t\t\t\t<\/div>\n\t\t\t\t\t<div id=\"elementor-tab-content-1171\" class=\"elementor-tab-content elementor-clearfix\" data-tab=\"1\" role=\"tabpanel\" aria-labelledby=\"elementor-tab-title-1171\"><p><div class='w3eden'><div class='row'><div class='col-md-12 col-sm-12 col-xs-12'><!-- WPDM Link Template: Default Template -->\n\n<div class=\"wpdm-link-template link-template-default thumbnail\" style=\"margin-bottom:5px; margin-top:15px;\">\n\n    <div class=\"media\" style=\"display: flex\">\n        <div class=\"pull-left\"><img class=\"wpdm_icon\" alt=\"Icon\" src=\"https:\/\/www.ufmg.br\/rededemuseus\/wp-content\/plugins\/download-manager\/assets\/file-type-icons\/pdf.svg\" onError='this.src=\"https:\/\/www.ufmg.br\/rededemuseus\/wp-content\/plugins\/download-manager\/assets\/file-type-icons\/unknown.svg\";' \/><\/div>\n        <div class=\"media-body\"><h3 class=\"package-title\">Chamada Interna 01\/2022 \u2013 Fomento de A\u00e7\u00f5es Museol\u00f3gicas<\/h3>\n            <small class=\"text-muted\"><i class=\"fas fa-copy\"><\/i> 1 file(s) &nbsp; <i class=\"fas fa-hdd\"><\/i> 590.73 KB <\/small>\n        <\/div>\n        <div>\n            <a class='wpdm-download-link btn btn-secondary btn-sm' rel='nofollow' href='#' onclick=\"location.href='https:\/\/www.ufmg.br\/rededemuseus\/index.php\/download\/chamada-interna-01-2021-fomento-de-acoes-museologicas-2\/?wpdmdl=3129&#038;refresh=69f6898c04b161777764748';return false;\">Download<\/a>\n        <\/div>\n    <\/div>\n<\/div>\n\n<div style=\"clear: both\"><\/div><\/div><div class='col-md-12 col-sm-12 col-xs-12'><!-- WPDM Link Template: Default Template -->\n\n<div class=\"wpdm-link-template link-template-default thumbnail\" style=\"margin-bottom:5px; margin-top:15px;\">\n\n    <div class=\"media\" style=\"display: flex\">\n        <div class=\"pull-left\"><img class=\"wpdm_icon\" alt=\"Icon\" src=\"https:\/\/www.ufmg.br\/rededemuseus\/wp-content\/plugins\/download-manager\/assets\/file-type-icons\/pdf.svg\" onError='this.src=\"https:\/\/www.ufmg.br\/rededemuseus\/wp-content\/plugins\/download-manager\/assets\/file-type-icons\/unknown.svg\";' \/><\/div>\n        <div class=\"media-body\"><h3 class=\"package-title\">Chamada Interna 01\/2022 \u2013 Fomento de A\u00e7\u00f5es Museol\u00f3gicas \u2013 Retifica\u00e7\u00e3o<\/h3>\n            <small class=\"text-muted\"><i class=\"fas fa-copy\"><\/i> 1 file(s) &nbsp; <i class=\"fas fa-hdd\"><\/i> 84.37 KB <\/small>\n        <\/div>\n        <div>\n            <a class='wpdm-download-link btn btn-secondary btn-sm' rel='nofollow' href='#' onclick=\"location.href='https:\/\/www.ufmg.br\/rededemuseus\/index.php\/download\/chamada-interna-01-2022-fomento-de-acoes-museologicas-retificacao\/?wpdmdl=3130&#038;refresh=69f6898c061031777764748';return false;\">Download<\/a>\n        <\/div>\n    <\/div>\n<\/div>\n\n<div style=\"clear: both\"><\/div><\/div><\/div><div style='clear:both'><\/div><div class='text-center'><ul  class=\"pagination pagination-centered\"><\/ul><\/div>\n<div style='clear:both'><\/div><div style='clear:both'><\/div><\/div><\/p><\/div>\n\t\t\t\t<\/div>\n\t\t\t\t\t\t\t<div class=\"elementor-accordion-item\">\n\t\t\t\t\t<div id=\"elementor-tab-title-1172\" class=\"elementor-tab-title\" data-tab=\"2\" role=\"tab\" aria-controls=\"elementor-tab-content-1172\" aria-expanded=\"false\">\n\t\t\t\t\t\t\t\t\t\t\t\t\t<span class=\"elementor-accordion-icon elementor-accordion-icon-left\" aria-hidden=\"true\">\n\t\t\t\t\t\t\t\t\t\t\t\t\t\t\t<span class=\"elementor-accordion-icon-closed\"><i class=\"fas fa-angle-down\"><\/i><\/span>\n\t\t\t\t\t\t\t\t<span class=\"elementor-accordion-icon-opened\"><i class=\"fas fa-angle-up\"><\/i><\/span>\n\t\t\t\t\t\t\t\t\t\t\t\t\t\t<\/span>\n\t\t\t\t\t\t\t\t\t\t\t\t<a class=\"elementor-accordion-title\" href=\"\">Refer\u00eancias<\/a>\n\t\t\t\t\t<\/div>\n\t\t\t\t\t<div id=\"elementor-tab-content-1172\" class=\"elementor-tab-content elementor-clearfix\" data-tab=\"2\" role=\"tabpanel\" aria-labelledby=\"elementor-tab-title-1172\"><p><div class='w3eden'><div class='row'><div class='col-md-12 col-sm-12 col-xs-12'><!-- WPDM Link Template: Default Template -->\n\n<div class=\"wpdm-link-template link-template-default thumbnail\" style=\"margin-bottom:5px; margin-top:15px;\">\n\n    <div class=\"media\" style=\"display: flex\">\n        <div class=\"pull-left\"><img class=\"wpdm_icon\" alt=\"Icon\" src=\"https:\/\/www.ufmg.br\/rededemuseus\/wp-content\/plugins\/download-manager\/assets\/file-type-icons\/pdf.svg\" onError='this.src=\"https:\/\/www.ufmg.br\/rededemuseus\/wp-content\/plugins\/download-manager\/assets\/file-type-icons\/unknown.svg\";' \/><\/div>\n        <div class=\"media-body\"><h3 class=\"package-title\">Pol\u00edtica Nacional de Extens\u00e3o Universit\u00e1ria<\/h3>\n            <small class=\"text-muted\"><i class=\"fas fa-copy\"><\/i> 1 file(s) &nbsp; <i class=\"fas fa-hdd\"><\/i> 536.08 KB <\/small>\n        <\/div>\n        <div>\n            <a class='wpdm-download-link btn btn-secondary btn-sm' rel='nofollow' href='#' onclick=\"location.href='https:\/\/www.ufmg.br\/rededemuseus\/index.php\/download\/politica-nacional-de-extensao-universitaria\/?wpdmdl=2179&#038;refresh=69f6898c0867d1777764748';return false;\">Download<\/a>\n        <\/div>\n    <\/div>\n<\/div>\n\n<div style=\"clear: both\"><\/div><\/div><div class='col-md-12 col-sm-12 col-xs-12'><!-- WPDM Link Template: Default Template -->\n\n<div class=\"wpdm-link-template link-template-default thumbnail\" style=\"margin-bottom:5px; margin-top:15px;\">\n\n    <div class=\"media\" style=\"display: flex\">\n        <div class=\"pull-left\"><img class=\"wpdm_icon\" alt=\"Icon\" src=\"https:\/\/www.ufmg.br\/rededemuseus\/wp-content\/plugins\/download-manager\/assets\/file-type-icons\/pdf.svg\" onError='this.src=\"https:\/\/www.ufmg.br\/rededemuseus\/wp-content\/plugins\/download-manager\/assets\/file-type-icons\/unknown.svg\";' \/><\/div>\n        <div class=\"media-body\"><h3 class=\"package-title\">Resolu\u00e7\u00e3o CEPE\/UFMG n\u00ba 08\/2020, de 5 de novembro de 2020<\/h3>\n            <small class=\"text-muted\"><i class=\"fas fa-copy\"><\/i> 1 file(s) &nbsp; <i class=\"fas fa-hdd\"><\/i> 285.31 KB <\/small>\n        <\/div>\n        <div>\n            <a class='wpdm-download-link btn btn-secondary btn-sm' rel='nofollow' href='#' onclick=\"location.href='https:\/\/www.ufmg.br\/rededemuseus\/index.php\/download\/resolucao-cepe-ufmg-no-08-2020-de-5-de-novembro-de-2020\/?wpdmdl=2255&#038;refresh=69f6898c097d71777764748';return false;\">Download<\/a>\n        <\/div>\n    <\/div>\n<\/div>\n\n<div style=\"clear: both\"><\/div><\/div><div class='col-md-12 col-sm-12 col-xs-12'><!-- WPDM Link Template: Default Template -->\n\n<div class=\"wpdm-link-template link-template-default thumbnail\" style=\"margin-bottom:5px; margin-top:15px;\">\n\n    <div class=\"media\" style=\"display: flex\">\n        <div class=\"pull-left\"><img class=\"wpdm_icon\" alt=\"Icon\" src=\"https:\/\/www.ufmg.br\/rededemuseus\/wp-content\/plugins\/download-manager\/assets\/file-type-icons\/pdf.svg\" onError='this.src=\"https:\/\/www.ufmg.br\/rededemuseus\/wp-content\/plugins\/download-manager\/assets\/file-type-icons\/unknown.svg\";' \/><\/div>\n        <div class=\"media-body\"><h3 class=\"package-title\">Resolu\u00e7\u00e3o CNE\/CES n\u00ba 7, de 18 de dezembro de 2018<\/h3>\n            <small class=\"text-muted\"><i class=\"fas fa-copy\"><\/i> 1 file(s) &nbsp; <i class=\"fas fa-hdd\"><\/i> 148.95 KB <\/small>\n        <\/div>\n        <div>\n            <a class='wpdm-download-link btn btn-secondary btn-sm' rel='nofollow' href='#' onclick=\"location.href='https:\/\/www.ufmg.br\/rededemuseus\/index.php\/download\/resolucao-cne-ces-no-7-de-18-de-dezembro-de-2018\/?wpdmdl=2180&#038;refresh=69f6898c0a7fe1777764748';return false;\">Download<\/a>\n        <\/div>\n    <\/div>\n<\/div>\n\n<div style=\"clear: both\"><\/div><\/div><\/div><div style='clear:both'><\/div><div class='text-center'><ul  class=\"pagination pagination-centered\"><\/ul><\/div>\n<div style='clear:both'><\/div><div style='clear:both'><\/div><\/div><\/p><\/div>\n\t\t\t\t<\/div>\n\t\t\t\t\t\t\t<div class=\"elementor-accordion-item\">\n\t\t\t\t\t<div id=\"elementor-tab-title-1173\" class=\"elementor-tab-title\" data-tab=\"3\" role=\"tab\" aria-controls=\"elementor-tab-content-1173\" aria-expanded=\"false\">\n\t\t\t\t\t\t\t\t\t\t\t\t\t<span class=\"elementor-accordion-icon elementor-accordion-icon-left\" aria-hidden=\"true\">\n\t\t\t\t\t\t\t\t\t\t\t\t\t\t\t<span class=\"elementor-accordion-icon-closed\"><i class=\"fas fa-angle-down\"><\/i><\/span>\n\t\t\t\t\t\t\t\t<span class=\"elementor-accordion-icon-opened\"><i class=\"fas fa-angle-up\"><\/i><\/span>\n\t\t\t\t\t\t\t\t\t\t\t\t\t\t<\/span>\n\t\t\t\t\t\t\t\t\t\t\t\t<a class=\"elementor-accordion-title\" href=\"\">Formul\u00e1rios<\/a>\n\t\t\t\t\t<\/div>\n\t\t\t\t\t<div id=\"elementor-tab-content-1173\" class=\"elementor-tab-content elementor-clearfix\" data-tab=\"3\" role=\"tabpanel\" aria-labelledby=\"elementor-tab-title-1173\"><div style=\"position: relative; min-height: 1px; padding-right: 15px; padding-left: 15px; float: left; width: 572px;\">\n<div style=\"padding: 10px; margin-bottom: 5px; line-height: 1.42857; border: 1px solid #dddddd; border-radius: 4px; transition: border 0.2s ease-in-out 0s; margin-top: 15px;\">\n<div style=\"margin-top: 0px; overflow: hidden; zoom: 1; display: flex;\">\n<div style=\"padding-right: 10px;\">&nbsp;<\/div>\n<div style=\"overflow: hidden; zoom: 1; width: 10000px; display: table-cell; vertical-align: top;\">\n<h3 style=\"font-family: Bitter; line-height: 24px; font-size: 11pt; font-weight: 500; color: inherit; margin-top: 0px !important; margin-bottom: 0px !important;\">Formul\u00e1rio SIEX (impress\u00e3o em PDF do projeto vinculado \u00e0 Rede de Museus)<\/h3>\n<p><small style=\"font-size: 11px !important; color: rgba(69, 89, 122, 0.6) !important;\">&nbsp;Link direto<\/small><\/p>\n<\/div>\n<div><a style=\"color: #ffffff; background-color: #c7c7c7; display: inline-block; margin: 0px; font-size: 12pt; text-align: center; white-space: nowrap; vertical-align: middle; touch-action: manipulation; cursor: pointer; user-select: none; background-image: linear-gradient(rgba(0, 0, 0, 0), rgba(0, 0, 0, 0.05)); border-image: initial; transition: all 0.2s ease 0s; text-transform: uppercase; letter-spacing: 1px; font-family: Rubik, -apple-system, BlinkMacSystemFont, 'Segoe UI', Roboto, Helvetica, Arial, sans-serif, 'Apple Color Emoji', 'Segoe UI Emoji', 'Segoe UI Symbol'; padding: 0px 20px !important; line-height: 48px !important; border: initial none var(--color-secondary);\" href=\"https:\/\/sistemas.ufmg.br\/siex\/PrincipalVisitante.do\" target=\"_blank\" rel=\"nofollow noopener\">LINK DIRETO<\/a><\/div>\n<\/div>\n<\/div>\n<\/div>\n<p><div class='w3eden'><div class='row'><div class='col-md-12 col-sm-12 col-xs-12'><!-- WPDM Link Template: Default Template -->\n\n<div class=\"wpdm-link-template link-template-default thumbnail\" style=\"margin-bottom:5px; margin-top:15px;\">\n\n    <div class=\"media\" style=\"display: flex\">\n        <div class=\"pull-left\"><img class=\"wpdm_icon\" alt=\"Icon\" src=\"https:\/\/www.ufmg.br\/rededemuseus\/wp-content\/plugins\/download-manager\/assets\/file-type-icons\/rtf.svg\" onError='this.src=\"https:\/\/www.ufmg.br\/rededemuseus\/wp-content\/plugins\/download-manager\/assets\/file-type-icons\/unknown.svg\";' \/><\/div>\n        <div class=\"media-body\"><h3 class=\"package-title\">Declara\u00e7\u00e3o de Anu\u00eancia<\/h3>\n            <small class=\"text-muted\"><i class=\"fas fa-copy\"><\/i> 1 file(s) &nbsp; <i class=\"fas fa-hdd\"><\/i> 352.80 KB <\/small>\n        <\/div>\n        <div>\n            <a class='wpdm-download-link btn btn-secondary btn-sm' rel='nofollow' href='#' onclick=\"location.href='https:\/\/www.ufmg.br\/rededemuseus\/index.php\/download\/declaracao-de-anuencia-4\/?wpdmdl=3134&#038;refresh=69f6898c0cec41777764748';return false;\">Download<\/a>\n        <\/div>\n    <\/div>\n<\/div>\n\n<div style=\"clear: both\"><\/div><\/div><div class='col-md-12 col-sm-12 col-xs-12'><!-- WPDM Link Template: Default Template -->\n\n<div class=\"wpdm-link-template link-template-default thumbnail\" style=\"margin-bottom:5px; margin-top:15px;\">\n\n    <div class=\"media\" style=\"display: flex\">\n        <div class=\"pull-left\"><img class=\"wpdm_icon\" alt=\"Icon\" src=\"https:\/\/www.ufmg.br\/rededemuseus\/wp-content\/plugins\/download-manager\/assets\/file-type-icons\/rtf.svg\" onError='this.src=\"https:\/\/www.ufmg.br\/rededemuseus\/wp-content\/plugins\/download-manager\/assets\/file-type-icons\/unknown.svg\";' \/><\/div>\n        <div class=\"media-body\"><h3 class=\"package-title\">Formul\u00e1rio de Inscri\u00e7\u00e3o<\/h3>\n            <small class=\"text-muted\"><i class=\"fas fa-copy\"><\/i> 1 file(s) &nbsp; <i class=\"fas fa-hdd\"><\/i> 377.32 KB <\/small>\n        <\/div>\n        <div>\n            <a class='wpdm-download-link btn btn-secondary btn-sm' rel='nofollow' href='#' onclick=\"location.href='https:\/\/www.ufmg.br\/rededemuseus\/index.php\/download\/formulario-de-inscricao-4\/?wpdmdl=3132&#038;refresh=69f6898c0e4581777764748';return false;\">Download<\/a>\n        <\/div>\n    <\/div>\n<\/div>\n\n<div style=\"clear: both\"><\/div><\/div><div class='col-md-12 col-sm-12 col-xs-12'><!-- WPDM Link Template: Default Template -->\n\n<div class=\"wpdm-link-template link-template-default thumbnail\" style=\"margin-bottom:5px; margin-top:15px;\">\n\n    <div class=\"media\" style=\"display: flex\">\n        <div class=\"pull-left\"><img class=\"wpdm_icon\" alt=\"Icon\" src=\"https:\/\/www.ufmg.br\/rededemuseus\/wp-content\/plugins\/download-manager\/assets\/file-type-icons\/rtf.svg\" onError='this.src=\"https:\/\/www.ufmg.br\/rededemuseus\/wp-content\/plugins\/download-manager\/assets\/file-type-icons\/unknown.svg\";' \/><\/div>\n        <div class=\"media-body\"><h3 class=\"package-title\">Formul\u00e1rio de Recurso<\/h3>\n            <small class=\"text-muted\"><i class=\"fas fa-copy\"><\/i> 1 file(s) &nbsp; <i class=\"fas fa-hdd\"><\/i> 368.02 KB <\/small>\n        <\/div>\n        <div>\n            <a class='wpdm-download-link btn btn-secondary btn-sm' rel='nofollow' href='#' onclick=\"location.href='https:\/\/www.ufmg.br\/rededemuseus\/index.php\/download\/formulario-de-recurso-4\/?wpdmdl=3135&#038;refresh=69f6898c0f2ac1777764748';return false;\">Download<\/a>\n        <\/div>\n    <\/div>\n<\/div>\n\n<div style=\"clear: both\"><\/div><\/div><div class='col-md-12 col-sm-12 col-xs-12'><!-- WPDM Link Template: Default Template -->\n\n<div class=\"wpdm-link-template link-template-default thumbnail\" style=\"margin-bottom:5px; margin-top:15px;\">\n\n    <div class=\"media\" style=\"display: flex\">\n        <div class=\"pull-left\"><img class=\"wpdm_icon\" alt=\"Icon\" src=\"https:\/\/www.ufmg.br\/rededemuseus\/wp-content\/plugins\/download-manager\/assets\/file-type-icons\/xlsx.svg\" onError='this.src=\"https:\/\/www.ufmg.br\/rededemuseus\/wp-content\/plugins\/download-manager\/assets\/file-type-icons\/unknown.svg\";' \/><\/div>\n        <div class=\"media-body\"><h3 class=\"package-title\">Plano de Trabalho e Previs\u00e3o Or\u00e7ament\u00e1ria (MS-Excel 2010 ou superior ou WPS Office)<\/h3>\n            <small class=\"text-muted\"><i class=\"fas fa-copy\"><\/i> 1 file(s) &nbsp; <i class=\"fas fa-hdd\"><\/i> 85.37 KB <\/small>\n        <\/div>\n        <div>\n            <a class='wpdm-download-link btn btn-secondary btn-sm' rel='nofollow' href='#' onclick=\"location.href='https:\/\/www.ufmg.br\/rededemuseus\/index.php\/download\/plano-de-trabalho-e-previsao-orcamentaria-ms-excel-2010-ou-superior-ou-wps-office-4\/?wpdmdl=3133&#038;refresh=69f6898c1012a1777764748';return false;\">Download<\/a>\n        <\/div>\n    <\/div>\n<\/div>\n\n<div style=\"clear: both\"><\/div><\/div><\/div><div style='clear:both'><\/div><div class='text-center'><ul  class=\"pagination pagination-centered\"><\/ul><\/div>\n<div style='clear:both'><\/div><div style='clear:both'><\/div><\/div><\/p><\/div>\n\t\t\t\t<\/div>\n\t\t\t\t\t\t\t<div class=\"elementor-accordion-item\">\n\t\t\t\t\t<div id=\"elementor-tab-title-1174\" class=\"elementor-tab-title\" data-tab=\"4\" role=\"tab\" aria-controls=\"elementor-tab-content-1174\" aria-expanded=\"false\">\n\t\t\t\t\t\t\t\t\t\t\t\t\t<span class=\"elementor-accordion-icon elementor-accordion-icon-left\" aria-hidden=\"true\">\n\t\t\t\t\t\t\t\t\t\t\t\t\t\t\t<span class=\"elementor-accordion-icon-closed\"><i class=\"fas fa-angle-down\"><\/i><\/span>\n\t\t\t\t\t\t\t\t<span class=\"elementor-accordion-icon-opened\"><i class=\"fas fa-angle-up\"><\/i><\/span>\n\t\t\t\t\t\t\t\t\t\t\t\t\t\t<\/span>\n\t\t\t\t\t\t\t\t\t\t\t\t<a class=\"elementor-accordion-title\" href=\"\">Resultado Parcial<\/a>\n\t\t\t\t\t<\/div>\n\t\t\t\t\t<div id=\"elementor-tab-content-1174\" class=\"elementor-tab-content elementor-clearfix\" data-tab=\"4\" role=\"tabpanel\" aria-labelledby=\"elementor-tab-title-1174\"><div style=\"position: relative; min-height: 1px; padding-right: 15px; padding-left: 15px; float: left; width: 572px;\">\n<div style=\"padding: 10px; margin-bottom: 5px; line-height: 1.42857; border: 1px solid #dddddd; border-radius: 4px; transition: border 0.2s ease-in-out 0s; margin-top: 15px;\"><p><div class='w3eden'><div class='row'><div class='col-md-12 col-sm-12 col-xs-12'><!-- WPDM Link Template: Default Template -->\n\n<div class=\"wpdm-link-template link-template-default thumbnail\" style=\"margin-bottom:5px; margin-top:15px;\">\n\n    <div class=\"media\" style=\"display: flex\">\n        <div class=\"pull-left\"><img class=\"wpdm_icon\" alt=\"Icon\" src=\"https:\/\/www.ufmg.br\/rededemuseus\/wp-content\/plugins\/download-manager\/assets\/file-type-icons\/pdf.svg\" onError='this.src=\"https:\/\/www.ufmg.br\/rededemuseus\/wp-content\/plugins\/download-manager\/assets\/file-type-icons\/unknown.svg\";' \/><\/div>\n        <div class=\"media-body\"><h3 class=\"package-title\">Chamada Interna 01\/2022<\/h3>\n            <small class=\"text-muted\"><i class=\"fas fa-copy\"><\/i> 1 file(s) &nbsp; <i class=\"fas fa-hdd\"><\/i> 78.63 KB <\/small>\n        <\/div>\n        <div>\n            <a class='wpdm-download-link btn btn-secondary btn-sm' rel='nofollow' href='#' onclick=\"location.href='https:\/\/www.ufmg.br\/rededemuseus\/index.php\/download\/chamada-interna-01-2022\/?wpdmdl=3180&#038;refresh=69f6898c1208c1777764748';return false;\">Download<\/a>\n        <\/div>\n    <\/div>\n<\/div>\n\n<div style=\"clear: both\"><\/div><\/div><\/div><div style='clear:both'><\/div><div class='text-center'><ul  class=\"pagination pagination-centered\"><\/ul><\/div>\n<div style='clear:both'><\/div><div style='clear:both'><\/div><\/div><\/p>\n<div style=\"margin-top: 0px; overflow: hidden; zoom: 1; display: flex;\">&nbsp;<\/div>\n<\/div>\n<\/div><\/div>\n\t\t\t\t<\/div>\n\t\t\t\t\t\t\t<div class=\"elementor-accordion-item\">\n\t\t\t\t\t<div id=\"elementor-tab-title-1175\" class=\"elementor-tab-title\" data-tab=\"5\" role=\"tab\" aria-controls=\"elementor-tab-content-1175\" aria-expanded=\"false\">\n\t\t\t\t\t\t\t\t\t\t\t\t\t<span class=\"elementor-accordion-icon elementor-accordion-icon-left\" aria-hidden=\"true\">\n\t\t\t\t\t\t\t\t\t\t\t\t\t\t\t<span class=\"elementor-accordion-icon-closed\"><i class=\"fas fa-angle-down\"><\/i><\/span>\n\t\t\t\t\t\t\t\t<span class=\"elementor-accordion-icon-opened\"><i class=\"fas fa-angle-up\"><\/i><\/span>\n\t\t\t\t\t\t\t\t\t\t\t\t\t\t<\/span>\n\t\t\t\t\t\t\t\t\t\t\t\t<a class=\"elementor-accordion-title\" href=\"\">Resultado Final<\/a>\n\t\t\t\t\t<\/div>\n\t\t\t\t\t<div id=\"elementor-tab-content-1175\" class=\"elementor-tab-content elementor-clearfix\" data-tab=\"5\" role=\"tabpanel\" aria-labelledby=\"elementor-tab-title-1175\"><div style=\"position: relative; min-height: 1px; padding-right: 15px; padding-left: 15px; float: left; width: 572px;\">\n<div style=\"padding: 10px; margin-bottom: 5px; line-height: 1.42857; border: 1px solid #dddddd; border-radius: 4px; transition: border 0.2s ease-in-out 0s; margin-top: 15px;\">\n<p><div class='w3eden'><div class='row'><div class='col-md-12 col-sm-12 col-xs-12'><!-- WPDM Link Template: Default Template -->\n\n<div class=\"wpdm-link-template link-template-default thumbnail\" style=\"margin-bottom:5px; margin-top:15px;\">\n\n    <div class=\"media\" style=\"display: flex\">\n        <div class=\"pull-left\"><img class=\"wpdm_icon\" alt=\"Icon\" src=\"https:\/\/www.ufmg.br\/rededemuseus\/wp-content\/plugins\/download-manager\/assets\/file-type-icons\/pdf.svg\" onError='this.src=\"https:\/\/www.ufmg.br\/rededemuseus\/wp-content\/plugins\/download-manager\/assets\/file-type-icons\/unknown.svg\";' \/><\/div>\n        <div class=\"media-body\"><h3 class=\"package-title\">Chamada Interna 01\/2022<\/h3>\n            <small class=\"text-muted\"><i class=\"fas fa-copy\"><\/i> 1 file(s) &nbsp; <i class=\"fas fa-hdd\"><\/i> 430.97 KB <\/small>\n        <\/div>\n        <div>\n            <a class='wpdm-download-link btn btn-secondary btn-sm' rel='nofollow' href='#' onclick=\"location.href='https:\/\/www.ufmg.br\/rededemuseus\/index.php\/download\/chamada-interna-01-2022-2\/?wpdmdl=3181&#038;refresh=69f6898c144191777764748';return false;\">Download<\/a>\n        <\/div>\n    <\/div>\n<\/div>\n\n<div style=\"clear: both\"><\/div><\/div><\/div><div style='clear:both'><\/div><div class='text-center'><ul  class=\"pagination pagination-centered\"><\/ul><\/div>\n<div style='clear:both'><\/div><div style='clear:both'><\/div><\/div><\/p>\n<div style=\"margin-top: 0px; overflow: hidden; zoom: 1; display: flex;\">&nbsp;<\/div>\n<\/div>\n<\/div><\/div>\n\t\t\t\t<\/div>\n\t\t\t\t\t\t\t\t<\/div>\n\t\t\t\t<\/div>\n\t\t\t\t<\/div>\n\t\t\t\t\t\t<\/div>\n\t\t\t\t\t<\/div>\n\t\t<\/div>\n\t\t\t\t\t\t\t\t<\/div>\n\t\t\t\t\t<\/div>\n\t\t<\/section>\n\t\t\t\t\t\t\t\t\t<\/div>\n\t\t\t<\/div>\n\t\t\t\t\t<\/div>\n\t\t","protected":false},"excerpt":{"rendered":"<p>Edital Refer&ecirc;ncias Formul&aacute;rios &nbsp; Formul&aacute;rio SIEX (impress&atilde;o em PDF do projeto vinculado &agrave; Rede de Museus) &nbsp;Link direto LINK DIRETO Resultado Parcial &nbsp; Resultado Final &nbsp;<\/p>\n","protected":false},"author":1,"featured_media":0,"parent":996,"menu_order":0,"comment_status":"closed","ping_status":"closed","template":"","meta":{"om_disable_all_campaigns":false,"_monsterinsights_skip_tracking":false,"_monsterinsights_sitenote_active":false,"_monsterinsights_sitenote_note":"","_monsterinsights_sitenote_category":0},"categories":[255],"tags":[],"aioseo_notices":[],"_links":{"self":[{"href":"https:\/\/www.ufmg.br\/rededemuseus\/index.php\/wp-json\/wp\/v2\/pages\/3120"}],"collection":[{"href":"https:\/\/www.ufmg.br\/rededemuseus\/index.php\/wp-json\/wp\/v2\/pages"}],"about":[{"href":"https:\/\/www.ufmg.br\/rededemuseus\/index.php\/wp-json\/wp\/v2\/types\/page"}],"author":[{"embeddable":true,"href":"https:\/\/www.ufmg.br\/rededemuseus\/index.php\/wp-json\/wp\/v2\/users\/1"}],"replies":[{"embeddable":true,"href":"https:\/\/www.ufmg.br\/rededemuseus\/index.php\/wp-json\/wp\/v2\/comments?post=3120"}],"version-history":[{"count":20,"href":"https:\/\/www.ufmg.br\/rededemuseus\/index.php\/wp-json\/wp\/v2\/pages\/3120\/revisions"}],"predecessor-version":[{"id":3182,"href":"https:\/\/www.ufmg.br\/rededemuseus\/index.php\/wp-json\/wp\/v2\/pages\/3120\/revisions\/3182"}],"up":[{"embeddable":true,"href":"https:\/\/www.ufmg.br\/rededemuseus\/index.php\/wp-json\/wp\/v2\/pages\/996"}],"wp:attachment":[{"href":"https:\/\/www.ufmg.br\/rededemuseus\/index.php\/wp-json\/wp\/v2\/media?parent=3120"}],"wp:term":[{"taxonomy":"category","embeddable":true,"href":"https:\/\/www.ufmg.br\/rededemuseus\/index.php\/wp-json\/wp\/v2\/categories?post=3120"},{"taxonomy":"post_tag","embeddable":true,"href":"https:\/\/www.ufmg.br\/rededemuseus\/index.php\/wp-json\/wp\/v2\/tags?post=3120"}],"curies":[{"name":"wp","href":"https:\/\/api.w.org\/{rel}","templated":true}]}}