

{"id":363,"date":"2019-11-27T15:46:52","date_gmt":"2019-11-27T18:46:52","guid":{"rendered":"https:\/\/www.ufmg.br\/rededemuseus\/?page_id=363"},"modified":"2023-02-24T16:05:48","modified_gmt":"2023-02-24T19:05:48","slug":"quem-somos","status":"publish","type":"page","link":"https:\/\/www.ufmg.br\/rededemuseus\/index.php\/quem-somos\/","title":{"rendered":"Quem somos"},"content":{"rendered":"\t\t<div data-elementor-type=\"wp-page\" data-elementor-id=\"363\" class=\"elementor elementor-363\">\n\t\t\t\t\t\t<div class=\"elementor-inner\">\n\t\t\t\t<div class=\"elementor-section-wrap\">\n\t\t\t\t\t\t\t\t\t<section class=\"elementor-section elementor-top-section elementor-element elementor-element-65371110 elementor-section-boxed elementor-section-height-default elementor-section-height-default\" data-id=\"65371110\" data-element_type=\"section\">\n\t\t\t\t\t\t<div class=\"elementor-container elementor-column-gap-default\">\n\t\t\t\t\t\t\t<div class=\"elementor-row\">\n\t\t\t\t\t<div class=\"elementor-column elementor-col-100 elementor-top-column elementor-element elementor-element-7cade7d4\" data-id=\"7cade7d4\" data-element_type=\"column\">\n\t\t\t<div class=\"elementor-column-wrap elementor-element-populated\">\n\t\t\t\t\t\t\t<div class=\"elementor-widget-wrap\">\n\t\t\t\t\t\t<div class=\"elementor-element elementor-element-54b7c232 elementor-widget elementor-widget-text-editor\" data-id=\"54b7c232\" data-element_type=\"widget\" data-widget_type=\"text-editor.default\">\n\t\t\t\t<div class=\"elementor-widget-container\">\n\t\t\t\t\t\t\t\t<div class=\"elementor-text-editor elementor-clearfix\">\n\t\t\t\t<p>A Rede de Museus e Espa\u00e7os de Ci\u00eancias e Cultura da UFMG \u00e9 constitu\u00edda por espa\u00e7os aut\u00f4nomos, que somam esfor\u00e7os e otimizam recursos para dotar seus integrantes de maior organicidade no planejamento e execu\u00e7\u00e3o de projetos. A estrutura\u00e7\u00e3o em rede de seu Conselho Coordenador favorece a qualifica\u00e7\u00e3o das a\u00e7\u00f5es e a amplia\u00e7\u00e3o do atendimento ao nosso p\u00fablico-alvo, formado n\u00e3o apenas pela comunidade universit\u00e1ria, como tamb\u00e9m pelos estudantes da educa\u00e7\u00e3o b\u00e1sica e pela popula\u00e7\u00e3o em geral (pesquisadores e demais interessados).<\/p><p>Al\u00e9m de constituir um programa de extens\u00e3o composto por diferentes projetos (a\u00e7\u00f5es arquiv\u00edsticas, restaura\u00e7\u00f5es, pesquisas, exposi\u00e7\u00f5es, semin\u00e1rios, cursos, oficinas, etc.), a Rede de Museus instituiu em seu novo regimento uma secretaria, um n\u00facleo t\u00e9cnico-cient\u00edfico\u00a0&#8211; respons\u00e1vel pelo planejamento, desenvolvimento e avalia\u00e7\u00e3o de projetos nas \u00e1reas de\u00a0gest\u00e3o, salvaguarda e comunica\u00e7\u00e3o de acervos &#8211; e um conselho consultivo (inst\u00e2ncia colegiada respons\u00e1vel por orientar e auxiliar o Conselho Coordenador no cumprimento de sua miss\u00e3o institucional).<\/p>\t\t\t\t\t<\/div>\n\t\t\t\t\t\t<\/div>\n\t\t\t\t<\/div>\n\t\t\t\t\t\t<\/div>\n\t\t\t\t\t<\/div>\n\t\t<\/div>\n\t\t\t\t\t\t\t\t<\/div>\n\t\t\t\t\t<\/div>\n\t\t<\/section>\n\t\t\t\t\t\t\t\t\t<\/div>\n\t\t\t<\/div>\n\t\t\t\t\t<\/div>\n\t\t","protected":false},"excerpt":{"rendered":"<p>A Rede de Museus e Espa&ccedil;os de Ci&ecirc;ncias e Cultura da UFMG &eacute; constitu&iacute;da por espa&ccedil;os aut&ocirc;nomos, que somam esfor&ccedil;os e otimizam recursos para dotar seus integrantes de maior organicidade no planejamento e execu&ccedil;&atilde;o de projetos. A estrutura&ccedil;&atilde;o em rede de seu Conselho Coordenador favorece a qualifica&ccedil;&atilde;o das a&ccedil;&otilde;es e a amplia&ccedil;&atilde;o do atendimento ao &hellip; <a href=\"https:\/\/www.ufmg.br\/rededemuseus\/index.php\/quem-somos\/\" class=\"more-link\">Continue lendo <span class=\"screen-reader-text\">Quem somos<\/span> <span class=\"meta-nav\">&rarr;<\/span><\/a><\/p>\n","protected":false},"author":1,"featured_media":0,"parent":0,"menu_order":0,"comment_status":"closed","ping_status":"closed","template":"","meta":{"om_disable_all_campaigns":false,"_monsterinsights_skip_tracking":false,"_monsterinsights_sitenote_active":false,"_monsterinsights_sitenote_note":"","_monsterinsights_sitenote_category":0},"categories":[253],"tags":[],"aioseo_notices":[],"_links":{"self":[{"href":"https:\/\/www.ufmg.br\/rededemuseus\/index.php\/wp-json\/wp\/v2\/pages\/363"}],"collection":[{"href":"https:\/\/www.ufmg.br\/rededemuseus\/index.php\/wp-json\/wp\/v2\/pages"}],"about":[{"href":"https:\/\/www.ufmg.br\/rededemuseus\/index.php\/wp-json\/wp\/v2\/types\/page"}],"author":[{"embeddable":true,"href":"https:\/\/www.ufmg.br\/rededemuseus\/index.php\/wp-json\/wp\/v2\/users\/1"}],"replies":[{"embeddable":true,"href":"https:\/\/www.ufmg.br\/rededemuseus\/index.php\/wp-json\/wp\/v2\/comments?post=363"}],"version-history":[{"count":3,"href":"https:\/\/www.ufmg.br\/rededemuseus\/index.php\/wp-json\/wp\/v2\/pages\/363\/revisions"}],"predecessor-version":[{"id":1485,"href":"https:\/\/www.ufmg.br\/rededemuseus\/index.php\/wp-json\/wp\/v2\/pages\/363\/revisions\/1485"}],"wp:attachment":[{"href":"https:\/\/www.ufmg.br\/rededemuseus\/index.php\/wp-json\/wp\/v2\/media?parent=363"}],"wp:term":[{"taxonomy":"category","embeddable":true,"href":"https:\/\/www.ufmg.br\/rededemuseus\/index.php\/wp-json\/wp\/v2\/categories?post=363"},{"taxonomy":"post_tag","embeddable":true,"href":"https:\/\/www.ufmg.br\/rededemuseus\/index.php\/wp-json\/wp\/v2\/tags?post=363"}],"curies":[{"name":"wp","href":"https:\/\/api.w.org\/{rel}","templated":true}]}}