

{"id":7720,"date":"2026-04-01T15:41:20","date_gmt":"2026-04-01T18:41:20","guid":{"rendered":"https:\/\/www.ufmg.br\/rededemuseus\/?page_id=7720"},"modified":"2026-04-08T15:21:49","modified_gmt":"2026-04-08T18:21:49","slug":"agenda","status":"publish","type":"page","link":"https:\/\/www.ufmg.br\/rededemuseus\/index.php\/agenda\/","title":{"rendered":"Nova Agenda Cient\u00edfico-Cultural da Rede de Museus"},"content":{"rendered":"\t\t<div data-elementor-type=\"wp-page\" data-elementor-id=\"7720\" class=\"elementor elementor-7720\">\n\t\t\t\t\t\t<div class=\"elementor-inner\">\n\t\t\t\t<div class=\"elementor-section-wrap\">\n\t\t\t\t\t\t\t\t\t<section class=\"elementor-section elementor-top-section elementor-element elementor-element-90ff8ab elementor-section-boxed elementor-section-height-default elementor-section-height-default\" data-id=\"90ff8ab\" data-element_type=\"section\">\n\t\t\t\t\t\t<div class=\"elementor-container elementor-column-gap-default\">\n\t\t\t\t\t\t\t<div class=\"elementor-row\">\n\t\t\t\t\t<div class=\"elementor-column elementor-col-100 elementor-top-column elementor-element elementor-element-dd70fba\" data-id=\"dd70fba\" data-element_type=\"column\">\n\t\t\t<div class=\"elementor-column-wrap elementor-element-populated\">\n\t\t\t\t\t\t\t<div class=\"elementor-widget-wrap\">\n\t\t\t\t\t\t<div class=\"elementor-element elementor-element-ab5cbab elementor-widget elementor-widget-heading\" data-id=\"ab5cbab\" data-element_type=\"widget\" data-widget_type=\"heading.default\">\n\t\t\t\t<div class=\"elementor-widget-container\">\n\t\t\t<h3 class=\"elementor-heading-title elementor-size-default\">Atividades sem agendamento pr\u00e9vio ou sob inscri\u00e7\u00e3o no mesmo dia\/local (visitas individuais ou de pequenos grupos n\u00e3o escolares)<\/h3>\t\t<\/div>\n\t\t\t\t<\/div>\n\t\t\t\t\t\t<\/div>\n\t\t\t\t\t<\/div>\n\t\t<\/div>\n\t\t\t\t\t\t\t\t<\/div>\n\t\t\t\t\t<\/div>\n\t\t<\/section>\n\t\t\t\t<section class=\"elementor-section elementor-top-section elementor-element elementor-element-cb22e9c elementor-section-boxed elementor-section-height-default elementor-section-height-default\" data-id=\"cb22e9c\" data-element_type=\"section\">\n\t\t\t\t\t\t<div class=\"elementor-container elementor-column-gap-default\">\n\t\t\t\t\t\t\t<div class=\"elementor-row\">\n\t\t\t\t\t<div class=\"elementor-column elementor-col-50 elementor-top-column elementor-element elementor-element-d986d33\" data-id=\"d986d33\" data-element_type=\"column\">\n\t\t\t<div class=\"elementor-column-wrap elementor-element-populated\">\n\t\t\t\t\t\t\t<div class=\"elementor-widget-wrap\">\n\t\t\t\t\t\t<div class=\"elementor-element elementor-element-483b3c5 elementor-widget elementor-widget-spacer\" data-id=\"483b3c5\" data-element_type=\"widget\" data-widget_type=\"spacer.default\">\n\t\t\t\t<div class=\"elementor-widget-container\">\n\t\t\t\t\t<div class=\"elementor-spacer\">\n\t\t\t<div class=\"elementor-spacer-inner\"><\/div>\n\t\t<\/div>\n\t\t\t\t<\/div>\n\t\t\t\t<\/div>\n\t\t\t\t<div class=\"elementor-element elementor-element-d041608 elementor-widget elementor-widget-image\" data-id=\"d041608\" data-element_type=\"widget\" data-widget_type=\"image.default\">\n\t\t\t\t<div class=\"elementor-widget-container\">\n\t\t\t\t\t\t\t\t<div class=\"elementor-image\">\n\t\t\t\t\t\t\t\t\t\t\t\t<img width=\"604\" height=\"755\" src=\"https:\/\/www.ufmg.br\/rededemuseus\/wp-content\/uploads\/2026\/04\/03-Novo-design-da-agenda-cientifico-cultural-2026-768x960.png\" class=\"attachment-medium_large size-medium_large\" alt=\"\" loading=\"lazy\" srcset=\"https:\/\/www.ufmg.br\/rededemuseus\/wp-content\/uploads\/2026\/04\/03-Novo-design-da-agenda-cientifico-cultural-2026-768x960.png 768w, https:\/\/www.ufmg.br\/rededemuseus\/wp-content\/uploads\/2026\/04\/03-Novo-design-da-agenda-cientifico-cultural-2026-240x300.png 240w, https:\/\/www.ufmg.br\/rededemuseus\/wp-content\/uploads\/2026\/04\/03-Novo-design-da-agenda-cientifico-cultural-2026-819x1024.png 819w, https:\/\/www.ufmg.br\/rededemuseus\/wp-content\/uploads\/2026\/04\/03-Novo-design-da-agenda-cientifico-cultural-2026.png 1080w\" sizes=\"(max-width: 604px) 100vw, 604px\" \/>\t\t\t\t\t\t\t\t\t\t\t\t\t\t<\/div>\n\t\t\t\t\t\t<\/div>\n\t\t\t\t<\/div>\n\t\t\t\t\t\t<\/div>\n\t\t\t\t\t<\/div>\n\t\t<\/div>\n\t\t\t\t<div class=\"elementor-column elementor-col-50 elementor-top-column elementor-element elementor-element-19e3223\" data-id=\"19e3223\" data-element_type=\"column\">\n\t\t\t<div class=\"elementor-column-wrap elementor-element-populated\">\n\t\t\t\t\t\t\t<div class=\"elementor-widget-wrap\">\n\t\t\t\t\t\t<div class=\"elementor-element elementor-element-8bcffab elementor-widget elementor-widget-spacer\" data-id=\"8bcffab\" data-element_type=\"widget\" data-widget_type=\"spacer.default\">\n\t\t\t\t<div class=\"elementor-widget-container\">\n\t\t\t\t\t<div class=\"elementor-spacer\">\n\t\t\t<div class=\"elementor-spacer-inner\"><\/div>\n\t\t<\/div>\n\t\t\t\t<\/div>\n\t\t\t\t<\/div>\n\t\t\t\t<div class=\"elementor-element elementor-element-5d1f91e elementor-widget elementor-widget-text-editor\" data-id=\"5d1f91e\" data-element_type=\"widget\" data-widget_type=\"text-editor.default\">\n\t\t\t\t<div class=\"elementor-widget-container\">\n\t\t\t\t\t\t\t\t<div class=\"elementor-text-editor elementor-clearfix\">\n\t\t\t\t<p>Esta vers\u00e3o da agenda comp\u00f5e um portfolio para visita\u00e7\u00f5es individuais ou em pequenos grupos. Ela re\u00fane a programa\u00e7\u00e3o semanal de atividades dispon\u00edveis sob inscri\u00e7\u00e3o a ser feita momentos antes no local (por limita\u00e7\u00e3o da capacidade de p\u00fablico) ou dispon\u00edveis para visita\u00e7\u00e3o espont\u00e2nea, sem a necessidade de agendamento pr\u00e9vio.<\/p><p>Voc\u00ea pode utilizar a ferramenta de filtragem para selecionar o tipo de atividade e\/ou os espa\u00e7os desejados.\u00a0<\/p>\t\t\t\t\t<\/div>\n\t\t\t\t\t\t<\/div>\n\t\t\t\t<\/div>\n\t\t\t\t<div class=\"elementor-element elementor-element-920a0ef elementor-mobile-align-center elementor-widget elementor-widget-button\" data-id=\"920a0ef\" data-element_type=\"widget\" data-widget_type=\"button.default\">\n\t\t\t\t<div class=\"elementor-widget-container\">\n\t\t\t\t\t<div class=\"elementor-button-wrapper\">\n\t\t\t<a href=\"https:\/\/www.ufmg.br\/rededemuseus\/servicos\/agenda\/?perpage=12&#038;view_mode=polaroid&#038;paged=1&#038;order=ASC&#038;orderby=date&#038;fetch_only_meta=8965%2C3503%2C3477%2C3541&#038;fetch_only=thumbnail&#038;metaquery%5B0%5D%5Bkey%5D=10579&#038;metaquery%5B0%5D%5Bvalue%5D%5B0%5D=Sim&#038;metaquery%5B0%5D%5Bcompare%5D=IN&#038;metaquery%5B1%5D%5Bkey%5D=8965&#038;metaquery%5B1%5D%5Bvalue%5D%5B0%5D=Atividades%20sem%20agendamento%20pr%C3%A9vio%20ou%20sob%20inscri%C3%A7%C3%A3o%20no%20mesmo%20dia%2Flocal%20%28visitas%20individuais%20ou%20de%20pequenos%20grupos%20n%C3%A3o%20escolares%29&#038;metaquery%5B1%5D%5Bcompare%5D=IN\" target=\"_blank\" class=\"elementor-button-link elementor-button elementor-size-sm\" role=\"button\">\n\t\t\t\t\t\t<span class=\"elementor-button-content-wrapper\">\n\t\t\t\t\t\t<span class=\"elementor-button-text\">Clique aqui<\/span>\n\t\t<\/span>\n\t\t\t\t\t<\/a>\n\t\t<\/div>\n\t\t\t\t<\/div>\n\t\t\t\t<\/div>\n\t\t\t\t\t\t<\/div>\n\t\t\t\t\t<\/div>\n\t\t<\/div>\n\t\t\t\t\t\t\t\t<\/div>\n\t\t\t\t\t<\/div>\n\t\t<\/section>\n\t\t\t\t<section class=\"elementor-section elementor-top-section elementor-element elementor-element-fb71383 elementor-section-boxed elementor-section-height-default elementor-section-height-default\" data-id=\"fb71383\" data-element_type=\"section\">\n\t\t\t\t\t\t<div class=\"elementor-container elementor-column-gap-default\">\n\t\t\t\t\t\t\t<div class=\"elementor-row\">\n\t\t\t\t\t<div class=\"elementor-column elementor-col-100 elementor-top-column elementor-element elementor-element-9116249\" data-id=\"9116249\" data-element_type=\"column\">\n\t\t\t<div class=\"elementor-column-wrap elementor-element-populated\">\n\t\t\t\t\t\t\t<div class=\"elementor-widget-wrap\">\n\t\t\t\t\t\t<div class=\"elementor-element elementor-element-4ae914d elementor-widget-divider--separator-type-pattern elementor-widget-divider--view-line elementor-widget elementor-widget-divider\" data-id=\"4ae914d\" data-element_type=\"widget\" data-widget_type=\"divider.default\">\n\t\t\t\t<div class=\"elementor-widget-container\">\n\t\t\t\t\t<div class=\"elementor-divider\" style=\"--divider-pattern-url: url(&quot;data:image\/svg+xml,%3Csvg xmlns=&#039;http:\/\/www.w3.org\/2000\/svg&#039; preserveAspectRatio=&#039;none&#039; overflow=&#039;visible&#039; height=&#039;100%&#039; viewBox=&#039;0 0 24 24&#039; fill=&#039;none&#039; stroke=&#039;black&#039; stroke-width=&#039;1&#039; stroke-linecap=&#039;square&#039; stroke-miterlimit=&#039;10&#039;%3E%3Cpolyline points=&#039;0,18 12,6 24,18 &#039;\/%3E%3C\/svg%3E&quot;);\">\n\t\t\t<span class=\"elementor-divider-separator\">\n\t\t\t\t\t\t<\/span>\n\t\t<\/div>\n\t\t\t\t<\/div>\n\t\t\t\t<\/div>\n\t\t\t\t\t\t<\/div>\n\t\t\t\t\t<\/div>\n\t\t<\/div>\n\t\t\t\t\t\t\t\t<\/div>\n\t\t\t\t\t<\/div>\n\t\t<\/section>\n\t\t\t\t<section class=\"elementor-section elementor-top-section elementor-element elementor-element-ffe7623 elementor-section-boxed elementor-section-height-default elementor-section-height-default\" data-id=\"ffe7623\" data-element_type=\"section\">\n\t\t\t\t\t\t<div class=\"elementor-container elementor-column-gap-default\">\n\t\t\t\t\t\t\t<div class=\"elementor-row\">\n\t\t\t\t\t<div class=\"elementor-column elementor-col-100 elementor-top-column elementor-element elementor-element-4875b0e\" data-id=\"4875b0e\" data-element_type=\"column\">\n\t\t\t<div class=\"elementor-column-wrap elementor-element-populated\">\n\t\t\t\t\t\t\t<div class=\"elementor-widget-wrap\">\n\t\t\t\t\t\t<div class=\"elementor-element elementor-element-9fca523 elementor-widget elementor-widget-heading\" data-id=\"9fca523\" data-element_type=\"widget\" data-widget_type=\"heading.default\">\n\t\t\t\t<div class=\"elementor-widget-container\">\n\t\t\t<h3 class=\"elementor-heading-title elementor-size-default\">Atividades sob agendamento pr\u00e9vio (turmas escolares e grupos maiores, com ou sem media\u00e7\u00e3o)<\/h3>\t\t<\/div>\n\t\t\t\t<\/div>\n\t\t\t\t\t\t<\/div>\n\t\t\t\t\t<\/div>\n\t\t<\/div>\n\t\t\t\t\t\t\t\t<\/div>\n\t\t\t\t\t<\/div>\n\t\t<\/section>\n\t\t\t\t<section class=\"elementor-section elementor-top-section elementor-element elementor-element-a7baace elementor-section-boxed elementor-section-height-default elementor-section-height-default\" data-id=\"a7baace\" data-element_type=\"section\">\n\t\t\t\t\t\t<div class=\"elementor-container elementor-column-gap-default\">\n\t\t\t\t\t\t\t<div class=\"elementor-row\">\n\t\t\t\t\t<div class=\"elementor-column elementor-col-50 elementor-top-column elementor-element elementor-element-3ecff9f\" data-id=\"3ecff9f\" data-element_type=\"column\">\n\t\t\t<div class=\"elementor-column-wrap elementor-element-populated\">\n\t\t\t\t\t\t\t<div class=\"elementor-widget-wrap\">\n\t\t\t\t\t\t<div class=\"elementor-element elementor-element-4e4fa2b elementor-widget elementor-widget-image\" data-id=\"4e4fa2b\" data-element_type=\"widget\" data-widget_type=\"image.default\">\n\t\t\t\t<div class=\"elementor-widget-container\">\n\t\t\t\t\t\t\t\t<div class=\"elementor-image\">\n\t\t\t\t\t\t\t\t\t\t\t\t<img width=\"604\" height=\"755\" src=\"https:\/\/www.ufmg.br\/rededemuseus\/wp-content\/uploads\/2026\/04\/02-Novo-design-da-agenda-cientifico-cultural-2026-768x960.png\" class=\"attachment-medium_large size-medium_large\" alt=\"\" loading=\"lazy\" srcset=\"https:\/\/www.ufmg.br\/rededemuseus\/wp-content\/uploads\/2026\/04\/02-Novo-design-da-agenda-cientifico-cultural-2026-768x960.png 768w, https:\/\/www.ufmg.br\/rededemuseus\/wp-content\/uploads\/2026\/04\/02-Novo-design-da-agenda-cientifico-cultural-2026-240x300.png 240w, https:\/\/www.ufmg.br\/rededemuseus\/wp-content\/uploads\/2026\/04\/02-Novo-design-da-agenda-cientifico-cultural-2026-819x1024.png 819w, https:\/\/www.ufmg.br\/rededemuseus\/wp-content\/uploads\/2026\/04\/02-Novo-design-da-agenda-cientifico-cultural-2026.png 1080w\" sizes=\"(max-width: 604px) 100vw, 604px\" \/>\t\t\t\t\t\t\t\t\t\t\t\t\t\t<\/div>\n\t\t\t\t\t\t<\/div>\n\t\t\t\t<\/div>\n\t\t\t\t\t\t<\/div>\n\t\t\t\t\t<\/div>\n\t\t<\/div>\n\t\t\t\t<div class=\"elementor-column elementor-col-50 elementor-top-column elementor-element elementor-element-1ff492f\" data-id=\"1ff492f\" data-element_type=\"column\">\n\t\t\t<div class=\"elementor-column-wrap elementor-element-populated\">\n\t\t\t\t\t\t\t<div class=\"elementor-widget-wrap\">\n\t\t\t\t\t\t<div class=\"elementor-element elementor-element-048da70 elementor-widget elementor-widget-spacer\" data-id=\"048da70\" data-element_type=\"widget\" data-widget_type=\"spacer.default\">\n\t\t\t\t<div class=\"elementor-widget-container\">\n\t\t\t\t\t<div class=\"elementor-spacer\">\n\t\t\t<div class=\"elementor-spacer-inner\"><\/div>\n\t\t<\/div>\n\t\t\t\t<\/div>\n\t\t\t\t<\/div>\n\t\t\t\t<div class=\"elementor-element elementor-element-2b46721 elementor-widget elementor-widget-text-editor\" data-id=\"2b46721\" data-element_type=\"widget\" data-widget_type=\"text-editor.default\">\n\t\t\t\t<div class=\"elementor-widget-container\">\n\t\t\t\t\t\t\t\t<div class=\"elementor-text-editor elementor-clearfix\">\n\t\t\t\t<p>Esta vers\u00e3o da agenda comp\u00f5e um portfolio para visita\u00e7\u00f5es de turmas de estudantes e de grupos maiores, com ou sem media\u00e7\u00e3o. Ela re\u00fane a disponibilidade semanal de atividades a serem agendadas previamente, para visita\u00e7\u00e3o futura.\u00a0<\/p><p>Voc\u00ea pode utilizar a ferramenta de filtragem para selecionar o tipo de atividade e\/ou os espa\u00e7os desejados.\u00a0<\/p>\t\t\t\t\t<\/div>\n\t\t\t\t\t\t<\/div>\n\t\t\t\t<\/div>\n\t\t\t\t<div class=\"elementor-element elementor-element-215c03d elementor-mobile-align-center elementor-widget elementor-widget-button\" data-id=\"215c03d\" data-element_type=\"widget\" data-widget_type=\"button.default\">\n\t\t\t\t<div class=\"elementor-widget-container\">\n\t\t\t\t\t<div class=\"elementor-button-wrapper\">\n\t\t\t<a href=\"https:\/\/www.ufmg.br\/rededemuseus\/servicos\/agenda\/?perpage=12&#038;view_mode=polaroid&#038;paged=1&#038;order=ASC&#038;orderby=date&#038;fetch_only_meta=8965%2C3503%2C3477%2C3541&#038;fetch_only=thumbnail&#038;metaquery%5B0%5D%5Bkey%5D=10579&#038;metaquery%5B0%5D%5Bvalue%5D%5B0%5D=Sim&#038;metaquery%5B0%5D%5Bcompare%5D=IN&#038;metaquery%5B1%5D%5Bkey%5D=8965&#038;metaquery%5B1%5D%5Bvalue%5D%5B0%5D=Atividades%20sob%20agendamento%20pr%C3%A9vio%20%28turmas%20escolares%20e%20grupos%20maiores%2C%20com%20ou%20sem%20media%C3%A7%C3%A3o%29&#038;metaquery%5B1%5D%5Bcompare%5D=IN\" target=\"_blank\" class=\"elementor-button-link elementor-button elementor-size-sm\" role=\"button\">\n\t\t\t\t\t\t<span class=\"elementor-button-content-wrapper\">\n\t\t\t\t\t\t<span class=\"elementor-button-text\">Clique aqui<\/span>\n\t\t<\/span>\n\t\t\t\t\t<\/a>\n\t\t<\/div>\n\t\t\t\t<\/div>\n\t\t\t\t<\/div>\n\t\t\t\t\t\t<\/div>\n\t\t\t\t\t<\/div>\n\t\t<\/div>\n\t\t\t\t\t\t\t\t<\/div>\n\t\t\t\t\t<\/div>\n\t\t<\/section>\n\t\t\t\t\t\t\t\t\t<\/div>\n\t\t\t<\/div>\n\t\t\t\t\t<\/div>\n\t\t","protected":false},"excerpt":{"rendered":"<p>Atividades sem agendamento pr&eacute;vio ou sob inscri&ccedil;&atilde;o no mesmo dia\/local (visitas individuais ou de pequenos grupos n&atilde;o escolares) Esta vers&atilde;o da agenda comp&otilde;e um portfolio para visita&ccedil;&otilde;es individuais ou em pequenos grupos. Ela re&uacute;ne a programa&ccedil;&atilde;o semanal de atividades dispon&iacute;veis sob inscri&ccedil;&atilde;o a ser feita momentos antes no local (por limita&ccedil;&atilde;o da capacidade de p&uacute;blico) &hellip; <a href=\"https:\/\/www.ufmg.br\/rededemuseus\/index.php\/agenda\/\" class=\"more-link\">Continue lendo <span class=\"screen-reader-text\">Nova Agenda Cient\u00edfico-Cultural da Rede de Museus<\/span> <span class=\"meta-nav\">&rarr;<\/span><\/a><\/p>\n","protected":false},"author":1,"featured_media":0,"parent":0,"menu_order":0,"comment_status":"closed","ping_status":"closed","template":"","meta":{"om_disable_all_campaigns":false,"_monsterinsights_skip_tracking":false,"_monsterinsights_sitenote_active":false,"_monsterinsights_sitenote_note":"","_monsterinsights_sitenote_category":0},"categories":[],"tags":[],"aioseo_notices":[],"_links":{"self":[{"href":"https:\/\/www.ufmg.br\/rededemuseus\/index.php\/wp-json\/wp\/v2\/pages\/7720"}],"collection":[{"href":"https:\/\/www.ufmg.br\/rededemuseus\/index.php\/wp-json\/wp\/v2\/pages"}],"about":[{"href":"https:\/\/www.ufmg.br\/rededemuseus\/index.php\/wp-json\/wp\/v2\/types\/page"}],"author":[{"embeddable":true,"href":"https:\/\/www.ufmg.br\/rededemuseus\/index.php\/wp-json\/wp\/v2\/users\/1"}],"replies":[{"embeddable":true,"href":"https:\/\/www.ufmg.br\/rededemuseus\/index.php\/wp-json\/wp\/v2\/comments?post=7720"}],"version-history":[{"count":75,"href":"https:\/\/www.ufmg.br\/rededemuseus\/index.php\/wp-json\/wp\/v2\/pages\/7720\/revisions"}],"predecessor-version":[{"id":7800,"href":"https:\/\/www.ufmg.br\/rededemuseus\/index.php\/wp-json\/wp\/v2\/pages\/7720\/revisions\/7800"}],"wp:attachment":[{"href":"https:\/\/www.ufmg.br\/rededemuseus\/index.php\/wp-json\/wp\/v2\/media?parent=7720"}],"wp:term":[{"taxonomy":"category","embeddable":true,"href":"https:\/\/www.ufmg.br\/rededemuseus\/index.php\/wp-json\/wp\/v2\/categories?post=7720"},{"taxonomy":"post_tag","embeddable":true,"href":"https:\/\/www.ufmg.br\/rededemuseus\/index.php\/wp-json\/wp\/v2\/tags?post=7720"}],"curies":[{"name":"wp","href":"https:\/\/api.w.org\/{rel}","templated":true}]}}