{"id":687,"date":"2020-09-16T15:39:51","date_gmt":"2020-09-16T18:39:51","guid":{"rendered":"https:\/\/www.ufmg.br\/rededemuseus\/mostravirtual2020\/?page_id=687"},"modified":"2025-10-06T15:22:40","modified_gmt":"2025-10-06T18:22:40","slug":"sobre","status":"publish","type":"page","link":"https:\/\/www.ufmg.br\/rededemuseus\/mostravirtual2020\/sobre\/","title":{"rendered":"Apresenta\u00e7\u00e3o"},"content":{"rendered":"\n<figure class=\"wp-block-image alignfull size-full\"><img loading=\"lazy\" decoding=\"async\" width=\"5000\" height=\"660\" src=\"https:\/\/www.ufmg.br\/rededemuseus\/mostravirtual2020\/wp-content\/uploads\/2025\/09\/cabecalho_2025.png\" alt=\"\" class=\"wp-image-6305\" srcset=\"https:\/\/www.ufmg.br\/rededemuseus\/mostravirtual2020\/wp-content\/uploads\/2025\/09\/cabecalho_2025.png 5000w, https:\/\/www.ufmg.br\/rededemuseus\/mostravirtual2020\/wp-content\/uploads\/2025\/09\/cabecalho_2025-300x40.png 300w, https:\/\/www.ufmg.br\/rededemuseus\/mostravirtual2020\/wp-content\/uploads\/2025\/09\/cabecalho_2025-1024x135.png 1024w, https:\/\/www.ufmg.br\/rededemuseus\/mostravirtual2020\/wp-content\/uploads\/2025\/09\/cabecalho_2025-768x101.png 768w, https:\/\/www.ufmg.br\/rededemuseus\/mostravirtual2020\/wp-content\/uploads\/2025\/09\/cabecalho_2025-1536x203.png 1536w, https:\/\/www.ufmg.br\/rededemuseus\/mostravirtual2020\/wp-content\/uploads\/2025\/09\/cabecalho_2025-2048x270.png 2048w, https:\/\/www.ufmg.br\/rededemuseus\/mostravirtual2020\/wp-content\/uploads\/2025\/09\/cabecalho_2025-205x27.png 205w\" sizes=\"auto, (max-width: 5000px) 100vw, 5000px\" \/><\/figure>\n\n\n\n<div class=\"wp-block-group\"><div class=\"wp-block-group__inner-container is-layout-flow wp-block-group-is-layout-flow\">\n<div style=\"height:47px\" aria-hidden=\"true\" class=\"wp-block-spacer\"><\/div>\n\n\n\n<p><\/p>\n<\/div><\/div>\n\n\n\n<div class=\"wp-block-columns is-layout-flex wp-container-core-columns-is-layout-9d6595d7 wp-block-columns-is-layout-flex\">\n<div class=\"wp-block-column is-layout-flow wp-block-column-is-layout-flow\" style=\"flex-basis:25%\"><\/div>\n\n\n\n<div class=\"wp-block-column is-layout-flow wp-block-column-is-layout-flow\">\n<p class=\"has-drop-cap\">A Mostra Virtual \u201cPesquisa e Extens\u00e3o na Rede de Museus\u201d integra, pela 11\u00aa vez, a programa\u00e7\u00e3o oficial da Semana do Conhecimento da UFMG. O objetivo do evento \u00e9 possibilitar que a comunidade acad\u00eamica e o p\u00fablico em geral conhe\u00e7am os trabalhos realizados pela Rede de Museus, al\u00e9m de fomentar a forma\u00e7\u00e3o de redes colaborativas ao permitir a inser\u00e7\u00e3o de coment\u00e1rios dirigidos aos autores dos projetos. As edi\u00e7\u00f5es anteriores tamb\u00e9m est\u00e3o dispon\u00edveis para consulta, formando um grande portf\u00f3lio de trabalhos de extens\u00e3o e inicia\u00e7\u00e3o cient\u00edfica realizados desde 2015 pela Rede de Museus e seus espa\u00e7os integrantes.<\/p>\n<\/div>\n\n\n\n<div class=\"wp-block-column is-layout-flow wp-block-column-is-layout-flow\" style=\"flex-basis:25%\"><\/div>\n<\/div>\n\n\n\n<p><\/p>\n","protected":false},"excerpt":{"rendered":"<p>A Mostra Virtual \u201cPesquisa e Extens\u00e3o na Rede de Museus\u201d integra, pela 11\u00aa vez, a programa\u00e7\u00e3o oficial da Semana do Conhecimento da UFMG. O objetivo do evento \u00e9 possibilitar que a comunidade acad\u00eamica e o p\u00fablico em geral conhe\u00e7am os trabalhos realizados pela Rede de Museus, al\u00e9m de fomentar a forma\u00e7\u00e3o de redes colaborativas ao [&hellip;]<\/p>\n","protected":false},"author":1,"featured_media":0,"parent":0,"menu_order":0,"comment_status":"closed","ping_status":"closed","template":"page-templates\/landing.php","meta":{"footnotes":""},"class_list":["post-687","page","type-page","status-publish","hentry"],"_links":{"self":[{"href":"https:\/\/www.ufmg.br\/rededemuseus\/mostravirtual2020\/wp-json\/wp\/v2\/pages\/687","targetHints":{"allow":["GET"]}}],"collection":[{"href":"https:\/\/www.ufmg.br\/rededemuseus\/mostravirtual2020\/wp-json\/wp\/v2\/pages"}],"about":[{"href":"https:\/\/www.ufmg.br\/rededemuseus\/mostravirtual2020\/wp-json\/wp\/v2\/types\/page"}],"author":[{"embeddable":true,"href":"https:\/\/www.ufmg.br\/rededemuseus\/mostravirtual2020\/wp-json\/wp\/v2\/users\/1"}],"replies":[{"embeddable":true,"href":"https:\/\/www.ufmg.br\/rededemuseus\/mostravirtual2020\/wp-json\/wp\/v2\/comments?post=687"}],"version-history":[{"count":13,"href":"https:\/\/www.ufmg.br\/rededemuseus\/mostravirtual2020\/wp-json\/wp\/v2\/pages\/687\/revisions"}],"predecessor-version":[{"id":7168,"href":"https:\/\/www.ufmg.br\/rededemuseus\/mostravirtual2020\/wp-json\/wp\/v2\/pages\/687\/revisions\/7168"}],"wp:attachment":[{"href":"https:\/\/www.ufmg.br\/rededemuseus\/mostravirtual2020\/wp-json\/wp\/v2\/media?parent=687"}],"curies":[{"name":"wp","href":"https:\/\/api.w.org\/{rel}","templated":true}]}}