{"id":1028,"date":"2025-04-29T10:53:17","date_gmt":"2025-04-29T13:53:17","guid":{"rendered":"https:\/\/www.ufmg.br\/saudemental\/?page_id=1028"},"modified":"2025-08-12T11:36:19","modified_gmt":"2025-08-12T14:36:19","slug":"semana-de-saude-mental","status":"publish","type":"page","link":"https:\/\/www.ufmg.br\/saudemental\/semana-de-saude-mental\/","title":{"rendered":"Semana de Sa\u00fade Mental"},"content":{"rendered":"<h3 dir=\"ltr\">IX Semana de Sa\u00fade Mental e Inclus\u00e3o Social<\/h3>\n<p dir=\"ltr\">Ano: 2021<br \/>\nTema: \u201cVida: Mutir\u00e3o de Todes\u201d<br \/>\nOrganiza\u00e7\u00e3o: Rede de Sa\u00fade Mental da UFMG vinculada \u00e0 Universidade dos Direitos Humanos (UDH\/PROEX).<br \/>\nFormato: totalmente online, de 17 a 21 de maio.<br \/>\nDestaques: oficinas, palestras, rodas de conversa, viv\u00eancias e atividades culturais com enfoque interseccional \u2014 g\u00eanero, ra\u00e7a, classe, defici\u00eancia, etc.<a href=\"https:\/\/portalbelohorizonte.com.br\/eventos\/ix-semana-de-saude-mental-e-inclusao-social-ufmg?utm_source=chatgpt.com\">\u00a0<\/a><\/p>\n<p>&nbsp;<\/p>\n<h3 dir=\"ltr\">X Semana de Sa\u00fade Mental e Inclus\u00e3o Social<\/h3>\n<p dir=\"ltr\">Ano: 2022<br \/>\nTema: \u201cO Cuidado em Sa\u00fade Mental como Direito \u00e0 Cidadania\u201d<br \/>\nOrganiza\u00e7\u00e3o: Rede de Sa\u00fade Mental da UFMG vinculada \u00e0 Universidade dos Direitos Humanos (UDH\/PROEX).<br \/>\nFormato: h\u00edbrido, de 16 a 20 de maio \u2014 retorno gradual ao presencial.<br \/>\nDestaques: oficinas, palestras, rodas de conversa, atividades culturais; participa\u00e7\u00e3o do APUBH\/NADi, com debates sobre burocracia universit\u00e1ria e impacto na sa\u00fade mental.<\/p>\n<p>&nbsp;<\/p>\n<h3 dir=\"ltr\">XI Semana de Sa\u00fade Mental e Inclus\u00e3o Social<\/h3>\n<p dir=\"ltr\">Ano: 2023<br \/>\nTema: \u201cSa\u00fade Mental \u00e9 Democracia\u201d<br \/>\nOrganiza\u00e7\u00e3o: Rede de Sa\u00fade Mental da UFMG vinculada \u00e0 Universidade dos Direitos Humanos (UDH\/PROEX).<br \/>\nFormato: presencial, de 15 a 19 de maio, em campi Pampulha e Sa\u00fade.<br \/>\nDestaques: \u00eanfase em participa\u00e7\u00e3o docente, estudantes e usu\u00e1rios; atividades como ioga, debates sobre capacitismo, musicoterapia, cinema, inclus\u00e3o de autistas; participa\u00e7\u00e3o ativa do APUBH\/NADi com roda sobre \u201cProdutivismo, Adoecimento e Pesquisa\u201d.<a href=\"https:\/\/ufmg.br\/comunicacao\/assessoria-de-imprensa\/release\/ufmg-realiza-11-semana-de-saude-mental-e-inclusao-social?utm_source=chatgpt.com\">\u00a0<\/a><\/p>\n<p>&nbsp;<\/p>\n<h3 dir=\"ltr\">XII Semana de Sa\u00fade Mental e Inclus\u00e3o Social<\/h3>\n<p dir=\"ltr\">Ano: 2024<br \/>\nTema: \u201cDo rio ao mar, somos os povos que navegam em conflu\u00eancia contra o genoc\u00eddio para a justi\u00e7a triunfar\u201d<br \/>\nOrganiza\u00e7\u00e3o: Rede de Sa\u00fade Mental da UFMG vinculada \u00e0 Universidade dos Direitos Humanos (UDH\/PROEX), com apoio de movimentos sociais e da Comiss\u00e3o Permanente de Sa\u00fade Mental (CPSM-UFMG).<br \/>\nFormato: presencial, de 15 a 17 de maio (campus Pampulha).<br \/>\nDestaques: mesa de abertura com reflex\u00f5es sobre 100 anos de Basaglia; programa\u00e7\u00e3o inclusiva com confer\u00eancia e debates.<a href=\"https:\/\/www.even3.com.br\/semana-da-saude-mental-e-inclusao-social-457481\/?utm_source=chatgpt.com\">\u00a0<\/a><\/p>\n<p>&nbsp;<\/p>\n<h3 dir=\"ltr\">XIII Semana de Sa\u00fade Mental e Inclus\u00e3o Social<\/h3>\n<p dir=\"ltr\">Ano: 2025<br \/>\nTema: \u201cAinda lutamos aqui\u201d<br \/>\nOrganiza\u00e7\u00e3o: Rede de Sa\u00fade Mental da UFMG vinculada \u00e0 Universidade dos Direitos Humanos (UDH\/PROEX), com apoio de movimentos sociais e da Comiss\u00e3o Permanente de Sa\u00fade Mental (CPSM-UFMG).<br \/>\nFormato: presencial, de 12 a 16 de maio (campus Pampulha)..<\/p>\n<p dir=\"ltr\">\u00a0Destaques:<\/p>\n<ul>\n<li dir=\"ltr\" aria-level=\"1\">\n<p dir=\"ltr\" role=\"presentation\">Confer\u00eancia de abertura com S\u00f4nia Barros (Minist\u00e9rio da Sa\u00fade); presen\u00e7a dos professores convidados Dra. Memory Muturiki, Diretora do Servi\u00e7o de Bem-Estar Estudantil da Universidade da Cidade do Cabo (\u00c1frica do Sul) e Dr. Myles- Hay Linton, Copresidente do Grupo Consultivo de Sa\u00fade Mental Estudantil da World Wide Universities Network (WUN), da qual a UFMG faz parte; e divulga\u00e7\u00e3o dos resultados preliminares do 1\u00ba Censo de Sa\u00fade Mental realizado pela UFMG.<\/p>\n<\/li>\n<li dir=\"ltr\" aria-level=\"1\">\n<p dir=\"ltr\" role=\"presentation\">Oficinas (fantasias para cortejo), rodas de conversa, exibi\u00e7\u00e3o de filmes, yoga, biodan\u00e7a, sarau Basaglia, campanha \u201cSa\u00fade Mental no Trabalho Importa\u201d, piquenique para m\u00e3es cientistas, entre muitas outras atividades.<\/p>\n<\/li>\n<li dir=\"ltr\" aria-level=\"1\">\n<p dir=\"ltr\" role=\"presentation\">Cortejo da escola de samba \u201cLiberdade Ainda que Tam Tam\u201d no dia 16\/05, Avenida Bernardo Monteiro, pr\u00f3ximo ao Col\u00e9gio Arnaldo.<\/p>\n<\/li>\n<\/ul>\n","protected":false},"excerpt":{"rendered":"<p>IX Semana de Sa\u00fade Mental e Inclus\u00e3o Social Ano: 2021 Tema: \u201cVida: Mutir\u00e3o de Todes\u201d Organiza\u00e7\u00e3o: Rede de Sa\u00fade Mental da UFMG vinculada \u00e0 Universidade dos Direitos Humanos (UDH\/PROEX). Formato: totalmente online, de 17 a [&#8230;]<\/p>\n","protected":false},"author":1,"featured_media":0,"parent":0,"menu_order":0,"comment_status":"closed","ping_status":"closed","template":"","meta":{"_acf_changed":false,"footnotes":""},"class_list":["post-1028","page","type-page","status-publish","hentry"],"acf":[],"_links":{"self":[{"href":"https:\/\/www.ufmg.br\/saudemental\/wp-json\/wp\/v2\/pages\/1028","targetHints":{"allow":["GET"]}}],"collection":[{"href":"https:\/\/www.ufmg.br\/saudemental\/wp-json\/wp\/v2\/pages"}],"about":[{"href":"https:\/\/www.ufmg.br\/saudemental\/wp-json\/wp\/v2\/types\/page"}],"author":[{"embeddable":true,"href":"https:\/\/www.ufmg.br\/saudemental\/wp-json\/wp\/v2\/users\/1"}],"replies":[{"embeddable":true,"href":"https:\/\/www.ufmg.br\/saudemental\/wp-json\/wp\/v2\/comments?post=1028"}],"version-history":[{"count":4,"href":"https:\/\/www.ufmg.br\/saudemental\/wp-json\/wp\/v2\/pages\/1028\/revisions"}],"predecessor-version":[{"id":1083,"href":"https:\/\/www.ufmg.br\/saudemental\/wp-json\/wp\/v2\/pages\/1028\/revisions\/1083"}],"wp:attachment":[{"href":"https:\/\/www.ufmg.br\/saudemental\/wp-json\/wp\/v2\/media?parent=1028"}],"curies":[{"name":"wp","href":"https:\/\/api.w.org\/{rel}","templated":true}]}}