{"id":14,"date":"2019-11-19T14:12:12","date_gmt":"2019-11-19T17:12:12","guid":{"rendered":"https:\/\/www.ufmg.br\/saudemental\/?page_id=14"},"modified":"2020-07-31T17:22:23","modified_gmt":"2020-07-31T20:22:23","slug":"o-que-e-saude-mental","status":"publish","type":"page","link":"https:\/\/www.ufmg.br\/saudemental\/saude-mental\/o-que-e-saude-mental\/","title":{"rendered":"O que \u00e9 sa\u00fade mental?"},"content":{"rendered":"<div class=\"video-container\"><iframe loading=\"lazy\" title=\"Conversando sobre sa\u00fade mental com a pr\u00f3-reitora de Extens\u00e3o da UFMG\" width=\"500\" height=\"281\" src=\"https:\/\/www.youtube.com\/embed\/KpK6TdTd8Gs?feature=oembed\" frameborder=\"0\" allow=\"accelerometer; autoplay; clipboard-write; encrypted-media; gyroscope; picture-in-picture; web-share\" referrerpolicy=\"strict-origin-when-cross-origin\" allowfullscreen><\/iframe><\/div>\n<p>&nbsp;<\/p>\n<p>Responder \u00e0 pergunta <em>\u2018O que \u00e9 sa\u00fade mental?\u2019<\/em> n\u00e3o \u00e9 tarefa simples, j\u00e1 que s\u00e3o diversas as fontes, discursos, recursos e saberes que tentam conceituar o tema.<\/p>\n<p>Mais do que um cen\u00e1rio de aus\u00eancia de problemas, a sa\u00fade mental \u00e9 entendida como um estado onde o indiv\u00edduo est\u00e1 bem o suficiente para lidar com as situa\u00e7\u00f5es cotidianas, que s\u00e3o t\u00e3o diversas quanto imprevis\u00edveis. Afinal, viver no mundo contempor\u00e2neo implica lidar diariamente com as complica\u00e7\u00f5es causadas pelo intenso ritmo da vida e pela aparente fragilidade de algumas rela\u00e7\u00f5es, contratempos que podem prejudicar nossas rela\u00e7\u00f5es sociais a m\u00e9dio e longo prazo.<\/p>\n<p>Por isso, os conceitos abaixo apresentados contribuem mais para a compreens\u00e3o da sa\u00fade mental como algo amplo e diverso com infinitos modos de viver, dos quais o sofrimento e adoecimento n\u00e3o est\u00e3o banidos; e n\u00e3o um modo ideal de vida.<\/p>\n<p>Essa breve sele\u00e7\u00e3o funciona apenas como um ponto de partida para se pensar a dimens\u00e3o social e, portanto, coletiva, do tema.<\/p>\n<p>&nbsp;<\/p>\n<h3>Para a Organiza\u00e7\u00e3o Mundial de Sa\u00fade (OMS):<\/h3>\n<p>Sa\u00fade mental refere-se a um bem estar no qual o indiv\u00edduo desenvolve suas habilidades pessoais, consegue lidar com os estresses da vida, trabalha de forma produtiva e encontra-se apto a dar sua contribui\u00e7\u00e3o para sua comunidade.<\/p>\n<p>Em rela\u00e7\u00e3o \u00e0s crian\u00e7as, a sa\u00fade mental implica pensar os aspectos do desenvolvimento, tais como: ter um conceito positivo sobre si, ter tanto habilidades para lidar com seus pensamentos e emo\u00e7\u00f5es, quanto para construir rela\u00e7\u00f5es sociais, tendo uma atitude de se abrir para aprender e adquirir educa\u00e7\u00e3o. Em \u00faltima an\u00e1lise, tudo o que pode possibilitar uma participa\u00e7\u00e3o ativa na sociedade.<\/p>\n<p>Veja mais informa\u00e7\u00f5es no plano de a\u00e7\u00e3o para a sa\u00fade mental da Organiza\u00e7\u00e3o Mundial da Sa\u00fade (2013-2020), dispon\u00edvel no <a href=\"https:\/\/www.who.int\/mental_health\/publications\/action_plan\/en\/\" target=\"_blank\" rel=\"noopener noreferrer\">site da OMS<\/a>.<\/p>\n<p>&nbsp;<\/p>\n<h3>Para os pesquisadores brasileiros Naomar de Almeida Filho, Maria Thereza \u00c1vila Coelho e Maria Fernanda Peres [1]:<\/h3>\n<blockquote><p><em>\u201c&#8230;a sa\u00fade mental significa um socius saud\u00e1vel; ela implica emprego, satisfa\u00e7\u00e3o no trabalho, vida cotidiana significativa, participa\u00e7\u00e3o social, lazer, qualidade das redes sociais, equidade, enfim, qualidade de vida. Por mais que se decrete o fim das utopias e a crise dos valores, n\u00e3o se pode escapar: o conceito de sa\u00fade mental vincula-se a uma pauta emancipat\u00f3ria do sujeito, de natureza inapelavelmente pol\u00edtica\u201d<\/em><\/p><\/blockquote>\n<p>&nbsp;<\/p>\n<h3>Para Arthur Bispo do Ros\u00e1rio:<\/h3>\n<blockquote><p><em>Os loucos s\u00e3o como beija-flores: nunca pousam&#8230;Ficam a dois metros do ch\u00e3o.<\/em><\/p><\/blockquote>\n<p>Bispo do Ros\u00e1rio, louco e artista reconhecido mundialmente, permaneceu internado por mais de 20 anos no Hosp\u00edcio Col\u00f4nia Juliano Moreira, no Rio de Janeiro. Sua concep\u00e7\u00e3o, contudo, apresenta que o ser louco inclui ares de leveza e tons de sa\u00fade mental.<\/p>\n<p>&nbsp;<\/p>\n<p><em>[1] Almeida Filho N, Coelho MTA e Peres MFT. O conceito de sa\u00fade mental. Revista USP, 43, p. 100-125: 1999. Dispon\u00edvel em: <a href=\"https:\/\/bit.ly\/2ztsYE1\" target=\"_blank\" rel=\"noopener noreferrer\">https:\/\/bit.ly\/2ztsYE1\u00a0<\/a><\/em><\/p>\n","protected":false},"excerpt":{"rendered":"<p>&nbsp; Responder \u00e0 pergunta \u2018O que \u00e9 sa\u00fade mental?\u2019 n\u00e3o \u00e9 tarefa simples, j\u00e1 que s\u00e3o diversas as fontes, discursos, recursos e saberes que tentam conceituar o tema. Mais do que um cen\u00e1rio de aus\u00eancia [&#8230;]<\/p>\n","protected":false},"author":1,"featured_media":342,"parent":8,"menu_order":0,"comment_status":"closed","ping_status":"closed","template":"","meta":{"_acf_changed":false,"footnotes":""},"class_list":["post-14","page","type-page","status-publish","has-post-thumbnail","hentry"],"acf":[],"_links":{"self":[{"href":"https:\/\/www.ufmg.br\/saudemental\/wp-json\/wp\/v2\/pages\/14","targetHints":{"allow":["GET"]}}],"collection":[{"href":"https:\/\/www.ufmg.br\/saudemental\/wp-json\/wp\/v2\/pages"}],"about":[{"href":"https:\/\/www.ufmg.br\/saudemental\/wp-json\/wp\/v2\/types\/page"}],"author":[{"embeddable":true,"href":"https:\/\/www.ufmg.br\/saudemental\/wp-json\/wp\/v2\/users\/1"}],"replies":[{"embeddable":true,"href":"https:\/\/www.ufmg.br\/saudemental\/wp-json\/wp\/v2\/comments?post=14"}],"version-history":[{"count":15,"href":"https:\/\/www.ufmg.br\/saudemental\/wp-json\/wp\/v2\/pages\/14\/revisions"}],"predecessor-version":[{"id":565,"href":"https:\/\/www.ufmg.br\/saudemental\/wp-json\/wp\/v2\/pages\/14\/revisions\/565"}],"up":[{"embeddable":true,"href":"https:\/\/www.ufmg.br\/saudemental\/wp-json\/wp\/v2\/pages\/8"}],"wp:featuredmedia":[{"embeddable":true,"href":"https:\/\/www.ufmg.br\/saudemental\/wp-json\/wp\/v2\/media\/342"}],"wp:attachment":[{"href":"https:\/\/www.ufmg.br\/saudemental\/wp-json\/wp\/v2\/media?parent=14"}],"curies":[{"name":"wp","href":"https:\/\/api.w.org\/{rel}","templated":true}]}}