{"id":22,"date":"2019-11-19T14:13:47","date_gmt":"2019-11-19T17:13:47","guid":{"rendered":"https:\/\/www.ufmg.br\/saudemental\/?page_id=22"},"modified":"2022-02-16T16:54:38","modified_gmt":"2022-02-16T19:54:38","slug":"canais-de-acolhimento","status":"publish","type":"page","link":"https:\/\/www.ufmg.br\/saudemental\/na-ufmg\/canais-de-acolhimento\/","title":{"rendered":"Onde buscar ajuda"},"content":{"rendered":"<p>O acolhimento, como princ\u00edpio primeiro de nossa pol\u00edtica de sa\u00fade mental, no contexto acad\u00eamico ou nos espa\u00e7os de trabalho, implica na constru\u00e7\u00e3o de pr\u00e1ticas de acolhimento, mas tamb\u00e9m em um compromisso pol\u00edtico de sustentarmos rela\u00e7\u00f5es, pautadas na \u00e9tica e na constru\u00e7\u00e3o de ambientes menos adoecedores.<\/p>\n<div id=\"attachment_523\" style=\"width: 962px\" class=\"wp-caption aligncenter\"><img loading=\"lazy\" decoding=\"async\" aria-describedby=\"caption-attachment-523\" class=\"wp-image-523 size-full\" src=\"https:\/\/www.ufmg.br\/saudemental\/wp-content\/uploads\/2020\/05\/40fba2805073b8817727c72c2a9985aa_15864781267152_1361280757.jpg\" alt=\"\" width=\"952\" height=\"600\" srcset=\"https:\/\/www.ufmg.br\/saudemental\/wp-content\/uploads\/2020\/05\/40fba2805073b8817727c72c2a9985aa_15864781267152_1361280757.jpg 952w, https:\/\/www.ufmg.br\/saudemental\/wp-content\/uploads\/2020\/05\/40fba2805073b8817727c72c2a9985aa_15864781267152_1361280757-300x189.jpg 300w, https:\/\/www.ufmg.br\/saudemental\/wp-content\/uploads\/2020\/05\/40fba2805073b8817727c72c2a9985aa_15864781267152_1361280757-768x484.jpg 768w\" sizes=\"auto, (max-width: 952px) 100vw, 952px\" \/><p id=\"caption-attachment-523\" class=\"wp-caption-text\">Gramado da M\u00fasica, no campus Pampulha. Foto: H\u00e9lvio Caldeira \/ UFMG<\/p><\/div>\n<p>Voc\u00ea pode encontrar esse acolhimento em v\u00e1rios locais ou canais da UFMG e tamb\u00e9m na cidade.<\/p>\n<ul>\n<li>Nos <a href=\"https:\/\/www.ufmg.br\/saudemental\/rede-de-apoio\/acolhimento\/\" target=\"_blank\" rel=\"noopener noreferrer\">Canais de Acolhimento<\/a> voc\u00ea encontrar\u00e1 apoio para sua inclus\u00e3o e perman\u00eancia na UFMG. S\u00e3o espa\u00e7os de escuta e di\u00e1logo com pessoas devidamente capacitadas. Buscar apoio ou ajuda nesses canais, al\u00e9m de contribuir para sua vida acad\u00eamica ou laboral, pode trazer benef\u00edcios para sua sa\u00fade mental.<\/li>\n<li>Nos <a href=\"https:\/\/www.ufmg.br\/saudemental\/rede-de-apoio\/canais-de-atendimento-externos\/\" target=\"_blank\" rel=\"noopener noreferrer\">Canais de Atendimento Especializados<\/a> voc\u00ea encontrar\u00e1 profissionais especializados em sa\u00fade mental para atendimento, orienta\u00e7\u00e3o e encaminhamentos.<\/li>\n<\/ul>\n<p>Lembre-se: em caso de emerg\u00eancia, voc\u00ea pode acionar o <strong>DAST<\/strong> (3409-4499 \/ 3409-4315 \/ 3307-9564) para realizar os primeiros atendimentos e\/ou fazer orienta\u00e7\u00f5es sobre encaminhamentos ou o <strong>SAMU<\/strong> (192) ou o <strong>Corpo de Bombeiros<\/strong> (193). Pode tamb\u00e9m encaminhar a pessoa em crise para os servi\u00e7os de Sa\u00fade Mental da <a href=\"https:\/\/prefeitura.pbh.gov.br\/saude\/informacoes\/atencao-a-saude\/saude-mental\" target=\"_blank\" rel=\"noopener noreferrer\">Rede de Aten\u00e7\u00e3o Psicossocial (RAPS)<\/a> de Belo Horizonte.<\/p>\n<p>Caso esteja em outro munic\u00edpio mineiro, incluindo Montes Claros, acesse <a href=\"https:\/\/www.saude.mg.gov.br\/component\/gmg\/page\/1636-saude-mental\" target=\"_blank\" rel=\"noopener noreferrer\">aqui<\/a> as informa\u00e7\u00f5es da <strong>RAPS de Minas Gerais<\/strong>.<\/p>\n","protected":false},"excerpt":{"rendered":"<p>O acolhimento, como princ\u00edpio primeiro de nossa pol\u00edtica de sa\u00fade mental, no contexto acad\u00eamico ou nos espa\u00e7os de trabalho, implica na constru\u00e7\u00e3o de pr\u00e1ticas de acolhimento, mas tamb\u00e9m em um compromisso pol\u00edtico de sustentarmos rela\u00e7\u00f5es, [&#8230;]<\/p>\n","protected":false},"author":1,"featured_media":332,"parent":20,"menu_order":0,"comment_status":"closed","ping_status":"closed","template":"","meta":{"_acf_changed":false,"footnotes":""},"class_list":["post-22","page","type-page","status-publish","has-post-thumbnail","hentry"],"acf":[],"_links":{"self":[{"href":"https:\/\/www.ufmg.br\/saudemental\/wp-json\/wp\/v2\/pages\/22","targetHints":{"allow":["GET"]}}],"collection":[{"href":"https:\/\/www.ufmg.br\/saudemental\/wp-json\/wp\/v2\/pages"}],"about":[{"href":"https:\/\/www.ufmg.br\/saudemental\/wp-json\/wp\/v2\/types\/page"}],"author":[{"embeddable":true,"href":"https:\/\/www.ufmg.br\/saudemental\/wp-json\/wp\/v2\/users\/1"}],"replies":[{"embeddable":true,"href":"https:\/\/www.ufmg.br\/saudemental\/wp-json\/wp\/v2\/comments?post=22"}],"version-history":[{"count":17,"href":"https:\/\/www.ufmg.br\/saudemental\/wp-json\/wp\/v2\/pages\/22\/revisions"}],"predecessor-version":[{"id":892,"href":"https:\/\/www.ufmg.br\/saudemental\/wp-json\/wp\/v2\/pages\/22\/revisions\/892"}],"up":[{"embeddable":true,"href":"https:\/\/www.ufmg.br\/saudemental\/wp-json\/wp\/v2\/pages\/20"}],"wp:featuredmedia":[{"embeddable":true,"href":"https:\/\/www.ufmg.br\/saudemental\/wp-json\/wp\/v2\/media\/332"}],"wp:attachment":[{"href":"https:\/\/www.ufmg.br\/saudemental\/wp-json\/wp\/v2\/media?parent=22"}],"curies":[{"name":"wp","href":"https:\/\/api.w.org\/{rel}","templated":true}]}}