{"id":24,"date":"2019-11-19T14:14:02","date_gmt":"2019-11-19T17:14:02","guid":{"rendered":"https:\/\/www.ufmg.br\/saudemental\/?page_id=24"},"modified":"2025-08-12T11:28:13","modified_gmt":"2025-08-12T14:28:13","slug":"orientacoes-para-crises","status":"publish","type":"page","link":"https:\/\/www.ufmg.br\/saudemental\/na-ufmg\/orientacoes-para-crises\/","title":{"rendered":"Orienta\u00e7\u00f5es para crises"},"content":{"rendered":"<p>Estudantes, servidores e quaisquer pessoas dentro das depend\u00eancias da UFMG podem solicitar o apoio do DAST, o Departamento de Aten\u00e7\u00e3o \u00e0 Sa\u00fade do Trabalhador. Veja o fluxograma abaixo para entender como agir em casos de urg\u00eancia e emerg\u00eancia na Universidade:<\/p>\n<p><img loading=\"lazy\" decoding=\"async\" class=\"aligncenter wp-image-692 size-full\" src=\"https:\/\/www.ufmg.br\/saudemental\/wp-content\/uploads\/2020\/09\/0001-scaled.jpg\" alt=\"\" width=\"1810\" height=\"2560\" srcset=\"https:\/\/www.ufmg.br\/saudemental\/wp-content\/uploads\/2020\/09\/0001-scaled.jpg 1810w, https:\/\/www.ufmg.br\/saudemental\/wp-content\/uploads\/2020\/09\/0001-212x300.jpg 212w, https:\/\/www.ufmg.br\/saudemental\/wp-content\/uploads\/2020\/09\/0001-724x1024.jpg 724w, https:\/\/www.ufmg.br\/saudemental\/wp-content\/uploads\/2020\/09\/0001-768x1086.jpg 768w, https:\/\/www.ufmg.br\/saudemental\/wp-content\/uploads\/2020\/09\/0001-1086x1536.jpg 1086w, https:\/\/www.ufmg.br\/saudemental\/wp-content\/uploads\/2020\/09\/0001-1448x2048.jpg 1448w\" sizes=\"auto, (max-width: 1810px) 100vw, 1810px\" \/><\/p>\n<p>&nbsp;<\/p>\n<blockquote><p>Clique <a href=\"https:\/\/www.ufmg.br\/saudemental\/wp-content\/uploads\/2020\/09\/Folheto_SEMANA-DO-SERVIDOR-UFMG.pdf\" target=\"_blank\" rel=\"noopener noreferrer\">aqui<\/a> para fazer download e compartilhar o arquivo.<\/p><\/blockquote>\n<p>Durante regime remoto, voc\u00ea pode solicitar o atendimento por meio da telemedicina pelo e-mail <strong>acolhimentodast@gmail.com<\/strong>.<\/p>\n<p>H\u00e1 dois n\u00facleos do DAST em Belo Horizonte: um no campus Pampulha e outro na regi\u00e3o central da cidade &#8211; dispon\u00edvel para atender o campus Sa\u00fade, a Faculdade de Direito e Ci\u00eancias do Estado e a Escola de Arquitetura.<\/p>\n<p>&nbsp;<\/p>\n<h3>DAST Pampulha<\/h3>\n<p>Avenida Ant\u00f4nio Carlos, 6627, Unidade Administrativa II, Pampulha<br \/>\n<strong>Contato:<\/strong> 3409-4499 \/ 3409-4315<br \/>\n<strong>Hor\u00e1rio:<\/strong> de segunda \u00e0 sexta-feira, das 7h \u00e0s 22h<\/p>\n<p>Apenas o n\u00facleo do campus Pampulha disp\u00f5e de ambul\u00e2ncia e estrutura para possibilitar que a pessoa medicada fique em observa\u00e7\u00e3o.<\/p>\n<p>&nbsp;<\/p>\n<h3>DAST Centro<\/h3>\n<p>Alameda \u00c1lvaro Celso, 175, 7o andar, Santa Efig\u00eania<br \/>\n<strong>Contato:<\/strong> 3307-9564<br \/>\n<strong>Hor\u00e1rio:<\/strong> de segunda \u00e0 sexta-feira, das 7h \u00e0s 19h<\/p>\n<p>Vale refor\u00e7ar que o DAST realiza apenas um breve atendimento, atuando com o acolhimento e orienta\u00e7\u00e3o da equipe de sa\u00fade do servi\u00e7o.<\/p>\n<p>Lembre-se: em caso de emerg\u00eancia, voc\u00ea pode acionar o DAST (3409-4499 \/ 3409-4315 \/ 3307-9564) para realizar os primeiros atendimentos e\/ou fazer orienta\u00e7\u00f5es sobre encaminhamentos ou o SAMU (192) ou o Corpo de Bombeiros (193). Pode tamb\u00e9m encaminhar a pessoa em crise para os servi\u00e7os de Sa\u00fade Mental da <a href=\"https:\/\/prefeitura.pbh.gov.br\/saude\/informacoes\/atencao-a-saude\/saude-mental\" target=\"_blank\" rel=\"noopener noreferrer\">Rede de Aten\u00e7\u00e3o Psicossocial (RAPS)<\/a> de Belo Horizonte.<\/p>\n<p>Caso esteja em outro munic\u00edpio mineiro, incluindo Montes Claros, acesse <a href=\"https:\/\/www.saude.mg.gov.br\/saudemental\/\">aqui <\/a>as informa\u00e7\u00f5es da RAPS de Minas Gerais.<\/p>\n","protected":false},"excerpt":{"rendered":"<p>Estudantes, servidores e quaisquer pessoas dentro das depend\u00eancias da UFMG podem solicitar o apoio do DAST, o Departamento de Aten\u00e7\u00e3o \u00e0 Sa\u00fade do Trabalhador. Veja o fluxograma abaixo para entender como agir em casos de [&#8230;]<\/p>\n","protected":false},"author":1,"featured_media":336,"parent":20,"menu_order":0,"comment_status":"closed","ping_status":"closed","template":"","meta":{"_acf_changed":false,"footnotes":""},"class_list":["post-24","page","type-page","status-publish","has-post-thumbnail","hentry"],"acf":[],"_links":{"self":[{"href":"https:\/\/www.ufmg.br\/saudemental\/wp-json\/wp\/v2\/pages\/24","targetHints":{"allow":["GET"]}}],"collection":[{"href":"https:\/\/www.ufmg.br\/saudemental\/wp-json\/wp\/v2\/pages"}],"about":[{"href":"https:\/\/www.ufmg.br\/saudemental\/wp-json\/wp\/v2\/types\/page"}],"author":[{"embeddable":true,"href":"https:\/\/www.ufmg.br\/saudemental\/wp-json\/wp\/v2\/users\/1"}],"replies":[{"embeddable":true,"href":"https:\/\/www.ufmg.br\/saudemental\/wp-json\/wp\/v2\/comments?post=24"}],"version-history":[{"count":11,"href":"https:\/\/www.ufmg.br\/saudemental\/wp-json\/wp\/v2\/pages\/24\/revisions"}],"predecessor-version":[{"id":1081,"href":"https:\/\/www.ufmg.br\/saudemental\/wp-json\/wp\/v2\/pages\/24\/revisions\/1081"}],"up":[{"embeddable":true,"href":"https:\/\/www.ufmg.br\/saudemental\/wp-json\/wp\/v2\/pages\/20"}],"wp:featuredmedia":[{"embeddable":true,"href":"https:\/\/www.ufmg.br\/saudemental\/wp-json\/wp\/v2\/media\/336"}],"wp:attachment":[{"href":"https:\/\/www.ufmg.br\/saudemental\/wp-json\/wp\/v2\/media?parent=24"}],"curies":[{"name":"wp","href":"https:\/\/api.w.org\/{rel}","templated":true}]}}