{"id":28,"date":"2019-11-19T14:14:36","date_gmt":"2019-11-19T17:14:36","guid":{"rendered":"https:\/\/www.ufmg.br\/saudemental\/?page_id=28"},"modified":"2020-11-09T14:24:46","modified_gmt":"2020-11-09T17:24:46","slug":"cartilhas","status":"publish","type":"page","link":"https:\/\/www.ufmg.br\/saudemental\/na-ufmg\/cartilhas\/","title":{"rendered":"Cartilhas"},"content":{"rendered":"<p>Acesse e fa\u00e7a download de importantes cartilhas relacionadas \u00e0 tem\u00e1tica da sa\u00fade mental:<\/p>\n<p>&nbsp;<\/p>\n<h3>Setembro Amarelo: m\u00eas de preven\u00e7\u00e3o ao suic\u00eddio<\/h3>\n<p>Produzida pelo Centro de Comunica\u00e7\u00e3o Social da Faculdade de Medicina da UFMG<br \/>\nVeja a cartilha clicando <a href=\"https:\/\/www.medicina.ufmg.br\/setembroamarelo\/\" target=\"_blank\" rel=\"noopener noreferrer\">aqui<\/a><\/p>\n<p>&nbsp;<\/p>\n<h3>Ass\u00e9dio \u00e9 crime: n\u00e3o se cale<\/h3>\n<p>Produzida pelo Centro de Comunica\u00e7\u00e3o Social da Faculdade de Medicina da UFMG<br \/>\nVeja a cartilha clicando <a href=\"https:\/\/site.medicina.ufmg.br\/assedio\/\" target=\"_blank\" rel=\"noopener noreferrer\">aqui<\/a><\/p>\n<p>&nbsp;<\/p>\n<h3>World Mental Health Day 2019: Working together to prevent suicide<\/h3>\n<p>Produzida pela Organiza\u00e7\u00e3o Mundial da Sa\u00fade (em ingl\u00eas) em ocasi\u00e3o do lan\u00e7amento da campanha <a href=\"https:\/\/www.who.int\/news-room\/events\/detail\/2019\/10\/10\/default-calendar\/world-mental-health-day-2019-focus-on-suicide-prevention\" target=\"_blank\" rel=\"noopener noreferrer\">#40seconds<\/a><br \/>\nVeja a cartilha clicando <a href=\"https:\/\/www.who.int\/docs\/default-source\/mental-health\/suicide\/flyer-40seconds-web.pdf?sfvrsn=5ba643c_2\" target=\"_blank\" rel=\"noopener noreferrer\">aqui<\/a><\/p>\n<p>&nbsp;<\/p>\n<h3>Manual: ajuda e suporte mu\u0301tuos em sau\u0301de mental<\/h3>\n<p>Para facilitadores, trabalhadores e profissionais de sau\u0301de e sau\u0301de mental. Produzida pelo <em>Projeto transverso\u0303es<\/em>, da Escola de Servi\u00e7o Social da URFJ<br \/>\nVeja a cartilha clicando <a href=\"https:\/\/www.ufmg.br\/saudemental\/wp-content\/uploads\/2020\/01\/Manual-ajuda-e-suporte-m\u00fatuos-em-sa\u00fade-mental-para-facilitadores-trabalhadores-e-profissionais-de-sa\u00fade-e-sa\u00fade-mental.pdf\" target=\"_blank\" rel=\"noopener noreferrer\">aqui<\/a><\/p>\n<p>&nbsp;<\/p>\n<h3>Cartilha: ajuda e suporte mu\u0301tuos em sau\u0301de mental<\/h3>\n<p>Para os participantes de grupos. Produzida pelo <em>Projeto transverso\u0303es<\/em>, da Escola de Servi\u00e7o Social da URFJ<br \/>\nVeja a cartilha clicando <a href=\"https:\/\/www.ufmg.br\/saudemental\/wp-content\/uploads\/2020\/01\/Cartilha-ajuda-e-suporte-m\u00fatuos-em-sa\u00fade-mental.pdf\" target=\"_blank\" rel=\"noopener noreferrer\">aqui<\/a><\/p>\n<p>&nbsp;<\/p>\n<h3>Joy and Stress Triggers: A global survey on mental health among researchers<\/h3>\n<p>Produzido pela Cactus Foundation, uma iniciativa global sem fins lucrativos alinhada com os Objetivos de Desenvolvimento Sustent\u00e1vel das Na\u00e7\u00f5es Unidas. Veja o documento (em ingl\u00eas) clicando <a href=\"https:\/\/www.ufmg.br\/saudemental\/wp-content\/uploads\/2020\/11\/Joy-and-Stress-Triggers-A-global-survey-on-mental-health-among-researchers.pdf\" target=\"_blank\" rel=\"noopener noreferrer\">aqui\u00a0<\/a><\/p>\n","protected":false},"excerpt":{"rendered":"<p>Acesse e fa\u00e7a download de importantes cartilhas relacionadas \u00e0 tem\u00e1tica da sa\u00fade mental: &nbsp; Setembro Amarelo: m\u00eas de preven\u00e7\u00e3o ao suic\u00eddio Produzida pelo Centro de Comunica\u00e7\u00e3o Social da Faculdade de Medicina da UFMG Veja a [&#8230;]<\/p>\n","protected":false},"author":1,"featured_media":332,"parent":20,"menu_order":0,"comment_status":"closed","ping_status":"closed","template":"","meta":{"_acf_changed":false,"footnotes":""},"class_list":["post-28","page","type-page","status-publish","has-post-thumbnail","hentry"],"acf":[],"_links":{"self":[{"href":"https:\/\/www.ufmg.br\/saudemental\/wp-json\/wp\/v2\/pages\/28","targetHints":{"allow":["GET"]}}],"collection":[{"href":"https:\/\/www.ufmg.br\/saudemental\/wp-json\/wp\/v2\/pages"}],"about":[{"href":"https:\/\/www.ufmg.br\/saudemental\/wp-json\/wp\/v2\/types\/page"}],"author":[{"embeddable":true,"href":"https:\/\/www.ufmg.br\/saudemental\/wp-json\/wp\/v2\/users\/1"}],"replies":[{"embeddable":true,"href":"https:\/\/www.ufmg.br\/saudemental\/wp-json\/wp\/v2\/comments?post=28"}],"version-history":[{"count":17,"href":"https:\/\/www.ufmg.br\/saudemental\/wp-json\/wp\/v2\/pages\/28\/revisions"}],"predecessor-version":[{"id":738,"href":"https:\/\/www.ufmg.br\/saudemental\/wp-json\/wp\/v2\/pages\/28\/revisions\/738"}],"up":[{"embeddable":true,"href":"https:\/\/www.ufmg.br\/saudemental\/wp-json\/wp\/v2\/pages\/20"}],"wp:featuredmedia":[{"embeddable":true,"href":"https:\/\/www.ufmg.br\/saudemental\/wp-json\/wp\/v2\/media\/332"}],"wp:attachment":[{"href":"https:\/\/www.ufmg.br\/saudemental\/wp-json\/wp\/v2\/media?parent=28"}],"curies":[{"name":"wp","href":"https:\/\/api.w.org\/{rel}","templated":true}]}}