{"id":30,"date":"2019-11-19T14:14:49","date_gmt":"2019-11-19T17:14:49","guid":{"rendered":"https:\/\/www.ufmg.br\/saudemental\/?page_id=30"},"modified":"2025-08-12T11:37:15","modified_gmt":"2025-08-12T14:37:15","slug":"pesquisas","status":"publish","type":"page","link":"https:\/\/www.ufmg.br\/saudemental\/na-ufmg\/pesquisas\/","title":{"rendered":"Pesquisa e extens\u00e3o"},"content":{"rendered":"<p>Sendo uma reconhecida Universidade de excel\u00eancia nos campos do ensino, da pesquisa e da extens\u00e3o, a UFMG n\u00e3o se furta do seu compromisso de divulgar o conhecimento cient\u00edfico produzido em seus laborat\u00f3rios.<\/p>\n<p>Acesse o <a href=\"https:\/\/repositorio.ufmg.br\/\" target=\"_blank\" rel=\"noopener noreferrer\">reposit\u00f3rio institucional da UFMG<\/a> para conferir uma <a href=\"https:\/\/repositorio.ufmg.br\/simple-search?query=sa%C3%BAde+mental&amp;sort_by=score&amp;order=desc&amp;rpp=10&amp;etal=0&amp;start=10\" target=\"_blank\" rel=\"noopener noreferrer\">s\u00e9rie de artigos, teses e pesquisas que enfocam a tem\u00e1tica de sa\u00fade mental<\/a>, produzidos na Universidade ou em parceria com terceiros.<\/p>\n<p>Confira tamb\u00e9m a <a href=\"https:\/\/www.ufmg.br\/proex\">p\u00e1gina <\/a>e as redes sociais (<a href=\"https:\/\/www.instagram.com\/extensaoufmg\/\" target=\"_blank\" rel=\"noopener noreferrer\">Instagram<\/a>, <a href=\"https:\/\/twitter.com\/extensaoufmg\" target=\"_blank\" rel=\"noopener noreferrer\">Twitter<\/a> e <a href=\"https:\/\/www.facebook.com\/extensaoufmg\" target=\"_blank\" rel=\"noopener noreferrer\">Facebook<\/a>) da Pr\u00f3-Reitoria de Extens\u00e3o para conhecer alguns dos projetos relacionados \u00e0 promo\u00e7\u00e3o de sa\u00fade mental.<\/p>\n","protected":false},"excerpt":{"rendered":"<p>Sendo uma reconhecida Universidade de excel\u00eancia nos campos do ensino, da pesquisa e da extens\u00e3o, a UFMG n\u00e3o se furta do seu compromisso de divulgar o conhecimento cient\u00edfico produzido em seus laborat\u00f3rios. Acesse o reposit\u00f3rio [&#8230;]<\/p>\n","protected":false},"author":1,"featured_media":332,"parent":20,"menu_order":0,"comment_status":"closed","ping_status":"closed","template":"","meta":{"_acf_changed":false,"footnotes":""},"class_list":["post-30","page","type-page","status-publish","has-post-thumbnail","hentry"],"acf":[],"_links":{"self":[{"href":"https:\/\/www.ufmg.br\/saudemental\/wp-json\/wp\/v2\/pages\/30","targetHints":{"allow":["GET"]}}],"collection":[{"href":"https:\/\/www.ufmg.br\/saudemental\/wp-json\/wp\/v2\/pages"}],"about":[{"href":"https:\/\/www.ufmg.br\/saudemental\/wp-json\/wp\/v2\/types\/page"}],"author":[{"embeddable":true,"href":"https:\/\/www.ufmg.br\/saudemental\/wp-json\/wp\/v2\/users\/1"}],"replies":[{"embeddable":true,"href":"https:\/\/www.ufmg.br\/saudemental\/wp-json\/wp\/v2\/comments?post=30"}],"version-history":[{"count":5,"href":"https:\/\/www.ufmg.br\/saudemental\/wp-json\/wp\/v2\/pages\/30\/revisions"}],"predecessor-version":[{"id":1084,"href":"https:\/\/www.ufmg.br\/saudemental\/wp-json\/wp\/v2\/pages\/30\/revisions\/1084"}],"up":[{"embeddable":true,"href":"https:\/\/www.ufmg.br\/saudemental\/wp-json\/wp\/v2\/pages\/20"}],"wp:featuredmedia":[{"embeddable":true,"href":"https:\/\/www.ufmg.br\/saudemental\/wp-json\/wp\/v2\/media\/332"}],"wp:attachment":[{"href":"https:\/\/www.ufmg.br\/saudemental\/wp-json\/wp\/v2\/media?parent=30"}],"curies":[{"name":"wp","href":"https:\/\/api.w.org\/{rel}","templated":true}]}}