{"id":32,"date":"2019-11-19T14:15:03","date_gmt":"2019-11-19T17:15:03","guid":{"rendered":"https:\/\/www.ufmg.br\/saudemental\/?page_id=32"},"modified":"2025-08-12T11:43:01","modified_gmt":"2025-08-12T14:43:01","slug":"quem-somos","status":"publish","type":"page","link":"https:\/\/www.ufmg.br\/saudemental\/na-ufmg\/quem-somos\/","title":{"rendered":"Quem somos"},"content":{"rendered":"<p>A Comiss\u00e3o Permanente de Sa\u00fade Mental \u00e9 o f\u00f3rum no qual s\u00e3o formuladas as a\u00e7\u00f5es e pol\u00edticas relacionadas \u00e0 sa\u00fade mental na UFMG. Para al\u00e9m de fortalecer a constru\u00e7\u00e3o coletiva de pol\u00edticas em sintonia com a miss\u00e3o da Universidade, a Comiss\u00e3o tamb\u00e9m apoia e suporta iniciativas, a\u00e7\u00f5es, projetos e todos os movimentos que visem dar concretude aos princ\u00edpios e diretrizes da Pol\u00edtica de Sa\u00fade Mental da e para a UFMG.<\/p>\n<p><strong>Presidente<\/strong><br \/>\n<a href=\"http:\/\/somos.ufmg.br\/professor\/alessandro-fernandes-moreira\" target=\"_blank\" rel=\"noopener noreferrer\">Alessandro Moreira<\/a> &#8211; vice-reitor da UFMG<\/p>\n<p><strong>Representante dos servidores t\u00e9cnico-administrativos<\/strong><br \/>\n<a href=\"http:\/\/buscatextual.cnpq.br\/buscatextual\/visualizacv.do?id=K4411602D3\" target=\"_blank\" rel=\"noopener noreferrer\">Jana\u00edna Mara Soares Ferreira<\/a>\u00a0&#8211;\u00a0 T\u00e9cnica de Enfermagem do N\u00facleo de Acolhimento e Di\u00e1logo\/ FAFICH<\/p>\n<p><strong>Representante das iniciativas de escuta e acolhimento<\/strong><br \/>\nMaria de Lourdes de Brito Melo \u2013 Assistente em Administra\u00e7\u00e3o da Assessoria de Escuta Acad\u00eamica do CEGRAD\/ ICB<\/p>\n<p><strong>Representantes dos estudantes de gradua\u00e7\u00e3o<br \/>\n<\/strong>Guilherme Salvino Signorini \u2013 Estudante de Psicologia na UFMG<\/p>\n<p><strong>Representantes dos estudantes de p\u00f3s-gradua\u00e7\u00e3o<\/strong><\/p>\n<p dir=\"ltr\">Nath\u00e1lia Lopes Machado \u2013 Estudante de doutorado na Faculdade de Educa\u00e7\u00e3o da UFMG<\/p>\n<p dir=\"ltr\">Thais Oliveira de Oliveira \u2013 Estudante de doutorado na Faculdade de Ci\u00eancias Econ\u00f4micas da UFMG<\/p>\n<p><strong>Representante docente da Rede de Sa\u00fade Mental\/UFMG e Coordena\u00e7\u00e3o T\u00e9cnica da CPSM<\/strong><br \/>\n<a href=\"http:\/\/somos.ufmg.br\/professor\/teresa-cristina-da-silva-kurimoto\">Teresa Cristina da Silva Kurimoto<\/a> \u2013 Professora do Departamento de Enfermagem Aplicada\/ Enfermagem<\/p>\n<p><strong>Representantes da Pr\u00f3-Reitoria de Recursos Humanos (PRORH)<\/strong><br \/>\nAna Paula Dias Macedo Pereira \u2013 Psic\u00f3loga da Divis\u00e3o de Acompanhamento Funcional\/ DRH<\/p>\n<p>Catarina Nogueira Mota Coelho \u2013 Enfermeira Diretora do Departamento de Aten\u00e7\u00e3o \u00e0 Sa\u00fade do Trabalhador (DAST\/PRORH \u2013 UFMG)<\/p>\n<p><strong>Representante da Pr\u00f3-Reitoria de Assuntos Estudantis (PRAE)<\/strong><br \/>\nClaudia Lommez de Oliveira \u2013 Psic\u00f3loga do N\u00facleo PRAE<\/p>\n<p><strong>Representante da Pr\u00f3-Reitoria de Gradua\u00e7\u00e3o (PROGRAD)<\/strong><br \/>\n<a href=\"http:\/\/somos.ufmg.br\/professor\/adriana-de-franca-drummond\" target=\"_blank\" rel=\"noopener noreferrer\">Adriana de Fran\u00e7a Drummond<\/a> &#8211; Professora do Departamento de Terapia Ocupacional\/EEFFTO<\/p>\n<p><strong>Representante da Pr\u00f3-Reitoria de P\u00f3s-Gradua\u00e7\u00e3o (PRPG)<br \/>\n<\/strong>Andr\u00e9a M\u00e1ris Campos Guerra \u2013 Professora do Departamento de Psicologia\/ FAFICH<\/p>\n<p><strong>Respons\u00e1vel pelo N\u00facleo Central em Sa\u00fade Mental<\/strong><\/p>\n<p>Alisson Rubson Alves \u2013 Enfermeiro do N\u00facleo de Acessibilidade e Inclus\u00e3o (NAI \u2013 UFMG)<\/p>\n","protected":false},"excerpt":{"rendered":"<p>A Comiss\u00e3o Permanente de Sa\u00fade Mental \u00e9 o f\u00f3rum no qual s\u00e3o formuladas as a\u00e7\u00f5es e pol\u00edticas relacionadas \u00e0 sa\u00fade mental na UFMG. Para al\u00e9m de fortalecer a constru\u00e7\u00e3o coletiva de pol\u00edticas em sintonia com [&#8230;]<\/p>\n","protected":false},"author":1,"featured_media":332,"parent":20,"menu_order":0,"comment_status":"closed","ping_status":"closed","template":"","meta":{"_acf_changed":false,"footnotes":""},"class_list":["post-32","page","type-page","status-publish","has-post-thumbnail","hentry"],"acf":[],"_links":{"self":[{"href":"https:\/\/www.ufmg.br\/saudemental\/wp-json\/wp\/v2\/pages\/32","targetHints":{"allow":["GET"]}}],"collection":[{"href":"https:\/\/www.ufmg.br\/saudemental\/wp-json\/wp\/v2\/pages"}],"about":[{"href":"https:\/\/www.ufmg.br\/saudemental\/wp-json\/wp\/v2\/types\/page"}],"author":[{"embeddable":true,"href":"https:\/\/www.ufmg.br\/saudemental\/wp-json\/wp\/v2\/users\/1"}],"replies":[{"embeddable":true,"href":"https:\/\/www.ufmg.br\/saudemental\/wp-json\/wp\/v2\/comments?post=32"}],"version-history":[{"count":14,"href":"https:\/\/www.ufmg.br\/saudemental\/wp-json\/wp\/v2\/pages\/32\/revisions"}],"predecessor-version":[{"id":1086,"href":"https:\/\/www.ufmg.br\/saudemental\/wp-json\/wp\/v2\/pages\/32\/revisions\/1086"}],"up":[{"embeddable":true,"href":"https:\/\/www.ufmg.br\/saudemental\/wp-json\/wp\/v2\/pages\/20"}],"wp:featuredmedia":[{"embeddable":true,"href":"https:\/\/www.ufmg.br\/saudemental\/wp-json\/wp\/v2\/media\/332"}],"wp:attachment":[{"href":"https:\/\/www.ufmg.br\/saudemental\/wp-json\/wp\/v2\/media?parent=32"}],"curies":[{"name":"wp","href":"https:\/\/api.w.org\/{rel}","templated":true}]}}