{"id":36,"date":"2019-11-19T14:15:57","date_gmt":"2019-11-19T17:15:57","guid":{"rendered":"https:\/\/www.ufmg.br\/saudemental\/?page_id=36"},"modified":"2020-01-17T18:11:49","modified_gmt":"2020-01-17T20:11:49","slug":"rede-de-apoio","status":"publish","type":"page","link":"https:\/\/www.ufmg.br\/saudemental\/rede-de-apoio\/","title":{"rendered":"Rede de Apoio"},"content":{"rendered":"<p>Nesta se\u00e7\u00e3o, voc\u00ea tem acesso ao que a UFMG oferece para colaborar na promo\u00e7\u00e3o da sa\u00fade mental de nossa comunidade universit\u00e1ria. S\u00e3o iniciativas e n\u00facleos de apoio, escuta e acolhimento acad\u00eamico dispon\u00edveis em diversas unidades dos campi da UFMG.<\/p>\n","protected":false},"excerpt":{"rendered":"<p>Nesta se\u00e7\u00e3o, voc\u00ea tem acesso ao que a UFMG oferece para colaborar na promo\u00e7\u00e3o da sa\u00fade mental de nossa comunidade universit\u00e1ria. S\u00e3o iniciativas e n\u00facleos de apoio, escuta e acolhimento acad\u00eamico dispon\u00edveis em diversas unidades [&#8230;]<\/p>\n","protected":false},"author":1,"featured_media":341,"parent":0,"menu_order":0,"comment_status":"closed","ping_status":"closed","template":"","meta":{"_acf_changed":false,"footnotes":""},"class_list":["post-36","page","type-page","status-publish","has-post-thumbnail","hentry"],"acf":[],"_links":{"self":[{"href":"https:\/\/www.ufmg.br\/saudemental\/wp-json\/wp\/v2\/pages\/36","targetHints":{"allow":["GET"]}}],"collection":[{"href":"https:\/\/www.ufmg.br\/saudemental\/wp-json\/wp\/v2\/pages"}],"about":[{"href":"https:\/\/www.ufmg.br\/saudemental\/wp-json\/wp\/v2\/types\/page"}],"author":[{"embeddable":true,"href":"https:\/\/www.ufmg.br\/saudemental\/wp-json\/wp\/v2\/users\/1"}],"replies":[{"embeddable":true,"href":"https:\/\/www.ufmg.br\/saudemental\/wp-json\/wp\/v2\/comments?post=36"}],"version-history":[{"count":3,"href":"https:\/\/www.ufmg.br\/saudemental\/wp-json\/wp\/v2\/pages\/36\/revisions"}],"predecessor-version":[{"id":414,"href":"https:\/\/www.ufmg.br\/saudemental\/wp-json\/wp\/v2\/pages\/36\/revisions\/414"}],"wp:featuredmedia":[{"embeddable":true,"href":"https:\/\/www.ufmg.br\/saudemental\/wp-json\/wp\/v2\/media\/341"}],"wp:attachment":[{"href":"https:\/\/www.ufmg.br\/saudemental\/wp-json\/wp\/v2\/media?parent=36"}],"curies":[{"name":"wp","href":"https:\/\/api.w.org\/{rel}","templated":true}]}}