{"id":38,"date":"2019-11-19T14:16:20","date_gmt":"2019-11-19T17:16:20","guid":{"rendered":"https:\/\/www.ufmg.br\/saudemental\/?page_id=38"},"modified":"2020-05-11T14:36:14","modified_gmt":"2020-05-11T17:36:14","slug":"espacos-de-convivencia","status":"publish","type":"page","link":"https:\/\/www.ufmg.br\/saudemental\/rede-de-apoio\/espacos-de-convivencia\/","title":{"rendered":"Espa\u00e7os de conviv\u00eancia"},"content":{"rendered":"<p>A UFMG abriga uma grande variedade de espa\u00e7os para voc\u00ea relaxar, conviver e confraternizar com amigos e colegas. Seja a c\u00e9u aberto, no grande <strong>espa\u00e7o verde<\/strong> da Universidade, seja dentro das unidades, em <strong>diret\u00f3rios<\/strong> e <strong>centros acad\u00eamicos<\/strong>, o que n\u00e3o falta s\u00e3o ambientes de tranquilidade e conv\u00edvio para fugir da rotina de aula e de trabalho.<\/p>\n<p>Conhe\u00e7a, pelo menos, 10 espa\u00e7os perfeitos para quebrar o estresse do seu dia-a-dia:<\/p>\n<p>&nbsp;<\/p>\n<h3>1) Jardim Mandala<\/h3>\n<p>A Faculdade de Educa\u00e7\u00e3o da UFMG abriga o espa\u00e7o de distensionamento por excel\u00eancia do campus Pampulha: o Jardim Mandala, localizado ao lado da cantina da unidade.<\/p>\n<p>Idealizado e projetado por Welington Dias, bacharel em Escultura pela UFMG, o jardim \u00e9 resultado da combina\u00e7\u00e3o de conhecimentos do <em>feng shui<\/em>, da geobiologia e da geometria sagrada, representando o encontro da teoria e da pr\u00e1tica de bem-estar.<\/p>\n\n\t\t<style type=\"text\/css\">\n\t\t\t#gallery-1 {\n\t\t\t\tmargin: auto;\n\t\t\t}\n\t\t\t#gallery-1 .gallery-item {\n\t\t\t\tfloat: left;\n\t\t\t\tmargin-top: 10px;\n\t\t\t\ttext-align: center;\n\t\t\t\twidth: 33%;\n\t\t\t}\n\t\t\t#gallery-1 img {\n\t\t\t\tborder: 2px solid #cfcfcf;\n\t\t\t}\n\t\t\t#gallery-1 .gallery-caption {\n\t\t\t\tmargin-left: 0;\n\t\t\t}\n\t\t\t\/* see gallery_shortcode() in wp-includes\/media.php *\/\n\t\t<\/style>\n\t\t<div id='gallery-1' class='gallery galleryid-38 gallery-columns-3 gallery-size-large'><dl class='gallery-item'>\n\t\t\t<dt class='gallery-icon landscape'>\n\t\t\t\t<a href='https:\/\/www.ufmg.br\/saudemental\/wp-content\/uploads\/2019\/12\/IMG_9698-scaled.jpg'><img loading=\"lazy\" decoding=\"async\" width=\"1024\" height=\"683\" src=\"https:\/\/www.ufmg.br\/saudemental\/wp-content\/uploads\/2019\/12\/IMG_9698-1024x683.jpg\" class=\"attachment-large size-large\" alt=\"\" aria-describedby=\"gallery-1-221\" srcset=\"https:\/\/www.ufmg.br\/saudemental\/wp-content\/uploads\/2019\/12\/IMG_9698-1024x683.jpg 1024w, https:\/\/www.ufmg.br\/saudemental\/wp-content\/uploads\/2019\/12\/IMG_9698-300x200.jpg 300w, https:\/\/www.ufmg.br\/saudemental\/wp-content\/uploads\/2019\/12\/IMG_9698-768x512.jpg 768w, https:\/\/www.ufmg.br\/saudemental\/wp-content\/uploads\/2019\/12\/IMG_9698-1536x1024.jpg 1536w, https:\/\/www.ufmg.br\/saudemental\/wp-content\/uploads\/2019\/12\/IMG_9698-2048x1365.jpg 2048w\" sizes=\"auto, (max-width: 1024px) 100vw, 1024px\" \/><\/a>\n\t\t\t<\/dt>\n\t\t\t\t<dd class='wp-caption-text gallery-caption' id='gallery-1-221'>\n\t\t\t\tFoto: Gabriel Ara\u00fajo \/ UFMG\n\t\t\t\t<\/dd><\/dl><dl class='gallery-item'>\n\t\t\t<dt class='gallery-icon landscape'>\n\t\t\t\t<a href='https:\/\/www.ufmg.br\/saudemental\/wp-content\/uploads\/2019\/12\/IMG_9695-scaled.jpg'><img loading=\"lazy\" decoding=\"async\" width=\"1024\" height=\"683\" src=\"https:\/\/www.ufmg.br\/saudemental\/wp-content\/uploads\/2019\/12\/IMG_9695-1024x683.jpg\" class=\"attachment-large size-large\" alt=\"\" aria-describedby=\"gallery-1-220\" srcset=\"https:\/\/www.ufmg.br\/saudemental\/wp-content\/uploads\/2019\/12\/IMG_9695-1024x683.jpg 1024w, https:\/\/www.ufmg.br\/saudemental\/wp-content\/uploads\/2019\/12\/IMG_9695-300x200.jpg 300w, https:\/\/www.ufmg.br\/saudemental\/wp-content\/uploads\/2019\/12\/IMG_9695-768x512.jpg 768w, https:\/\/www.ufmg.br\/saudemental\/wp-content\/uploads\/2019\/12\/IMG_9695-1536x1024.jpg 1536w, https:\/\/www.ufmg.br\/saudemental\/wp-content\/uploads\/2019\/12\/IMG_9695-2048x1365.jpg 2048w\" sizes=\"auto, (max-width: 1024px) 100vw, 1024px\" \/><\/a>\n\t\t\t<\/dt>\n\t\t\t\t<dd class='wp-caption-text gallery-caption' id='gallery-1-220'>\n\t\t\t\tFoto: Gabriel Ara\u00fajo \/ UFMG\n\t\t\t\t<\/dd><\/dl><dl class='gallery-item'>\n\t\t\t<dt class='gallery-icon landscape'>\n\t\t\t\t<a href='https:\/\/www.ufmg.br\/saudemental\/wp-content\/uploads\/2019\/12\/FOTOS-RAISSA-CESAR-5-scaled.jpg'><img loading=\"lazy\" decoding=\"async\" width=\"1024\" height=\"681\" src=\"https:\/\/www.ufmg.br\/saudemental\/wp-content\/uploads\/2019\/12\/FOTOS-RAISSA-CESAR-5-1024x681.jpg\" class=\"attachment-large size-large\" alt=\"\" aria-describedby=\"gallery-1-309\" srcset=\"https:\/\/www.ufmg.br\/saudemental\/wp-content\/uploads\/2019\/12\/FOTOS-RAISSA-CESAR-5-1024x681.jpg 1024w, https:\/\/www.ufmg.br\/saudemental\/wp-content\/uploads\/2019\/12\/FOTOS-RAISSA-CESAR-5-300x200.jpg 300w, https:\/\/www.ufmg.br\/saudemental\/wp-content\/uploads\/2019\/12\/FOTOS-RAISSA-CESAR-5-768x511.jpg 768w, https:\/\/www.ufmg.br\/saudemental\/wp-content\/uploads\/2019\/12\/FOTOS-RAISSA-CESAR-5-1536x1022.jpg 1536w, https:\/\/www.ufmg.br\/saudemental\/wp-content\/uploads\/2019\/12\/FOTOS-RAISSA-CESAR-5-2048x1363.jpg 2048w\" sizes=\"auto, (max-width: 1024px) 100vw, 1024px\" \/><\/a>\n\t\t\t<\/dt>\n\t\t\t\t<dd class='wp-caption-text gallery-caption' id='gallery-1-309'>\n\t\t\t\tFoto: Ra\u00edssa C\u00e9sar \/ UFMG\n\t\t\t\t<\/dd><\/dl><br style=\"clear: both\" \/><dl class='gallery-item'>\n\t\t\t<dt class='gallery-icon landscape'>\n\t\t\t\t<a href='https:\/\/www.ufmg.br\/saudemental\/wp-content\/uploads\/2019\/12\/IMG_9705-scaled.jpg'><img loading=\"lazy\" decoding=\"async\" width=\"1024\" height=\"683\" src=\"https:\/\/www.ufmg.br\/saudemental\/wp-content\/uploads\/2019\/12\/IMG_9705-1024x683.jpg\" class=\"attachment-large size-large\" alt=\"\" aria-describedby=\"gallery-1-224\" srcset=\"https:\/\/www.ufmg.br\/saudemental\/wp-content\/uploads\/2019\/12\/IMG_9705-1024x683.jpg 1024w, https:\/\/www.ufmg.br\/saudemental\/wp-content\/uploads\/2019\/12\/IMG_9705-300x200.jpg 300w, https:\/\/www.ufmg.br\/saudemental\/wp-content\/uploads\/2019\/12\/IMG_9705-768x512.jpg 768w, https:\/\/www.ufmg.br\/saudemental\/wp-content\/uploads\/2019\/12\/IMG_9705-1536x1024.jpg 1536w, https:\/\/www.ufmg.br\/saudemental\/wp-content\/uploads\/2019\/12\/IMG_9705-2048x1365.jpg 2048w\" sizes=\"auto, (max-width: 1024px) 100vw, 1024px\" \/><\/a>\n\t\t\t<\/dt>\n\t\t\t\t<dd class='wp-caption-text gallery-caption' id='gallery-1-224'>\n\t\t\t\tFoto: Gabriel Ara\u00fajo \/ UFMG\n\t\t\t\t<\/dd><\/dl><dl class='gallery-item'>\n\t\t\t<dt class='gallery-icon landscape'>\n\t\t\t\t<a href='https:\/\/www.ufmg.br\/saudemental\/wp-content\/uploads\/2019\/12\/IMG_9703-scaled.jpg'><img loading=\"lazy\" decoding=\"async\" width=\"1024\" height=\"683\" src=\"https:\/\/www.ufmg.br\/saudemental\/wp-content\/uploads\/2019\/12\/IMG_9703-1024x683.jpg\" class=\"attachment-large size-large\" alt=\"\" aria-describedby=\"gallery-1-223\" srcset=\"https:\/\/www.ufmg.br\/saudemental\/wp-content\/uploads\/2019\/12\/IMG_9703-1024x683.jpg 1024w, https:\/\/www.ufmg.br\/saudemental\/wp-content\/uploads\/2019\/12\/IMG_9703-300x200.jpg 300w, https:\/\/www.ufmg.br\/saudemental\/wp-content\/uploads\/2019\/12\/IMG_9703-768x512.jpg 768w, https:\/\/www.ufmg.br\/saudemental\/wp-content\/uploads\/2019\/12\/IMG_9703-1536x1024.jpg 1536w, https:\/\/www.ufmg.br\/saudemental\/wp-content\/uploads\/2019\/12\/IMG_9703-2048x1365.jpg 2048w\" sizes=\"auto, (max-width: 1024px) 100vw, 1024px\" \/><\/a>\n\t\t\t<\/dt>\n\t\t\t\t<dd class='wp-caption-text gallery-caption' id='gallery-1-223'>\n\t\t\t\tFoto: Gabriel Ara\u00fajo \/ UFMG\n\t\t\t\t<\/dd><\/dl><dl class='gallery-item'>\n\t\t\t<dt class='gallery-icon landscape'>\n\t\t\t\t<a href='https:\/\/www.ufmg.br\/saudemental\/wp-content\/uploads\/2019\/12\/IMG_9710-scaled.jpg'><img loading=\"lazy\" decoding=\"async\" width=\"1024\" height=\"683\" src=\"https:\/\/www.ufmg.br\/saudemental\/wp-content\/uploads\/2019\/12\/IMG_9710-1024x683.jpg\" class=\"attachment-large size-large\" alt=\"\" aria-describedby=\"gallery-1-225\" srcset=\"https:\/\/www.ufmg.br\/saudemental\/wp-content\/uploads\/2019\/12\/IMG_9710-1024x683.jpg 1024w, https:\/\/www.ufmg.br\/saudemental\/wp-content\/uploads\/2019\/12\/IMG_9710-300x200.jpg 300w, https:\/\/www.ufmg.br\/saudemental\/wp-content\/uploads\/2019\/12\/IMG_9710-768x512.jpg 768w, https:\/\/www.ufmg.br\/saudemental\/wp-content\/uploads\/2019\/12\/IMG_9710-1536x1024.jpg 1536w, https:\/\/www.ufmg.br\/saudemental\/wp-content\/uploads\/2019\/12\/IMG_9710-2048x1365.jpg 2048w\" sizes=\"auto, (max-width: 1024px) 100vw, 1024px\" \/><\/a>\n\t\t\t<\/dt>\n\t\t\t\t<dd class='wp-caption-text gallery-caption' id='gallery-1-225'>\n\t\t\t\tFoto: Gabriel Ara\u00fajo \/ UFMG\n\t\t\t\t<\/dd><\/dl><br style=\"clear: both\" \/><dl class='gallery-item'>\n\t\t\t<dt class='gallery-icon landscape'>\n\t\t\t\t<a href='https:\/\/www.ufmg.br\/saudemental\/wp-content\/uploads\/2019\/12\/FOTOS-RAISSA-CESAR-1-scaled.jpg'><img loading=\"lazy\" decoding=\"async\" width=\"1024\" height=\"681\" src=\"https:\/\/www.ufmg.br\/saudemental\/wp-content\/uploads\/2019\/12\/FOTOS-RAISSA-CESAR-1-1024x681.jpg\" class=\"attachment-large size-large\" alt=\"\" aria-describedby=\"gallery-1-311\" srcset=\"https:\/\/www.ufmg.br\/saudemental\/wp-content\/uploads\/2019\/12\/FOTOS-RAISSA-CESAR-1-1024x681.jpg 1024w, https:\/\/www.ufmg.br\/saudemental\/wp-content\/uploads\/2019\/12\/FOTOS-RAISSA-CESAR-1-300x200.jpg 300w, https:\/\/www.ufmg.br\/saudemental\/wp-content\/uploads\/2019\/12\/FOTOS-RAISSA-CESAR-1-768x511.jpg 768w, https:\/\/www.ufmg.br\/saudemental\/wp-content\/uploads\/2019\/12\/FOTOS-RAISSA-CESAR-1-1536x1022.jpg 1536w, https:\/\/www.ufmg.br\/saudemental\/wp-content\/uploads\/2019\/12\/FOTOS-RAISSA-CESAR-1-2048x1363.jpg 2048w\" sizes=\"auto, (max-width: 1024px) 100vw, 1024px\" \/><\/a>\n\t\t\t<\/dt>\n\t\t\t\t<dd class='wp-caption-text gallery-caption' id='gallery-1-311'>\n\t\t\t\tFoto: Ra\u00edssa C\u00e9sar \/ UFMG\n\t\t\t\t<\/dd><\/dl><dl class='gallery-item'>\n\t\t\t<dt class='gallery-icon landscape'>\n\t\t\t\t<a href='https:\/\/www.ufmg.br\/saudemental\/wp-content\/uploads\/2019\/12\/FOTOS-RAISSA-CESAR-4-scaled.jpg'><img loading=\"lazy\" decoding=\"async\" width=\"1024\" height=\"681\" src=\"https:\/\/www.ufmg.br\/saudemental\/wp-content\/uploads\/2019\/12\/FOTOS-RAISSA-CESAR-4-1024x681.jpg\" class=\"attachment-large size-large\" alt=\"\" aria-describedby=\"gallery-1-310\" srcset=\"https:\/\/www.ufmg.br\/saudemental\/wp-content\/uploads\/2019\/12\/FOTOS-RAISSA-CESAR-4-1024x681.jpg 1024w, https:\/\/www.ufmg.br\/saudemental\/wp-content\/uploads\/2019\/12\/FOTOS-RAISSA-CESAR-4-300x200.jpg 300w, https:\/\/www.ufmg.br\/saudemental\/wp-content\/uploads\/2019\/12\/FOTOS-RAISSA-CESAR-4-768x511.jpg 768w, https:\/\/www.ufmg.br\/saudemental\/wp-content\/uploads\/2019\/12\/FOTOS-RAISSA-CESAR-4-1536x1022.jpg 1536w, https:\/\/www.ufmg.br\/saudemental\/wp-content\/uploads\/2019\/12\/FOTOS-RAISSA-CESAR-4-2048x1363.jpg 2048w\" sizes=\"auto, (max-width: 1024px) 100vw, 1024px\" \/><\/a>\n\t\t\t<\/dt>\n\t\t\t\t<dd class='wp-caption-text gallery-caption' id='gallery-1-310'>\n\t\t\t\tFoto: Ra\u00edssa C\u00e9sar \/ UFMG\n\t\t\t\t<\/dd><\/dl><dl class='gallery-item'>\n\t\t\t<dt class='gallery-icon landscape'>\n\t\t\t\t<a href='https:\/\/www.ufmg.br\/saudemental\/wp-content\/uploads\/2019\/12\/IMG_9699-scaled.jpg'><img loading=\"lazy\" decoding=\"async\" width=\"1024\" height=\"683\" src=\"https:\/\/www.ufmg.br\/saudemental\/wp-content\/uploads\/2019\/12\/IMG_9699-1024x683.jpg\" class=\"attachment-large size-large\" alt=\"\" aria-describedby=\"gallery-1-222\" srcset=\"https:\/\/www.ufmg.br\/saudemental\/wp-content\/uploads\/2019\/12\/IMG_9699-1024x683.jpg 1024w, https:\/\/www.ufmg.br\/saudemental\/wp-content\/uploads\/2019\/12\/IMG_9699-300x200.jpg 300w, https:\/\/www.ufmg.br\/saudemental\/wp-content\/uploads\/2019\/12\/IMG_9699-768x512.jpg 768w, https:\/\/www.ufmg.br\/saudemental\/wp-content\/uploads\/2019\/12\/IMG_9699-1536x1024.jpg 1536w, https:\/\/www.ufmg.br\/saudemental\/wp-content\/uploads\/2019\/12\/IMG_9699-2048x1365.jpg 2048w\" sizes=\"auto, (max-width: 1024px) 100vw, 1024px\" \/><\/a>\n\t\t\t<\/dt>\n\t\t\t\t<dd class='wp-caption-text gallery-caption' id='gallery-1-222'>\n\t\t\t\tFoto: Gabriel Ara\u00fajo \/ UFMG\n\t\t\t\t<\/dd><\/dl><br style=\"clear: both\" \/>\n\t\t<\/div>\n\n<p>&nbsp;<\/p>\n<h3>2) Jardins do Setorial II<\/h3>\n<p>Nem todos sabem, mas existe tamb\u00e9m um amplo jardim localizado acima do Restaurante Setorial II, pr\u00f3ximo ao ponto mais alto do campus Pampulha. Lugar de ref\u00fagio para um descanso ap\u00f3s o almo\u00e7o, o espa\u00e7o ainda tr\u00e1s uma vista privilegiada para a Reitoria da Universidade, de um lado, e o Mineir\u00e3o, do outro.<\/p>\n<p>&nbsp;<\/p>\n<h3>3) Bosques no campus Pampulha<\/h3>\n<p>Pr\u00f3ximo \u00e0 sede administrativa da UFMG, est\u00e3o localizados o bosque da Reitoria e o bosque da M\u00fasica. Dois gramados verdes e arborizados que re\u00fanem atividades de medita\u00e7\u00e3o e de esporte, enquanto ressoam a trilha sonora original da unidade acad\u00eamica musical. Afinal, esse nome n\u00e3o \u00e9 \u00e0 toa.<\/p>\n<div class=\"video-container\"><iframe loading=\"lazy\" title=\"Tarde no Bosque da M\u00fasica da UFMG\" width=\"500\" height=\"281\" src=\"https:\/\/www.youtube.com\/embed\/fFdCQFp9ygw?feature=oembed\" frameborder=\"0\" allow=\"accelerometer; autoplay; clipboard-write; encrypted-media; gyroscope; picture-in-picture; web-share\" referrerpolicy=\"strict-origin-when-cross-origin\" allowfullscreen><\/iframe><\/div>\n<p>&nbsp;<\/p>\n<h3>4) Pra\u00e7a de Servi\u00e7os<\/h3>\n<p>Para voc\u00ea que est\u00e1 procurando um espa\u00e7o de conv\u00edvio, tente a pr\u00f3pria Pra\u00e7a de Servi\u00e7os, cora\u00e7\u00e3o do campus Pampulha. Al\u00e9m de ser um importante espa\u00e7o de apresenta\u00e7\u00f5es culturais para a comunidade acad\u00eamica da UFMG, l\u00e1 est\u00e3o dispostas diversas cadeirinhas que, a depender do vento certo, te far\u00e3o pensar que est\u00e1 numa tranquila praia.<\/p>\n<p>&nbsp;<\/p>\n<h3>5) Esta\u00e7\u00e3o Ecol\u00f3gica<\/h3>\n<p>114 hectares (o que significa, para quem n\u00e3o est\u00e1 familiarizado com o termo, mais de um milh\u00e3o de metros quadrados) de pura \u00e1rea verde, com flora diversa e in\u00fameros animais, entre micos, gamb\u00e1s, r\u00e9pteis, anf\u00edbios e in\u00fameras aves. Talvez essa seja uma boa descri\u00e7\u00e3o para a Esta\u00e7\u00e3o Ecol\u00f3gica da UFMG.<\/p>\n<p>Para al\u00e9m de ser uma importante unidade de conserva\u00e7\u00e3o, pesquisa e educa\u00e7\u00e3o ambiental, o espa\u00e7o \u00e9 uma op\u00e7\u00e3o saud\u00e1vel para quem curte caminhadas, trilhas e passeios de bicicleta. E, para quem n\u00e3o \u00e9 muito chegado ao esporte, a Esta\u00e7\u00e3o pode ser perfeita para um piquenique.<\/p>\n<div id=\"attachment_227\" style=\"width: 1034px\" class=\"wp-caption aligncenter\"><img loading=\"lazy\" decoding=\"async\" aria-describedby=\"caption-attachment-227\" class=\"wp-image-227 size-large\" src=\"https:\/\/www.ufmg.br\/saudemental\/wp-content\/uploads\/2019\/12\/DRONE-Estacao-Ecologica-UFMG-1024x575.png\" alt=\"\" width=\"1024\" height=\"575\" srcset=\"https:\/\/www.ufmg.br\/saudemental\/wp-content\/uploads\/2019\/12\/DRONE-Estacao-Ecologica-UFMG-1024x575.png 1024w, https:\/\/www.ufmg.br\/saudemental\/wp-content\/uploads\/2019\/12\/DRONE-Estacao-Ecologica-UFMG-300x168.png 300w, https:\/\/www.ufmg.br\/saudemental\/wp-content\/uploads\/2019\/12\/DRONE-Estacao-Ecologica-UFMG-768x431.png 768w, https:\/\/www.ufmg.br\/saudemental\/wp-content\/uploads\/2019\/12\/DRONE-Estacao-Ecologica-UFMG-1536x862.png 1536w, https:\/\/www.ufmg.br\/saudemental\/wp-content\/uploads\/2019\/12\/DRONE-Estacao-Ecologica-UFMG-2048x1149.png 2048w\" sizes=\"auto, (max-width: 1024px) 100vw, 1024px\" \/><p id=\"caption-attachment-227\" class=\"wp-caption-text\">Registro de um voo de drone pela Esta\u00e7\u00e3o Ecol\u00f3gica. Foto: Felipe Mateus<\/p><\/div>\n<p>&nbsp;<\/p>\n<h3>6) Diret\u00f3rios e Centros Acad\u00eamicos<\/h3>\n<p>Cada curso ou departamento tem, pr\u00f3ximo ou dentro das unidades acad\u00eamicas que os abrigam, centros ou diret\u00f3rios acad\u00eamicos. S\u00e3o espa\u00e7os que podem atuar como um verdadeiro ref\u00fagio para os estudantes.<\/p>\n<p>Para al\u00e9m de entidades estudantis, s\u00e3o nesses espa\u00e7os que acontecem as festas e confraterniza\u00e7\u00f5es entre estudantes, al\u00e9m de apresenta\u00e7\u00f5es culturais e outros eventos. E, caso a ideia for apenas relaxar, voc\u00ea pode simplesmente encontrar o seu cantinho, levantar as pernas para o alto e tirar aquela soneca entre uma aula e outra.<\/p>\n<p>&nbsp;<\/p>\n<h3>7) \u201cIlhas de conforto\u201d da Faculdade de Medicina<\/h3>\n<p>Do segundo ao oitavo andar da Faculdade de Medicina, est\u00e3o espalhadas algumas mesas, cadeiras e pufes destinados ao conv\u00edvio da comunidade universit\u00e1ria. S\u00e3o as \u201cilhas de conforto\u201d, projetadas pela arquiteta da Faculdade, Eneida Ferreira Ricardo, como espa\u00e7os de conviv\u00eancia, descanso e estudos.<\/p>\n<p>&nbsp;<\/p>\n<h3>8) Territ\u00f3rio livre da Faculdade de Direito<\/h3>\n<p>Sim, o territ\u00f3rio \u00e9 livre e aberto \u00e0 ocupa\u00e7\u00e3o para todos aqueles que habitam a velha Casa de Afonso Pena. L\u00e1 est\u00e3o dispostas mesas, cadeiras e banquinhos pr\u00f3prios \u00e0 conviv\u00eancia da comunidade universit\u00e1ria. Isso para n\u00e3o falar dos grafites expostos na parede. Desenhos e tra\u00e7os que, segundo a professora M\u00f4nica Sette Lopes, guardam as hist\u00f3rias da faculdade centen\u00e1ria.<\/p>\n<p>&nbsp;<\/p>\n<div id=\"attachment_228\" style=\"width: 1034px\" class=\"wp-caption aligncenter\"><img loading=\"lazy\" decoding=\"async\" aria-describedby=\"caption-attachment-228\" class=\"wp-image-228 size-large\" src=\"https:\/\/www.ufmg.br\/saudemental\/wp-content\/uploads\/2019\/12\/IMG_1649-1024x683.jpg\" alt=\"\" width=\"1024\" height=\"683\" srcset=\"https:\/\/www.ufmg.br\/saudemental\/wp-content\/uploads\/2019\/12\/IMG_1649-1024x683.jpg 1024w, https:\/\/www.ufmg.br\/saudemental\/wp-content\/uploads\/2019\/12\/IMG_1649-300x200.jpg 300w, https:\/\/www.ufmg.br\/saudemental\/wp-content\/uploads\/2019\/12\/IMG_1649-768x512.jpg 768w, https:\/\/www.ufmg.br\/saudemental\/wp-content\/uploads\/2019\/12\/IMG_1649-1536x1024.jpg 1536w, https:\/\/www.ufmg.br\/saudemental\/wp-content\/uploads\/2019\/12\/IMG_1649-2048x1365.jpg 2048w\" sizes=\"auto, (max-width: 1024px) 100vw, 1024px\" \/><p id=\"caption-attachment-228\" class=\"wp-caption-text\">O cotidiano no territ\u00f3rio livre. Foto: Gabriel Ara\u00fajo | UFMG<\/p><\/div>\n<p>&nbsp;<\/p>\n<h3>9) Jardins da Escola de Arquitetura<\/h3>\n<p>Estudantes e servidores sentam-se ali, muitas vezes, apenas para deitar e tomar um sol &#8211; escapando um pouco da rotina de aulas, est\u00e1gios, trabalhos e pesquisas cient\u00edficas. Os jardins da Escola de Arquitetura e Urbanismo ajudam a compor o belo pr\u00e9dio modernista encravado no bairro Savassi, trazendo um clima de conforto a uma regi\u00e3o central da cidade.<\/p>\n<p>&nbsp;<\/p>\n<h3>10) Espa\u00e7o do Domin\u00f3 do Instituto de Ci\u00eancias Agr\u00e1rias<\/h3>\n<p>Ok que existe toda uma fazenda encravada na regi\u00e3o norte de Montes Claros, ao fundo do imenso Instituto de Ci\u00eancias Agr\u00e1rias da UFMG (ICA-UFMG). Mas aqui gostar\u00edamos de destacar o Espa\u00e7o Domin\u00f3, localizado pr\u00f3ximo ao Bloco A da unidade.<\/p>\n<p>O Espa\u00e7o abriga rodas de conversas e alguns eventos do Instituto, mas tamb\u00e9m serve para o simples bate papo de estudantes e servidores que querem sair de seus gabinetes. Tome apenas cuidado com o sol do norte de Minas.<\/p>\n<div id=\"attachment_229\" style=\"width: 1034px\" class=\"wp-caption aligncenter\"><img loading=\"lazy\" decoding=\"async\" aria-describedby=\"caption-attachment-229\" class=\"wp-image-229 size-large\" src=\"https:\/\/www.ufmg.br\/saudemental\/wp-content\/uploads\/2019\/12\/Alunos-credito-Lucas-Braga-UFMG-175-1024x683.jpg\" alt=\"\" width=\"1024\" height=\"683\" srcset=\"https:\/\/www.ufmg.br\/saudemental\/wp-content\/uploads\/2019\/12\/Alunos-credito-Lucas-Braga-UFMG-175-1024x683.jpg 1024w, https:\/\/www.ufmg.br\/saudemental\/wp-content\/uploads\/2019\/12\/Alunos-credito-Lucas-Braga-UFMG-175-300x200.jpg 300w, https:\/\/www.ufmg.br\/saudemental\/wp-content\/uploads\/2019\/12\/Alunos-credito-Lucas-Braga-UFMG-175-768x512.jpg 768w, https:\/\/www.ufmg.br\/saudemental\/wp-content\/uploads\/2019\/12\/Alunos-credito-Lucas-Braga-UFMG-175-1536x1024.jpg 1536w, https:\/\/www.ufmg.br\/saudemental\/wp-content\/uploads\/2019\/12\/Alunos-credito-Lucas-Braga-UFMG-175.jpg 1620w\" sizes=\"auto, (max-width: 1024px) 100vw, 1024px\" \/><p id=\"caption-attachment-229\" class=\"wp-caption-text\">A UFMG no norte de Minas. Foto: Lucas Braga | UFMG<\/p><\/div>\n<p>&nbsp;<\/p>\n<p>Veja, no mapa abaixo, a localiza\u00e7\u00e3o de todos os espa\u00e7os citados.<\/p>\n<p>&nbsp;<\/p>\n<p><iframe loading=\"lazy\" src=\"https:\/\/www.google.com\/maps\/d\/u\/1\/embed?mid=15N2S75Nf9TAclJLRykelHijdU43sTcDT\" width=\"640\" height=\"480\"><\/iframe><\/p>\n","protected":false},"excerpt":{"rendered":"<p>A UFMG abriga uma grande variedade de espa\u00e7os para voc\u00ea relaxar, conviver e confraternizar com amigos e colegas. Seja a c\u00e9u aberto, no grande espa\u00e7o verde da Universidade, seja dentro das unidades, em diret\u00f3rios e [&#8230;]<\/p>\n","protected":false},"author":1,"featured_media":341,"parent":36,"menu_order":0,"comment_status":"closed","ping_status":"closed","template":"","meta":{"_acf_changed":false,"footnotes":""},"class_list":["post-38","page","type-page","status-publish","has-post-thumbnail","hentry"],"acf":[],"_links":{"self":[{"href":"https:\/\/www.ufmg.br\/saudemental\/wp-json\/wp\/v2\/pages\/38","targetHints":{"allow":["GET"]}}],"collection":[{"href":"https:\/\/www.ufmg.br\/saudemental\/wp-json\/wp\/v2\/pages"}],"about":[{"href":"https:\/\/www.ufmg.br\/saudemental\/wp-json\/wp\/v2\/types\/page"}],"author":[{"embeddable":true,"href":"https:\/\/www.ufmg.br\/saudemental\/wp-json\/wp\/v2\/users\/1"}],"replies":[{"embeddable":true,"href":"https:\/\/www.ufmg.br\/saudemental\/wp-json\/wp\/v2\/comments?post=38"}],"version-history":[{"count":10,"href":"https:\/\/www.ufmg.br\/saudemental\/wp-json\/wp\/v2\/pages\/38\/revisions"}],"predecessor-version":[{"id":447,"href":"https:\/\/www.ufmg.br\/saudemental\/wp-json\/wp\/v2\/pages\/38\/revisions\/447"}],"up":[{"embeddable":true,"href":"https:\/\/www.ufmg.br\/saudemental\/wp-json\/wp\/v2\/pages\/36"}],"wp:featuredmedia":[{"embeddable":true,"href":"https:\/\/www.ufmg.br\/saudemental\/wp-json\/wp\/v2\/media\/341"}],"wp:attachment":[{"href":"https:\/\/www.ufmg.br\/saudemental\/wp-json\/wp\/v2\/media?parent=38"}],"curies":[{"name":"wp","href":"https:\/\/api.w.org\/{rel}","templated":true}]}}